{"id":81707,"date":"2023-09-20T18:41:22","date_gmt":"2023-09-20T16:41:22","guid":{"rendered":"https:\/\/car-o-liner-test.phl.togglebox.site\/about-us\/"},"modified":"2024-03-01T21:15:21","modified_gmt":"2024-03-01T20:15:21","slug":"about-us","status":"publish","type":"page","link":"https:\/\/car-o-liner.com\/de\/about-us\/","title":{"rendered":"\u00dcber uns"},"content":{"rendered":"\n<h4 class=\"wp-block-heading\">Willkommen bei Car-O-Liner<\/h4>\n\n\n\n<p>Car-O-Liner\u00ae ist ein Synonym f\u00fcr Innovation &#8211; dank der Entwicklung der ersten Richtbank, die den Grundstein f\u00fcr die bemerkenswerte Wachstumsgeschichte des Unternehmens legte. Heute ist Car-O-Liner der weltweit f\u00fchrende Anbieter von hochwertigen, technologisch fortschrittlichen Reparaturger\u00e4ten f\u00fcr den Kfz-Reparaturmarkt und in mehr als 70 L\u00e4ndern vertreten. Seit mehr als einem halben Jahrhundert widmen wir uns der Aufgabe, die Branche mit innovativen L\u00f6sungen zu versorgen, den technischen Fortschritt voranzutreiben, umfassende Schulungen anzubieten und einen zuverl\u00e4ssigen Kundensupport zu leisten.<\/p>\n\n\n\n<p>Seit 2016 ist Car-O-Liner ein stolzes Mitglied der Snap-on\u00ae Inc. TSS\u2122 Total Shop Solutions Produktfamilie. Diese strategische Integration hat es Car-O-Liner erm\u00f6glicht, in anderen Bereichen innerhalb der Reparaturbranche zu expandieren, einschlie\u00dflich der Pr\u00fcfung und Kalibrierung von ADAS-Systemen und zahlreicher anderer wichtiger Dienstleistungen.<\/p>\n\n\n\n<figure class=\"wp-block-image size-full\"><img loading=\"lazy\" decoding=\"async\" width=\"400\" height=\"250\" src=\"https:\/\/car-o-liner-test.phl.togglebox.site\/wp-content\/uploads\/Beliefs-1.jpg\" alt=\"A repair technician measures using PointXII\" class=\"wp-image-88089\" srcset=\"https:\/\/car-o-liner.com\/wp-content\/uploads\/Beliefs-1.jpg 400w, https:\/\/car-o-liner.com\/wp-content\/uploads\/Beliefs-1-300x188.jpg 300w\" sizes=\"auto, (max-width: 400px) 100vw, 400px\" \/><\/figure>\n\n\n\n<h5 class=\"wp-block-heading\">\u00dcberzeugungen<\/h5>\n\n\n\n<p>Wir glauben fest an nicht verhandelbare Produkt- und Arbeitsplatzsicherheit, kompromisslose Qualit\u00e4t, leidenschaftliche Kundenbetreuung, mutige Innovation und rasche kontinuierliche Verbesserung.<\/p>\n\n\n\n<figure class=\"wp-block-image size-full\"><img loading=\"lazy\" decoding=\"async\" width=\"400\" height=\"250\" src=\"https:\/\/car-o-liner-test.phl.togglebox.site\/wp-content\/uploads\/Values-1.jpg\" alt=\"A Car-O-Liner representative meets with a client\" class=\"wp-image-88100\" srcset=\"https:\/\/car-o-liner.com\/wp-content\/uploads\/Values-1.jpg 400w, https:\/\/car-o-liner.com\/wp-content\/uploads\/Values-1-300x188.jpg 300w\" sizes=\"auto, (max-width: 400px) 100vw, 400px\" \/><\/figure>\n\n\n\n<h5 class=\"wp-block-heading\">Werte<\/h5>\n\n\n\n<p>Unsere Verhaltensweisen bestimmen unseren Erfolg, deshalb sind Integrit\u00e4t, Ehrlichkeit, Respekt vor dem Einzelnen, Teamarbeit und Zuh\u00f6ren die Werte, auf denen unsere t\u00e4gliche Arbeit beruht.<\/p>\n\n\n\n<figure class=\"wp-block-image size-full\"><img loading=\"lazy\" decoding=\"async\" width=\"400\" height=\"250\" src=\"https:\/\/car-o-liner-test.phl.togglebox.site\/wp-content\/uploads\/Vision-1.jpg\" alt=\"A technician performs a weld\" class=\"wp-image-88110\" srcset=\"https:\/\/car-o-liner.com\/wp-content\/uploads\/Vision-1.jpg 400w, https:\/\/car-o-liner.com\/wp-content\/uploads\/Vision-1-300x188.jpg 300w\" sizes=\"auto, (max-width: 400px) 100vw, 400px\" \/><\/figure>\n\n\n\n<h5 class=\"wp-block-heading\">Vision<\/h5>\n\n\n\n<p>Unsere Vision ist es, als &#8222;Brand of Choice&#8220;, &#8222;Employer of Choice&#8220; und &#8222;Business Partner of Choice&#8220; anerkannt zu sein und mit Leidenschaft und Entschlossenheit an der Aufrechterhaltung dieser Standards zu arbeiten.<\/p>\n\n\n\n<figure class=\"wp-block-embed is-type-video is-provider-youtube wp-block-embed-youtube wp-embed-aspect-16-9 wp-has-aspect-ratio\"><div class=\"wp-block-embed__wrapper\">\n<iframe loading=\"lazy\" title=\"Car-O-Liner 50 Years\" width=\"640\" height=\"360\" src=\"https:\/\/www.youtube.com\/embed\/GCWUQwVVUVg?feature=oembed&#038;controls=1&#038;rel=0\" frameborder=\"0\" allow=\"accelerometer; autoplay; clipboard-write; encrypted-media; gyroscope; picture-in-picture; web-share\" referrerpolicy=\"strict-origin-when-cross-origin\" allowfullscreen><\/iframe>\n<\/div><\/figure>\n","protected":false},"excerpt":{"rendered":"<p>Willkommen bei Car-O-Liner Car-O-Liner\u00ae ist ein Synonym f\u00fcr Innovation &#8211; dank der Entwicklung der ersten Richtbank, die den Grundstein f\u00fcr die bemerkenswerte Wachstumsgeschichte des Unternehmens legte. Heute ist Car-O-Liner der weltweit f\u00fchrende Anbieter von hochwertigen, technologisch fortschrittlichen Reparaturger\u00e4ten f\u00fcr den Kfz-Reparaturmarkt und in mehr als 70 L\u00e4ndern vertreten. Seit mehr als einem halben Jahrhundert widmen [&hellip;]<\/p>\n","protected":false},"author":1,"featured_media":0,"parent":0,"menu_order":0,"comment_status":"closed","ping_status":"closed","template":"page-templates\/about-us.php","meta":{"footnotes":""},"class_list":["post-81707","page","type-page","status-publish","hentry"],"yoast_head":"<!-- This site is optimized with the Yoast SEO plugin v27.2 - https:\/\/yoast.com\/product\/yoast-seo-wordpress\/ -->\n<title>\u00dcber uns - Car-O-Liner<\/title>\n<meta name=\"robots\" content=\"index, follow, max-snippet:-1, max-image-preview:large, max-video-preview:-1\" \/>\n<link rel=\"canonical\" href=\"https:\/\/car-o-liner.com\/de\/about-us\/\" \/>\n<meta property=\"og:locale\" content=\"de_DE\" \/>\n<meta property=\"og:type\" content=\"article\" \/>\n<meta property=\"og:title\" content=\"\u00dcber uns - Car-O-Liner\" \/>\n<meta property=\"og:description\" content=\"Willkommen bei Car-O-Liner Car-O-Liner\u00ae ist ein Synonym f\u00fcr Innovation &#8211; dank der Entwicklung der ersten Richtbank, die den Grundstein f\u00fcr die bemerkenswerte Wachstumsgeschichte des Unternehmens legte. Heute ist Car-O-Liner der weltweit f\u00fchrende Anbieter von hochwertigen, technologisch fortschrittlichen Reparaturger\u00e4ten f\u00fcr den Kfz-Reparaturmarkt und in mehr als 70 L\u00e4ndern vertreten. Seit mehr als einem halben Jahrhundert widmen [&hellip;]\" \/>\n<meta property=\"og:url\" content=\"https:\/\/car-o-liner.com\/de\/about-us\/\" \/>\n<meta property=\"og:site_name\" content=\"Car-O-Liner\" \/>\n<meta property=\"article:modified_time\" content=\"2024-03-01T20:15:21+00:00\" \/>\n<meta property=\"og:image\" content=\"https:\/\/car-o-liner-test.phl.togglebox.site\/wp-content\/uploads\/Beliefs-1.jpg\" \/>\n<meta name=\"twitter:card\" content=\"summary_large_image\" \/>\n<script type=\"application\/ld+json\" class=\"yoast-schema-graph\">{\"@context\":\"https:\/\/schema.org\",\"@graph\":[{\"@type\":\"WebPage\",\"@id\":\"https:\/\/car-o-liner.com\/de\/about-us\/\",\"url\":\"https:\/\/car-o-liner.com\/de\/about-us\/\",\"name\":\"\u00dcber uns - Car-O-Liner\",\"isPartOf\":{\"@id\":\"https:\/\/car-o-liner.com\/de\/#website\"},\"primaryImageOfPage\":{\"@id\":\"https:\/\/car-o-liner.com\/de\/about-us\/#primaryimage\"},\"image\":{\"@id\":\"https:\/\/car-o-liner.com\/de\/about-us\/#primaryimage\"},\"thumbnailUrl\":\"https:\/\/car-o-liner-test.phl.togglebox.site\/wp-content\/uploads\/Beliefs-1.jpg\",\"datePublished\":\"2023-09-20T16:41:22+00:00\",\"dateModified\":\"2024-03-01T20:15:21+00:00\",\"breadcrumb\":{\"@id\":\"https:\/\/car-o-liner.com\/de\/about-us\/#breadcrumb\"},\"inLanguage\":\"de\",\"potentialAction\":[{\"@type\":\"ReadAction\",\"target\":[\"https:\/\/car-o-liner.com\/de\/about-us\/\"]}]},{\"@type\":\"ImageObject\",\"inLanguage\":\"de\",\"@id\":\"https:\/\/car-o-liner.com\/de\/about-us\/#primaryimage\",\"url\":\"https:\/\/car-o-liner-test.phl.togglebox.site\/wp-content\/uploads\/Beliefs-1.jpg\",\"contentUrl\":\"https:\/\/car-o-liner-test.phl.togglebox.site\/wp-content\/uploads\/Beliefs-1.jpg\"},{\"@type\":\"BreadcrumbList\",\"@id\":\"https:\/\/car-o-liner.com\/de\/about-us\/#breadcrumb\",\"itemListElement\":[{\"@type\":\"ListItem\",\"position\":1,\"name\":\"Home\",\"item\":\"https:\/\/car-o-liner.com\/de\/\"},{\"@type\":\"ListItem\",\"position\":2,\"name\":\"\u00dcber uns\"}]},{\"@type\":\"WebSite\",\"@id\":\"https:\/\/car-o-liner.com\/de\/#website\",\"url\":\"https:\/\/car-o-liner.com\/de\/\",\"name\":\"Car-O-Liner\",\"description\":\"Collision Repair Equipment\",\"publisher\":{\"@id\":\"https:\/\/car-o-liner.com\/de\/#organization\"},\"potentialAction\":[{\"@type\":\"SearchAction\",\"target\":{\"@type\":\"EntryPoint\",\"urlTemplate\":\"https:\/\/car-o-liner.com\/de\/?s={search_term_string}\"},\"query-input\":{\"@type\":\"PropertyValueSpecification\",\"valueRequired\":true,\"valueName\":\"search_term_string\"}}],\"inLanguage\":\"de\"},{\"@type\":\"Organization\",\"@id\":\"https:\/\/car-o-liner.com\/de\/#organization\",\"name\":\"Car-O-Liner\",\"url\":\"https:\/\/car-o-liner.com\/de\/\",\"logo\":{\"@type\":\"ImageObject\",\"inLanguage\":\"de\",\"@id\":\"https:\/\/car-o-liner.com\/de\/#\/schema\/logo\/image\/\",\"url\":\"https:\/\/car-o-liner.com\/wp-content\/uploads\/Car-O-Liner-blue-web.svg\",\"contentUrl\":\"https:\/\/car-o-liner.com\/wp-content\/uploads\/Car-O-Liner-blue-web.svg\",\"width\":250,\"height\":50,\"caption\":\"Car-O-Liner\"},\"image\":{\"@id\":\"https:\/\/car-o-liner.com\/de\/#\/schema\/logo\/image\/\"}}]}<\/script>\n<!-- \/ Yoast SEO plugin. -->","yoast_head_json":{"title":"\u00dcber uns - Car-O-Liner","robots":{"index":"index","follow":"follow","max-snippet":"max-snippet:-1","max-image-preview":"max-image-preview:large","max-video-preview":"max-video-preview:-1"},"canonical":"https:\/\/car-o-liner.com\/de\/about-us\/","og_locale":"de_DE","og_type":"article","og_title":"\u00dcber uns - Car-O-Liner","og_description":"Willkommen bei Car-O-Liner Car-O-Liner\u00ae ist ein Synonym f\u00fcr Innovation &#8211; dank der Entwicklung der ersten Richtbank, die den Grundstein f\u00fcr die bemerkenswerte Wachstumsgeschichte des Unternehmens legte. Heute ist Car-O-Liner der weltweit f\u00fchrende Anbieter von hochwertigen, technologisch fortschrittlichen Reparaturger\u00e4ten f\u00fcr den Kfz-Reparaturmarkt und in mehr als 70 L\u00e4ndern vertreten. Seit mehr als einem halben Jahrhundert widmen [&hellip;]","og_url":"https:\/\/car-o-liner.com\/de\/about-us\/","og_site_name":"Car-O-Liner","article_modified_time":"2024-03-01T20:15:21+00:00","og_image":[{"url":"https:\/\/car-o-liner-test.phl.togglebox.site\/wp-content\/uploads\/Beliefs-1.jpg","type":"","width":"","height":""}],"twitter_card":"summary_large_image","schema":{"@context":"https:\/\/schema.org","@graph":[{"@type":"WebPage","@id":"https:\/\/car-o-liner.com\/de\/about-us\/","url":"https:\/\/car-o-liner.com\/de\/about-us\/","name":"\u00dcber uns - Car-O-Liner","isPartOf":{"@id":"https:\/\/car-o-liner.com\/de\/#website"},"primaryImageOfPage":{"@id":"https:\/\/car-o-liner.com\/de\/about-us\/#primaryimage"},"image":{"@id":"https:\/\/car-o-liner.com\/de\/about-us\/#primaryimage"},"thumbnailUrl":"https:\/\/car-o-liner-test.phl.togglebox.site\/wp-content\/uploads\/Beliefs-1.jpg","datePublished":"2023-09-20T16:41:22+00:00","dateModified":"2024-03-01T20:15:21+00:00","breadcrumb":{"@id":"https:\/\/car-o-liner.com\/de\/about-us\/#breadcrumb"},"inLanguage":"de","potentialAction":[{"@type":"ReadAction","target":["https:\/\/car-o-liner.com\/de\/about-us\/"]}]},{"@type":"ImageObject","inLanguage":"de","@id":"https:\/\/car-o-liner.com\/de\/about-us\/#primaryimage","url":"https:\/\/car-o-liner-test.phl.togglebox.site\/wp-content\/uploads\/Beliefs-1.jpg","contentUrl":"https:\/\/car-o-liner-test.phl.togglebox.site\/wp-content\/uploads\/Beliefs-1.jpg"},{"@type":"BreadcrumbList","@id":"https:\/\/car-o-liner.com\/de\/about-us\/#breadcrumb","itemListElement":[{"@type":"ListItem","position":1,"name":"Home","item":"https:\/\/car-o-liner.com\/de\/"},{"@type":"ListItem","position":2,"name":"\u00dcber uns"}]},{"@type":"WebSite","@id":"https:\/\/car-o-liner.com\/de\/#website","url":"https:\/\/car-o-liner.com\/de\/","name":"Car-O-Liner","description":"Collision Repair Equipment","publisher":{"@id":"https:\/\/car-o-liner.com\/de\/#organization"},"potentialAction":[{"@type":"SearchAction","target":{"@type":"EntryPoint","urlTemplate":"https:\/\/car-o-liner.com\/de\/?s={search_term_string}"},"query-input":{"@type":"PropertyValueSpecification","valueRequired":true,"valueName":"search_term_string"}}],"inLanguage":"de"},{"@type":"Organization","@id":"https:\/\/car-o-liner.com\/de\/#organization","name":"Car-O-Liner","url":"https:\/\/car-o-liner.com\/de\/","logo":{"@type":"ImageObject","inLanguage":"de","@id":"https:\/\/car-o-liner.com\/de\/#\/schema\/logo\/image\/","url":"https:\/\/car-o-liner.com\/wp-content\/uploads\/Car-O-Liner-blue-web.svg","contentUrl":"https:\/\/car-o-liner.com\/wp-content\/uploads\/Car-O-Liner-blue-web.svg","width":250,"height":50,"caption":"Car-O-Liner"},"image":{"@id":"https:\/\/car-o-liner.com\/de\/#\/schema\/logo\/image\/"}}]}},"_links":{"self":[{"href":"https:\/\/car-o-liner.com\/de\/wp-json\/wp\/v2\/pages\/81707","targetHints":{"allow":["GET"]}}],"collection":[{"href":"https:\/\/car-o-liner.com\/de\/wp-json\/wp\/v2\/pages"}],"about":[{"href":"https:\/\/car-o-liner.com\/de\/wp-json\/wp\/v2\/types\/page"}],"author":[{"embeddable":true,"href":"https:\/\/car-o-liner.com\/de\/wp-json\/wp\/v2\/users\/1"}],"replies":[{"embeddable":true,"href":"https:\/\/car-o-liner.com\/de\/wp-json\/wp\/v2\/comments?post=81707"}],"version-history":[{"count":1,"href":"https:\/\/car-o-liner.com\/de\/wp-json\/wp\/v2\/pages\/81707\/revisions"}],"predecessor-version":[{"id":88122,"href":"https:\/\/car-o-liner.com\/de\/wp-json\/wp\/v2\/pages\/81707\/revisions\/88122"}],"wp:attachment":[{"href":"https:\/\/car-o-liner.com\/de\/wp-json\/wp\/v2\/media?parent=81707"}],"curies":[{"name":"wp","href":"https:\/\/api.w.org\/{rel}","templated":true}]}}