{"id":81805,"date":"2023-11-13T22:13:46","date_gmt":"2023-11-13T21:13:46","guid":{"rendered":"https:\/\/car-o-liner-test.phl.togglebox.site\/oem-page\/"},"modified":"2024-04-16T19:07:37","modified_gmt":"2024-04-16T17:07:37","slug":"oem-page","status":"publish","type":"page","link":"https:\/\/car-o-liner.com\/de\/oem-page\/","title":{"rendered":"OEM"},"content":{"rendered":"\n<p>Bew\u00e4hrt bei OEMs auf der ganzen Welt<\/p>\n\n\n\n<figure class=\"wp-block-image size-large\"><img decoding=\"async\" src=\"https:\/\/car-o-liner.com\/wp-content\/uploads\/OEM-gray-1.svg\" alt=\"\" class=\"wp-image-90811\"\/><\/figure>\n\n\n\n<p>Unser unerm\u00fcdliches Engagement f\u00fcr die Erstausr\u00fcster (OEMs) gew\u00e4hrleistet die Entwicklung pr\u00e4ziser Ger\u00e4te, Methoden und Schulungen, um kollisionsgesch\u00e4digte Fahrzeuge wieder in ihren urspr\u00fcnglichen Zustand zu versetzen.<\/p>\n\n\n\n<p>Car-O-Liner\u00ae ist stolz auf seine engen Partnerschaften mit OEMs auf der ganzen Welt. Die von diesen Erstausr\u00fcstern erteilten Zulassungen best\u00e4tigen, dass unsere Produkte, Systeme, Dienstleistungen und Schulungen den strengen Qualit\u00e4tsstandards entsprechen.<\/p>\n\n\n\n<p><\/p>\n","protected":false},"excerpt":{"rendered":"<p>Bew\u00e4hrt bei OEMs auf der ganzen Welt Unser unerm\u00fcdliches Engagement f\u00fcr die Erstausr\u00fcster (OEMs) gew\u00e4hrleistet die Entwicklung pr\u00e4ziser Ger\u00e4te, Methoden und Schulungen, um kollisionsgesch\u00e4digte Fahrzeuge wieder in ihren urspr\u00fcnglichen Zustand zu versetzen. Car-O-Liner\u00ae ist stolz auf seine engen Partnerschaften mit OEMs auf der ganzen Welt. Die von diesen Erstausr\u00fcstern erteilten Zulassungen best\u00e4tigen, dass unsere Produkte, [&hellip;]<\/p>\n","protected":false},"author":1,"featured_media":83551,"parent":0,"menu_order":0,"comment_status":"closed","ping_status":"closed","template":"page-templates\/oem-template.php","meta":{"footnotes":""},"class_list":["post-81805","page","type-page","status-publish","has-post-thumbnail","hentry"],"yoast_head":"<!-- This site is optimized with the Yoast SEO plugin v27.2 - https:\/\/yoast.com\/product\/yoast-seo-wordpress\/ -->\n<title>OEM - Car-O-Liner<\/title>\n<meta name=\"robots\" content=\"index, follow, max-snippet:-1, max-image-preview:large, max-video-preview:-1\" \/>\n<link rel=\"canonical\" href=\"https:\/\/car-o-liner.com\/de\/oem-page\/\" \/>\n<meta property=\"og:locale\" content=\"de_DE\" \/>\n<meta property=\"og:type\" content=\"article\" \/>\n<meta property=\"og:title\" content=\"OEM - Car-O-Liner\" \/>\n<meta property=\"og:description\" content=\"Bew\u00e4hrt bei OEMs auf der ganzen Welt Unser unerm\u00fcdliches Engagement f\u00fcr die Erstausr\u00fcster (OEMs) gew\u00e4hrleistet die Entwicklung pr\u00e4ziser Ger\u00e4te, Methoden und Schulungen, um kollisionsgesch\u00e4digte Fahrzeuge wieder in ihren urspr\u00fcnglichen Zustand zu versetzen. Car-O-Liner\u00ae ist stolz auf seine engen Partnerschaften mit OEMs auf der ganzen Welt. Die von diesen Erstausr\u00fcstern erteilten Zulassungen best\u00e4tigen, dass unsere Produkte, [&hellip;]\" \/>\n<meta property=\"og:url\" content=\"https:\/\/car-o-liner.com\/de\/oem-page\/\" \/>\n<meta property=\"og:site_name\" content=\"Car-O-Liner\" \/>\n<meta property=\"article:modified_time\" content=\"2024-04-16T17:07:37+00:00\" \/>\n<meta property=\"og:image\" content=\"https:\/\/car-o-liner.com\/wp-content\/uploads\/COL_website_headers_2000x1000px-color-profile-web.jpg\" \/>\n\t<meta property=\"og:image:width\" content=\"2000\" \/>\n\t<meta property=\"og:image:height\" content=\"1000\" \/>\n\t<meta property=\"og:image:type\" content=\"image\/jpeg\" \/>\n<meta name=\"twitter:card\" content=\"summary_large_image\" \/>\n<script type=\"application\/ld+json\" class=\"yoast-schema-graph\">{\"@context\":\"https:\/\/schema.org\",\"@graph\":[{\"@type\":\"WebPage\",\"@id\":\"https:\/\/car-o-liner.com\/de\/oem-page\/\",\"url\":\"https:\/\/car-o-liner.com\/de\/oem-page\/\",\"name\":\"OEM - Car-O-Liner\",\"isPartOf\":{\"@id\":\"https:\/\/car-o-liner.com\/de\/#website\"},\"primaryImageOfPage\":{\"@id\":\"https:\/\/car-o-liner.com\/de\/oem-page\/#primaryimage\"},\"image\":{\"@id\":\"https:\/\/car-o-liner.com\/de\/oem-page\/#primaryimage\"},\"thumbnailUrl\":\"https:\/\/car-o-liner.com\/wp-content\/uploads\/COL_website_headers_2000x1000px-color-profile-web.jpg\",\"datePublished\":\"2023-11-13T21:13:46+00:00\",\"dateModified\":\"2024-04-16T17:07:37+00:00\",\"breadcrumb\":{\"@id\":\"https:\/\/car-o-liner.com\/de\/oem-page\/#breadcrumb\"},\"inLanguage\":\"de\",\"potentialAction\":[{\"@type\":\"ReadAction\",\"target\":[\"https:\/\/car-o-liner.com\/de\/oem-page\/\"]}]},{\"@type\":\"ImageObject\",\"inLanguage\":\"de\",\"@id\":\"https:\/\/car-o-liner.com\/de\/oem-page\/#primaryimage\",\"url\":\"https:\/\/car-o-liner.com\/wp-content\/uploads\/COL_website_headers_2000x1000px-color-profile-web.jpg\",\"contentUrl\":\"https:\/\/car-o-liner.com\/wp-content\/uploads\/COL_website_headers_2000x1000px-color-profile-web.jpg\",\"width\":2000,\"height\":1000,\"caption\":\"Vehicle on a Car-O-Liner Lift\"},{\"@type\":\"BreadcrumbList\",\"@id\":\"https:\/\/car-o-liner.com\/de\/oem-page\/#breadcrumb\",\"itemListElement\":[{\"@type\":\"ListItem\",\"position\":1,\"name\":\"Home\",\"item\":\"https:\/\/car-o-liner.com\/de\/\"},{\"@type\":\"ListItem\",\"position\":2,\"name\":\"OEM\"}]},{\"@type\":\"WebSite\",\"@id\":\"https:\/\/car-o-liner.com\/de\/#website\",\"url\":\"https:\/\/car-o-liner.com\/de\/\",\"name\":\"Car-O-Liner\",\"description\":\"Collision Repair Equipment\",\"publisher\":{\"@id\":\"https:\/\/car-o-liner.com\/de\/#organization\"},\"potentialAction\":[{\"@type\":\"SearchAction\",\"target\":{\"@type\":\"EntryPoint\",\"urlTemplate\":\"https:\/\/car-o-liner.com\/de\/?s={search_term_string}\"},\"query-input\":{\"@type\":\"PropertyValueSpecification\",\"valueRequired\":true,\"valueName\":\"search_term_string\"}}],\"inLanguage\":\"de\"},{\"@type\":\"Organization\",\"@id\":\"https:\/\/car-o-liner.com\/de\/#organization\",\"name\":\"Car-O-Liner\",\"url\":\"https:\/\/car-o-liner.com\/de\/\",\"logo\":{\"@type\":\"ImageObject\",\"inLanguage\":\"de\",\"@id\":\"https:\/\/car-o-liner.com\/de\/#\/schema\/logo\/image\/\",\"url\":\"https:\/\/car-o-liner.com\/wp-content\/uploads\/Car-O-Liner-blue-web.svg\",\"contentUrl\":\"https:\/\/car-o-liner.com\/wp-content\/uploads\/Car-O-Liner-blue-web.svg\",\"width\":250,\"height\":50,\"caption\":\"Car-O-Liner\"},\"image\":{\"@id\":\"https:\/\/car-o-liner.com\/de\/#\/schema\/logo\/image\/\"}}]}<\/script>\n<!-- \/ Yoast SEO plugin. -->","yoast_head_json":{"title":"OEM - Car-O-Liner","robots":{"index":"index","follow":"follow","max-snippet":"max-snippet:-1","max-image-preview":"max-image-preview:large","max-video-preview":"max-video-preview:-1"},"canonical":"https:\/\/car-o-liner.com\/de\/oem-page\/","og_locale":"de_DE","og_type":"article","og_title":"OEM - Car-O-Liner","og_description":"Bew\u00e4hrt bei OEMs auf der ganzen Welt Unser unerm\u00fcdliches Engagement f\u00fcr die Erstausr\u00fcster (OEMs) gew\u00e4hrleistet die Entwicklung pr\u00e4ziser Ger\u00e4te, Methoden und Schulungen, um kollisionsgesch\u00e4digte Fahrzeuge wieder in ihren urspr\u00fcnglichen Zustand zu versetzen. Car-O-Liner\u00ae ist stolz auf seine engen Partnerschaften mit OEMs auf der ganzen Welt. Die von diesen Erstausr\u00fcstern erteilten Zulassungen best\u00e4tigen, dass unsere Produkte, [&hellip;]","og_url":"https:\/\/car-o-liner.com\/de\/oem-page\/","og_site_name":"Car-O-Liner","article_modified_time":"2024-04-16T17:07:37+00:00","og_image":[{"width":2000,"height":1000,"url":"https:\/\/car-o-liner.com\/wp-content\/uploads\/COL_website_headers_2000x1000px-color-profile-web.jpg","type":"image\/jpeg"}],"twitter_card":"summary_large_image","schema":{"@context":"https:\/\/schema.org","@graph":[{"@type":"WebPage","@id":"https:\/\/car-o-liner.com\/de\/oem-page\/","url":"https:\/\/car-o-liner.com\/de\/oem-page\/","name":"OEM - Car-O-Liner","isPartOf":{"@id":"https:\/\/car-o-liner.com\/de\/#website"},"primaryImageOfPage":{"@id":"https:\/\/car-o-liner.com\/de\/oem-page\/#primaryimage"},"image":{"@id":"https:\/\/car-o-liner.com\/de\/oem-page\/#primaryimage"},"thumbnailUrl":"https:\/\/car-o-liner.com\/wp-content\/uploads\/COL_website_headers_2000x1000px-color-profile-web.jpg","datePublished":"2023-11-13T21:13:46+00:00","dateModified":"2024-04-16T17:07:37+00:00","breadcrumb":{"@id":"https:\/\/car-o-liner.com\/de\/oem-page\/#breadcrumb"},"inLanguage":"de","potentialAction":[{"@type":"ReadAction","target":["https:\/\/car-o-liner.com\/de\/oem-page\/"]}]},{"@type":"ImageObject","inLanguage":"de","@id":"https:\/\/car-o-liner.com\/de\/oem-page\/#primaryimage","url":"https:\/\/car-o-liner.com\/wp-content\/uploads\/COL_website_headers_2000x1000px-color-profile-web.jpg","contentUrl":"https:\/\/car-o-liner.com\/wp-content\/uploads\/COL_website_headers_2000x1000px-color-profile-web.jpg","width":2000,"height":1000,"caption":"Vehicle on a Car-O-Liner Lift"},{"@type":"BreadcrumbList","@id":"https:\/\/car-o-liner.com\/de\/oem-page\/#breadcrumb","itemListElement":[{"@type":"ListItem","position":1,"name":"Home","item":"https:\/\/car-o-liner.com\/de\/"},{"@type":"ListItem","position":2,"name":"OEM"}]},{"@type":"WebSite","@id":"https:\/\/car-o-liner.com\/de\/#website","url":"https:\/\/car-o-liner.com\/de\/","name":"Car-O-Liner","description":"Collision Repair Equipment","publisher":{"@id":"https:\/\/car-o-liner.com\/de\/#organization"},"potentialAction":[{"@type":"SearchAction","target":{"@type":"EntryPoint","urlTemplate":"https:\/\/car-o-liner.com\/de\/?s={search_term_string}"},"query-input":{"@type":"PropertyValueSpecification","valueRequired":true,"valueName":"search_term_string"}}],"inLanguage":"de"},{"@type":"Organization","@id":"https:\/\/car-o-liner.com\/de\/#organization","name":"Car-O-Liner","url":"https:\/\/car-o-liner.com\/de\/","logo":{"@type":"ImageObject","inLanguage":"de","@id":"https:\/\/car-o-liner.com\/de\/#\/schema\/logo\/image\/","url":"https:\/\/car-o-liner.com\/wp-content\/uploads\/Car-O-Liner-blue-web.svg","contentUrl":"https:\/\/car-o-liner.com\/wp-content\/uploads\/Car-O-Liner-blue-web.svg","width":250,"height":50,"caption":"Car-O-Liner"},"image":{"@id":"https:\/\/car-o-liner.com\/de\/#\/schema\/logo\/image\/"}}]}},"_links":{"self":[{"href":"https:\/\/car-o-liner.com\/de\/wp-json\/wp\/v2\/pages\/81805","targetHints":{"allow":["GET"]}}],"collection":[{"href":"https:\/\/car-o-liner.com\/de\/wp-json\/wp\/v2\/pages"}],"about":[{"href":"https:\/\/car-o-liner.com\/de\/wp-json\/wp\/v2\/types\/page"}],"author":[{"embeddable":true,"href":"https:\/\/car-o-liner.com\/de\/wp-json\/wp\/v2\/users\/1"}],"replies":[{"embeddable":true,"href":"https:\/\/car-o-liner.com\/de\/wp-json\/wp\/v2\/comments?post=81805"}],"version-history":[{"count":2,"href":"https:\/\/car-o-liner.com\/de\/wp-json\/wp\/v2\/pages\/81805\/revisions"}],"predecessor-version":[{"id":90817,"href":"https:\/\/car-o-liner.com\/de\/wp-json\/wp\/v2\/pages\/81805\/revisions\/90817"}],"wp:featuredmedia":[{"embeddable":true,"href":"https:\/\/car-o-liner.com\/de\/wp-json\/wp\/v2\/media\/83551"}],"wp:attachment":[{"href":"https:\/\/car-o-liner.com\/de\/wp-json\/wp\/v2\/media?parent=81805"}],"curies":[{"name":"wp","href":"https:\/\/api.w.org\/{rel}","templated":true}]}}