{"id":82168,"date":"2023-10-30T17:27:17","date_gmt":"2023-10-30T16:27:17","guid":{"rendered":"https:\/\/car-o-liner-test.phl.togglebox.site\/careers\/"},"modified":"2025-09-25T18:51:43","modified_gmt":"2025-09-25T16:51:43","slug":"careers","status":"publish","type":"page","link":"https:\/\/car-o-liner.com\/de\/careers\/","title":{"rendered":"Karriere"},"content":{"rendered":"\n<h4 class=\"wp-block-heading\">Werden Sie Teil unserer Reise zum Erfolg<\/h4>\n\n\n\n<p>Als Mitglied der Snap-on\u00ae TOTAL SHOP SOLUTION FAMILY ist Car-O-Liner\u00ae der weltweit f\u00fchrende Anbieter von qualitativ hochwertigen, technologisch fortschrittlichen Reparaturger\u00e4ten f\u00fcr den Kfz-Reparaturmarkt und bietet innovative L\u00f6sungen, technische Entwicklung, Schulungen und Kundensupport weltweit.<\/p>\n\n\n\n<p>TOTAL SHOP SOLUTIONS ist eine Familie von Snap-on\u00ae Marken, die erstklassige Reparaturprodukte aus der gesamten Branche zusammenf\u00fchrt. Die Menschen sch\u00e4tzen Snap-on f\u00fcr die Qualit\u00e4t unserer Produkte, aber wir wissen, dass es die Leidenschaft und das Engagement unserer Mitarbeiter sind, die unser Unternehmen zu einem weltweit f\u00fchrenden Unternehmen machen.<\/p>\n\n\n\n<p>Mit unseren vielf\u00e4ltigen M\u00f6glichkeiten und unserer \u00dcberzeugung von der Snap-on-Markenfamilie treiben wir Innovationen voran und schaffen Werte.<\/p>\n","protected":false},"excerpt":{"rendered":"<p>Werden Sie Teil unserer Reise zum Erfolg Als Mitglied der Snap-on\u00ae TOTAL SHOP SOLUTION FAMILY ist Car-O-Liner\u00ae der weltweit f\u00fchrende Anbieter von qualitativ hochwertigen, technologisch fortschrittlichen Reparaturger\u00e4ten f\u00fcr den Kfz-Reparaturmarkt und bietet innovative L\u00f6sungen, technische Entwicklung, Schulungen und Kundensupport weltweit. TOTAL SHOP SOLUTIONS ist eine Familie von Snap-on\u00ae Marken, die erstklassige Reparaturprodukte aus der gesamten [&hellip;]<\/p>\n","protected":false},"author":1,"featured_media":83630,"parent":0,"menu_order":0,"comment_status":"closed","ping_status":"closed","template":"page-templates\/careers.php","meta":{"footnotes":""},"class_list":["post-82168","page","type-page","status-publish","has-post-thumbnail","hentry"],"yoast_head":"<!-- This site is optimized with the Yoast SEO plugin v27.2 - https:\/\/yoast.com\/product\/yoast-seo-wordpress\/ -->\n<title>Karriere - Car-O-Liner<\/title>\n<meta name=\"robots\" content=\"index, follow, max-snippet:-1, max-image-preview:large, max-video-preview:-1\" \/>\n<link rel=\"canonical\" href=\"https:\/\/car-o-liner.com\/de\/careers\/\" \/>\n<meta property=\"og:locale\" content=\"de_DE\" \/>\n<meta property=\"og:type\" content=\"article\" \/>\n<meta property=\"og:title\" content=\"Karriere - Car-O-Liner\" \/>\n<meta property=\"og:description\" content=\"Werden Sie Teil unserer Reise zum Erfolg Als Mitglied der Snap-on\u00ae TOTAL SHOP SOLUTION FAMILY ist Car-O-Liner\u00ae der weltweit f\u00fchrende Anbieter von qualitativ hochwertigen, technologisch fortschrittlichen Reparaturger\u00e4ten f\u00fcr den Kfz-Reparaturmarkt und bietet innovative L\u00f6sungen, technische Entwicklung, Schulungen und Kundensupport weltweit. TOTAL SHOP SOLUTIONS ist eine Familie von Snap-on\u00ae Marken, die erstklassige Reparaturprodukte aus der gesamten [&hellip;]\" \/>\n<meta property=\"og:url\" content=\"https:\/\/car-o-liner.com\/de\/careers\/\" \/>\n<meta property=\"og:site_name\" content=\"Car-O-Liner\" \/>\n<meta property=\"article:modified_time\" content=\"2025-09-25T16:51:43+00:00\" \/>\n<meta property=\"og:image\" content=\"https:\/\/car-o-liner.com\/wp-content\/uploads\/careers-hero-2.jpg\" \/>\n\t<meta property=\"og:image:width\" content=\"2000\" \/>\n\t<meta property=\"og:image:height\" content=\"1000\" \/>\n\t<meta property=\"og:image:type\" content=\"image\/jpeg\" \/>\n<meta name=\"twitter:card\" content=\"summary_large_image\" \/>\n<script type=\"application\/ld+json\" class=\"yoast-schema-graph\">{\"@context\":\"https:\/\/schema.org\",\"@graph\":[{\"@type\":\"WebPage\",\"@id\":\"https:\/\/car-o-liner.com\/de\/careers\/\",\"url\":\"https:\/\/car-o-liner.com\/de\/careers\/\",\"name\":\"Karriere - Car-O-Liner\",\"isPartOf\":{\"@id\":\"https:\/\/car-o-liner.com\/de\/#website\"},\"primaryImageOfPage\":{\"@id\":\"https:\/\/car-o-liner.com\/de\/careers\/#primaryimage\"},\"image\":{\"@id\":\"https:\/\/car-o-liner.com\/de\/careers\/#primaryimage\"},\"thumbnailUrl\":\"https:\/\/car-o-liner.com\/wp-content\/uploads\/careers-hero-2.jpg\",\"datePublished\":\"2023-10-30T16:27:17+00:00\",\"dateModified\":\"2025-09-25T16:51:43+00:00\",\"breadcrumb\":{\"@id\":\"https:\/\/car-o-liner.com\/de\/careers\/#breadcrumb\"},\"inLanguage\":\"de\",\"potentialAction\":[{\"@type\":\"ReadAction\",\"target\":[\"https:\/\/car-o-liner.com\/de\/careers\/\"]}]},{\"@type\":\"ImageObject\",\"inLanguage\":\"de\",\"@id\":\"https:\/\/car-o-liner.com\/de\/careers\/#primaryimage\",\"url\":\"https:\/\/car-o-liner.com\/wp-content\/uploads\/careers-hero-2.jpg\",\"contentUrl\":\"https:\/\/car-o-liner.com\/wp-content\/uploads\/careers-hero-2.jpg\",\"width\":2000,\"height\":1000,\"caption\":\"Smiling Car-O-liner employees\"},{\"@type\":\"BreadcrumbList\",\"@id\":\"https:\/\/car-o-liner.com\/de\/careers\/#breadcrumb\",\"itemListElement\":[{\"@type\":\"ListItem\",\"position\":1,\"name\":\"Home\",\"item\":\"https:\/\/car-o-liner.com\/de\/\"},{\"@type\":\"ListItem\",\"position\":2,\"name\":\"Karriere\"}]},{\"@type\":\"WebSite\",\"@id\":\"https:\/\/car-o-liner.com\/de\/#website\",\"url\":\"https:\/\/car-o-liner.com\/de\/\",\"name\":\"Car-O-Liner\",\"description\":\"Collision Repair Equipment\",\"publisher\":{\"@id\":\"https:\/\/car-o-liner.com\/de\/#organization\"},\"potentialAction\":[{\"@type\":\"SearchAction\",\"target\":{\"@type\":\"EntryPoint\",\"urlTemplate\":\"https:\/\/car-o-liner.com\/de\/?s={search_term_string}\"},\"query-input\":{\"@type\":\"PropertyValueSpecification\",\"valueRequired\":true,\"valueName\":\"search_term_string\"}}],\"inLanguage\":\"de\"},{\"@type\":\"Organization\",\"@id\":\"https:\/\/car-o-liner.com\/de\/#organization\",\"name\":\"Car-O-Liner\",\"url\":\"https:\/\/car-o-liner.com\/de\/\",\"logo\":{\"@type\":\"ImageObject\",\"inLanguage\":\"de\",\"@id\":\"https:\/\/car-o-liner.com\/de\/#\/schema\/logo\/image\/\",\"url\":\"https:\/\/car-o-liner.com\/wp-content\/uploads\/Car-O-Liner-blue-web.svg\",\"contentUrl\":\"https:\/\/car-o-liner.com\/wp-content\/uploads\/Car-O-Liner-blue-web.svg\",\"width\":250,\"height\":50,\"caption\":\"Car-O-Liner\"},\"image\":{\"@id\":\"https:\/\/car-o-liner.com\/de\/#\/schema\/logo\/image\/\"}}]}<\/script>\n<!-- \/ Yoast SEO plugin. -->","yoast_head_json":{"title":"Karriere - Car-O-Liner","robots":{"index":"index","follow":"follow","max-snippet":"max-snippet:-1","max-image-preview":"max-image-preview:large","max-video-preview":"max-video-preview:-1"},"canonical":"https:\/\/car-o-liner.com\/de\/careers\/","og_locale":"de_DE","og_type":"article","og_title":"Karriere - Car-O-Liner","og_description":"Werden Sie Teil unserer Reise zum Erfolg Als Mitglied der Snap-on\u00ae TOTAL SHOP SOLUTION FAMILY ist Car-O-Liner\u00ae der weltweit f\u00fchrende Anbieter von qualitativ hochwertigen, technologisch fortschrittlichen Reparaturger\u00e4ten f\u00fcr den Kfz-Reparaturmarkt und bietet innovative L\u00f6sungen, technische Entwicklung, Schulungen und Kundensupport weltweit. TOTAL SHOP SOLUTIONS ist eine Familie von Snap-on\u00ae Marken, die erstklassige Reparaturprodukte aus der gesamten [&hellip;]","og_url":"https:\/\/car-o-liner.com\/de\/careers\/","og_site_name":"Car-O-Liner","article_modified_time":"2025-09-25T16:51:43+00:00","og_image":[{"width":2000,"height":1000,"url":"https:\/\/car-o-liner.com\/wp-content\/uploads\/careers-hero-2.jpg","type":"image\/jpeg"}],"twitter_card":"summary_large_image","schema":{"@context":"https:\/\/schema.org","@graph":[{"@type":"WebPage","@id":"https:\/\/car-o-liner.com\/de\/careers\/","url":"https:\/\/car-o-liner.com\/de\/careers\/","name":"Karriere - Car-O-Liner","isPartOf":{"@id":"https:\/\/car-o-liner.com\/de\/#website"},"primaryImageOfPage":{"@id":"https:\/\/car-o-liner.com\/de\/careers\/#primaryimage"},"image":{"@id":"https:\/\/car-o-liner.com\/de\/careers\/#primaryimage"},"thumbnailUrl":"https:\/\/car-o-liner.com\/wp-content\/uploads\/careers-hero-2.jpg","datePublished":"2023-10-30T16:27:17+00:00","dateModified":"2025-09-25T16:51:43+00:00","breadcrumb":{"@id":"https:\/\/car-o-liner.com\/de\/careers\/#breadcrumb"},"inLanguage":"de","potentialAction":[{"@type":"ReadAction","target":["https:\/\/car-o-liner.com\/de\/careers\/"]}]},{"@type":"ImageObject","inLanguage":"de","@id":"https:\/\/car-o-liner.com\/de\/careers\/#primaryimage","url":"https:\/\/car-o-liner.com\/wp-content\/uploads\/careers-hero-2.jpg","contentUrl":"https:\/\/car-o-liner.com\/wp-content\/uploads\/careers-hero-2.jpg","width":2000,"height":1000,"caption":"Smiling Car-O-liner employees"},{"@type":"BreadcrumbList","@id":"https:\/\/car-o-liner.com\/de\/careers\/#breadcrumb","itemListElement":[{"@type":"ListItem","position":1,"name":"Home","item":"https:\/\/car-o-liner.com\/de\/"},{"@type":"ListItem","position":2,"name":"Karriere"}]},{"@type":"WebSite","@id":"https:\/\/car-o-liner.com\/de\/#website","url":"https:\/\/car-o-liner.com\/de\/","name":"Car-O-Liner","description":"Collision Repair Equipment","publisher":{"@id":"https:\/\/car-o-liner.com\/de\/#organization"},"potentialAction":[{"@type":"SearchAction","target":{"@type":"EntryPoint","urlTemplate":"https:\/\/car-o-liner.com\/de\/?s={search_term_string}"},"query-input":{"@type":"PropertyValueSpecification","valueRequired":true,"valueName":"search_term_string"}}],"inLanguage":"de"},{"@type":"Organization","@id":"https:\/\/car-o-liner.com\/de\/#organization","name":"Car-O-Liner","url":"https:\/\/car-o-liner.com\/de\/","logo":{"@type":"ImageObject","inLanguage":"de","@id":"https:\/\/car-o-liner.com\/de\/#\/schema\/logo\/image\/","url":"https:\/\/car-o-liner.com\/wp-content\/uploads\/Car-O-Liner-blue-web.svg","contentUrl":"https:\/\/car-o-liner.com\/wp-content\/uploads\/Car-O-Liner-blue-web.svg","width":250,"height":50,"caption":"Car-O-Liner"},"image":{"@id":"https:\/\/car-o-liner.com\/de\/#\/schema\/logo\/image\/"}}]}},"_links":{"self":[{"href":"https:\/\/car-o-liner.com\/de\/wp-json\/wp\/v2\/pages\/82168","targetHints":{"allow":["GET"]}}],"collection":[{"href":"https:\/\/car-o-liner.com\/de\/wp-json\/wp\/v2\/pages"}],"about":[{"href":"https:\/\/car-o-liner.com\/de\/wp-json\/wp\/v2\/types\/page"}],"author":[{"embeddable":true,"href":"https:\/\/car-o-liner.com\/de\/wp-json\/wp\/v2\/users\/1"}],"replies":[{"embeddable":true,"href":"https:\/\/car-o-liner.com\/de\/wp-json\/wp\/v2\/comments?post=82168"}],"version-history":[{"count":1,"href":"https:\/\/car-o-liner.com\/de\/wp-json\/wp\/v2\/pages\/82168\/revisions"}],"predecessor-version":[{"id":95044,"href":"https:\/\/car-o-liner.com\/de\/wp-json\/wp\/v2\/pages\/82168\/revisions\/95044"}],"wp:featuredmedia":[{"embeddable":true,"href":"https:\/\/car-o-liner.com\/de\/wp-json\/wp\/v2\/media\/83630"}],"wp:attachment":[{"href":"https:\/\/car-o-liner.com\/de\/wp-json\/wp\/v2\/media?parent=82168"}],"curies":[{"name":"wp","href":"https:\/\/api.w.org\/{rel}","templated":true}]}}