{"id":82203,"date":"2023-11-29T21:42:22","date_gmt":"2023-11-29T20:42:22","guid":{"rendered":"https:\/\/car-o-liner-test.phl.togglebox.site\/tss\/"},"modified":"2024-01-19T23:20:47","modified_gmt":"2024-01-19T22:20:47","slug":"tss","status":"publish","type":"page","link":"https:\/\/car-o-liner.com\/de\/tss\/","title":{"rendered":"Total Shop Solutions"},"content":{"rendered":"\n<figure class=\"wp-block-image size-large\"><img loading=\"lazy\" decoding=\"async\" width=\"1024\" height=\"178\" src=\"https:\/\/car-o-liner-test.phl.togglebox.site\/wp-content\/uploads\/TSS-black-text-1024x178.png\" alt=\"\" class=\"wp-image-79908\" srcset=\"https:\/\/car-o-liner.com\/wp-content\/uploads\/TSS-black-text-1024x178.png 1024w, https:\/\/car-o-liner.com\/wp-content\/uploads\/TSS-black-text-300x52.png 300w, https:\/\/car-o-liner.com\/wp-content\/uploads\/TSS-black-text-768x133.png 768w, https:\/\/car-o-liner.com\/wp-content\/uploads\/TSS-black-text-1536x267.png 1536w, https:\/\/car-o-liner.com\/wp-content\/uploads\/TSS-black-text-2048x356.png 2048w\" sizes=\"auto, (max-width: 1024px) 100vw, 1024px\" \/><\/figure>\n\n\n\n<p>Total Shop Solutions umfasst die Snap-on\u00ae Marken im Bereich Kfz-Technik, die eine breite Palette hochwertiger Werkstatteinrichtungsl\u00f6sungen bieten: von Radauswuchtmaschinen, Achsmessger\u00e4ten und Diagnosetools bis zu Drehmaschinen f\u00fcr Bremsscheiben, Hebeb\u00fchnen und Karosseriereparaturger\u00e4ten. Die Marken von Total Shop Solutions bieten eine einzigartige Vielfalt an Einrichtungsl\u00f6sungen f\u00fcr die Werkstatt.<\/p>\n","protected":false},"excerpt":{"rendered":"<p>Total Shop Solutions umfasst die Snap-on\u00ae Marken im Bereich Kfz-Technik, die eine breite Palette hochwertiger Werkstatteinrichtungsl\u00f6sungen bieten: von Radauswuchtmaschinen, Achsmessger\u00e4ten und Diagnosetools bis zu Drehmaschinen f\u00fcr Bremsscheiben, Hebeb\u00fchnen und Karosseriereparaturger\u00e4ten. Die Marken von Total Shop Solutions bieten eine einzigartige Vielfalt an Einrichtungsl\u00f6sungen f\u00fcr die Werkstatt.<\/p>\n","protected":false},"author":1,"featured_media":82205,"parent":0,"menu_order":0,"comment_status":"closed","ping_status":"closed","template":"page-templates\/tss-page.php","meta":{"footnotes":""},"class_list":["post-82203","page","type-page","status-publish","has-post-thumbnail","hentry"],"yoast_head":"<!-- This site is optimized with the Yoast SEO plugin v27.2 - https:\/\/yoast.com\/product\/yoast-seo-wordpress\/ -->\n<title>Total Shop Solutions - Car-O-Liner<\/title>\n<meta name=\"robots\" content=\"index, follow, max-snippet:-1, max-image-preview:large, max-video-preview:-1\" \/>\n<link rel=\"canonical\" href=\"https:\/\/car-o-liner.com\/de\/tss\/\" \/>\n<meta property=\"og:locale\" content=\"de_DE\" \/>\n<meta property=\"og:type\" content=\"article\" \/>\n<meta property=\"og:title\" content=\"Total Shop Solutions - Car-O-Liner\" \/>\n<meta property=\"og:description\" content=\"Total Shop Solutions umfasst die Snap-on\u00ae Marken im Bereich Kfz-Technik, die eine breite Palette hochwertiger Werkstatteinrichtungsl\u00f6sungen bieten: von Radauswuchtmaschinen, Achsmessger\u00e4ten und Diagnosetools bis zu Drehmaschinen f\u00fcr Bremsscheiben, Hebeb\u00fchnen und Karosseriereparaturger\u00e4ten. Die Marken von Total Shop Solutions bieten eine einzigartige Vielfalt an Einrichtungsl\u00f6sungen f\u00fcr die Werkstatt.\" \/>\n<meta property=\"og:url\" content=\"https:\/\/car-o-liner.com\/de\/tss\/\" \/>\n<meta property=\"og:site_name\" content=\"Car-O-Liner\" \/>\n<meta property=\"article:modified_time\" content=\"2024-01-19T22:20:47+00:00\" \/>\n<meta property=\"og:image\" content=\"https:\/\/car-o-liner.com\/wp-content\/uploads\/Hero_2000x1000px_TSS2.png\" \/>\n\t<meta property=\"og:image:width\" content=\"2000\" \/>\n\t<meta property=\"og:image:height\" content=\"1000\" \/>\n\t<meta property=\"og:image:type\" content=\"image\/png\" \/>\n<meta name=\"twitter:card\" content=\"summary_large_image\" \/>\n<script type=\"application\/ld+json\" class=\"yoast-schema-graph\">{\"@context\":\"https:\/\/schema.org\",\"@graph\":[{\"@type\":\"WebPage\",\"@id\":\"https:\/\/car-o-liner.com\/de\/tss\/\",\"url\":\"https:\/\/car-o-liner.com\/de\/tss\/\",\"name\":\"Total Shop Solutions - Car-O-Liner\",\"isPartOf\":{\"@id\":\"https:\/\/car-o-liner.com\/de\/#website\"},\"primaryImageOfPage\":{\"@id\":\"https:\/\/car-o-liner.com\/de\/tss\/#primaryimage\"},\"image\":{\"@id\":\"https:\/\/car-o-liner.com\/de\/tss\/#primaryimage\"},\"thumbnailUrl\":\"https:\/\/car-o-liner.com\/wp-content\/uploads\/Hero_2000x1000px_TSS2.png\",\"datePublished\":\"2023-11-29T20:42:22+00:00\",\"dateModified\":\"2024-01-19T22:20:47+00:00\",\"breadcrumb\":{\"@id\":\"https:\/\/car-o-liner.com\/de\/tss\/#breadcrumb\"},\"inLanguage\":\"de\",\"potentialAction\":[{\"@type\":\"ReadAction\",\"target\":[\"https:\/\/car-o-liner.com\/de\/tss\/\"]}]},{\"@type\":\"ImageObject\",\"inLanguage\":\"de\",\"@id\":\"https:\/\/car-o-liner.com\/de\/tss\/#primaryimage\",\"url\":\"https:\/\/car-o-liner.com\/wp-content\/uploads\/Hero_2000x1000px_TSS2.png\",\"contentUrl\":\"https:\/\/car-o-liner.com\/wp-content\/uploads\/Hero_2000x1000px_TSS2.png\",\"width\":2000,\"height\":1000},{\"@type\":\"BreadcrumbList\",\"@id\":\"https:\/\/car-o-liner.com\/de\/tss\/#breadcrumb\",\"itemListElement\":[{\"@type\":\"ListItem\",\"position\":1,\"name\":\"Home\",\"item\":\"https:\/\/car-o-liner.com\/de\/\"},{\"@type\":\"ListItem\",\"position\":2,\"name\":\"Total Shop Solutions\"}]},{\"@type\":\"WebSite\",\"@id\":\"https:\/\/car-o-liner.com\/de\/#website\",\"url\":\"https:\/\/car-o-liner.com\/de\/\",\"name\":\"Car-O-Liner\",\"description\":\"Collision Repair Equipment\",\"publisher\":{\"@id\":\"https:\/\/car-o-liner.com\/de\/#organization\"},\"potentialAction\":[{\"@type\":\"SearchAction\",\"target\":{\"@type\":\"EntryPoint\",\"urlTemplate\":\"https:\/\/car-o-liner.com\/de\/?s={search_term_string}\"},\"query-input\":{\"@type\":\"PropertyValueSpecification\",\"valueRequired\":true,\"valueName\":\"search_term_string\"}}],\"inLanguage\":\"de\"},{\"@type\":\"Organization\",\"@id\":\"https:\/\/car-o-liner.com\/de\/#organization\",\"name\":\"Car-O-Liner\",\"url\":\"https:\/\/car-o-liner.com\/de\/\",\"logo\":{\"@type\":\"ImageObject\",\"inLanguage\":\"de\",\"@id\":\"https:\/\/car-o-liner.com\/de\/#\/schema\/logo\/image\/\",\"url\":\"https:\/\/car-o-liner.com\/wp-content\/uploads\/Car-O-Liner-blue-web.svg\",\"contentUrl\":\"https:\/\/car-o-liner.com\/wp-content\/uploads\/Car-O-Liner-blue-web.svg\",\"width\":250,\"height\":50,\"caption\":\"Car-O-Liner\"},\"image\":{\"@id\":\"https:\/\/car-o-liner.com\/de\/#\/schema\/logo\/image\/\"}}]}<\/script>\n<!-- \/ Yoast SEO plugin. -->","yoast_head_json":{"title":"Total Shop Solutions - Car-O-Liner","robots":{"index":"index","follow":"follow","max-snippet":"max-snippet:-1","max-image-preview":"max-image-preview:large","max-video-preview":"max-video-preview:-1"},"canonical":"https:\/\/car-o-liner.com\/de\/tss\/","og_locale":"de_DE","og_type":"article","og_title":"Total Shop Solutions - Car-O-Liner","og_description":"Total Shop Solutions umfasst die Snap-on\u00ae Marken im Bereich Kfz-Technik, die eine breite Palette hochwertiger Werkstatteinrichtungsl\u00f6sungen bieten: von Radauswuchtmaschinen, Achsmessger\u00e4ten und Diagnosetools bis zu Drehmaschinen f\u00fcr Bremsscheiben, Hebeb\u00fchnen und Karosseriereparaturger\u00e4ten. Die Marken von Total Shop Solutions bieten eine einzigartige Vielfalt an Einrichtungsl\u00f6sungen f\u00fcr die Werkstatt.","og_url":"https:\/\/car-o-liner.com\/de\/tss\/","og_site_name":"Car-O-Liner","article_modified_time":"2024-01-19T22:20:47+00:00","og_image":[{"width":2000,"height":1000,"url":"https:\/\/car-o-liner.com\/wp-content\/uploads\/Hero_2000x1000px_TSS2.png","type":"image\/png"}],"twitter_card":"summary_large_image","schema":{"@context":"https:\/\/schema.org","@graph":[{"@type":"WebPage","@id":"https:\/\/car-o-liner.com\/de\/tss\/","url":"https:\/\/car-o-liner.com\/de\/tss\/","name":"Total Shop Solutions - Car-O-Liner","isPartOf":{"@id":"https:\/\/car-o-liner.com\/de\/#website"},"primaryImageOfPage":{"@id":"https:\/\/car-o-liner.com\/de\/tss\/#primaryimage"},"image":{"@id":"https:\/\/car-o-liner.com\/de\/tss\/#primaryimage"},"thumbnailUrl":"https:\/\/car-o-liner.com\/wp-content\/uploads\/Hero_2000x1000px_TSS2.png","datePublished":"2023-11-29T20:42:22+00:00","dateModified":"2024-01-19T22:20:47+00:00","breadcrumb":{"@id":"https:\/\/car-o-liner.com\/de\/tss\/#breadcrumb"},"inLanguage":"de","potentialAction":[{"@type":"ReadAction","target":["https:\/\/car-o-liner.com\/de\/tss\/"]}]},{"@type":"ImageObject","inLanguage":"de","@id":"https:\/\/car-o-liner.com\/de\/tss\/#primaryimage","url":"https:\/\/car-o-liner.com\/wp-content\/uploads\/Hero_2000x1000px_TSS2.png","contentUrl":"https:\/\/car-o-liner.com\/wp-content\/uploads\/Hero_2000x1000px_TSS2.png","width":2000,"height":1000},{"@type":"BreadcrumbList","@id":"https:\/\/car-o-liner.com\/de\/tss\/#breadcrumb","itemListElement":[{"@type":"ListItem","position":1,"name":"Home","item":"https:\/\/car-o-liner.com\/de\/"},{"@type":"ListItem","position":2,"name":"Total Shop Solutions"}]},{"@type":"WebSite","@id":"https:\/\/car-o-liner.com\/de\/#website","url":"https:\/\/car-o-liner.com\/de\/","name":"Car-O-Liner","description":"Collision Repair Equipment","publisher":{"@id":"https:\/\/car-o-liner.com\/de\/#organization"},"potentialAction":[{"@type":"SearchAction","target":{"@type":"EntryPoint","urlTemplate":"https:\/\/car-o-liner.com\/de\/?s={search_term_string}"},"query-input":{"@type":"PropertyValueSpecification","valueRequired":true,"valueName":"search_term_string"}}],"inLanguage":"de"},{"@type":"Organization","@id":"https:\/\/car-o-liner.com\/de\/#organization","name":"Car-O-Liner","url":"https:\/\/car-o-liner.com\/de\/","logo":{"@type":"ImageObject","inLanguage":"de","@id":"https:\/\/car-o-liner.com\/de\/#\/schema\/logo\/image\/","url":"https:\/\/car-o-liner.com\/wp-content\/uploads\/Car-O-Liner-blue-web.svg","contentUrl":"https:\/\/car-o-liner.com\/wp-content\/uploads\/Car-O-Liner-blue-web.svg","width":250,"height":50,"caption":"Car-O-Liner"},"image":{"@id":"https:\/\/car-o-liner.com\/de\/#\/schema\/logo\/image\/"}}]}},"_links":{"self":[{"href":"https:\/\/car-o-liner.com\/de\/wp-json\/wp\/v2\/pages\/82203","targetHints":{"allow":["GET"]}}],"collection":[{"href":"https:\/\/car-o-liner.com\/de\/wp-json\/wp\/v2\/pages"}],"about":[{"href":"https:\/\/car-o-liner.com\/de\/wp-json\/wp\/v2\/types\/page"}],"author":[{"embeddable":true,"href":"https:\/\/car-o-liner.com\/de\/wp-json\/wp\/v2\/users\/1"}],"replies":[{"embeddable":true,"href":"https:\/\/car-o-liner.com\/de\/wp-json\/wp\/v2\/comments?post=82203"}],"version-history":[{"count":0,"href":"https:\/\/car-o-liner.com\/de\/wp-json\/wp\/v2\/pages\/82203\/revisions"}],"wp:featuredmedia":[{"embeddable":true,"href":"https:\/\/car-o-liner.com\/de\/wp-json\/wp\/v2\/media\/82205"}],"wp:attachment":[{"href":"https:\/\/car-o-liner.com\/de\/wp-json\/wp\/v2\/media?parent=82203"}],"curies":[{"name":"wp","href":"https:\/\/api.w.org\/{rel}","templated":true}]}}