{"id":89969,"date":"2024-03-04T23:21:20","date_gmt":"2024-03-04T22:21:20","guid":{"rendered":"https:\/\/car-o-liner-test.phl.togglebox.site\/product\/"},"modified":"2024-04-11T20:48:54","modified_gmt":"2024-04-11T18:48:54","slug":"produkte","status":"publish","type":"page","link":"https:\/\/car-o-liner.com\/de\/produkte\/","title":{"rendered":"Werkzeuge f\u00fcr die Unfallinstandsetzung"},"content":{"rendered":"\n<p>Erweitern Sie Ihre M\u00f6glichkeiten im Bereich der Karosseriereparatur mit den hochmodernen Werkzeugen zur Unfallinstandsetzung von Car-O-Liner\u00ae. Unser bis zur Perfektion gefertigtes Sortiment bietet die perfekte Mischung aus Haltbarkeit und Zuverl\u00e4ssigkeit, sodass Ihr Team jede Reparaturaufgabe mit absolutem Selbstbewusstsein angehen kann.<\/p>\n","protected":false},"excerpt":{"rendered":"<p>Erweitern Sie Ihre M\u00f6glichkeiten im Bereich der Karosseriereparatur mit den hochmodernen Werkzeugen zur Unfallinstandsetzung von Car-O-Liner\u00ae. Unser bis zur Perfektion gefertigtes Sortiment bietet die perfekte Mischung aus Haltbarkeit und Zuverl\u00e4ssigkeit, sodass Ihr Team jede Reparaturaufgabe mit absolutem Selbstbewusstsein angehen kann.<\/p>\n","protected":false},"author":1,"featured_media":0,"parent":0,"menu_order":0,"comment_status":"closed","ping_status":"closed","template":"page-templates\/product-archive.php","meta":{"footnotes":""},"class_list":["post-89969","page","type-page","status-publish","hentry"],"yoast_head":"<!-- This site is optimized with the Yoast SEO plugin v27.2 - https:\/\/yoast.com\/product\/yoast-seo-wordpress\/ -->\n<title>Werkzeuge f\u00fcr die Unfallinstandsetzung | Car-O-Liner DE<\/title>\n<meta name=\"description\" content=\"Entdecken Sie erstklassige Werkzeuge zur Unfallinstandsetzung, die speziell f\u00fcr Kfz-Profis entwickelt wurden. Schauen Sie sich unsere branchenf\u00fchrenden Ger\u00e4te an, um Ihre Reparaturdienste zu verbessern.\" \/>\n<meta name=\"robots\" content=\"index, follow, max-snippet:-1, max-image-preview:large, max-video-preview:-1\" \/>\n<link rel=\"canonical\" href=\"https:\/\/car-o-liner.com\/de\/produkte\/\" \/>\n<meta property=\"og:locale\" content=\"de_DE\" \/>\n<meta property=\"og:type\" content=\"article\" \/>\n<meta property=\"og:title\" content=\"Werkzeuge f\u00fcr die Unfallinstandsetzung | Car-O-Liner DE\" \/>\n<meta property=\"og:description\" content=\"Entdecken Sie erstklassige Werkzeuge zur Unfallinstandsetzung, die speziell f\u00fcr Kfz-Profis entwickelt wurden. Schauen Sie sich unsere branchenf\u00fchrenden Ger\u00e4te an, um Ihre Reparaturdienste zu verbessern.\" \/>\n<meta property=\"og:url\" content=\"https:\/\/car-o-liner.com\/de\/produkte\/\" \/>\n<meta property=\"og:site_name\" content=\"Car-O-Liner\" \/>\n<meta property=\"article:modified_time\" content=\"2024-04-11T18:48:54+00:00\" \/>\n<meta name=\"twitter:card\" content=\"summary_large_image\" \/>\n<script type=\"application\/ld+json\" class=\"yoast-schema-graph\">{\"@context\":\"https:\/\/schema.org\",\"@graph\":[{\"@type\":\"WebPage\",\"@id\":\"https:\/\/car-o-liner.com\/de\/produkte\/\",\"url\":\"https:\/\/car-o-liner.com\/de\/produkte\/\",\"name\":\"Werkzeuge f\u00fcr die Unfallinstandsetzung | Car-O-Liner DE\",\"isPartOf\":{\"@id\":\"https:\/\/car-o-liner.com\/de\/#website\"},\"datePublished\":\"2024-03-04T22:21:20+00:00\",\"dateModified\":\"2024-04-11T18:48:54+00:00\",\"description\":\"Entdecken Sie erstklassige Werkzeuge zur Unfallinstandsetzung, die speziell f\u00fcr Kfz-Profis entwickelt wurden. Schauen Sie sich unsere branchenf\u00fchrenden Ger\u00e4te an, um Ihre Reparaturdienste zu verbessern.\",\"breadcrumb\":{\"@id\":\"https:\/\/car-o-liner.com\/de\/produkte\/#breadcrumb\"},\"inLanguage\":\"de\",\"potentialAction\":[{\"@type\":\"ReadAction\",\"target\":[\"https:\/\/car-o-liner.com\/de\/produkte\/\"]}]},{\"@type\":\"BreadcrumbList\",\"@id\":\"https:\/\/car-o-liner.com\/de\/produkte\/#breadcrumb\",\"itemListElement\":[{\"@type\":\"ListItem\",\"position\":1,\"name\":\"Home\",\"item\":\"https:\/\/car-o-liner.com\/de\/\"},{\"@type\":\"ListItem\",\"position\":2,\"name\":\"Werkzeuge f\u00fcr die Unfallinstandsetzung\"}]},{\"@type\":\"WebSite\",\"@id\":\"https:\/\/car-o-liner.com\/de\/#website\",\"url\":\"https:\/\/car-o-liner.com\/de\/\",\"name\":\"Car-O-Liner\",\"description\":\"Collision Repair Equipment\",\"publisher\":{\"@id\":\"https:\/\/car-o-liner.com\/de\/#organization\"},\"potentialAction\":[{\"@type\":\"SearchAction\",\"target\":{\"@type\":\"EntryPoint\",\"urlTemplate\":\"https:\/\/car-o-liner.com\/de\/?s={search_term_string}\"},\"query-input\":{\"@type\":\"PropertyValueSpecification\",\"valueRequired\":true,\"valueName\":\"search_term_string\"}}],\"inLanguage\":\"de\"},{\"@type\":\"Organization\",\"@id\":\"https:\/\/car-o-liner.com\/de\/#organization\",\"name\":\"Car-O-Liner\",\"url\":\"https:\/\/car-o-liner.com\/de\/\",\"logo\":{\"@type\":\"ImageObject\",\"inLanguage\":\"de\",\"@id\":\"https:\/\/car-o-liner.com\/de\/#\/schema\/logo\/image\/\",\"url\":\"https:\/\/car-o-liner.com\/wp-content\/uploads\/Car-O-Liner-blue-web.svg\",\"contentUrl\":\"https:\/\/car-o-liner.com\/wp-content\/uploads\/Car-O-Liner-blue-web.svg\",\"width\":250,\"height\":50,\"caption\":\"Car-O-Liner\"},\"image\":{\"@id\":\"https:\/\/car-o-liner.com\/de\/#\/schema\/logo\/image\/\"}}]}<\/script>\n<!-- \/ Yoast SEO plugin. -->","yoast_head_json":{"title":"Werkzeuge f\u00fcr die Unfallinstandsetzung | Car-O-Liner DE","description":"Entdecken Sie erstklassige Werkzeuge zur Unfallinstandsetzung, die speziell f\u00fcr Kfz-Profis entwickelt wurden. Schauen Sie sich unsere branchenf\u00fchrenden Ger\u00e4te an, um Ihre Reparaturdienste zu verbessern.","robots":{"index":"index","follow":"follow","max-snippet":"max-snippet:-1","max-image-preview":"max-image-preview:large","max-video-preview":"max-video-preview:-1"},"canonical":"https:\/\/car-o-liner.com\/de\/produkte\/","og_locale":"de_DE","og_type":"article","og_title":"Werkzeuge f\u00fcr die Unfallinstandsetzung | Car-O-Liner DE","og_description":"Entdecken Sie erstklassige Werkzeuge zur Unfallinstandsetzung, die speziell f\u00fcr Kfz-Profis entwickelt wurden. Schauen Sie sich unsere branchenf\u00fchrenden Ger\u00e4te an, um Ihre Reparaturdienste zu verbessern.","og_url":"https:\/\/car-o-liner.com\/de\/produkte\/","og_site_name":"Car-O-Liner","article_modified_time":"2024-04-11T18:48:54+00:00","twitter_card":"summary_large_image","schema":{"@context":"https:\/\/schema.org","@graph":[{"@type":"WebPage","@id":"https:\/\/car-o-liner.com\/de\/produkte\/","url":"https:\/\/car-o-liner.com\/de\/produkte\/","name":"Werkzeuge f\u00fcr die Unfallinstandsetzung | Car-O-Liner DE","isPartOf":{"@id":"https:\/\/car-o-liner.com\/de\/#website"},"datePublished":"2024-03-04T22:21:20+00:00","dateModified":"2024-04-11T18:48:54+00:00","description":"Entdecken Sie erstklassige Werkzeuge zur Unfallinstandsetzung, die speziell f\u00fcr Kfz-Profis entwickelt wurden. Schauen Sie sich unsere branchenf\u00fchrenden Ger\u00e4te an, um Ihre Reparaturdienste zu verbessern.","breadcrumb":{"@id":"https:\/\/car-o-liner.com\/de\/produkte\/#breadcrumb"},"inLanguage":"de","potentialAction":[{"@type":"ReadAction","target":["https:\/\/car-o-liner.com\/de\/produkte\/"]}]},{"@type":"BreadcrumbList","@id":"https:\/\/car-o-liner.com\/de\/produkte\/#breadcrumb","itemListElement":[{"@type":"ListItem","position":1,"name":"Home","item":"https:\/\/car-o-liner.com\/de\/"},{"@type":"ListItem","position":2,"name":"Werkzeuge f\u00fcr die Unfallinstandsetzung"}]},{"@type":"WebSite","@id":"https:\/\/car-o-liner.com\/de\/#website","url":"https:\/\/car-o-liner.com\/de\/","name":"Car-O-Liner","description":"Collision Repair Equipment","publisher":{"@id":"https:\/\/car-o-liner.com\/de\/#organization"},"potentialAction":[{"@type":"SearchAction","target":{"@type":"EntryPoint","urlTemplate":"https:\/\/car-o-liner.com\/de\/?s={search_term_string}"},"query-input":{"@type":"PropertyValueSpecification","valueRequired":true,"valueName":"search_term_string"}}],"inLanguage":"de"},{"@type":"Organization","@id":"https:\/\/car-o-liner.com\/de\/#organization","name":"Car-O-Liner","url":"https:\/\/car-o-liner.com\/de\/","logo":{"@type":"ImageObject","inLanguage":"de","@id":"https:\/\/car-o-liner.com\/de\/#\/schema\/logo\/image\/","url":"https:\/\/car-o-liner.com\/wp-content\/uploads\/Car-O-Liner-blue-web.svg","contentUrl":"https:\/\/car-o-liner.com\/wp-content\/uploads\/Car-O-Liner-blue-web.svg","width":250,"height":50,"caption":"Car-O-Liner"},"image":{"@id":"https:\/\/car-o-liner.com\/de\/#\/schema\/logo\/image\/"}}]}},"_links":{"self":[{"href":"https:\/\/car-o-liner.com\/de\/wp-json\/wp\/v2\/pages\/89969","targetHints":{"allow":["GET"]}}],"collection":[{"href":"https:\/\/car-o-liner.com\/de\/wp-json\/wp\/v2\/pages"}],"about":[{"href":"https:\/\/car-o-liner.com\/de\/wp-json\/wp\/v2\/types\/page"}],"author":[{"embeddable":true,"href":"https:\/\/car-o-liner.com\/de\/wp-json\/wp\/v2\/users\/1"}],"replies":[{"embeddable":true,"href":"https:\/\/car-o-liner.com\/de\/wp-json\/wp\/v2\/comments?post=89969"}],"version-history":[{"count":3,"href":"https:\/\/car-o-liner.com\/de\/wp-json\/wp\/v2\/pages\/89969\/revisions"}],"predecessor-version":[{"id":90389,"href":"https:\/\/car-o-liner.com\/de\/wp-json\/wp\/v2\/pages\/89969\/revisions\/90389"}],"wp:attachment":[{"href":"https:\/\/car-o-liner.com\/de\/wp-json\/wp\/v2\/media?parent=89969"}],"curies":[{"name":"wp","href":"https:\/\/api.w.org\/{rel}","templated":true}]}}