{"id":81687,"date":"2023-06-30T20:53:50","date_gmt":"2023-06-30T18:53:50","guid":{"rendered":"https:\/\/car-o-liner-test.phl.togglebox.site\/product\/alignment-straightening\/"},"modified":"2024-04-11T14:27:06","modified_gmt":"2024-04-11T12:27:06","slug":"richtsysteme","status":"publish","type":"product","link":"https:\/\/car-o-liner.com\/de\/produkte\/richtsysteme\/","title":{"rendered":"Ausrichten &amp; Richten"},"content":{"rendered":"\n<p>H\u00f6here Reparaturgenauigkeit<\/p>\n","protected":false},"excerpt":{"rendered":"<p>H\u00f6here Reparaturgenauigkeit und Gewinne<\/p>\n","protected":false},"featured_media":81689,"parent":0,"menu_order":1,"template":"page-templates\/joining-heating.php","format":"standard","meta":[],"class_list":["post-81687","product","type-product","status-publish","format-standard","has-post-thumbnail","hentry"],"yoast_head":"<!-- This site is optimized with the Yoast SEO plugin v27.2 - https:\/\/yoast.com\/product\/yoast-seo-wordpress\/ -->\n<title>Ausrichtung und Begradigung | Car-O-Liner DE<\/title>\n<meta name=\"description\" content=\"Stellen Sie pr\u00e4zise Ausrichtungs- und Richtwerkzeuge f\u00fcr die Unfallinstandsetzung bereit. Werten Sie Ihre Werkstatt mit unseren hochmodernen Ausr\u00fcstungsl\u00f6sungen auf.\" \/>\n<meta name=\"robots\" content=\"index, follow, max-snippet:-1, max-image-preview:large, max-video-preview:-1\" \/>\n<link rel=\"canonical\" href=\"https:\/\/car-o-liner.com\/de\/produkte\/richtsysteme\/\" \/>\n<meta property=\"og:locale\" content=\"de_DE\" \/>\n<meta property=\"og:type\" content=\"article\" \/>\n<meta property=\"og:title\" content=\"Ausrichtung und Begradigung | Car-O-Liner DE\" \/>\n<meta property=\"og:description\" content=\"Stellen Sie pr\u00e4zise Ausrichtungs- und Richtwerkzeuge f\u00fcr die Unfallinstandsetzung bereit. Werten Sie Ihre Werkstatt mit unseren hochmodernen Ausr\u00fcstungsl\u00f6sungen auf.\" \/>\n<meta property=\"og:url\" content=\"https:\/\/car-o-liner.com\/de\/produkte\/richtsysteme\/\" \/>\n<meta property=\"og:site_name\" content=\"Car-O-Liner\" \/>\n<meta property=\"article:modified_time\" content=\"2024-04-11T12:27:06+00:00\" \/>\n<meta name=\"twitter:card\" content=\"summary_large_image\" \/>\n<script type=\"application\/ld+json\" class=\"yoast-schema-graph\">{\"@context\":\"https:\/\/schema.org\",\"@graph\":[{\"@type\":\"WebPage\",\"@id\":\"https:\/\/car-o-liner.com\/de\/produkte\/richtsysteme\/\",\"url\":\"https:\/\/car-o-liner.com\/de\/produkte\/richtsysteme\/\",\"name\":\"Ausrichtung und Begradigung | Car-O-Liner DE\",\"isPartOf\":{\"@id\":\"https:\/\/car-o-liner.com\/de\/#website\"},\"primaryImageOfPage\":{\"@id\":\"https:\/\/car-o-liner.com\/de\/produkte\/richtsysteme\/#primaryimage\"},\"image\":{\"@id\":\"https:\/\/car-o-liner.com\/de\/produkte\/richtsysteme\/#primaryimage\"},\"thumbnailUrl\":\"https:\/\/car-o-liner.com\/wp-content\/uploads\/media_library_export-caroliner-2023_08_08_15_04_31\/alignment_straightening.svg\",\"datePublished\":\"2023-06-30T18:53:50+00:00\",\"dateModified\":\"2024-04-11T12:27:06+00:00\",\"description\":\"Stellen Sie pr\u00e4zise Ausrichtungs- und Richtwerkzeuge f\u00fcr die Unfallinstandsetzung bereit. Werten Sie Ihre Werkstatt mit unseren hochmodernen Ausr\u00fcstungsl\u00f6sungen auf.\",\"breadcrumb\":{\"@id\":\"https:\/\/car-o-liner.com\/de\/produkte\/richtsysteme\/#breadcrumb\"},\"inLanguage\":\"de\",\"potentialAction\":[{\"@type\":\"ReadAction\",\"target\":[\"https:\/\/car-o-liner.com\/de\/produkte\/richtsysteme\/\"]}]},{\"@type\":\"ImageObject\",\"inLanguage\":\"de\",\"@id\":\"https:\/\/car-o-liner.com\/de\/produkte\/richtsysteme\/#primaryimage\",\"url\":\"https:\/\/car-o-liner.com\/wp-content\/uploads\/media_library_export-caroliner-2023_08_08_15_04_31\/alignment_straightening.svg\",\"contentUrl\":\"https:\/\/car-o-liner.com\/wp-content\/uploads\/media_library_export-caroliner-2023_08_08_15_04_31\/alignment_straightening.svg\",\"width\":512,\"height\":512},{\"@type\":\"BreadcrumbList\",\"@id\":\"https:\/\/car-o-liner.com\/de\/produkte\/richtsysteme\/#breadcrumb\",\"itemListElement\":[{\"@type\":\"ListItem\",\"position\":1,\"name\":\"Home\",\"item\":\"https:\/\/car-o-liner.com\/de\/\"},{\"@type\":\"ListItem\",\"position\":2,\"name\":\"Ausrichten &amp; Richten\"}]},{\"@type\":\"WebSite\",\"@id\":\"https:\/\/car-o-liner.com\/de\/#website\",\"url\":\"https:\/\/car-o-liner.com\/de\/\",\"name\":\"Car-O-Liner\",\"description\":\"Collision Repair Equipment\",\"publisher\":{\"@id\":\"https:\/\/car-o-liner.com\/de\/#organization\"},\"potentialAction\":[{\"@type\":\"SearchAction\",\"target\":{\"@type\":\"EntryPoint\",\"urlTemplate\":\"https:\/\/car-o-liner.com\/de\/?s={search_term_string}\"},\"query-input\":{\"@type\":\"PropertyValueSpecification\",\"valueRequired\":true,\"valueName\":\"search_term_string\"}}],\"inLanguage\":\"de\"},{\"@type\":\"Organization\",\"@id\":\"https:\/\/car-o-liner.com\/de\/#organization\",\"name\":\"Car-O-Liner\",\"url\":\"https:\/\/car-o-liner.com\/de\/\",\"logo\":{\"@type\":\"ImageObject\",\"inLanguage\":\"de\",\"@id\":\"https:\/\/car-o-liner.com\/de\/#\/schema\/logo\/image\/\",\"url\":\"https:\/\/car-o-liner.com\/wp-content\/uploads\/Car-O-Liner-blue-web.svg\",\"contentUrl\":\"https:\/\/car-o-liner.com\/wp-content\/uploads\/Car-O-Liner-blue-web.svg\",\"width\":250,\"height\":50,\"caption\":\"Car-O-Liner\"},\"image\":{\"@id\":\"https:\/\/car-o-liner.com\/de\/#\/schema\/logo\/image\/\"}}]}<\/script>\n<!-- \/ Yoast SEO plugin. -->","yoast_head_json":{"title":"Ausrichtung und Begradigung | Car-O-Liner DE","description":"Stellen Sie pr\u00e4zise Ausrichtungs- und Richtwerkzeuge f\u00fcr die Unfallinstandsetzung bereit. Werten Sie Ihre Werkstatt mit unseren hochmodernen Ausr\u00fcstungsl\u00f6sungen auf.","robots":{"index":"index","follow":"follow","max-snippet":"max-snippet:-1","max-image-preview":"max-image-preview:large","max-video-preview":"max-video-preview:-1"},"canonical":"https:\/\/car-o-liner.com\/de\/produkte\/richtsysteme\/","og_locale":"de_DE","og_type":"article","og_title":"Ausrichtung und Begradigung | Car-O-Liner DE","og_description":"Stellen Sie pr\u00e4zise Ausrichtungs- und Richtwerkzeuge f\u00fcr die Unfallinstandsetzung bereit. Werten Sie Ihre Werkstatt mit unseren hochmodernen Ausr\u00fcstungsl\u00f6sungen auf.","og_url":"https:\/\/car-o-liner.com\/de\/produkte\/richtsysteme\/","og_site_name":"Car-O-Liner","article_modified_time":"2024-04-11T12:27:06+00:00","twitter_card":"summary_large_image","schema":{"@context":"https:\/\/schema.org","@graph":[{"@type":"WebPage","@id":"https:\/\/car-o-liner.com\/de\/produkte\/richtsysteme\/","url":"https:\/\/car-o-liner.com\/de\/produkte\/richtsysteme\/","name":"Ausrichtung und Begradigung | Car-O-Liner DE","isPartOf":{"@id":"https:\/\/car-o-liner.com\/de\/#website"},"primaryImageOfPage":{"@id":"https:\/\/car-o-liner.com\/de\/produkte\/richtsysteme\/#primaryimage"},"image":{"@id":"https:\/\/car-o-liner.com\/de\/produkte\/richtsysteme\/#primaryimage"},"thumbnailUrl":"https:\/\/car-o-liner.com\/wp-content\/uploads\/media_library_export-caroliner-2023_08_08_15_04_31\/alignment_straightening.svg","datePublished":"2023-06-30T18:53:50+00:00","dateModified":"2024-04-11T12:27:06+00:00","description":"Stellen Sie pr\u00e4zise Ausrichtungs- und Richtwerkzeuge f\u00fcr die Unfallinstandsetzung bereit. Werten Sie Ihre Werkstatt mit unseren hochmodernen Ausr\u00fcstungsl\u00f6sungen auf.","breadcrumb":{"@id":"https:\/\/car-o-liner.com\/de\/produkte\/richtsysteme\/#breadcrumb"},"inLanguage":"de","potentialAction":[{"@type":"ReadAction","target":["https:\/\/car-o-liner.com\/de\/produkte\/richtsysteme\/"]}]},{"@type":"ImageObject","inLanguage":"de","@id":"https:\/\/car-o-liner.com\/de\/produkte\/richtsysteme\/#primaryimage","url":"https:\/\/car-o-liner.com\/wp-content\/uploads\/media_library_export-caroliner-2023_08_08_15_04_31\/alignment_straightening.svg","contentUrl":"https:\/\/car-o-liner.com\/wp-content\/uploads\/media_library_export-caroliner-2023_08_08_15_04_31\/alignment_straightening.svg","width":512,"height":512},{"@type":"BreadcrumbList","@id":"https:\/\/car-o-liner.com\/de\/produkte\/richtsysteme\/#breadcrumb","itemListElement":[{"@type":"ListItem","position":1,"name":"Home","item":"https:\/\/car-o-liner.com\/de\/"},{"@type":"ListItem","position":2,"name":"Ausrichten &amp; Richten"}]},{"@type":"WebSite","@id":"https:\/\/car-o-liner.com\/de\/#website","url":"https:\/\/car-o-liner.com\/de\/","name":"Car-O-Liner","description":"Collision Repair Equipment","publisher":{"@id":"https:\/\/car-o-liner.com\/de\/#organization"},"potentialAction":[{"@type":"SearchAction","target":{"@type":"EntryPoint","urlTemplate":"https:\/\/car-o-liner.com\/de\/?s={search_term_string}"},"query-input":{"@type":"PropertyValueSpecification","valueRequired":true,"valueName":"search_term_string"}}],"inLanguage":"de"},{"@type":"Organization","@id":"https:\/\/car-o-liner.com\/de\/#organization","name":"Car-O-Liner","url":"https:\/\/car-o-liner.com\/de\/","logo":{"@type":"ImageObject","inLanguage":"de","@id":"https:\/\/car-o-liner.com\/de\/#\/schema\/logo\/image\/","url":"https:\/\/car-o-liner.com\/wp-content\/uploads\/Car-O-Liner-blue-web.svg","contentUrl":"https:\/\/car-o-liner.com\/wp-content\/uploads\/Car-O-Liner-blue-web.svg","width":250,"height":50,"caption":"Car-O-Liner"},"image":{"@id":"https:\/\/car-o-liner.com\/de\/#\/schema\/logo\/image\/"}}]}},"_links":{"self":[{"href":"https:\/\/car-o-liner.com\/de\/wp-json\/wp\/v2\/product\/81687","targetHints":{"allow":["GET"]}}],"collection":[{"href":"https:\/\/car-o-liner.com\/de\/wp-json\/wp\/v2\/product"}],"about":[{"href":"https:\/\/car-o-liner.com\/de\/wp-json\/wp\/v2\/types\/product"}],"wp:featuredmedia":[{"embeddable":true,"href":"https:\/\/car-o-liner.com\/de\/wp-json\/wp\/v2\/media\/81689"}],"wp:attachment":[{"href":"https:\/\/car-o-liner.com\/de\/wp-json\/wp\/v2\/media?parent=81687"}],"curies":[{"name":"wp","href":"https:\/\/api.w.org\/{rel}","templated":true}]}}