{"id":81767,"date":"2023-06-30T20:55:33","date_gmt":"2023-06-30T18:55:33","guid":{"rendered":"https:\/\/car-o-liner-test.phl.togglebox.site\/product\/measuring-systems\/"},"modified":"2024-06-12T00:12:28","modified_gmt":"2024-06-11T22:12:28","slug":"messsysteme","status":"publish","type":"product","link":"https:\/\/car-o-liner.com\/de\/produkte\/messsysteme\/","title":{"rendered":"Karosserievermessung"},"content":{"rendered":"\n<p>Pr\u00e4zise elektronische 3D-Messung<\/p>\n","protected":false},"excerpt":{"rendered":"<p>Pr\u00e4zise elektronische 3D-Messung<\/p>\n","protected":false},"featured_media":81769,"parent":0,"menu_order":3,"template":"page-templates\/measuring-systems.php","format":"standard","meta":[],"class_list":["post-81767","product","type-product","status-publish","format-standard","has-post-thumbnail","hentry"],"yoast_head":"<!-- This site is optimized with the Yoast SEO plugin v27.4 - https:\/\/yoast.com\/product\/yoast-seo-wordpress\/ -->\n<title>Karosserievermessung | Car-O-Liner DE<\/title>\n<meta name=\"description\" content=\"Entdecken Sie modernste Karosseriemesssysteme f\u00fcr eine pr\u00e4zise Unfallinstandsetzung. Unsere Werkzeuge erm\u00f6glichen professionelle Genauigkeit.\" \/>\n<meta name=\"robots\" content=\"index, follow, max-snippet:-1, max-image-preview:large, max-video-preview:-1\" \/>\n<link rel=\"canonical\" href=\"https:\/\/car-o-liner.com\/de\/produkte\/messsysteme\/\" \/>\n<meta property=\"og:locale\" content=\"de_DE\" \/>\n<meta property=\"og:type\" content=\"article\" \/>\n<meta property=\"og:title\" content=\"Karosserievermessung | Car-O-Liner DE\" \/>\n<meta property=\"og:description\" content=\"Entdecken Sie modernste Karosseriemesssysteme f\u00fcr eine pr\u00e4zise Unfallinstandsetzung. Unsere Werkzeuge erm\u00f6glichen professionelle Genauigkeit.\" \/>\n<meta property=\"og:url\" content=\"https:\/\/car-o-liner.com\/de\/produkte\/messsysteme\/\" \/>\n<meta property=\"og:site_name\" content=\"Car-O-Liner\" \/>\n<meta property=\"article:modified_time\" content=\"2024-06-11T22:12:28+00:00\" \/>\n<meta name=\"twitter:card\" content=\"summary_large_image\" \/>\n<script type=\"application\/ld+json\" class=\"yoast-schema-graph\">{\"@context\":\"https:\\\/\\\/schema.org\",\"@graph\":[{\"@type\":\"WebPage\",\"@id\":\"https:\\\/\\\/car-o-liner.com\\\/de\\\/produkte\\\/messsysteme\\\/\",\"url\":\"https:\\\/\\\/car-o-liner.com\\\/de\\\/produkte\\\/messsysteme\\\/\",\"name\":\"Karosserievermessung | Car-O-Liner DE\",\"isPartOf\":{\"@id\":\"https:\\\/\\\/car-o-liner.com\\\/de\\\/#website\"},\"primaryImageOfPage\":{\"@id\":\"https:\\\/\\\/car-o-liner.com\\\/de\\\/produkte\\\/messsysteme\\\/#primaryimage\"},\"image\":{\"@id\":\"https:\\\/\\\/car-o-liner.com\\\/de\\\/produkte\\\/messsysteme\\\/#primaryimage\"},\"thumbnailUrl\":\"https:\\\/\\\/car-o-liner.com\\\/wp-content\\\/uploads\\\/media_library_export-caroliner-2023_08_08_15_04_31\\\/measuring.svg\",\"datePublished\":\"2023-06-30T18:55:33+00:00\",\"dateModified\":\"2024-06-11T22:12:28+00:00\",\"description\":\"Entdecken Sie modernste Karosseriemesssysteme f\u00fcr eine pr\u00e4zise Unfallinstandsetzung. Unsere Werkzeuge erm\u00f6glichen professionelle Genauigkeit.\",\"breadcrumb\":{\"@id\":\"https:\\\/\\\/car-o-liner.com\\\/de\\\/produkte\\\/messsysteme\\\/#breadcrumb\"},\"inLanguage\":\"de\",\"potentialAction\":[{\"@type\":\"ReadAction\",\"target\":[\"https:\\\/\\\/car-o-liner.com\\\/de\\\/produkte\\\/messsysteme\\\/\"]}]},{\"@type\":\"ImageObject\",\"inLanguage\":\"de\",\"@id\":\"https:\\\/\\\/car-o-liner.com\\\/de\\\/produkte\\\/messsysteme\\\/#primaryimage\",\"url\":\"https:\\\/\\\/car-o-liner.com\\\/wp-content\\\/uploads\\\/media_library_export-caroliner-2023_08_08_15_04_31\\\/measuring.svg\",\"contentUrl\":\"https:\\\/\\\/car-o-liner.com\\\/wp-content\\\/uploads\\\/media_library_export-caroliner-2023_08_08_15_04_31\\\/measuring.svg\",\"width\":512,\"height\":512},{\"@type\":\"BreadcrumbList\",\"@id\":\"https:\\\/\\\/car-o-liner.com\\\/de\\\/produkte\\\/messsysteme\\\/#breadcrumb\",\"itemListElement\":[{\"@type\":\"ListItem\",\"position\":1,\"name\":\"Home\",\"item\":\"https:\\\/\\\/car-o-liner.com\\\/de\\\/\"},{\"@type\":\"ListItem\",\"position\":2,\"name\":\"Karosserievermessung\"}]},{\"@type\":\"WebSite\",\"@id\":\"https:\\\/\\\/car-o-liner.com\\\/de\\\/#website\",\"url\":\"https:\\\/\\\/car-o-liner.com\\\/de\\\/\",\"name\":\"Car-O-Liner\",\"description\":\"Collision Repair Equipment\",\"publisher\":{\"@id\":\"https:\\\/\\\/car-o-liner.com\\\/de\\\/#organization\"},\"potentialAction\":[{\"@type\":\"SearchAction\",\"target\":{\"@type\":\"EntryPoint\",\"urlTemplate\":\"https:\\\/\\\/car-o-liner.com\\\/de\\\/?s={search_term_string}\"},\"query-input\":{\"@type\":\"PropertyValueSpecification\",\"valueRequired\":true,\"valueName\":\"search_term_string\"}}],\"inLanguage\":\"de\"},{\"@type\":\"Organization\",\"@id\":\"https:\\\/\\\/car-o-liner.com\\\/de\\\/#organization\",\"name\":\"Car-O-Liner\",\"url\":\"https:\\\/\\\/car-o-liner.com\\\/de\\\/\",\"logo\":{\"@type\":\"ImageObject\",\"inLanguage\":\"de\",\"@id\":\"https:\\\/\\\/car-o-liner.com\\\/de\\\/#\\\/schema\\\/logo\\\/image\\\/\",\"url\":\"https:\\\/\\\/car-o-liner.com\\\/wp-content\\\/uploads\\\/Car-O-Liner-blue-web.svg\",\"contentUrl\":\"https:\\\/\\\/car-o-liner.com\\\/wp-content\\\/uploads\\\/Car-O-Liner-blue-web.svg\",\"width\":250,\"height\":50,\"caption\":\"Car-O-Liner\"},\"image\":{\"@id\":\"https:\\\/\\\/car-o-liner.com\\\/de\\\/#\\\/schema\\\/logo\\\/image\\\/\"}}]}<\/script>\n<!-- \/ Yoast SEO plugin. -->","yoast_head_json":{"title":"Karosserievermessung | Car-O-Liner DE","description":"Entdecken Sie modernste Karosseriemesssysteme f\u00fcr eine pr\u00e4zise Unfallinstandsetzung. Unsere Werkzeuge erm\u00f6glichen professionelle Genauigkeit.","robots":{"index":"index","follow":"follow","max-snippet":"max-snippet:-1","max-image-preview":"max-image-preview:large","max-video-preview":"max-video-preview:-1"},"canonical":"https:\/\/car-o-liner.com\/de\/produkte\/messsysteme\/","og_locale":"de_DE","og_type":"article","og_title":"Karosserievermessung | Car-O-Liner DE","og_description":"Entdecken Sie modernste Karosseriemesssysteme f\u00fcr eine pr\u00e4zise Unfallinstandsetzung. Unsere Werkzeuge erm\u00f6glichen professionelle Genauigkeit.","og_url":"https:\/\/car-o-liner.com\/de\/produkte\/messsysteme\/","og_site_name":"Car-O-Liner","article_modified_time":"2024-06-11T22:12:28+00:00","twitter_card":"summary_large_image","schema":{"@context":"https:\/\/schema.org","@graph":[{"@type":"WebPage","@id":"https:\/\/car-o-liner.com\/de\/produkte\/messsysteme\/","url":"https:\/\/car-o-liner.com\/de\/produkte\/messsysteme\/","name":"Karosserievermessung | Car-O-Liner DE","isPartOf":{"@id":"https:\/\/car-o-liner.com\/de\/#website"},"primaryImageOfPage":{"@id":"https:\/\/car-o-liner.com\/de\/produkte\/messsysteme\/#primaryimage"},"image":{"@id":"https:\/\/car-o-liner.com\/de\/produkte\/messsysteme\/#primaryimage"},"thumbnailUrl":"https:\/\/car-o-liner.com\/wp-content\/uploads\/media_library_export-caroliner-2023_08_08_15_04_31\/measuring.svg","datePublished":"2023-06-30T18:55:33+00:00","dateModified":"2024-06-11T22:12:28+00:00","description":"Entdecken Sie modernste Karosseriemesssysteme f\u00fcr eine pr\u00e4zise Unfallinstandsetzung. Unsere Werkzeuge erm\u00f6glichen professionelle Genauigkeit.","breadcrumb":{"@id":"https:\/\/car-o-liner.com\/de\/produkte\/messsysteme\/#breadcrumb"},"inLanguage":"de","potentialAction":[{"@type":"ReadAction","target":["https:\/\/car-o-liner.com\/de\/produkte\/messsysteme\/"]}]},{"@type":"ImageObject","inLanguage":"de","@id":"https:\/\/car-o-liner.com\/de\/produkte\/messsysteme\/#primaryimage","url":"https:\/\/car-o-liner.com\/wp-content\/uploads\/media_library_export-caroliner-2023_08_08_15_04_31\/measuring.svg","contentUrl":"https:\/\/car-o-liner.com\/wp-content\/uploads\/media_library_export-caroliner-2023_08_08_15_04_31\/measuring.svg","width":512,"height":512},{"@type":"BreadcrumbList","@id":"https:\/\/car-o-liner.com\/de\/produkte\/messsysteme\/#breadcrumb","itemListElement":[{"@type":"ListItem","position":1,"name":"Home","item":"https:\/\/car-o-liner.com\/de\/"},{"@type":"ListItem","position":2,"name":"Karosserievermessung"}]},{"@type":"WebSite","@id":"https:\/\/car-o-liner.com\/de\/#website","url":"https:\/\/car-o-liner.com\/de\/","name":"Car-O-Liner","description":"Collision Repair Equipment","publisher":{"@id":"https:\/\/car-o-liner.com\/de\/#organization"},"potentialAction":[{"@type":"SearchAction","target":{"@type":"EntryPoint","urlTemplate":"https:\/\/car-o-liner.com\/de\/?s={search_term_string}"},"query-input":{"@type":"PropertyValueSpecification","valueRequired":true,"valueName":"search_term_string"}}],"inLanguage":"de"},{"@type":"Organization","@id":"https:\/\/car-o-liner.com\/de\/#organization","name":"Car-O-Liner","url":"https:\/\/car-o-liner.com\/de\/","logo":{"@type":"ImageObject","inLanguage":"de","@id":"https:\/\/car-o-liner.com\/de\/#\/schema\/logo\/image\/","url":"https:\/\/car-o-liner.com\/wp-content\/uploads\/Car-O-Liner-blue-web.svg","contentUrl":"https:\/\/car-o-liner.com\/wp-content\/uploads\/Car-O-Liner-blue-web.svg","width":250,"height":50,"caption":"Car-O-Liner"},"image":{"@id":"https:\/\/car-o-liner.com\/de\/#\/schema\/logo\/image\/"}}]}},"_links":{"self":[{"href":"https:\/\/car-o-liner.com\/de\/wp-json\/wp\/v2\/product\/81767","targetHints":{"allow":["GET"]}}],"collection":[{"href":"https:\/\/car-o-liner.com\/de\/wp-json\/wp\/v2\/product"}],"about":[{"href":"https:\/\/car-o-liner.com\/de\/wp-json\/wp\/v2\/types\/product"}],"wp:featuredmedia":[{"embeddable":true,"href":"https:\/\/car-o-liner.com\/de\/wp-json\/wp\/v2\/media\/81769"}],"wp:attachment":[{"href":"https:\/\/car-o-liner.com\/de\/wp-json\/wp\/v2\/media?parent=81767"}],"curies":[{"name":"wp","href":"https:\/\/api.w.org\/{rel}","templated":true}]}}