{"id":83222,"date":"2023-09-27T10:43:03","date_gmt":"2023-09-27T08:43:03","guid":{"rendered":"https:\/\/car-o-liner-test.phl.togglebox.site\/product\/measuring-systems\/car-o-data-2\/"},"modified":"2024-04-30T22:51:21","modified_gmt":"2024-04-30T20:51:21","slug":"car-o-data","status":"publish","type":"product","link":"https:\/\/car-o-liner.com\/de\/produkte\/car-o-data\/","title":{"rendered":"CAR-O-DATA\u00ae"},"content":{"rendered":"\n<p>Datenbank<\/p>\n","protected":false},"excerpt":{"rendered":"<p>Datenbank<\/p>\n","protected":false},"featured_media":83224,"parent":81767,"menu_order":0,"template":"page-templates\/col-single-product-vision2.php","format":"standard","meta":[],"class_list":["post-83222","product","type-product","status-publish","format-standard","has-post-thumbnail","hentry"],"yoast_head":"<!-- This site is optimized with the Yoast SEO plugin v27.2 - https:\/\/yoast.com\/product\/yoast-seo-wordpress\/ -->\n<title>Car-O-Data\u00ae Fahrzeugmessdatenbank | Car-O-Liner DE<\/title>\n<meta name=\"description\" content=\"Car-O-Data\u00ae, die weltweit gr\u00f6\u00dfte Fahrzeugmessdatenbank, liefert die richtige Datenreferenz f\u00fcr den Messprozess.\" \/>\n<meta name=\"robots\" content=\"index, follow, max-snippet:-1, max-image-preview:large, max-video-preview:-1\" \/>\n<link rel=\"canonical\" href=\"https:\/\/car-o-liner.com\/de\/produkte\/car-o-data\/\" \/>\n<meta property=\"og:locale\" content=\"de_DE\" \/>\n<meta property=\"og:type\" content=\"article\" \/>\n<meta property=\"og:title\" content=\"Car-O-Data\u00ae Fahrzeugmessdatenbank | Car-O-Liner DE\" \/>\n<meta property=\"og:description\" content=\"Car-O-Data\u00ae, die weltweit gr\u00f6\u00dfte Fahrzeugmessdatenbank, liefert die richtige Datenreferenz f\u00fcr den Messprozess.\" \/>\n<meta property=\"og:url\" content=\"https:\/\/car-o-liner.com\/de\/produkte\/car-o-data\/\" \/>\n<meta property=\"og:site_name\" content=\"Car-O-Liner\" \/>\n<meta property=\"article:modified_time\" content=\"2024-04-30T20:51:21+00:00\" \/>\n<meta property=\"og:image\" content=\"https:\/\/car-o-liner.com\/wp-content\/uploads\/Vision2-Car-o-data-product.png\" \/>\n\t<meta property=\"og:image:width\" content=\"1000\" \/>\n\t<meta property=\"og:image:height\" content=\"600\" \/>\n\t<meta property=\"og:image:type\" content=\"image\/png\" \/>\n<meta name=\"twitter:card\" content=\"summary_large_image\" \/>\n<script type=\"application\/ld+json\" class=\"yoast-schema-graph\">{\"@context\":\"https:\/\/schema.org\",\"@graph\":[{\"@type\":\"WebPage\",\"@id\":\"https:\/\/car-o-liner.com\/de\/produkte\/car-o-data\/\",\"url\":\"https:\/\/car-o-liner.com\/de\/produkte\/car-o-data\/\",\"name\":\"Car-O-Data\u00ae Fahrzeugmessdatenbank | Car-O-Liner DE\",\"isPartOf\":{\"@id\":\"https:\/\/car-o-liner.com\/de\/#website\"},\"primaryImageOfPage\":{\"@id\":\"https:\/\/car-o-liner.com\/de\/produkte\/car-o-data\/#primaryimage\"},\"image\":{\"@id\":\"https:\/\/car-o-liner.com\/de\/produkte\/car-o-data\/#primaryimage\"},\"thumbnailUrl\":\"https:\/\/car-o-liner.com\/wp-content\/uploads\/Vision2-Car-o-data-product.png\",\"datePublished\":\"2023-09-27T08:43:03+00:00\",\"dateModified\":\"2024-04-30T20:51:21+00:00\",\"description\":\"Car-O-Data\u00ae, die weltweit gr\u00f6\u00dfte Fahrzeugmessdatenbank, liefert die richtige Datenreferenz f\u00fcr den Messprozess.\",\"breadcrumb\":{\"@id\":\"https:\/\/car-o-liner.com\/de\/produkte\/car-o-data\/#breadcrumb\"},\"inLanguage\":\"de\",\"potentialAction\":[{\"@type\":\"ReadAction\",\"target\":[\"https:\/\/car-o-liner.com\/de\/produkte\/car-o-data\/\"]}]},{\"@type\":\"ImageObject\",\"inLanguage\":\"de\",\"@id\":\"https:\/\/car-o-liner.com\/de\/produkte\/car-o-data\/#primaryimage\",\"url\":\"https:\/\/car-o-liner.com\/wp-content\/uploads\/Vision2-Car-o-data-product.png\",\"contentUrl\":\"https:\/\/car-o-liner.com\/wp-content\/uploads\/Vision2-Car-o-data-product.png\",\"width\":1000,\"height\":600},{\"@type\":\"BreadcrumbList\",\"@id\":\"https:\/\/car-o-liner.com\/de\/produkte\/car-o-data\/#breadcrumb\",\"itemListElement\":[{\"@type\":\"ListItem\",\"position\":1,\"name\":\"Home\",\"item\":\"https:\/\/car-o-liner.com\/de\/\"},{\"@type\":\"ListItem\",\"position\":2,\"name\":\"Karosserievermessung\",\"item\":\"https:\/\/car-o-liner.com\/de\/produkte\/messsysteme\/\"},{\"@type\":\"ListItem\",\"position\":3,\"name\":\"CAR-O-DATA\u00ae\"}]},{\"@type\":\"WebSite\",\"@id\":\"https:\/\/car-o-liner.com\/de\/#website\",\"url\":\"https:\/\/car-o-liner.com\/de\/\",\"name\":\"Car-O-Liner\",\"description\":\"Collision Repair Equipment\",\"publisher\":{\"@id\":\"https:\/\/car-o-liner.com\/de\/#organization\"},\"potentialAction\":[{\"@type\":\"SearchAction\",\"target\":{\"@type\":\"EntryPoint\",\"urlTemplate\":\"https:\/\/car-o-liner.com\/de\/?s={search_term_string}\"},\"query-input\":{\"@type\":\"PropertyValueSpecification\",\"valueRequired\":true,\"valueName\":\"search_term_string\"}}],\"inLanguage\":\"de\"},{\"@type\":\"Organization\",\"@id\":\"https:\/\/car-o-liner.com\/de\/#organization\",\"name\":\"Car-O-Liner\",\"url\":\"https:\/\/car-o-liner.com\/de\/\",\"logo\":{\"@type\":\"ImageObject\",\"inLanguage\":\"de\",\"@id\":\"https:\/\/car-o-liner.com\/de\/#\/schema\/logo\/image\/\",\"url\":\"https:\/\/car-o-liner.com\/wp-content\/uploads\/Car-O-Liner-blue-web.svg\",\"contentUrl\":\"https:\/\/car-o-liner.com\/wp-content\/uploads\/Car-O-Liner-blue-web.svg\",\"width\":250,\"height\":50,\"caption\":\"Car-O-Liner\"},\"image\":{\"@id\":\"https:\/\/car-o-liner.com\/de\/#\/schema\/logo\/image\/\"}}]}<\/script>\n<!-- \/ Yoast SEO plugin. -->","yoast_head_json":{"title":"Car-O-Data\u00ae Fahrzeugmessdatenbank | Car-O-Liner DE","description":"Car-O-Data\u00ae, die weltweit gr\u00f6\u00dfte Fahrzeugmessdatenbank, liefert die richtige Datenreferenz f\u00fcr den Messprozess.","robots":{"index":"index","follow":"follow","max-snippet":"max-snippet:-1","max-image-preview":"max-image-preview:large","max-video-preview":"max-video-preview:-1"},"canonical":"https:\/\/car-o-liner.com\/de\/produkte\/car-o-data\/","og_locale":"de_DE","og_type":"article","og_title":"Car-O-Data\u00ae Fahrzeugmessdatenbank | Car-O-Liner DE","og_description":"Car-O-Data\u00ae, die weltweit gr\u00f6\u00dfte Fahrzeugmessdatenbank, liefert die richtige Datenreferenz f\u00fcr den Messprozess.","og_url":"https:\/\/car-o-liner.com\/de\/produkte\/car-o-data\/","og_site_name":"Car-O-Liner","article_modified_time":"2024-04-30T20:51:21+00:00","og_image":[{"width":1000,"height":600,"url":"https:\/\/car-o-liner.com\/wp-content\/uploads\/Vision2-Car-o-data-product.png","type":"image\/png"}],"twitter_card":"summary_large_image","schema":{"@context":"https:\/\/schema.org","@graph":[{"@type":"WebPage","@id":"https:\/\/car-o-liner.com\/de\/produkte\/car-o-data\/","url":"https:\/\/car-o-liner.com\/de\/produkte\/car-o-data\/","name":"Car-O-Data\u00ae Fahrzeugmessdatenbank | Car-O-Liner DE","isPartOf":{"@id":"https:\/\/car-o-liner.com\/de\/#website"},"primaryImageOfPage":{"@id":"https:\/\/car-o-liner.com\/de\/produkte\/car-o-data\/#primaryimage"},"image":{"@id":"https:\/\/car-o-liner.com\/de\/produkte\/car-o-data\/#primaryimage"},"thumbnailUrl":"https:\/\/car-o-liner.com\/wp-content\/uploads\/Vision2-Car-o-data-product.png","datePublished":"2023-09-27T08:43:03+00:00","dateModified":"2024-04-30T20:51:21+00:00","description":"Car-O-Data\u00ae, die weltweit gr\u00f6\u00dfte Fahrzeugmessdatenbank, liefert die richtige Datenreferenz f\u00fcr den Messprozess.","breadcrumb":{"@id":"https:\/\/car-o-liner.com\/de\/produkte\/car-o-data\/#breadcrumb"},"inLanguage":"de","potentialAction":[{"@type":"ReadAction","target":["https:\/\/car-o-liner.com\/de\/produkte\/car-o-data\/"]}]},{"@type":"ImageObject","inLanguage":"de","@id":"https:\/\/car-o-liner.com\/de\/produkte\/car-o-data\/#primaryimage","url":"https:\/\/car-o-liner.com\/wp-content\/uploads\/Vision2-Car-o-data-product.png","contentUrl":"https:\/\/car-o-liner.com\/wp-content\/uploads\/Vision2-Car-o-data-product.png","width":1000,"height":600},{"@type":"BreadcrumbList","@id":"https:\/\/car-o-liner.com\/de\/produkte\/car-o-data\/#breadcrumb","itemListElement":[{"@type":"ListItem","position":1,"name":"Home","item":"https:\/\/car-o-liner.com\/de\/"},{"@type":"ListItem","position":2,"name":"Karosserievermessung","item":"https:\/\/car-o-liner.com\/de\/produkte\/messsysteme\/"},{"@type":"ListItem","position":3,"name":"CAR-O-DATA\u00ae"}]},{"@type":"WebSite","@id":"https:\/\/car-o-liner.com\/de\/#website","url":"https:\/\/car-o-liner.com\/de\/","name":"Car-O-Liner","description":"Collision Repair Equipment","publisher":{"@id":"https:\/\/car-o-liner.com\/de\/#organization"},"potentialAction":[{"@type":"SearchAction","target":{"@type":"EntryPoint","urlTemplate":"https:\/\/car-o-liner.com\/de\/?s={search_term_string}"},"query-input":{"@type":"PropertyValueSpecification","valueRequired":true,"valueName":"search_term_string"}}],"inLanguage":"de"},{"@type":"Organization","@id":"https:\/\/car-o-liner.com\/de\/#organization","name":"Car-O-Liner","url":"https:\/\/car-o-liner.com\/de\/","logo":{"@type":"ImageObject","inLanguage":"de","@id":"https:\/\/car-o-liner.com\/de\/#\/schema\/logo\/image\/","url":"https:\/\/car-o-liner.com\/wp-content\/uploads\/Car-O-Liner-blue-web.svg","contentUrl":"https:\/\/car-o-liner.com\/wp-content\/uploads\/Car-O-Liner-blue-web.svg","width":250,"height":50,"caption":"Car-O-Liner"},"image":{"@id":"https:\/\/car-o-liner.com\/de\/#\/schema\/logo\/image\/"}}]}},"_links":{"self":[{"href":"https:\/\/car-o-liner.com\/de\/wp-json\/wp\/v2\/product\/83222","targetHints":{"allow":["GET"]}}],"collection":[{"href":"https:\/\/car-o-liner.com\/de\/wp-json\/wp\/v2\/product"}],"about":[{"href":"https:\/\/car-o-liner.com\/de\/wp-json\/wp\/v2\/types\/product"}],"up":[{"embeddable":true,"href":"https:\/\/car-o-liner.com\/de\/wp-json\/wp\/v2\/product\/81767"}],"wp:featuredmedia":[{"embeddable":true,"href":"https:\/\/car-o-liner.com\/de\/wp-json\/wp\/v2\/media\/83224"}],"wp:attachment":[{"href":"https:\/\/car-o-liner.com\/de\/wp-json\/wp\/v2\/media?parent=83222"}],"curies":[{"name":"wp","href":"https:\/\/api.w.org\/{rel}","templated":true}]}}