{"id":85336,"date":"2023-07-24T15:20:21","date_gmt":"2023-07-24T13:20:21","guid":{"rendered":"https:\/\/car-o-liner-test.phl.togglebox.site\/product\/ch-induction-heaters\/"},"modified":"2024-04-30T21:51:00","modified_gmt":"2024-04-30T19:51:00","slug":"ch37-ch100","status":"publish","type":"product","link":"https:\/\/car-o-liner.com\/de\/produkte\/ch37-ch100\/","title":{"rendered":"CH\u212237 &#038; CH\u2122100"},"content":{"rendered":"\n<p>INDUKTIONSHEIZGER\u00c4TE<\/p>\n","protected":false},"excerpt":{"rendered":"<p>INDUKTIONSHEIZGER\u00c4TE<\/p>\n","protected":false},"featured_media":85338,"parent":86592,"menu_order":0,"template":"page-templates\/col-single-product-ch37.php","format":"standard","meta":[],"class_list":["post-85336","product","type-product","status-publish","format-standard","has-post-thumbnail","hentry"],"yoast_head":"<!-- This site is optimized with the Yoast SEO plugin v27.4 - https:\/\/yoast.com\/product\/yoast-seo-wordpress\/ -->\n<title>CH\u212237 und CH\u2122100 Induktionsheizger\u00e4te | Car-O-Liner DE<\/title>\n<meta name=\"description\" content=\"CH37 und CH100 sind Hochleistungs-Induktionsheizger\u00e4te, die ohne offene Flamme auskommen und daher nur ein geringes Risiko f\u00fcr Sch\u00e4den an in der N\u00e4he befindlichen Materialien mit sich bringen.\" \/>\n<meta name=\"robots\" content=\"index, follow, max-snippet:-1, max-image-preview:large, max-video-preview:-1\" \/>\n<link rel=\"canonical\" href=\"https:\/\/car-o-liner.com\/de\/produkte\/ch37-ch100\/\" \/>\n<meta property=\"og:locale\" content=\"de_DE\" \/>\n<meta property=\"og:type\" content=\"article\" \/>\n<meta property=\"og:title\" content=\"CH\u212237 und CH\u2122100 Induktionsheizger\u00e4te | Car-O-Liner DE\" \/>\n<meta property=\"og:description\" content=\"CH37 und CH100 sind Hochleistungs-Induktionsheizger\u00e4te, die ohne offene Flamme auskommen und daher nur ein geringes Risiko f\u00fcr Sch\u00e4den an in der N\u00e4he befindlichen Materialien mit sich bringen.\" \/>\n<meta property=\"og:url\" content=\"https:\/\/car-o-liner.com\/de\/produkte\/ch37-ch100\/\" \/>\n<meta property=\"og:site_name\" content=\"Car-O-Liner\" \/>\n<meta property=\"article:modified_time\" content=\"2024-04-30T19:51:00+00:00\" \/>\n<meta property=\"og:image\" content=\"https:\/\/car-o-liner.com\/wp-content\/uploads\/ch-induction-hero.png\" \/>\n\t<meta property=\"og:image:width\" content=\"1500\" \/>\n\t<meta property=\"og:image:height\" content=\"1250\" \/>\n\t<meta property=\"og:image:type\" content=\"image\/png\" \/>\n<meta name=\"twitter:card\" content=\"summary_large_image\" \/>\n<script type=\"application\/ld+json\" class=\"yoast-schema-graph\">{\"@context\":\"https:\\\/\\\/schema.org\",\"@graph\":[{\"@type\":\"WebPage\",\"@id\":\"https:\\\/\\\/car-o-liner.com\\\/de\\\/produkte\\\/ch37-ch100\\\/\",\"url\":\"https:\\\/\\\/car-o-liner.com\\\/de\\\/produkte\\\/ch37-ch100\\\/\",\"name\":\"CH\u212237 und CH\u2122100 Induktionsheizger\u00e4te | Car-O-Liner DE\",\"isPartOf\":{\"@id\":\"https:\\\/\\\/car-o-liner.com\\\/de\\\/#website\"},\"primaryImageOfPage\":{\"@id\":\"https:\\\/\\\/car-o-liner.com\\\/de\\\/produkte\\\/ch37-ch100\\\/#primaryimage\"},\"image\":{\"@id\":\"https:\\\/\\\/car-o-liner.com\\\/de\\\/produkte\\\/ch37-ch100\\\/#primaryimage\"},\"thumbnailUrl\":\"https:\\\/\\\/car-o-liner.com\\\/wp-content\\\/uploads\\\/ch-induction-hero.png\",\"datePublished\":\"2023-07-24T13:20:21+00:00\",\"dateModified\":\"2024-04-30T19:51:00+00:00\",\"description\":\"CH37 und CH100 sind Hochleistungs-Induktionsheizger\u00e4te, die ohne offene Flamme auskommen und daher nur ein geringes Risiko f\u00fcr Sch\u00e4den an in der N\u00e4he befindlichen Materialien mit sich bringen.\",\"breadcrumb\":{\"@id\":\"https:\\\/\\\/car-o-liner.com\\\/de\\\/produkte\\\/ch37-ch100\\\/#breadcrumb\"},\"inLanguage\":\"de\",\"potentialAction\":[{\"@type\":\"ReadAction\",\"target\":[\"https:\\\/\\\/car-o-liner.com\\\/de\\\/produkte\\\/ch37-ch100\\\/\"]}]},{\"@type\":\"ImageObject\",\"inLanguage\":\"de\",\"@id\":\"https:\\\/\\\/car-o-liner.com\\\/de\\\/produkte\\\/ch37-ch100\\\/#primaryimage\",\"url\":\"https:\\\/\\\/car-o-liner.com\\\/wp-content\\\/uploads\\\/ch-induction-hero.png\",\"contentUrl\":\"https:\\\/\\\/car-o-liner.com\\\/wp-content\\\/uploads\\\/ch-induction-hero.png\",\"width\":1500,\"height\":1250},{\"@type\":\"BreadcrumbList\",\"@id\":\"https:\\\/\\\/car-o-liner.com\\\/de\\\/produkte\\\/ch37-ch100\\\/#breadcrumb\",\"itemListElement\":[{\"@type\":\"ListItem\",\"position\":1,\"name\":\"Home\",\"item\":\"https:\\\/\\\/car-o-liner.com\\\/de\\\/\"},{\"@type\":\"ListItem\",\"position\":2,\"name\":\"F\u00fcgen &amp; Erw\u00e4rmen\",\"item\":\"https:\\\/\\\/car-o-liner.com\\\/de\\\/produkte\\\/verbinden-und-erhitzen\\\/\"},{\"@type\":\"ListItem\",\"position\":3,\"name\":\"Induktionsheizer Kfz\",\"item\":\"https:\\\/\\\/car-o-liner.com\\\/de\\\/produkte\\\/induktionsheizgerat-kfz\\\/\"},{\"@type\":\"ListItem\",\"position\":4,\"name\":\"CH\u212237 &#038; CH\u2122100\"}]},{\"@type\":\"WebSite\",\"@id\":\"https:\\\/\\\/car-o-liner.com\\\/de\\\/#website\",\"url\":\"https:\\\/\\\/car-o-liner.com\\\/de\\\/\",\"name\":\"Car-O-Liner\",\"description\":\"Collision Repair Equipment\",\"publisher\":{\"@id\":\"https:\\\/\\\/car-o-liner.com\\\/de\\\/#organization\"},\"potentialAction\":[{\"@type\":\"SearchAction\",\"target\":{\"@type\":\"EntryPoint\",\"urlTemplate\":\"https:\\\/\\\/car-o-liner.com\\\/de\\\/?s={search_term_string}\"},\"query-input\":{\"@type\":\"PropertyValueSpecification\",\"valueRequired\":true,\"valueName\":\"search_term_string\"}}],\"inLanguage\":\"de\"},{\"@type\":\"Organization\",\"@id\":\"https:\\\/\\\/car-o-liner.com\\\/de\\\/#organization\",\"name\":\"Car-O-Liner\",\"url\":\"https:\\\/\\\/car-o-liner.com\\\/de\\\/\",\"logo\":{\"@type\":\"ImageObject\",\"inLanguage\":\"de\",\"@id\":\"https:\\\/\\\/car-o-liner.com\\\/de\\\/#\\\/schema\\\/logo\\\/image\\\/\",\"url\":\"https:\\\/\\\/car-o-liner.com\\\/wp-content\\\/uploads\\\/Car-O-Liner-blue-web.svg\",\"contentUrl\":\"https:\\\/\\\/car-o-liner.com\\\/wp-content\\\/uploads\\\/Car-O-Liner-blue-web.svg\",\"width\":250,\"height\":50,\"caption\":\"Car-O-Liner\"},\"image\":{\"@id\":\"https:\\\/\\\/car-o-liner.com\\\/de\\\/#\\\/schema\\\/logo\\\/image\\\/\"}}]}<\/script>\n<!-- \/ Yoast SEO plugin. -->","yoast_head_json":{"title":"CH\u212237 und CH\u2122100 Induktionsheizger\u00e4te | Car-O-Liner DE","description":"CH37 und CH100 sind Hochleistungs-Induktionsheizger\u00e4te, die ohne offene Flamme auskommen und daher nur ein geringes Risiko f\u00fcr Sch\u00e4den an in der N\u00e4he befindlichen Materialien mit sich bringen.","robots":{"index":"index","follow":"follow","max-snippet":"max-snippet:-1","max-image-preview":"max-image-preview:large","max-video-preview":"max-video-preview:-1"},"canonical":"https:\/\/car-o-liner.com\/de\/produkte\/ch37-ch100\/","og_locale":"de_DE","og_type":"article","og_title":"CH\u212237 und CH\u2122100 Induktionsheizger\u00e4te | Car-O-Liner DE","og_description":"CH37 und CH100 sind Hochleistungs-Induktionsheizger\u00e4te, die ohne offene Flamme auskommen und daher nur ein geringes Risiko f\u00fcr Sch\u00e4den an in der N\u00e4he befindlichen Materialien mit sich bringen.","og_url":"https:\/\/car-o-liner.com\/de\/produkte\/ch37-ch100\/","og_site_name":"Car-O-Liner","article_modified_time":"2024-04-30T19:51:00+00:00","og_image":[{"width":1500,"height":1250,"url":"https:\/\/car-o-liner.com\/wp-content\/uploads\/ch-induction-hero.png","type":"image\/png"}],"twitter_card":"summary_large_image","schema":{"@context":"https:\/\/schema.org","@graph":[{"@type":"WebPage","@id":"https:\/\/car-o-liner.com\/de\/produkte\/ch37-ch100\/","url":"https:\/\/car-o-liner.com\/de\/produkte\/ch37-ch100\/","name":"CH\u212237 und CH\u2122100 Induktionsheizger\u00e4te | Car-O-Liner DE","isPartOf":{"@id":"https:\/\/car-o-liner.com\/de\/#website"},"primaryImageOfPage":{"@id":"https:\/\/car-o-liner.com\/de\/produkte\/ch37-ch100\/#primaryimage"},"image":{"@id":"https:\/\/car-o-liner.com\/de\/produkte\/ch37-ch100\/#primaryimage"},"thumbnailUrl":"https:\/\/car-o-liner.com\/wp-content\/uploads\/ch-induction-hero.png","datePublished":"2023-07-24T13:20:21+00:00","dateModified":"2024-04-30T19:51:00+00:00","description":"CH37 und CH100 sind Hochleistungs-Induktionsheizger\u00e4te, die ohne offene Flamme auskommen und daher nur ein geringes Risiko f\u00fcr Sch\u00e4den an in der N\u00e4he befindlichen Materialien mit sich bringen.","breadcrumb":{"@id":"https:\/\/car-o-liner.com\/de\/produkte\/ch37-ch100\/#breadcrumb"},"inLanguage":"de","potentialAction":[{"@type":"ReadAction","target":["https:\/\/car-o-liner.com\/de\/produkte\/ch37-ch100\/"]}]},{"@type":"ImageObject","inLanguage":"de","@id":"https:\/\/car-o-liner.com\/de\/produkte\/ch37-ch100\/#primaryimage","url":"https:\/\/car-o-liner.com\/wp-content\/uploads\/ch-induction-hero.png","contentUrl":"https:\/\/car-o-liner.com\/wp-content\/uploads\/ch-induction-hero.png","width":1500,"height":1250},{"@type":"BreadcrumbList","@id":"https:\/\/car-o-liner.com\/de\/produkte\/ch37-ch100\/#breadcrumb","itemListElement":[{"@type":"ListItem","position":1,"name":"Home","item":"https:\/\/car-o-liner.com\/de\/"},{"@type":"ListItem","position":2,"name":"F\u00fcgen &amp; Erw\u00e4rmen","item":"https:\/\/car-o-liner.com\/de\/produkte\/verbinden-und-erhitzen\/"},{"@type":"ListItem","position":3,"name":"Induktionsheizer Kfz","item":"https:\/\/car-o-liner.com\/de\/produkte\/induktionsheizgerat-kfz\/"},{"@type":"ListItem","position":4,"name":"CH\u212237 &#038; CH\u2122100"}]},{"@type":"WebSite","@id":"https:\/\/car-o-liner.com\/de\/#website","url":"https:\/\/car-o-liner.com\/de\/","name":"Car-O-Liner","description":"Collision Repair Equipment","publisher":{"@id":"https:\/\/car-o-liner.com\/de\/#organization"},"potentialAction":[{"@type":"SearchAction","target":{"@type":"EntryPoint","urlTemplate":"https:\/\/car-o-liner.com\/de\/?s={search_term_string}"},"query-input":{"@type":"PropertyValueSpecification","valueRequired":true,"valueName":"search_term_string"}}],"inLanguage":"de"},{"@type":"Organization","@id":"https:\/\/car-o-liner.com\/de\/#organization","name":"Car-O-Liner","url":"https:\/\/car-o-liner.com\/de\/","logo":{"@type":"ImageObject","inLanguage":"de","@id":"https:\/\/car-o-liner.com\/de\/#\/schema\/logo\/image\/","url":"https:\/\/car-o-liner.com\/wp-content\/uploads\/Car-O-Liner-blue-web.svg","contentUrl":"https:\/\/car-o-liner.com\/wp-content\/uploads\/Car-O-Liner-blue-web.svg","width":250,"height":50,"caption":"Car-O-Liner"},"image":{"@id":"https:\/\/car-o-liner.com\/de\/#\/schema\/logo\/image\/"}}]}},"_links":{"self":[{"href":"https:\/\/car-o-liner.com\/de\/wp-json\/wp\/v2\/product\/85336","targetHints":{"allow":["GET"]}}],"collection":[{"href":"https:\/\/car-o-liner.com\/de\/wp-json\/wp\/v2\/product"}],"about":[{"href":"https:\/\/car-o-liner.com\/de\/wp-json\/wp\/v2\/types\/product"}],"up":[{"embeddable":true,"href":"https:\/\/car-o-liner.com\/de\/wp-json\/wp\/v2\/product\/86592"}],"wp:featuredmedia":[{"embeddable":true,"href":"https:\/\/car-o-liner.com\/de\/wp-json\/wp\/v2\/media\/85338"}],"wp:attachment":[{"href":"https:\/\/car-o-liner.com\/de\/wp-json\/wp\/v2\/media?parent=85336"}],"curies":[{"name":"wp","href":"https:\/\/api.w.org\/{rel}","templated":true}]}}