{"id":86628,"date":"2023-06-30T20:56:08","date_gmt":"2023-06-30T18:56:08","guid":{"rendered":"https:\/\/car-o-liner-test.phl.togglebox.site\/product\/testing-calibration\/"},"modified":"2024-04-05T17:18:02","modified_gmt":"2024-04-05T15:18:02","slug":"prufung-und-kalibrierung","status":"publish","type":"product","link":"https:\/\/car-o-liner.com\/de\/produkte\/prufung-und-kalibrierung\/","title":{"rendered":"Pr\u00fcfung &amp; Kalibrierung"},"content":{"rendered":"\n<p>Innovativ, pr\u00e4zise und einfach<\/p>\n","protected":false},"excerpt":{"rendered":"<p>Innovativ, pr\u00e4zise und einfach<\/p>\n","protected":false},"featured_media":86629,"parent":0,"menu_order":5,"template":"page-templates\/alignment-straightening.php","format":"standard","meta":[],"class_list":["post-86628","product","type-product","status-publish","format-standard","has-post-thumbnail","hentry"],"yoast_head":"<!-- This site is optimized with the Yoast SEO plugin v27.4 - https:\/\/yoast.com\/product\/yoast-seo-wordpress\/ -->\n<title>Pr\u00fcfung und Kalibrierung | Car-O-Liner DE<\/title>\n<meta name=\"description\" content=\"Car-O-Liner bietet modernste Nachjustierungs- und Pr\u00fcfl\u00f6sungen, die den OEM-Spezifikationen entsprechen und die Qualit\u00e4t der Reparaturdienstleistungen verbessern.\" \/>\n<meta name=\"robots\" content=\"index, follow, max-snippet:-1, max-image-preview:large, max-video-preview:-1\" \/>\n<link rel=\"canonical\" href=\"https:\/\/car-o-liner.com\/de\/produkte\/prufung-und-kalibrierung\/\" \/>\n<meta property=\"og:locale\" content=\"de_DE\" \/>\n<meta property=\"og:type\" content=\"article\" \/>\n<meta property=\"og:title\" content=\"Pr\u00fcfung und Kalibrierung | Car-O-Liner DE\" \/>\n<meta property=\"og:description\" content=\"Car-O-Liner bietet modernste Nachjustierungs- und Pr\u00fcfl\u00f6sungen, die den OEM-Spezifikationen entsprechen und die Qualit\u00e4t der Reparaturdienstleistungen verbessern.\" \/>\n<meta property=\"og:url\" content=\"https:\/\/car-o-liner.com\/de\/produkte\/prufung-und-kalibrierung\/\" \/>\n<meta property=\"og:site_name\" content=\"Car-O-Liner\" \/>\n<meta property=\"article:modified_time\" content=\"2024-04-05T15:18:02+00:00\" \/>\n<meta name=\"twitter:card\" content=\"summary_large_image\" \/>\n<script type=\"application\/ld+json\" class=\"yoast-schema-graph\">{\"@context\":\"https:\\\/\\\/schema.org\",\"@graph\":[{\"@type\":\"WebPage\",\"@id\":\"https:\\\/\\\/car-o-liner.com\\\/de\\\/produkte\\\/prufung-und-kalibrierung\\\/\",\"url\":\"https:\\\/\\\/car-o-liner.com\\\/de\\\/produkte\\\/prufung-und-kalibrierung\\\/\",\"name\":\"Pr\u00fcfung und Kalibrierung | Car-O-Liner DE\",\"isPartOf\":{\"@id\":\"https:\\\/\\\/car-o-liner.com\\\/de\\\/#website\"},\"primaryImageOfPage\":{\"@id\":\"https:\\\/\\\/car-o-liner.com\\\/de\\\/produkte\\\/prufung-und-kalibrierung\\\/#primaryimage\"},\"image\":{\"@id\":\"https:\\\/\\\/car-o-liner.com\\\/de\\\/produkte\\\/prufung-und-kalibrierung\\\/#primaryimage\"},\"thumbnailUrl\":\"https:\\\/\\\/car-o-liner.com\\\/wp-content\\\/uploads\\\/media_library_export-caroliner-2023_08_08_15_04_31\\\/testing_calibration.svg\",\"datePublished\":\"2023-06-30T18:56:08+00:00\",\"dateModified\":\"2024-04-05T15:18:02+00:00\",\"description\":\"Car-O-Liner bietet modernste Nachjustierungs- und Pr\u00fcfl\u00f6sungen, die den OEM-Spezifikationen entsprechen und die Qualit\u00e4t der Reparaturdienstleistungen verbessern.\",\"breadcrumb\":{\"@id\":\"https:\\\/\\\/car-o-liner.com\\\/de\\\/produkte\\\/prufung-und-kalibrierung\\\/#breadcrumb\"},\"inLanguage\":\"de\",\"potentialAction\":[{\"@type\":\"ReadAction\",\"target\":[\"https:\\\/\\\/car-o-liner.com\\\/de\\\/produkte\\\/prufung-und-kalibrierung\\\/\"]}]},{\"@type\":\"ImageObject\",\"inLanguage\":\"de\",\"@id\":\"https:\\\/\\\/car-o-liner.com\\\/de\\\/produkte\\\/prufung-und-kalibrierung\\\/#primaryimage\",\"url\":\"https:\\\/\\\/car-o-liner.com\\\/wp-content\\\/uploads\\\/media_library_export-caroliner-2023_08_08_15_04_31\\\/testing_calibration.svg\",\"contentUrl\":\"https:\\\/\\\/car-o-liner.com\\\/wp-content\\\/uploads\\\/media_library_export-caroliner-2023_08_08_15_04_31\\\/testing_calibration.svg\",\"width\":512,\"height\":512},{\"@type\":\"BreadcrumbList\",\"@id\":\"https:\\\/\\\/car-o-liner.com\\\/de\\\/produkte\\\/prufung-und-kalibrierung\\\/#breadcrumb\",\"itemListElement\":[{\"@type\":\"ListItem\",\"position\":1,\"name\":\"Home\",\"item\":\"https:\\\/\\\/car-o-liner.com\\\/de\\\/\"},{\"@type\":\"ListItem\",\"position\":2,\"name\":\"Pr\u00fcfung &amp; Kalibrierung\"}]},{\"@type\":\"WebSite\",\"@id\":\"https:\\\/\\\/car-o-liner.com\\\/de\\\/#website\",\"url\":\"https:\\\/\\\/car-o-liner.com\\\/de\\\/\",\"name\":\"Car-O-Liner\",\"description\":\"Collision Repair Equipment\",\"publisher\":{\"@id\":\"https:\\\/\\\/car-o-liner.com\\\/de\\\/#organization\"},\"potentialAction\":[{\"@type\":\"SearchAction\",\"target\":{\"@type\":\"EntryPoint\",\"urlTemplate\":\"https:\\\/\\\/car-o-liner.com\\\/de\\\/?s={search_term_string}\"},\"query-input\":{\"@type\":\"PropertyValueSpecification\",\"valueRequired\":true,\"valueName\":\"search_term_string\"}}],\"inLanguage\":\"de\"},{\"@type\":\"Organization\",\"@id\":\"https:\\\/\\\/car-o-liner.com\\\/de\\\/#organization\",\"name\":\"Car-O-Liner\",\"url\":\"https:\\\/\\\/car-o-liner.com\\\/de\\\/\",\"logo\":{\"@type\":\"ImageObject\",\"inLanguage\":\"de\",\"@id\":\"https:\\\/\\\/car-o-liner.com\\\/de\\\/#\\\/schema\\\/logo\\\/image\\\/\",\"url\":\"https:\\\/\\\/car-o-liner.com\\\/wp-content\\\/uploads\\\/Car-O-Liner-blue-web.svg\",\"contentUrl\":\"https:\\\/\\\/car-o-liner.com\\\/wp-content\\\/uploads\\\/Car-O-Liner-blue-web.svg\",\"width\":250,\"height\":50,\"caption\":\"Car-O-Liner\"},\"image\":{\"@id\":\"https:\\\/\\\/car-o-liner.com\\\/de\\\/#\\\/schema\\\/logo\\\/image\\\/\"}}]}<\/script>\n<!-- \/ Yoast SEO plugin. -->","yoast_head_json":{"title":"Pr\u00fcfung und Kalibrierung | Car-O-Liner DE","description":"Car-O-Liner bietet modernste Nachjustierungs- und Pr\u00fcfl\u00f6sungen, die den OEM-Spezifikationen entsprechen und die Qualit\u00e4t der Reparaturdienstleistungen verbessern.","robots":{"index":"index","follow":"follow","max-snippet":"max-snippet:-1","max-image-preview":"max-image-preview:large","max-video-preview":"max-video-preview:-1"},"canonical":"https:\/\/car-o-liner.com\/de\/produkte\/prufung-und-kalibrierung\/","og_locale":"de_DE","og_type":"article","og_title":"Pr\u00fcfung und Kalibrierung | Car-O-Liner DE","og_description":"Car-O-Liner bietet modernste Nachjustierungs- und Pr\u00fcfl\u00f6sungen, die den OEM-Spezifikationen entsprechen und die Qualit\u00e4t der Reparaturdienstleistungen verbessern.","og_url":"https:\/\/car-o-liner.com\/de\/produkte\/prufung-und-kalibrierung\/","og_site_name":"Car-O-Liner","article_modified_time":"2024-04-05T15:18:02+00:00","twitter_card":"summary_large_image","schema":{"@context":"https:\/\/schema.org","@graph":[{"@type":"WebPage","@id":"https:\/\/car-o-liner.com\/de\/produkte\/prufung-und-kalibrierung\/","url":"https:\/\/car-o-liner.com\/de\/produkte\/prufung-und-kalibrierung\/","name":"Pr\u00fcfung und Kalibrierung | Car-O-Liner DE","isPartOf":{"@id":"https:\/\/car-o-liner.com\/de\/#website"},"primaryImageOfPage":{"@id":"https:\/\/car-o-liner.com\/de\/produkte\/prufung-und-kalibrierung\/#primaryimage"},"image":{"@id":"https:\/\/car-o-liner.com\/de\/produkte\/prufung-und-kalibrierung\/#primaryimage"},"thumbnailUrl":"https:\/\/car-o-liner.com\/wp-content\/uploads\/media_library_export-caroliner-2023_08_08_15_04_31\/testing_calibration.svg","datePublished":"2023-06-30T18:56:08+00:00","dateModified":"2024-04-05T15:18:02+00:00","description":"Car-O-Liner bietet modernste Nachjustierungs- und Pr\u00fcfl\u00f6sungen, die den OEM-Spezifikationen entsprechen und die Qualit\u00e4t der Reparaturdienstleistungen verbessern.","breadcrumb":{"@id":"https:\/\/car-o-liner.com\/de\/produkte\/prufung-und-kalibrierung\/#breadcrumb"},"inLanguage":"de","potentialAction":[{"@type":"ReadAction","target":["https:\/\/car-o-liner.com\/de\/produkte\/prufung-und-kalibrierung\/"]}]},{"@type":"ImageObject","inLanguage":"de","@id":"https:\/\/car-o-liner.com\/de\/produkte\/prufung-und-kalibrierung\/#primaryimage","url":"https:\/\/car-o-liner.com\/wp-content\/uploads\/media_library_export-caroliner-2023_08_08_15_04_31\/testing_calibration.svg","contentUrl":"https:\/\/car-o-liner.com\/wp-content\/uploads\/media_library_export-caroliner-2023_08_08_15_04_31\/testing_calibration.svg","width":512,"height":512},{"@type":"BreadcrumbList","@id":"https:\/\/car-o-liner.com\/de\/produkte\/prufung-und-kalibrierung\/#breadcrumb","itemListElement":[{"@type":"ListItem","position":1,"name":"Home","item":"https:\/\/car-o-liner.com\/de\/"},{"@type":"ListItem","position":2,"name":"Pr\u00fcfung &amp; Kalibrierung"}]},{"@type":"WebSite","@id":"https:\/\/car-o-liner.com\/de\/#website","url":"https:\/\/car-o-liner.com\/de\/","name":"Car-O-Liner","description":"Collision Repair Equipment","publisher":{"@id":"https:\/\/car-o-liner.com\/de\/#organization"},"potentialAction":[{"@type":"SearchAction","target":{"@type":"EntryPoint","urlTemplate":"https:\/\/car-o-liner.com\/de\/?s={search_term_string}"},"query-input":{"@type":"PropertyValueSpecification","valueRequired":true,"valueName":"search_term_string"}}],"inLanguage":"de"},{"@type":"Organization","@id":"https:\/\/car-o-liner.com\/de\/#organization","name":"Car-O-Liner","url":"https:\/\/car-o-liner.com\/de\/","logo":{"@type":"ImageObject","inLanguage":"de","@id":"https:\/\/car-o-liner.com\/de\/#\/schema\/logo\/image\/","url":"https:\/\/car-o-liner.com\/wp-content\/uploads\/Car-O-Liner-blue-web.svg","contentUrl":"https:\/\/car-o-liner.com\/wp-content\/uploads\/Car-O-Liner-blue-web.svg","width":250,"height":50,"caption":"Car-O-Liner"},"image":{"@id":"https:\/\/car-o-liner.com\/de\/#\/schema\/logo\/image\/"}}]}},"_links":{"self":[{"href":"https:\/\/car-o-liner.com\/de\/wp-json\/wp\/v2\/product\/86628","targetHints":{"allow":["GET"]}}],"collection":[{"href":"https:\/\/car-o-liner.com\/de\/wp-json\/wp\/v2\/product"}],"about":[{"href":"https:\/\/car-o-liner.com\/de\/wp-json\/wp\/v2\/types\/product"}],"wp:featuredmedia":[{"embeddable":true,"href":"https:\/\/car-o-liner.com\/de\/wp-json\/wp\/v2\/media\/86629"}],"wp:attachment":[{"href":"https:\/\/car-o-liner.com\/de\/wp-json\/wp\/v2\/media?parent=86628"}],"curies":[{"name":"wp","href":"https:\/\/api.w.org\/{rel}","templated":true}]}}