{"id":87731,"date":"2024-02-05T16:18:34","date_gmt":"2024-02-05T15:18:34","guid":{"rendered":"https:\/\/car-o-liner-test.phl.togglebox.site\/product\/estimation-bay\/"},"modified":"2024-04-05T15:31:41","modified_gmt":"2024-04-05T13:31:41","slug":"annahmeplatz-fuer-schadenschaetzungen","status":"publish","type":"product","link":"https:\/\/car-o-liner.com\/de\/produkte\/annahmeplatz-fuer-schadenschaetzungen\/","title":{"rendered":"Absch\u00e4tzungsbucht"},"content":{"rendered":"","protected":false},"excerpt":{"rendered":"","protected":false},"featured_media":88433,"parent":88293,"menu_order":0,"template":"page-templates\/col-single-product-estimation-bay.php","format":"standard","meta":[],"class_list":["post-87731","product","type-product","status-publish","format-standard","has-post-thumbnail","hentry"],"yoast_head":"<!-- This site is optimized with the Yoast SEO plugin v27.2 - https:\/\/yoast.com\/product\/yoast-seo-wordpress\/ -->\n<title>Annahmeplatz f\u00fcr Schadensch\u00e4tzungen | Car-O-Liner DE<\/title>\n<meta name=\"description\" content=\"Car-O-Liner ist stolz darauf, einen kompletten Annahmeplatz f\u00fcr Schadensch\u00e4tzungen f\u00fcr eine Unfallinstandhaltungswerkstatt anzubieten, einschlie\u00dflich einer Hebeb\u00fchne, Messsoftware, Lagerung, Schulung und mehr.\" \/>\n<meta name=\"robots\" content=\"index, follow, max-snippet:-1, max-image-preview:large, max-video-preview:-1\" \/>\n<link rel=\"canonical\" href=\"https:\/\/car-o-liner.com\/de\/produkte\/annahmeplatz-fuer-schadenschaetzungen\/\" \/>\n<meta property=\"og:locale\" content=\"de_DE\" \/>\n<meta property=\"og:type\" content=\"article\" \/>\n<meta property=\"og:title\" content=\"Annahmeplatz f\u00fcr Schadensch\u00e4tzungen | Car-O-Liner DE\" \/>\n<meta property=\"og:description\" content=\"Car-O-Liner ist stolz darauf, einen kompletten Annahmeplatz f\u00fcr Schadensch\u00e4tzungen f\u00fcr eine Unfallinstandhaltungswerkstatt anzubieten, einschlie\u00dflich einer Hebeb\u00fchne, Messsoftware, Lagerung, Schulung und mehr.\" \/>\n<meta property=\"og:url\" content=\"https:\/\/car-o-liner.com\/de\/produkte\/annahmeplatz-fuer-schadenschaetzungen\/\" \/>\n<meta property=\"og:site_name\" content=\"Car-O-Liner\" \/>\n<meta property=\"article:modified_time\" content=\"2024-04-05T13:31:41+00:00\" \/>\n<meta property=\"og:image\" content=\"https:\/\/car-o-liner.com\/wp-content\/uploads\/estimation-bay-hero-1-1024x853.png\" \/>\n\t<meta property=\"og:image:width\" content=\"1024\" \/>\n\t<meta property=\"og:image:height\" content=\"853\" \/>\n\t<meta property=\"og:image:type\" content=\"image\/png\" \/>\n<meta name=\"twitter:card\" content=\"summary_large_image\" \/>\n<script type=\"application\/ld+json\" class=\"yoast-schema-graph\">{\"@context\":\"https:\/\/schema.org\",\"@graph\":[{\"@type\":\"WebPage\",\"@id\":\"https:\/\/car-o-liner.com\/de\/produkte\/annahmeplatz-fuer-schadenschaetzungen\/\",\"url\":\"https:\/\/car-o-liner.com\/de\/produkte\/annahmeplatz-fuer-schadenschaetzungen\/\",\"name\":\"Annahmeplatz f\u00fcr Schadensch\u00e4tzungen | Car-O-Liner DE\",\"isPartOf\":{\"@id\":\"https:\/\/car-o-liner.com\/de\/#website\"},\"primaryImageOfPage\":{\"@id\":\"https:\/\/car-o-liner.com\/de\/produkte\/annahmeplatz-fuer-schadenschaetzungen\/#primaryimage\"},\"image\":{\"@id\":\"https:\/\/car-o-liner.com\/de\/produkte\/annahmeplatz-fuer-schadenschaetzungen\/#primaryimage\"},\"thumbnailUrl\":\"https:\/\/car-o-liner.com\/wp-content\/uploads\/estimation-bay-hero-1.png\",\"datePublished\":\"2024-02-05T15:18:34+00:00\",\"dateModified\":\"2024-04-05T13:31:41+00:00\",\"description\":\"Car-O-Liner ist stolz darauf, einen kompletten Annahmeplatz f\u00fcr Schadensch\u00e4tzungen f\u00fcr eine Unfallinstandhaltungswerkstatt anzubieten, einschlie\u00dflich einer Hebeb\u00fchne, Messsoftware, Lagerung, Schulung und mehr.\",\"breadcrumb\":{\"@id\":\"https:\/\/car-o-liner.com\/de\/produkte\/annahmeplatz-fuer-schadenschaetzungen\/#breadcrumb\"},\"inLanguage\":\"de\",\"potentialAction\":[{\"@type\":\"ReadAction\",\"target\":[\"https:\/\/car-o-liner.com\/de\/produkte\/annahmeplatz-fuer-schadenschaetzungen\/\"]}]},{\"@type\":\"ImageObject\",\"inLanguage\":\"de\",\"@id\":\"https:\/\/car-o-liner.com\/de\/produkte\/annahmeplatz-fuer-schadenschaetzungen\/#primaryimage\",\"url\":\"https:\/\/car-o-liner.com\/wp-content\/uploads\/estimation-bay-hero-1.png\",\"contentUrl\":\"https:\/\/car-o-liner.com\/wp-content\/uploads\/estimation-bay-hero-1.png\",\"width\":1500,\"height\":1250,\"caption\":\"CDS\u212235 Double Scissor Lift, the PointX\u00ae II with storage wagon, and a WSS 2-wall module with storage cabinets and hooks for equipment\"},{\"@type\":\"BreadcrumbList\",\"@id\":\"https:\/\/car-o-liner.com\/de\/produkte\/annahmeplatz-fuer-schadenschaetzungen\/#breadcrumb\",\"itemListElement\":[{\"@type\":\"ListItem\",\"position\":1,\"name\":\"Home\",\"item\":\"https:\/\/car-o-liner.com\/de\/\"},{\"@type\":\"ListItem\",\"position\":2,\"name\":\"Werkstatt-L\u00f6sungen\",\"item\":\"https:\/\/car-o-liner.com\/de\/produkte\/werkstatt-loesungen\/\"},{\"@type\":\"ListItem\",\"position\":3,\"name\":\"Werkstattbuchten\",\"item\":\"https:\/\/car-o-liner.com\/de\/produkte\/werkstattbuchten\/\"},{\"@type\":\"ListItem\",\"position\":4,\"name\":\"Absch\u00e4tzungsbucht\"}]},{\"@type\":\"WebSite\",\"@id\":\"https:\/\/car-o-liner.com\/de\/#website\",\"url\":\"https:\/\/car-o-liner.com\/de\/\",\"name\":\"Car-O-Liner\",\"description\":\"Collision Repair Equipment\",\"publisher\":{\"@id\":\"https:\/\/car-o-liner.com\/de\/#organization\"},\"potentialAction\":[{\"@type\":\"SearchAction\",\"target\":{\"@type\":\"EntryPoint\",\"urlTemplate\":\"https:\/\/car-o-liner.com\/de\/?s={search_term_string}\"},\"query-input\":{\"@type\":\"PropertyValueSpecification\",\"valueRequired\":true,\"valueName\":\"search_term_string\"}}],\"inLanguage\":\"de\"},{\"@type\":\"Organization\",\"@id\":\"https:\/\/car-o-liner.com\/de\/#organization\",\"name\":\"Car-O-Liner\",\"url\":\"https:\/\/car-o-liner.com\/de\/\",\"logo\":{\"@type\":\"ImageObject\",\"inLanguage\":\"de\",\"@id\":\"https:\/\/car-o-liner.com\/de\/#\/schema\/logo\/image\/\",\"url\":\"https:\/\/car-o-liner.com\/wp-content\/uploads\/Car-O-Liner-blue-web.svg\",\"contentUrl\":\"https:\/\/car-o-liner.com\/wp-content\/uploads\/Car-O-Liner-blue-web.svg\",\"width\":250,\"height\":50,\"caption\":\"Car-O-Liner\"},\"image\":{\"@id\":\"https:\/\/car-o-liner.com\/de\/#\/schema\/logo\/image\/\"}}]}<\/script>\n<!-- \/ Yoast SEO plugin. -->","yoast_head_json":{"title":"Annahmeplatz f\u00fcr Schadensch\u00e4tzungen | Car-O-Liner DE","description":"Car-O-Liner ist stolz darauf, einen kompletten Annahmeplatz f\u00fcr Schadensch\u00e4tzungen f\u00fcr eine Unfallinstandhaltungswerkstatt anzubieten, einschlie\u00dflich einer Hebeb\u00fchne, Messsoftware, Lagerung, Schulung und mehr.","robots":{"index":"index","follow":"follow","max-snippet":"max-snippet:-1","max-image-preview":"max-image-preview:large","max-video-preview":"max-video-preview:-1"},"canonical":"https:\/\/car-o-liner.com\/de\/produkte\/annahmeplatz-fuer-schadenschaetzungen\/","og_locale":"de_DE","og_type":"article","og_title":"Annahmeplatz f\u00fcr Schadensch\u00e4tzungen | Car-O-Liner DE","og_description":"Car-O-Liner ist stolz darauf, einen kompletten Annahmeplatz f\u00fcr Schadensch\u00e4tzungen f\u00fcr eine Unfallinstandhaltungswerkstatt anzubieten, einschlie\u00dflich einer Hebeb\u00fchne, Messsoftware, Lagerung, Schulung und mehr.","og_url":"https:\/\/car-o-liner.com\/de\/produkte\/annahmeplatz-fuer-schadenschaetzungen\/","og_site_name":"Car-O-Liner","article_modified_time":"2024-04-05T13:31:41+00:00","og_image":[{"width":1024,"height":853,"url":"https:\/\/car-o-liner.com\/wp-content\/uploads\/estimation-bay-hero-1-1024x853.png","type":"image\/png"}],"twitter_card":"summary_large_image","schema":{"@context":"https:\/\/schema.org","@graph":[{"@type":"WebPage","@id":"https:\/\/car-o-liner.com\/de\/produkte\/annahmeplatz-fuer-schadenschaetzungen\/","url":"https:\/\/car-o-liner.com\/de\/produkte\/annahmeplatz-fuer-schadenschaetzungen\/","name":"Annahmeplatz f\u00fcr Schadensch\u00e4tzungen | Car-O-Liner DE","isPartOf":{"@id":"https:\/\/car-o-liner.com\/de\/#website"},"primaryImageOfPage":{"@id":"https:\/\/car-o-liner.com\/de\/produkte\/annahmeplatz-fuer-schadenschaetzungen\/#primaryimage"},"image":{"@id":"https:\/\/car-o-liner.com\/de\/produkte\/annahmeplatz-fuer-schadenschaetzungen\/#primaryimage"},"thumbnailUrl":"https:\/\/car-o-liner.com\/wp-content\/uploads\/estimation-bay-hero-1.png","datePublished":"2024-02-05T15:18:34+00:00","dateModified":"2024-04-05T13:31:41+00:00","description":"Car-O-Liner ist stolz darauf, einen kompletten Annahmeplatz f\u00fcr Schadensch\u00e4tzungen f\u00fcr eine Unfallinstandhaltungswerkstatt anzubieten, einschlie\u00dflich einer Hebeb\u00fchne, Messsoftware, Lagerung, Schulung und mehr.","breadcrumb":{"@id":"https:\/\/car-o-liner.com\/de\/produkte\/annahmeplatz-fuer-schadenschaetzungen\/#breadcrumb"},"inLanguage":"de","potentialAction":[{"@type":"ReadAction","target":["https:\/\/car-o-liner.com\/de\/produkte\/annahmeplatz-fuer-schadenschaetzungen\/"]}]},{"@type":"ImageObject","inLanguage":"de","@id":"https:\/\/car-o-liner.com\/de\/produkte\/annahmeplatz-fuer-schadenschaetzungen\/#primaryimage","url":"https:\/\/car-o-liner.com\/wp-content\/uploads\/estimation-bay-hero-1.png","contentUrl":"https:\/\/car-o-liner.com\/wp-content\/uploads\/estimation-bay-hero-1.png","width":1500,"height":1250,"caption":"CDS\u212235 Double Scissor Lift, the PointX\u00ae II with storage wagon, and a WSS 2-wall module with storage cabinets and hooks for equipment"},{"@type":"BreadcrumbList","@id":"https:\/\/car-o-liner.com\/de\/produkte\/annahmeplatz-fuer-schadenschaetzungen\/#breadcrumb","itemListElement":[{"@type":"ListItem","position":1,"name":"Home","item":"https:\/\/car-o-liner.com\/de\/"},{"@type":"ListItem","position":2,"name":"Werkstatt-L\u00f6sungen","item":"https:\/\/car-o-liner.com\/de\/produkte\/werkstatt-loesungen\/"},{"@type":"ListItem","position":3,"name":"Werkstattbuchten","item":"https:\/\/car-o-liner.com\/de\/produkte\/werkstattbuchten\/"},{"@type":"ListItem","position":4,"name":"Absch\u00e4tzungsbucht"}]},{"@type":"WebSite","@id":"https:\/\/car-o-liner.com\/de\/#website","url":"https:\/\/car-o-liner.com\/de\/","name":"Car-O-Liner","description":"Collision Repair Equipment","publisher":{"@id":"https:\/\/car-o-liner.com\/de\/#organization"},"potentialAction":[{"@type":"SearchAction","target":{"@type":"EntryPoint","urlTemplate":"https:\/\/car-o-liner.com\/de\/?s={search_term_string}"},"query-input":{"@type":"PropertyValueSpecification","valueRequired":true,"valueName":"search_term_string"}}],"inLanguage":"de"},{"@type":"Organization","@id":"https:\/\/car-o-liner.com\/de\/#organization","name":"Car-O-Liner","url":"https:\/\/car-o-liner.com\/de\/","logo":{"@type":"ImageObject","inLanguage":"de","@id":"https:\/\/car-o-liner.com\/de\/#\/schema\/logo\/image\/","url":"https:\/\/car-o-liner.com\/wp-content\/uploads\/Car-O-Liner-blue-web.svg","contentUrl":"https:\/\/car-o-liner.com\/wp-content\/uploads\/Car-O-Liner-blue-web.svg","width":250,"height":50,"caption":"Car-O-Liner"},"image":{"@id":"https:\/\/car-o-liner.com\/de\/#\/schema\/logo\/image\/"}}]}},"_links":{"self":[{"href":"https:\/\/car-o-liner.com\/de\/wp-json\/wp\/v2\/product\/87731","targetHints":{"allow":["GET"]}}],"collection":[{"href":"https:\/\/car-o-liner.com\/de\/wp-json\/wp\/v2\/product"}],"about":[{"href":"https:\/\/car-o-liner.com\/de\/wp-json\/wp\/v2\/types\/product"}],"up":[{"embeddable":true,"href":"https:\/\/car-o-liner.com\/de\/wp-json\/wp\/v2\/product\/88293"}],"wp:featuredmedia":[{"embeddable":true,"href":"https:\/\/car-o-liner.com\/de\/wp-json\/wp\/v2\/media\/88433"}],"wp:attachment":[{"href":"https:\/\/car-o-liner.com\/de\/wp-json\/wp\/v2\/media?parent=87731"}],"curies":[{"name":"wp","href":"https:\/\/api.w.org\/{rel}","templated":true}]}}