{"id":87778,"date":"2024-03-22T20:41:51","date_gmt":"2024-03-22T19:41:51","guid":{"rendered":"https:\/\/car-o-liner-test.phl.togglebox.site\/?post_type=product&#038;p=87778"},"modified":"2024-04-30T21:01:13","modified_gmt":"2024-04-30T19:01:13","slug":"qp1","status":"publish","type":"product","link":"https:\/\/car-o-liner.com\/de\/produkte\/qp1\/","title":{"rendered":"QP-1"},"content":{"rendered":"\n<p>Spotter<\/p>\n","protected":false},"excerpt":{"rendered":"<p>Spotter<\/p>\n","protected":false},"featured_media":87440,"parent":86578,"menu_order":0,"template":"page-templates\/col-single-product-cr235.php","format":"standard","meta":[],"class_list":["post-87778","product","type-product","status-publish","format-standard","has-post-thumbnail","hentry"],"yoast_head":"<!-- This site is optimized with the Yoast SEO plugin v27.2 - https:\/\/yoast.com\/product\/yoast-seo-wordpress\/ -->\n<title>Ausbeulwerkzeug QP1 | Car-O-Liner DE<\/title>\n<meta name=\"description\" content=\"Das QP-1-Ausbeulwerkzeug ist ein tragbarer Spotter mit einem Hochfrequenz-Wechselrichter f\u00fcr schnelles Schwei\u00dfen und Ziehen, wodurch die Reparaturzeiten verk\u00fcrzt werden.\" \/>\n<meta name=\"robots\" content=\"index, follow, max-snippet:-1, max-image-preview:large, max-video-preview:-1\" \/>\n<link rel=\"canonical\" href=\"https:\/\/car-o-liner.com\/de\/produkte\/qp1\/\" \/>\n<meta property=\"og:locale\" content=\"de_DE\" \/>\n<meta property=\"og:type\" content=\"article\" \/>\n<meta property=\"og:title\" content=\"Ausbeulwerkzeug QP1 | Car-O-Liner DE\" \/>\n<meta property=\"og:description\" content=\"Das QP-1-Ausbeulwerkzeug ist ein tragbarer Spotter mit einem Hochfrequenz-Wechselrichter f\u00fcr schnelles Schwei\u00dfen und Ziehen, wodurch die Reparaturzeiten verk\u00fcrzt werden.\" \/>\n<meta property=\"og:url\" content=\"https:\/\/car-o-liner.com\/de\/produkte\/qp1\/\" \/>\n<meta property=\"og:site_name\" content=\"Car-O-Liner\" \/>\n<meta property=\"article:modified_time\" content=\"2024-04-30T19:01:13+00:00\" \/>\n<meta property=\"og:image\" content=\"https:\/\/car-o-liner.com\/wp-content\/uploads\/QP1-hero.png\" \/>\n\t<meta property=\"og:image:width\" content=\"1500\" \/>\n\t<meta property=\"og:image:height\" content=\"1250\" \/>\n\t<meta property=\"og:image:type\" content=\"image\/png\" \/>\n<meta name=\"twitter:card\" content=\"summary_large_image\" \/>\n<script type=\"application\/ld+json\" class=\"yoast-schema-graph\">{\"@context\":\"https:\/\/schema.org\",\"@graph\":[{\"@type\":\"WebPage\",\"@id\":\"https:\/\/car-o-liner.com\/de\/produkte\/qp1\/\",\"url\":\"https:\/\/car-o-liner.com\/de\/produkte\/qp1\/\",\"name\":\"Ausbeulwerkzeug QP1 | Car-O-Liner DE\",\"isPartOf\":{\"@id\":\"https:\/\/car-o-liner.com\/de\/#website\"},\"primaryImageOfPage\":{\"@id\":\"https:\/\/car-o-liner.com\/de\/produkte\/qp1\/#primaryimage\"},\"image\":{\"@id\":\"https:\/\/car-o-liner.com\/de\/produkte\/qp1\/#primaryimage\"},\"thumbnailUrl\":\"https:\/\/car-o-liner.com\/wp-content\/uploads\/QP1-hero.png\",\"datePublished\":\"2024-03-22T19:41:51+00:00\",\"dateModified\":\"2024-04-30T19:01:13+00:00\",\"description\":\"Das QP-1-Ausbeulwerkzeug ist ein tragbarer Spotter mit einem Hochfrequenz-Wechselrichter f\u00fcr schnelles Schwei\u00dfen und Ziehen, wodurch die Reparaturzeiten verk\u00fcrzt werden.\",\"breadcrumb\":{\"@id\":\"https:\/\/car-o-liner.com\/de\/produkte\/qp1\/#breadcrumb\"},\"inLanguage\":\"de\",\"potentialAction\":[{\"@type\":\"ReadAction\",\"target\":[\"https:\/\/car-o-liner.com\/de\/produkte\/qp1\/\"]}]},{\"@type\":\"ImageObject\",\"inLanguage\":\"de\",\"@id\":\"https:\/\/car-o-liner.com\/de\/produkte\/qp1\/#primaryimage\",\"url\":\"https:\/\/car-o-liner.com\/wp-content\/uploads\/QP1-hero.png\",\"contentUrl\":\"https:\/\/car-o-liner.com\/wp-content\/uploads\/QP1-hero.png\",\"width\":1500,\"height\":1250,\"caption\":\"QP-1 Dent puller\"},{\"@type\":\"BreadcrumbList\",\"@id\":\"https:\/\/car-o-liner.com\/de\/produkte\/qp1\/#breadcrumb\",\"itemListElement\":[{\"@type\":\"ListItem\",\"position\":1,\"name\":\"Home\",\"item\":\"https:\/\/car-o-liner.com\/de\/\"},{\"@type\":\"ListItem\",\"position\":2,\"name\":\"F\u00fcgen &amp; Erw\u00e4rmen\",\"item\":\"https:\/\/car-o-liner.com\/de\/produkte\/verbinden-und-erhitzen\/\"},{\"@type\":\"ListItem\",\"position\":3,\"name\":\"Kfz-Punktschwei\u00dfger\u00e4te\",\"item\":\"https:\/\/car-o-liner.com\/de\/produkte\/kfz-punktschweissgerat\/\"},{\"@type\":\"ListItem\",\"position\":4,\"name\":\"QP-1\"}]},{\"@type\":\"WebSite\",\"@id\":\"https:\/\/car-o-liner.com\/de\/#website\",\"url\":\"https:\/\/car-o-liner.com\/de\/\",\"name\":\"Car-O-Liner\",\"description\":\"Collision Repair Equipment\",\"publisher\":{\"@id\":\"https:\/\/car-o-liner.com\/de\/#organization\"},\"potentialAction\":[{\"@type\":\"SearchAction\",\"target\":{\"@type\":\"EntryPoint\",\"urlTemplate\":\"https:\/\/car-o-liner.com\/de\/?s={search_term_string}\"},\"query-input\":{\"@type\":\"PropertyValueSpecification\",\"valueRequired\":true,\"valueName\":\"search_term_string\"}}],\"inLanguage\":\"de\"},{\"@type\":\"Organization\",\"@id\":\"https:\/\/car-o-liner.com\/de\/#organization\",\"name\":\"Car-O-Liner\",\"url\":\"https:\/\/car-o-liner.com\/de\/\",\"logo\":{\"@type\":\"ImageObject\",\"inLanguage\":\"de\",\"@id\":\"https:\/\/car-o-liner.com\/de\/#\/schema\/logo\/image\/\",\"url\":\"https:\/\/car-o-liner.com\/wp-content\/uploads\/Car-O-Liner-blue-web.svg\",\"contentUrl\":\"https:\/\/car-o-liner.com\/wp-content\/uploads\/Car-O-Liner-blue-web.svg\",\"width\":250,\"height\":50,\"caption\":\"Car-O-Liner\"},\"image\":{\"@id\":\"https:\/\/car-o-liner.com\/de\/#\/schema\/logo\/image\/\"}}]}<\/script>\n<!-- \/ Yoast SEO plugin. -->","yoast_head_json":{"title":"Ausbeulwerkzeug QP1 | Car-O-Liner DE","description":"Das QP-1-Ausbeulwerkzeug ist ein tragbarer Spotter mit einem Hochfrequenz-Wechselrichter f\u00fcr schnelles Schwei\u00dfen und Ziehen, wodurch die Reparaturzeiten verk\u00fcrzt werden.","robots":{"index":"index","follow":"follow","max-snippet":"max-snippet:-1","max-image-preview":"max-image-preview:large","max-video-preview":"max-video-preview:-1"},"canonical":"https:\/\/car-o-liner.com\/de\/produkte\/qp1\/","og_locale":"de_DE","og_type":"article","og_title":"Ausbeulwerkzeug QP1 | Car-O-Liner DE","og_description":"Das QP-1-Ausbeulwerkzeug ist ein tragbarer Spotter mit einem Hochfrequenz-Wechselrichter f\u00fcr schnelles Schwei\u00dfen und Ziehen, wodurch die Reparaturzeiten verk\u00fcrzt werden.","og_url":"https:\/\/car-o-liner.com\/de\/produkte\/qp1\/","og_site_name":"Car-O-Liner","article_modified_time":"2024-04-30T19:01:13+00:00","og_image":[{"width":1500,"height":1250,"url":"https:\/\/car-o-liner.com\/wp-content\/uploads\/QP1-hero.png","type":"image\/png"}],"twitter_card":"summary_large_image","schema":{"@context":"https:\/\/schema.org","@graph":[{"@type":"WebPage","@id":"https:\/\/car-o-liner.com\/de\/produkte\/qp1\/","url":"https:\/\/car-o-liner.com\/de\/produkte\/qp1\/","name":"Ausbeulwerkzeug QP1 | Car-O-Liner DE","isPartOf":{"@id":"https:\/\/car-o-liner.com\/de\/#website"},"primaryImageOfPage":{"@id":"https:\/\/car-o-liner.com\/de\/produkte\/qp1\/#primaryimage"},"image":{"@id":"https:\/\/car-o-liner.com\/de\/produkte\/qp1\/#primaryimage"},"thumbnailUrl":"https:\/\/car-o-liner.com\/wp-content\/uploads\/QP1-hero.png","datePublished":"2024-03-22T19:41:51+00:00","dateModified":"2024-04-30T19:01:13+00:00","description":"Das QP-1-Ausbeulwerkzeug ist ein tragbarer Spotter mit einem Hochfrequenz-Wechselrichter f\u00fcr schnelles Schwei\u00dfen und Ziehen, wodurch die Reparaturzeiten verk\u00fcrzt werden.","breadcrumb":{"@id":"https:\/\/car-o-liner.com\/de\/produkte\/qp1\/#breadcrumb"},"inLanguage":"de","potentialAction":[{"@type":"ReadAction","target":["https:\/\/car-o-liner.com\/de\/produkte\/qp1\/"]}]},{"@type":"ImageObject","inLanguage":"de","@id":"https:\/\/car-o-liner.com\/de\/produkte\/qp1\/#primaryimage","url":"https:\/\/car-o-liner.com\/wp-content\/uploads\/QP1-hero.png","contentUrl":"https:\/\/car-o-liner.com\/wp-content\/uploads\/QP1-hero.png","width":1500,"height":1250,"caption":"QP-1 Dent puller"},{"@type":"BreadcrumbList","@id":"https:\/\/car-o-liner.com\/de\/produkte\/qp1\/#breadcrumb","itemListElement":[{"@type":"ListItem","position":1,"name":"Home","item":"https:\/\/car-o-liner.com\/de\/"},{"@type":"ListItem","position":2,"name":"F\u00fcgen &amp; Erw\u00e4rmen","item":"https:\/\/car-o-liner.com\/de\/produkte\/verbinden-und-erhitzen\/"},{"@type":"ListItem","position":3,"name":"Kfz-Punktschwei\u00dfger\u00e4te","item":"https:\/\/car-o-liner.com\/de\/produkte\/kfz-punktschweissgerat\/"},{"@type":"ListItem","position":4,"name":"QP-1"}]},{"@type":"WebSite","@id":"https:\/\/car-o-liner.com\/de\/#website","url":"https:\/\/car-o-liner.com\/de\/","name":"Car-O-Liner","description":"Collision Repair Equipment","publisher":{"@id":"https:\/\/car-o-liner.com\/de\/#organization"},"potentialAction":[{"@type":"SearchAction","target":{"@type":"EntryPoint","urlTemplate":"https:\/\/car-o-liner.com\/de\/?s={search_term_string}"},"query-input":{"@type":"PropertyValueSpecification","valueRequired":true,"valueName":"search_term_string"}}],"inLanguage":"de"},{"@type":"Organization","@id":"https:\/\/car-o-liner.com\/de\/#organization","name":"Car-O-Liner","url":"https:\/\/car-o-liner.com\/de\/","logo":{"@type":"ImageObject","inLanguage":"de","@id":"https:\/\/car-o-liner.com\/de\/#\/schema\/logo\/image\/","url":"https:\/\/car-o-liner.com\/wp-content\/uploads\/Car-O-Liner-blue-web.svg","contentUrl":"https:\/\/car-o-liner.com\/wp-content\/uploads\/Car-O-Liner-blue-web.svg","width":250,"height":50,"caption":"Car-O-Liner"},"image":{"@id":"https:\/\/car-o-liner.com\/de\/#\/schema\/logo\/image\/"}}]}},"_links":{"self":[{"href":"https:\/\/car-o-liner.com\/de\/wp-json\/wp\/v2\/product\/87778","targetHints":{"allow":["GET"]}}],"collection":[{"href":"https:\/\/car-o-liner.com\/de\/wp-json\/wp\/v2\/product"}],"about":[{"href":"https:\/\/car-o-liner.com\/de\/wp-json\/wp\/v2\/types\/product"}],"up":[{"embeddable":true,"href":"https:\/\/car-o-liner.com\/de\/wp-json\/wp\/v2\/product\/86578"}],"wp:featuredmedia":[{"embeddable":true,"href":"https:\/\/car-o-liner.com\/de\/wp-json\/wp\/v2\/media\/87440"}],"wp:attachment":[{"href":"https:\/\/car-o-liner.com\/de\/wp-json\/wp\/v2\/media?parent=87778"}],"curies":[{"name":"wp","href":"https:\/\/api.w.org\/{rel}","templated":true}]}}