{"id":88984,"date":"2024-03-08T11:51:21","date_gmt":"2024-03-08T10:51:21","guid":{"rendered":"https:\/\/car-o-liner-test.phl.togglebox.site\/product\/joining-heating\/spot-welding\/cr35\/"},"modified":"2024-04-30T20:32:26","modified_gmt":"2024-04-30T18:32:26","slug":"cr35","status":"publish","type":"product","link":"https:\/\/car-o-liner.com\/de\/produkte\/cr35\/","title":{"rendered":"CR\u212235"},"content":{"rendered":"\n<p>Spotter<\/p>\n","protected":false},"excerpt":{"rendered":"<p>Spotter<\/p>\n","protected":false},"featured_media":88793,"parent":86578,"menu_order":0,"template":"page-templates\/col-single-product-cr235.php","format":"standard","meta":[],"class_list":["post-88984","product","type-product","status-publish","format-standard","has-post-thumbnail","hentry"],"yoast_head":"<!-- This site is optimized with the Yoast SEO plugin v27.4 - https:\/\/yoast.com\/product\/yoast-seo-wordpress\/ -->\n<title>CR\u212235 Spotter | Car-O-Liner DE<\/title>\n<meta name=\"description\" content=\"Der CR\u212235 ist f\u00fcr das Widerstandsschwei\u00dfen an d\u00fcnnen Stahlblechen konzipiert und eignet sich hervorragend zum Schwei\u00dfen von N\u00e4geln, Unterlegscheiben, Nieten und Bolzen.\" \/>\n<meta name=\"robots\" content=\"index, follow, max-snippet:-1, max-image-preview:large, max-video-preview:-1\" \/>\n<link rel=\"canonical\" href=\"https:\/\/car-o-liner.com\/de\/produkte\/cr35\/\" \/>\n<meta property=\"og:locale\" content=\"de_DE\" \/>\n<meta property=\"og:type\" content=\"article\" \/>\n<meta property=\"og:title\" content=\"CR\u212235 Spotter | Car-O-Liner DE\" \/>\n<meta property=\"og:description\" content=\"Der CR\u212235 ist f\u00fcr das Widerstandsschwei\u00dfen an d\u00fcnnen Stahlblechen konzipiert und eignet sich hervorragend zum Schwei\u00dfen von N\u00e4geln, Unterlegscheiben, Nieten und Bolzen.\" \/>\n<meta property=\"og:url\" content=\"https:\/\/car-o-liner.com\/de\/produkte\/cr35\/\" \/>\n<meta property=\"og:site_name\" content=\"Car-O-Liner\" \/>\n<meta property=\"article:modified_time\" content=\"2024-04-30T18:32:26+00:00\" \/>\n<meta property=\"og:image\" content=\"https:\/\/car-o-liner.com\/wp-content\/uploads\/cr35-hero.png\" \/>\n\t<meta property=\"og:image:width\" content=\"1500\" \/>\n\t<meta property=\"og:image:height\" content=\"1250\" \/>\n\t<meta property=\"og:image:type\" content=\"image\/png\" \/>\n<meta name=\"twitter:card\" content=\"summary_large_image\" \/>\n<script type=\"application\/ld+json\" class=\"yoast-schema-graph\">{\"@context\":\"https:\\\/\\\/schema.org\",\"@graph\":[{\"@type\":\"WebPage\",\"@id\":\"https:\\\/\\\/car-o-liner.com\\\/de\\\/produkte\\\/cr35\\\/\",\"url\":\"https:\\\/\\\/car-o-liner.com\\\/de\\\/produkte\\\/cr35\\\/\",\"name\":\"CR\u212235 Spotter | Car-O-Liner DE\",\"isPartOf\":{\"@id\":\"https:\\\/\\\/car-o-liner.com\\\/de\\\/#website\"},\"primaryImageOfPage\":{\"@id\":\"https:\\\/\\\/car-o-liner.com\\\/de\\\/produkte\\\/cr35\\\/#primaryimage\"},\"image\":{\"@id\":\"https:\\\/\\\/car-o-liner.com\\\/de\\\/produkte\\\/cr35\\\/#primaryimage\"},\"thumbnailUrl\":\"https:\\\/\\\/car-o-liner.com\\\/wp-content\\\/uploads\\\/cr35-hero.png\",\"datePublished\":\"2024-03-08T10:51:21+00:00\",\"dateModified\":\"2024-04-30T18:32:26+00:00\",\"description\":\"Der CR\u212235 ist f\u00fcr das Widerstandsschwei\u00dfen an d\u00fcnnen Stahlblechen konzipiert und eignet sich hervorragend zum Schwei\u00dfen von N\u00e4geln, Unterlegscheiben, Nieten und Bolzen.\",\"breadcrumb\":{\"@id\":\"https:\\\/\\\/car-o-liner.com\\\/de\\\/produkte\\\/cr35\\\/#breadcrumb\"},\"inLanguage\":\"de\",\"potentialAction\":[{\"@type\":\"ReadAction\",\"target\":[\"https:\\\/\\\/car-o-liner.com\\\/de\\\/produkte\\\/cr35\\\/\"]}]},{\"@type\":\"ImageObject\",\"inLanguage\":\"de\",\"@id\":\"https:\\\/\\\/car-o-liner.com\\\/de\\\/produkte\\\/cr35\\\/#primaryimage\",\"url\":\"https:\\\/\\\/car-o-liner.com\\\/wp-content\\\/uploads\\\/cr35-hero.png\",\"contentUrl\":\"https:\\\/\\\/car-o-liner.com\\\/wp-content\\\/uploads\\\/cr35-hero.png\",\"width\":1500,\"height\":1250},{\"@type\":\"BreadcrumbList\",\"@id\":\"https:\\\/\\\/car-o-liner.com\\\/de\\\/produkte\\\/cr35\\\/#breadcrumb\",\"itemListElement\":[{\"@type\":\"ListItem\",\"position\":1,\"name\":\"Home\",\"item\":\"https:\\\/\\\/car-o-liner.com\\\/de\\\/\"},{\"@type\":\"ListItem\",\"position\":2,\"name\":\"F\u00fcgen &amp; Erw\u00e4rmen\",\"item\":\"https:\\\/\\\/car-o-liner.com\\\/de\\\/produkte\\\/verbinden-und-erhitzen\\\/\"},{\"@type\":\"ListItem\",\"position\":3,\"name\":\"Kfz-Punktschwei\u00dfger\u00e4te\",\"item\":\"https:\\\/\\\/car-o-liner.com\\\/de\\\/produkte\\\/kfz-punktschweissgerat\\\/\"},{\"@type\":\"ListItem\",\"position\":4,\"name\":\"CR\u212235\"}]},{\"@type\":\"WebSite\",\"@id\":\"https:\\\/\\\/car-o-liner.com\\\/de\\\/#website\",\"url\":\"https:\\\/\\\/car-o-liner.com\\\/de\\\/\",\"name\":\"Car-O-Liner\",\"description\":\"Collision Repair Equipment\",\"publisher\":{\"@id\":\"https:\\\/\\\/car-o-liner.com\\\/de\\\/#organization\"},\"potentialAction\":[{\"@type\":\"SearchAction\",\"target\":{\"@type\":\"EntryPoint\",\"urlTemplate\":\"https:\\\/\\\/car-o-liner.com\\\/de\\\/?s={search_term_string}\"},\"query-input\":{\"@type\":\"PropertyValueSpecification\",\"valueRequired\":true,\"valueName\":\"search_term_string\"}}],\"inLanguage\":\"de\"},{\"@type\":\"Organization\",\"@id\":\"https:\\\/\\\/car-o-liner.com\\\/de\\\/#organization\",\"name\":\"Car-O-Liner\",\"url\":\"https:\\\/\\\/car-o-liner.com\\\/de\\\/\",\"logo\":{\"@type\":\"ImageObject\",\"inLanguage\":\"de\",\"@id\":\"https:\\\/\\\/car-o-liner.com\\\/de\\\/#\\\/schema\\\/logo\\\/image\\\/\",\"url\":\"https:\\\/\\\/car-o-liner.com\\\/wp-content\\\/uploads\\\/Car-O-Liner-blue-web.svg\",\"contentUrl\":\"https:\\\/\\\/car-o-liner.com\\\/wp-content\\\/uploads\\\/Car-O-Liner-blue-web.svg\",\"width\":250,\"height\":50,\"caption\":\"Car-O-Liner\"},\"image\":{\"@id\":\"https:\\\/\\\/car-o-liner.com\\\/de\\\/#\\\/schema\\\/logo\\\/image\\\/\"}}]}<\/script>\n<!-- \/ Yoast SEO plugin. -->","yoast_head_json":{"title":"CR\u212235 Spotter | Car-O-Liner DE","description":"Der CR\u212235 ist f\u00fcr das Widerstandsschwei\u00dfen an d\u00fcnnen Stahlblechen konzipiert und eignet sich hervorragend zum Schwei\u00dfen von N\u00e4geln, Unterlegscheiben, Nieten und Bolzen.","robots":{"index":"index","follow":"follow","max-snippet":"max-snippet:-1","max-image-preview":"max-image-preview:large","max-video-preview":"max-video-preview:-1"},"canonical":"https:\/\/car-o-liner.com\/de\/produkte\/cr35\/","og_locale":"de_DE","og_type":"article","og_title":"CR\u212235 Spotter | Car-O-Liner DE","og_description":"Der CR\u212235 ist f\u00fcr das Widerstandsschwei\u00dfen an d\u00fcnnen Stahlblechen konzipiert und eignet sich hervorragend zum Schwei\u00dfen von N\u00e4geln, Unterlegscheiben, Nieten und Bolzen.","og_url":"https:\/\/car-o-liner.com\/de\/produkte\/cr35\/","og_site_name":"Car-O-Liner","article_modified_time":"2024-04-30T18:32:26+00:00","og_image":[{"width":1500,"height":1250,"url":"https:\/\/car-o-liner.com\/wp-content\/uploads\/cr35-hero.png","type":"image\/png"}],"twitter_card":"summary_large_image","schema":{"@context":"https:\/\/schema.org","@graph":[{"@type":"WebPage","@id":"https:\/\/car-o-liner.com\/de\/produkte\/cr35\/","url":"https:\/\/car-o-liner.com\/de\/produkte\/cr35\/","name":"CR\u212235 Spotter | Car-O-Liner DE","isPartOf":{"@id":"https:\/\/car-o-liner.com\/de\/#website"},"primaryImageOfPage":{"@id":"https:\/\/car-o-liner.com\/de\/produkte\/cr35\/#primaryimage"},"image":{"@id":"https:\/\/car-o-liner.com\/de\/produkte\/cr35\/#primaryimage"},"thumbnailUrl":"https:\/\/car-o-liner.com\/wp-content\/uploads\/cr35-hero.png","datePublished":"2024-03-08T10:51:21+00:00","dateModified":"2024-04-30T18:32:26+00:00","description":"Der CR\u212235 ist f\u00fcr das Widerstandsschwei\u00dfen an d\u00fcnnen Stahlblechen konzipiert und eignet sich hervorragend zum Schwei\u00dfen von N\u00e4geln, Unterlegscheiben, Nieten und Bolzen.","breadcrumb":{"@id":"https:\/\/car-o-liner.com\/de\/produkte\/cr35\/#breadcrumb"},"inLanguage":"de","potentialAction":[{"@type":"ReadAction","target":["https:\/\/car-o-liner.com\/de\/produkte\/cr35\/"]}]},{"@type":"ImageObject","inLanguage":"de","@id":"https:\/\/car-o-liner.com\/de\/produkte\/cr35\/#primaryimage","url":"https:\/\/car-o-liner.com\/wp-content\/uploads\/cr35-hero.png","contentUrl":"https:\/\/car-o-liner.com\/wp-content\/uploads\/cr35-hero.png","width":1500,"height":1250},{"@type":"BreadcrumbList","@id":"https:\/\/car-o-liner.com\/de\/produkte\/cr35\/#breadcrumb","itemListElement":[{"@type":"ListItem","position":1,"name":"Home","item":"https:\/\/car-o-liner.com\/de\/"},{"@type":"ListItem","position":2,"name":"F\u00fcgen &amp; Erw\u00e4rmen","item":"https:\/\/car-o-liner.com\/de\/produkte\/verbinden-und-erhitzen\/"},{"@type":"ListItem","position":3,"name":"Kfz-Punktschwei\u00dfger\u00e4te","item":"https:\/\/car-o-liner.com\/de\/produkte\/kfz-punktschweissgerat\/"},{"@type":"ListItem","position":4,"name":"CR\u212235"}]},{"@type":"WebSite","@id":"https:\/\/car-o-liner.com\/de\/#website","url":"https:\/\/car-o-liner.com\/de\/","name":"Car-O-Liner","description":"Collision Repair Equipment","publisher":{"@id":"https:\/\/car-o-liner.com\/de\/#organization"},"potentialAction":[{"@type":"SearchAction","target":{"@type":"EntryPoint","urlTemplate":"https:\/\/car-o-liner.com\/de\/?s={search_term_string}"},"query-input":{"@type":"PropertyValueSpecification","valueRequired":true,"valueName":"search_term_string"}}],"inLanguage":"de"},{"@type":"Organization","@id":"https:\/\/car-o-liner.com\/de\/#organization","name":"Car-O-Liner","url":"https:\/\/car-o-liner.com\/de\/","logo":{"@type":"ImageObject","inLanguage":"de","@id":"https:\/\/car-o-liner.com\/de\/#\/schema\/logo\/image\/","url":"https:\/\/car-o-liner.com\/wp-content\/uploads\/Car-O-Liner-blue-web.svg","contentUrl":"https:\/\/car-o-liner.com\/wp-content\/uploads\/Car-O-Liner-blue-web.svg","width":250,"height":50,"caption":"Car-O-Liner"},"image":{"@id":"https:\/\/car-o-liner.com\/de\/#\/schema\/logo\/image\/"}}]}},"_links":{"self":[{"href":"https:\/\/car-o-liner.com\/de\/wp-json\/wp\/v2\/product\/88984","targetHints":{"allow":["GET"]}}],"collection":[{"href":"https:\/\/car-o-liner.com\/de\/wp-json\/wp\/v2\/product"}],"about":[{"href":"https:\/\/car-o-liner.com\/de\/wp-json\/wp\/v2\/types\/product"}],"up":[{"embeddable":true,"href":"https:\/\/car-o-liner.com\/de\/wp-json\/wp\/v2\/product\/86578"}],"wp:featuredmedia":[{"embeddable":true,"href":"https:\/\/car-o-liner.com\/de\/wp-json\/wp\/v2\/media\/88793"}],"wp:attachment":[{"href":"https:\/\/car-o-liner.com\/de\/wp-json\/wp\/v2\/media?parent=88984"}],"curies":[{"name":"wp","href":"https:\/\/api.w.org\/{rel}","templated":true}]}}