{"id":88993,"date":"2024-03-15T10:00:15","date_gmt":"2024-03-15T09:00:15","guid":{"rendered":"https:\/\/car-o-liner-test.phl.togglebox.site\/product\/joining-heating\/spot-welding\/aluminum-spotter\/"},"modified":"2024-04-30T22:23:33","modified_gmt":"2024-04-30T20:23:33","slug":"alu-spotter","status":"publish","type":"product","link":"https:\/\/car-o-liner.com\/de\/produkte\/alu-spotter\/","title":{"rendered":"Aluminium Spotter"},"content":{"rendered":"\n<p>Ausbeulwerkzeug<\/p>\n","protected":false},"excerpt":{"rendered":"<p>Ausbeulwerkzeug<\/p>\n","protected":false},"featured_media":89610,"parent":86578,"menu_order":0,"template":"page-templates\/col-single-product-cmitwin.php","format":"standard","meta":[],"class_list":["post-88993","product","type-product","status-publish","format-standard","has-post-thumbnail","hentry"],"yoast_head":"<!-- This site is optimized with the Yoast SEO plugin v27.4 - https:\/\/yoast.com\/product\/yoast-seo-wordpress\/ -->\n<title>AluSpotter Ausbeulwerkzeug | Car-O-Liner<\/title>\n<meta name=\"description\" content=\"Der tragbare AluSpotter verbessert die Effizienz bei Dellenreparaturen, erm\u00f6glicht ein schnelles Durchlaufen der Fahrzeuge durch den Reparaturprozess und erh\u00f6ht die Produktivit\u00e4t der Werkstatt.\" \/>\n<meta name=\"robots\" content=\"index, follow, max-snippet:-1, max-image-preview:large, max-video-preview:-1\" \/>\n<link rel=\"canonical\" href=\"https:\/\/car-o-liner.com\/de\/produkte\/alu-spotter\/\" \/>\n<meta property=\"og:locale\" content=\"de_DE\" \/>\n<meta property=\"og:type\" content=\"article\" \/>\n<meta property=\"og:title\" content=\"AluSpotter Ausbeulwerkzeug | Car-O-Liner\" \/>\n<meta property=\"og:description\" content=\"Der tragbare AluSpotter verbessert die Effizienz bei Dellenreparaturen, erm\u00f6glicht ein schnelles Durchlaufen der Fahrzeuge durch den Reparaturprozess und erh\u00f6ht die Produktivit\u00e4t der Werkstatt.\" \/>\n<meta property=\"og:url\" content=\"https:\/\/car-o-liner.com\/de\/produkte\/alu-spotter\/\" \/>\n<meta property=\"og:site_name\" content=\"Car-O-Liner\" \/>\n<meta property=\"article:modified_time\" content=\"2024-04-30T20:23:33+00:00\" \/>\n<meta property=\"og:image\" content=\"https:\/\/car-o-liner.com\/wp-content\/uploads\/alum-spotter-hero-1024x853.png\" \/>\n\t<meta property=\"og:image:width\" content=\"1024\" \/>\n\t<meta property=\"og:image:height\" content=\"853\" \/>\n\t<meta property=\"og:image:type\" content=\"image\/png\" \/>\n<meta name=\"twitter:card\" content=\"summary_large_image\" \/>\n<script type=\"application\/ld+json\" class=\"yoast-schema-graph\">{\"@context\":\"https:\\\/\\\/schema.org\",\"@graph\":[{\"@type\":\"WebPage\",\"@id\":\"https:\\\/\\\/car-o-liner.com\\\/de\\\/produkte\\\/alu-spotter\\\/\",\"url\":\"https:\\\/\\\/car-o-liner.com\\\/de\\\/produkte\\\/alu-spotter\\\/\",\"name\":\"AluSpotter Ausbeulwerkzeug | Car-O-Liner\",\"isPartOf\":{\"@id\":\"https:\\\/\\\/car-o-liner.com\\\/de\\\/#website\"},\"primaryImageOfPage\":{\"@id\":\"https:\\\/\\\/car-o-liner.com\\\/de\\\/produkte\\\/alu-spotter\\\/#primaryimage\"},\"image\":{\"@id\":\"https:\\\/\\\/car-o-liner.com\\\/de\\\/produkte\\\/alu-spotter\\\/#primaryimage\"},\"thumbnailUrl\":\"https:\\\/\\\/car-o-liner.com\\\/wp-content\\\/uploads\\\/alum-spotter-hero.png\",\"datePublished\":\"2024-03-15T09:00:15+00:00\",\"dateModified\":\"2024-04-30T20:23:33+00:00\",\"description\":\"Der tragbare AluSpotter verbessert die Effizienz bei Dellenreparaturen, erm\u00f6glicht ein schnelles Durchlaufen der Fahrzeuge durch den Reparaturprozess und erh\u00f6ht die Produktivit\u00e4t der Werkstatt.\",\"breadcrumb\":{\"@id\":\"https:\\\/\\\/car-o-liner.com\\\/de\\\/produkte\\\/alu-spotter\\\/#breadcrumb\"},\"inLanguage\":\"de\",\"potentialAction\":[{\"@type\":\"ReadAction\",\"target\":[\"https:\\\/\\\/car-o-liner.com\\\/de\\\/produkte\\\/alu-spotter\\\/\"]}]},{\"@type\":\"ImageObject\",\"inLanguage\":\"de\",\"@id\":\"https:\\\/\\\/car-o-liner.com\\\/de\\\/produkte\\\/alu-spotter\\\/#primaryimage\",\"url\":\"https:\\\/\\\/car-o-liner.com\\\/wp-content\\\/uploads\\\/alum-spotter-hero.png\",\"contentUrl\":\"https:\\\/\\\/car-o-liner.com\\\/wp-content\\\/uploads\\\/alum-spotter-hero.png\",\"width\":1500,\"height\":1250,\"caption\":\"Alu\"},{\"@type\":\"BreadcrumbList\",\"@id\":\"https:\\\/\\\/car-o-liner.com\\\/de\\\/produkte\\\/alu-spotter\\\/#breadcrumb\",\"itemListElement\":[{\"@type\":\"ListItem\",\"position\":1,\"name\":\"Home\",\"item\":\"https:\\\/\\\/car-o-liner.com\\\/de\\\/\"},{\"@type\":\"ListItem\",\"position\":2,\"name\":\"F\u00fcgen &amp; Erw\u00e4rmen\",\"item\":\"https:\\\/\\\/car-o-liner.com\\\/de\\\/produkte\\\/verbinden-und-erhitzen\\\/\"},{\"@type\":\"ListItem\",\"position\":3,\"name\":\"Kfz-Punktschwei\u00dfger\u00e4te\",\"item\":\"https:\\\/\\\/car-o-liner.com\\\/de\\\/produkte\\\/kfz-punktschweissgerat\\\/\"},{\"@type\":\"ListItem\",\"position\":4,\"name\":\"Aluminium Spotter\"}]},{\"@type\":\"WebSite\",\"@id\":\"https:\\\/\\\/car-o-liner.com\\\/de\\\/#website\",\"url\":\"https:\\\/\\\/car-o-liner.com\\\/de\\\/\",\"name\":\"Car-O-Liner\",\"description\":\"Collision Repair Equipment\",\"publisher\":{\"@id\":\"https:\\\/\\\/car-o-liner.com\\\/de\\\/#organization\"},\"potentialAction\":[{\"@type\":\"SearchAction\",\"target\":{\"@type\":\"EntryPoint\",\"urlTemplate\":\"https:\\\/\\\/car-o-liner.com\\\/de\\\/?s={search_term_string}\"},\"query-input\":{\"@type\":\"PropertyValueSpecification\",\"valueRequired\":true,\"valueName\":\"search_term_string\"}}],\"inLanguage\":\"de\"},{\"@type\":\"Organization\",\"@id\":\"https:\\\/\\\/car-o-liner.com\\\/de\\\/#organization\",\"name\":\"Car-O-Liner\",\"url\":\"https:\\\/\\\/car-o-liner.com\\\/de\\\/\",\"logo\":{\"@type\":\"ImageObject\",\"inLanguage\":\"de\",\"@id\":\"https:\\\/\\\/car-o-liner.com\\\/de\\\/#\\\/schema\\\/logo\\\/image\\\/\",\"url\":\"https:\\\/\\\/car-o-liner.com\\\/wp-content\\\/uploads\\\/Car-O-Liner-blue-web.svg\",\"contentUrl\":\"https:\\\/\\\/car-o-liner.com\\\/wp-content\\\/uploads\\\/Car-O-Liner-blue-web.svg\",\"width\":250,\"height\":50,\"caption\":\"Car-O-Liner\"},\"image\":{\"@id\":\"https:\\\/\\\/car-o-liner.com\\\/de\\\/#\\\/schema\\\/logo\\\/image\\\/\"}}]}<\/script>\n<!-- \/ Yoast SEO plugin. -->","yoast_head_json":{"title":"AluSpotter Ausbeulwerkzeug | Car-O-Liner","description":"Der tragbare AluSpotter verbessert die Effizienz bei Dellenreparaturen, erm\u00f6glicht ein schnelles Durchlaufen der Fahrzeuge durch den Reparaturprozess und erh\u00f6ht die Produktivit\u00e4t der Werkstatt.","robots":{"index":"index","follow":"follow","max-snippet":"max-snippet:-1","max-image-preview":"max-image-preview:large","max-video-preview":"max-video-preview:-1"},"canonical":"https:\/\/car-o-liner.com\/de\/produkte\/alu-spotter\/","og_locale":"de_DE","og_type":"article","og_title":"AluSpotter Ausbeulwerkzeug | Car-O-Liner","og_description":"Der tragbare AluSpotter verbessert die Effizienz bei Dellenreparaturen, erm\u00f6glicht ein schnelles Durchlaufen der Fahrzeuge durch den Reparaturprozess und erh\u00f6ht die Produktivit\u00e4t der Werkstatt.","og_url":"https:\/\/car-o-liner.com\/de\/produkte\/alu-spotter\/","og_site_name":"Car-O-Liner","article_modified_time":"2024-04-30T20:23:33+00:00","og_image":[{"width":1024,"height":853,"url":"https:\/\/car-o-liner.com\/wp-content\/uploads\/alum-spotter-hero-1024x853.png","type":"image\/png"}],"twitter_card":"summary_large_image","schema":{"@context":"https:\/\/schema.org","@graph":[{"@type":"WebPage","@id":"https:\/\/car-o-liner.com\/de\/produkte\/alu-spotter\/","url":"https:\/\/car-o-liner.com\/de\/produkte\/alu-spotter\/","name":"AluSpotter Ausbeulwerkzeug | Car-O-Liner","isPartOf":{"@id":"https:\/\/car-o-liner.com\/de\/#website"},"primaryImageOfPage":{"@id":"https:\/\/car-o-liner.com\/de\/produkte\/alu-spotter\/#primaryimage"},"image":{"@id":"https:\/\/car-o-liner.com\/de\/produkte\/alu-spotter\/#primaryimage"},"thumbnailUrl":"https:\/\/car-o-liner.com\/wp-content\/uploads\/alum-spotter-hero.png","datePublished":"2024-03-15T09:00:15+00:00","dateModified":"2024-04-30T20:23:33+00:00","description":"Der tragbare AluSpotter verbessert die Effizienz bei Dellenreparaturen, erm\u00f6glicht ein schnelles Durchlaufen der Fahrzeuge durch den Reparaturprozess und erh\u00f6ht die Produktivit\u00e4t der Werkstatt.","breadcrumb":{"@id":"https:\/\/car-o-liner.com\/de\/produkte\/alu-spotter\/#breadcrumb"},"inLanguage":"de","potentialAction":[{"@type":"ReadAction","target":["https:\/\/car-o-liner.com\/de\/produkte\/alu-spotter\/"]}]},{"@type":"ImageObject","inLanguage":"de","@id":"https:\/\/car-o-liner.com\/de\/produkte\/alu-spotter\/#primaryimage","url":"https:\/\/car-o-liner.com\/wp-content\/uploads\/alum-spotter-hero.png","contentUrl":"https:\/\/car-o-liner.com\/wp-content\/uploads\/alum-spotter-hero.png","width":1500,"height":1250,"caption":"Alu"},{"@type":"BreadcrumbList","@id":"https:\/\/car-o-liner.com\/de\/produkte\/alu-spotter\/#breadcrumb","itemListElement":[{"@type":"ListItem","position":1,"name":"Home","item":"https:\/\/car-o-liner.com\/de\/"},{"@type":"ListItem","position":2,"name":"F\u00fcgen &amp; Erw\u00e4rmen","item":"https:\/\/car-o-liner.com\/de\/produkte\/verbinden-und-erhitzen\/"},{"@type":"ListItem","position":3,"name":"Kfz-Punktschwei\u00dfger\u00e4te","item":"https:\/\/car-o-liner.com\/de\/produkte\/kfz-punktschweissgerat\/"},{"@type":"ListItem","position":4,"name":"Aluminium Spotter"}]},{"@type":"WebSite","@id":"https:\/\/car-o-liner.com\/de\/#website","url":"https:\/\/car-o-liner.com\/de\/","name":"Car-O-Liner","description":"Collision Repair Equipment","publisher":{"@id":"https:\/\/car-o-liner.com\/de\/#organization"},"potentialAction":[{"@type":"SearchAction","target":{"@type":"EntryPoint","urlTemplate":"https:\/\/car-o-liner.com\/de\/?s={search_term_string}"},"query-input":{"@type":"PropertyValueSpecification","valueRequired":true,"valueName":"search_term_string"}}],"inLanguage":"de"},{"@type":"Organization","@id":"https:\/\/car-o-liner.com\/de\/#organization","name":"Car-O-Liner","url":"https:\/\/car-o-liner.com\/de\/","logo":{"@type":"ImageObject","inLanguage":"de","@id":"https:\/\/car-o-liner.com\/de\/#\/schema\/logo\/image\/","url":"https:\/\/car-o-liner.com\/wp-content\/uploads\/Car-O-Liner-blue-web.svg","contentUrl":"https:\/\/car-o-liner.com\/wp-content\/uploads\/Car-O-Liner-blue-web.svg","width":250,"height":50,"caption":"Car-O-Liner"},"image":{"@id":"https:\/\/car-o-liner.com\/de\/#\/schema\/logo\/image\/"}}]}},"_links":{"self":[{"href":"https:\/\/car-o-liner.com\/de\/wp-json\/wp\/v2\/product\/88993","targetHints":{"allow":["GET"]}}],"collection":[{"href":"https:\/\/car-o-liner.com\/de\/wp-json\/wp\/v2\/product"}],"about":[{"href":"https:\/\/car-o-liner.com\/de\/wp-json\/wp\/v2\/types\/product"}],"up":[{"embeddable":true,"href":"https:\/\/car-o-liner.com\/de\/wp-json\/wp\/v2\/product\/86578"}],"wp:featuredmedia":[{"embeddable":true,"href":"https:\/\/car-o-liner.com\/de\/wp-json\/wp\/v2\/media\/89610"}],"wp:attachment":[{"href":"https:\/\/car-o-liner.com\/de\/wp-json\/wp\/v2\/media?parent=88993"}],"curies":[{"name":"wp","href":"https:\/\/api.w.org\/{rel}","templated":true}]}}