{"id":81713,"date":"2023-09-20T18:41:22","date_gmt":"2023-09-20T16:41:22","guid":{"rendered":"https:\/\/car-o-liner-test.phl.togglebox.site\/about-us\/"},"modified":"2024-04-15T10:52:24","modified_gmt":"2024-04-15T08:52:24","slug":"about-us","status":"publish","type":"page","link":"https:\/\/car-o-liner.com\/es\/about-us\/","title":{"rendered":"Sobre Nosotros"},"content":{"rendered":"\n<h4 class=\"wp-block-heading\">Bienvenidos a Car-O-Liner\u00ae<\/h4>\n\n\n\n<p>Car-O-Liner\u00ae es sin\u00f3nimo de innovaci\u00f3n gracias al desarrollo de su primera bancada, que sent\u00f3 las bases para la notable trayectoria de crecimiento de la empresa. Hoy en dia, Car-O-Liner\u00ae es el proveedor l\u00edder mundial de equipos de reparaci\u00f3n de colisiones tecnol\u00f3gicamente avanzados y de alta calidad para el mercado posventa de la automoci\u00f3n, con presencia en m\u00e1s de 70 pa\u00edses. Durante m\u00e1s de medio siglo, nos hemos dedicado a suministrar al sector soluciones innovadoras, impulsando los avances t\u00e9cnicos, ofreciendo una formaci\u00f3n completa y proporcionando una asistencia al cliente inquebrantable.<\/p>\n\n\n\n<p>Desde 2016, Car-O-Liner\u00ae es un orgulloso miembro de la familia de productos Snap-on\u00ae Inc. TSS\u2122 Total Shop Solutions. Esta integraci\u00f3n estrat\u00e9gica ha permitido a Car-O-Liner\u00ae expandirse a otras \u00e1reas dentro del sector de la reparaci\u00f3n de vehiculos accidentados, incluidas las pruebas y la calibraci\u00f3n de sistemas ADAS, y muchos otros servicios esenciales.<\/p>\n\n\n\n<figure class=\"wp-block-image size-full\"><img loading=\"lazy\" decoding=\"async\" width=\"400\" height=\"250\" src=\"https:\/\/car-o-liner-test.phl.togglebox.site\/wp-content\/uploads\/Beliefs-1.jpg\" alt=\"A repair technician measures using PointXII\" class=\"wp-image-88092\" srcset=\"https:\/\/car-o-liner.com\/wp-content\/uploads\/Beliefs-1.jpg 400w, https:\/\/car-o-liner.com\/wp-content\/uploads\/Beliefs-1-300x188.jpg 300w\" sizes=\"auto, (max-width: 400px) 100vw, 400px\" \/><\/figure>\n\n\n\n<h5 class=\"wp-block-heading\">Creencias<\/h5>\n\n\n\n<p>Creemos profundamente en la Seguridad innegociable de los Productos y del Espacio de Trabajo, la Calidad sin concesiones, la Atenci\u00f3n apasionada al Cliente, la Innovaci\u00f3n intr\u00e9pida y la Mejora Continua R\u00e1pida.<\/p>\n\n\n\n<figure class=\"wp-block-image size-full\"><img loading=\"lazy\" decoding=\"async\" width=\"400\" height=\"250\" src=\"https:\/\/car-o-liner-test.phl.togglebox.site\/wp-content\/uploads\/Values-1.jpg\" alt=\"A Car-O-Liner representative meets with a client\" class=\"wp-image-88103\" srcset=\"https:\/\/car-o-liner.com\/wp-content\/uploads\/Values-1.jpg 400w, https:\/\/car-o-liner.com\/wp-content\/uploads\/Values-1-300x188.jpg 300w\" sizes=\"auto, (max-width: 400px) 100vw, 400px\" \/><\/figure>\n\n\n\n<h5 class=\"wp-block-heading\">Valores<\/h5>\n\n\n\n<p>Nuestros comportamientos definen nuestro \u00e9xito, por eso la Integridad, la Verdad, el respeto al Individuo, el Trabajo en Equipo y la Escucha son los valores en los que se basa nuestro trabajo diario.<\/p>\n\n\n\n<figure class=\"wp-block-image size-full\"><img loading=\"lazy\" decoding=\"async\" width=\"400\" height=\"250\" src=\"https:\/\/car-o-liner-test.phl.togglebox.site\/wp-content\/uploads\/Vision-1.jpg\" alt=\"A technician performs a weld\" class=\"wp-image-88113\" srcset=\"https:\/\/car-o-liner.com\/wp-content\/uploads\/Vision-1.jpg 400w, https:\/\/car-o-liner.com\/wp-content\/uploads\/Vision-1-300x188.jpg 300w\" sizes=\"auto, (max-width: 400px) 100vw, 400px\" \/><\/figure>\n\n\n\n<h5 class=\"wp-block-heading\">Visi\u00f3n<\/h5>\n\n\n\n<p>Nuestra visi\u00f3n es de ser reconocidos como la Marca, el Empleador y el Socio Empresarial de Elecci\u00f3n, trabajando con pasi\u00f3n y determinaci\u00f3n para mantener estos est\u00e1ndares.<\/p>\n\n\n\n<figure class=\"wp-block-embed is-type-video is-provider-youtube wp-block-embed-youtube wp-embed-aspect-16-9 wp-has-aspect-ratio\"><div class=\"wp-block-embed__wrapper\">\n<iframe loading=\"lazy\" title=\"Car-O-Liner 50 Years\" width=\"640\" height=\"360\" src=\"https:\/\/www.youtube.com\/embed\/GCWUQwVVUVg?feature=oembed&#038;controls=1&#038;rel=0\" frameborder=\"0\" allow=\"accelerometer; autoplay; clipboard-write; encrypted-media; gyroscope; picture-in-picture; web-share\" referrerpolicy=\"strict-origin-when-cross-origin\" allowfullscreen><\/iframe>\n<\/div><\/figure>\n","protected":false},"excerpt":{"rendered":"<p>Bienvenidos a Car-O-Liner\u00ae Car-O-Liner\u00ae es sin\u00f3nimo de innovaci\u00f3n gracias al desarrollo de su primera bancada, que sent\u00f3 las bases para la notable trayectoria de crecimiento de la empresa. Hoy en dia, Car-O-Liner\u00ae es el proveedor l\u00edder mundial de equipos de reparaci\u00f3n de colisiones tecnol\u00f3gicamente avanzados y de alta calidad para el mercado posventa de la [&hellip;]<\/p>\n","protected":false},"author":1,"featured_media":0,"parent":0,"menu_order":0,"comment_status":"closed","ping_status":"closed","template":"page-templates\/about-us.php","meta":{"footnotes":""},"class_list":["post-81713","page","type-page","status-publish","hentry"],"yoast_head":"<!-- This site is optimized with the Yoast SEO plugin v27.4 - https:\/\/yoast.com\/product\/yoast-seo-wordpress\/ -->\n<title>Sobre Nosotros - Car-O-Liner<\/title>\n<meta name=\"robots\" content=\"index, follow, max-snippet:-1, max-image-preview:large, max-video-preview:-1\" \/>\n<link rel=\"canonical\" href=\"https:\/\/car-o-liner.com\/es\/about-us\/\" \/>\n<meta property=\"og:locale\" content=\"es_ES\" \/>\n<meta property=\"og:type\" content=\"article\" \/>\n<meta property=\"og:title\" content=\"Sobre Nosotros - Car-O-Liner\" \/>\n<meta property=\"og:description\" content=\"Bienvenidos a Car-O-Liner\u00ae Car-O-Liner\u00ae es sin\u00f3nimo de innovaci\u00f3n gracias al desarrollo de su primera bancada, que sent\u00f3 las bases para la notable trayectoria de crecimiento de la empresa. Hoy en dia, Car-O-Liner\u00ae es el proveedor l\u00edder mundial de equipos de reparaci\u00f3n de colisiones tecnol\u00f3gicamente avanzados y de alta calidad para el mercado posventa de la [&hellip;]\" \/>\n<meta property=\"og:url\" content=\"https:\/\/car-o-liner.com\/es\/about-us\/\" \/>\n<meta property=\"og:site_name\" content=\"Car-O-Liner\" \/>\n<meta property=\"article:modified_time\" content=\"2024-04-15T08:52:24+00:00\" \/>\n<meta property=\"og:image\" content=\"https:\/\/car-o-liner-test.phl.togglebox.site\/wp-content\/uploads\/Beliefs-1.jpg\" \/>\n<meta name=\"twitter:card\" content=\"summary_large_image\" \/>\n<script type=\"application\/ld+json\" class=\"yoast-schema-graph\">{\"@context\":\"https:\\\/\\\/schema.org\",\"@graph\":[{\"@type\":\"WebPage\",\"@id\":\"https:\\\/\\\/car-o-liner.com\\\/es\\\/about-us\\\/\",\"url\":\"https:\\\/\\\/car-o-liner.com\\\/es\\\/about-us\\\/\",\"name\":\"Sobre Nosotros - Car-O-Liner\",\"isPartOf\":{\"@id\":\"https:\\\/\\\/car-o-liner.com\\\/es\\\/#website\"},\"primaryImageOfPage\":{\"@id\":\"https:\\\/\\\/car-o-liner.com\\\/es\\\/about-us\\\/#primaryimage\"},\"image\":{\"@id\":\"https:\\\/\\\/car-o-liner.com\\\/es\\\/about-us\\\/#primaryimage\"},\"thumbnailUrl\":\"https:\\\/\\\/car-o-liner-test.phl.togglebox.site\\\/wp-content\\\/uploads\\\/Beliefs-1.jpg\",\"datePublished\":\"2023-09-20T16:41:22+00:00\",\"dateModified\":\"2024-04-15T08:52:24+00:00\",\"breadcrumb\":{\"@id\":\"https:\\\/\\\/car-o-liner.com\\\/es\\\/about-us\\\/#breadcrumb\"},\"inLanguage\":\"es\",\"potentialAction\":[{\"@type\":\"ReadAction\",\"target\":[\"https:\\\/\\\/car-o-liner.com\\\/es\\\/about-us\\\/\"]}]},{\"@type\":\"ImageObject\",\"inLanguage\":\"es\",\"@id\":\"https:\\\/\\\/car-o-liner.com\\\/es\\\/about-us\\\/#primaryimage\",\"url\":\"https:\\\/\\\/car-o-liner-test.phl.togglebox.site\\\/wp-content\\\/uploads\\\/Beliefs-1.jpg\",\"contentUrl\":\"https:\\\/\\\/car-o-liner-test.phl.togglebox.site\\\/wp-content\\\/uploads\\\/Beliefs-1.jpg\"},{\"@type\":\"BreadcrumbList\",\"@id\":\"https:\\\/\\\/car-o-liner.com\\\/es\\\/about-us\\\/#breadcrumb\",\"itemListElement\":[{\"@type\":\"ListItem\",\"position\":1,\"name\":\"Home\",\"item\":\"https:\\\/\\\/car-o-liner.com\\\/es\\\/\"},{\"@type\":\"ListItem\",\"position\":2,\"name\":\"Sobre Nosotros\"}]},{\"@type\":\"WebSite\",\"@id\":\"https:\\\/\\\/car-o-liner.com\\\/es\\\/#website\",\"url\":\"https:\\\/\\\/car-o-liner.com\\\/es\\\/\",\"name\":\"Car-O-Liner\",\"description\":\"Collision Repair Equipment\",\"publisher\":{\"@id\":\"https:\\\/\\\/car-o-liner.com\\\/es\\\/#organization\"},\"potentialAction\":[{\"@type\":\"SearchAction\",\"target\":{\"@type\":\"EntryPoint\",\"urlTemplate\":\"https:\\\/\\\/car-o-liner.com\\\/es\\\/?s={search_term_string}\"},\"query-input\":{\"@type\":\"PropertyValueSpecification\",\"valueRequired\":true,\"valueName\":\"search_term_string\"}}],\"inLanguage\":\"es\"},{\"@type\":\"Organization\",\"@id\":\"https:\\\/\\\/car-o-liner.com\\\/es\\\/#organization\",\"name\":\"Car-O-Liner\",\"url\":\"https:\\\/\\\/car-o-liner.com\\\/es\\\/\",\"logo\":{\"@type\":\"ImageObject\",\"inLanguage\":\"es\",\"@id\":\"https:\\\/\\\/car-o-liner.com\\\/es\\\/#\\\/schema\\\/logo\\\/image\\\/\",\"url\":\"https:\\\/\\\/car-o-liner.com\\\/wp-content\\\/uploads\\\/Car-O-Liner-blue-web.svg\",\"contentUrl\":\"https:\\\/\\\/car-o-liner.com\\\/wp-content\\\/uploads\\\/Car-O-Liner-blue-web.svg\",\"width\":250,\"height\":50,\"caption\":\"Car-O-Liner\"},\"image\":{\"@id\":\"https:\\\/\\\/car-o-liner.com\\\/es\\\/#\\\/schema\\\/logo\\\/image\\\/\"}}]}<\/script>\n<!-- \/ Yoast SEO plugin. -->","yoast_head_json":{"title":"Sobre Nosotros - Car-O-Liner","robots":{"index":"index","follow":"follow","max-snippet":"max-snippet:-1","max-image-preview":"max-image-preview:large","max-video-preview":"max-video-preview:-1"},"canonical":"https:\/\/car-o-liner.com\/es\/about-us\/","og_locale":"es_ES","og_type":"article","og_title":"Sobre Nosotros - Car-O-Liner","og_description":"Bienvenidos a Car-O-Liner\u00ae Car-O-Liner\u00ae es sin\u00f3nimo de innovaci\u00f3n gracias al desarrollo de su primera bancada, que sent\u00f3 las bases para la notable trayectoria de crecimiento de la empresa. Hoy en dia, Car-O-Liner\u00ae es el proveedor l\u00edder mundial de equipos de reparaci\u00f3n de colisiones tecnol\u00f3gicamente avanzados y de alta calidad para el mercado posventa de la [&hellip;]","og_url":"https:\/\/car-o-liner.com\/es\/about-us\/","og_site_name":"Car-O-Liner","article_modified_time":"2024-04-15T08:52:24+00:00","og_image":[{"url":"https:\/\/car-o-liner-test.phl.togglebox.site\/wp-content\/uploads\/Beliefs-1.jpg","type":"","width":"","height":""}],"twitter_card":"summary_large_image","schema":{"@context":"https:\/\/schema.org","@graph":[{"@type":"WebPage","@id":"https:\/\/car-o-liner.com\/es\/about-us\/","url":"https:\/\/car-o-liner.com\/es\/about-us\/","name":"Sobre Nosotros - Car-O-Liner","isPartOf":{"@id":"https:\/\/car-o-liner.com\/es\/#website"},"primaryImageOfPage":{"@id":"https:\/\/car-o-liner.com\/es\/about-us\/#primaryimage"},"image":{"@id":"https:\/\/car-o-liner.com\/es\/about-us\/#primaryimage"},"thumbnailUrl":"https:\/\/car-o-liner-test.phl.togglebox.site\/wp-content\/uploads\/Beliefs-1.jpg","datePublished":"2023-09-20T16:41:22+00:00","dateModified":"2024-04-15T08:52:24+00:00","breadcrumb":{"@id":"https:\/\/car-o-liner.com\/es\/about-us\/#breadcrumb"},"inLanguage":"es","potentialAction":[{"@type":"ReadAction","target":["https:\/\/car-o-liner.com\/es\/about-us\/"]}]},{"@type":"ImageObject","inLanguage":"es","@id":"https:\/\/car-o-liner.com\/es\/about-us\/#primaryimage","url":"https:\/\/car-o-liner-test.phl.togglebox.site\/wp-content\/uploads\/Beliefs-1.jpg","contentUrl":"https:\/\/car-o-liner-test.phl.togglebox.site\/wp-content\/uploads\/Beliefs-1.jpg"},{"@type":"BreadcrumbList","@id":"https:\/\/car-o-liner.com\/es\/about-us\/#breadcrumb","itemListElement":[{"@type":"ListItem","position":1,"name":"Home","item":"https:\/\/car-o-liner.com\/es\/"},{"@type":"ListItem","position":2,"name":"Sobre Nosotros"}]},{"@type":"WebSite","@id":"https:\/\/car-o-liner.com\/es\/#website","url":"https:\/\/car-o-liner.com\/es\/","name":"Car-O-Liner","description":"Collision Repair Equipment","publisher":{"@id":"https:\/\/car-o-liner.com\/es\/#organization"},"potentialAction":[{"@type":"SearchAction","target":{"@type":"EntryPoint","urlTemplate":"https:\/\/car-o-liner.com\/es\/?s={search_term_string}"},"query-input":{"@type":"PropertyValueSpecification","valueRequired":true,"valueName":"search_term_string"}}],"inLanguage":"es"},{"@type":"Organization","@id":"https:\/\/car-o-liner.com\/es\/#organization","name":"Car-O-Liner","url":"https:\/\/car-o-liner.com\/es\/","logo":{"@type":"ImageObject","inLanguage":"es","@id":"https:\/\/car-o-liner.com\/es\/#\/schema\/logo\/image\/","url":"https:\/\/car-o-liner.com\/wp-content\/uploads\/Car-O-Liner-blue-web.svg","contentUrl":"https:\/\/car-o-liner.com\/wp-content\/uploads\/Car-O-Liner-blue-web.svg","width":250,"height":50,"caption":"Car-O-Liner"},"image":{"@id":"https:\/\/car-o-liner.com\/es\/#\/schema\/logo\/image\/"}}]}},"_links":{"self":[{"href":"https:\/\/car-o-liner.com\/es\/wp-json\/wp\/v2\/pages\/81713","targetHints":{"allow":["GET"]}}],"collection":[{"href":"https:\/\/car-o-liner.com\/es\/wp-json\/wp\/v2\/pages"}],"about":[{"href":"https:\/\/car-o-liner.com\/es\/wp-json\/wp\/v2\/types\/page"}],"author":[{"embeddable":true,"href":"https:\/\/car-o-liner.com\/es\/wp-json\/wp\/v2\/users\/1"}],"replies":[{"embeddable":true,"href":"https:\/\/car-o-liner.com\/es\/wp-json\/wp\/v2\/comments?post=81713"}],"version-history":[{"count":2,"href":"https:\/\/car-o-liner.com\/es\/wp-json\/wp\/v2\/pages\/81713\/revisions"}],"predecessor-version":[{"id":90719,"href":"https:\/\/car-o-liner.com\/es\/wp-json\/wp\/v2\/pages\/81713\/revisions\/90719"}],"wp:attachment":[{"href":"https:\/\/car-o-liner.com\/es\/wp-json\/wp\/v2\/media?parent=81713"}],"curies":[{"name":"wp","href":"https:\/\/api.w.org\/{rel}","templated":true}]}}