{"id":81811,"date":"2023-11-13T22:13:46","date_gmt":"2023-11-13T21:13:46","guid":{"rendered":"https:\/\/car-o-liner-test.phl.togglebox.site\/oem-page\/"},"modified":"2024-04-16T19:09:01","modified_gmt":"2024-04-16T17:09:01","slug":"oem-page","status":"publish","type":"page","link":"https:\/\/car-o-liner.com\/es\/oem-page\/","title":{"rendered":"OEM"},"content":{"rendered":"\n<p>Aprobado por fabricantes de equipos originales de todo el mundo<\/p>\n\n\n\n<figure class=\"wp-block-image size-large\"><img decoding=\"async\" src=\"https:\/\/car-o-liner.com\/wp-content\/uploads\/OEM-gray-1.svg\" alt=\"\" class=\"wp-image-90814\"\/><\/figure>\n\n\n\n<p>Nuestro compromiso inquebrantable con los fabricantes de equipos originales (OEM) garantiza el desarrollo de equipos, m\u00e9todos y formaci\u00f3n precisos para devolver a su estado original los veh\u00edculos accidentados.<\/p>\n\n\n\n<p>Car-O-Liner\u00ae se enorgullece de su estrecha colaboraci\u00f3n con fabricantes de equipos originales de todo el mundo. Las homologaciones concedidas por estos fabricantes de equipos originales confirman que nuestros productos, sistemas, servicios y formaci\u00f3n cumplen rigurosas normas de calidad.<\/p>\n\n\n\n<p><\/p>\n","protected":false},"excerpt":{"rendered":"<p>Aprobado por fabricantes de equipos originales de todo el mundo Nuestro compromiso inquebrantable con los fabricantes de equipos originales (OEM) garantiza el desarrollo de equipos, m\u00e9todos y formaci\u00f3n precisos para devolver a su estado original los veh\u00edculos accidentados. Car-O-Liner\u00ae se enorgullece de su estrecha colaboraci\u00f3n con fabricantes de equipos originales de todo el mundo. Las [&hellip;]<\/p>\n","protected":false},"author":1,"featured_media":83554,"parent":0,"menu_order":0,"comment_status":"closed","ping_status":"closed","template":"page-templates\/oem-template.php","meta":{"footnotes":""},"class_list":["post-81811","page","type-page","status-publish","has-post-thumbnail","hentry"],"yoast_head":"<!-- This site is optimized with the Yoast SEO plugin v27.2 - https:\/\/yoast.com\/product\/yoast-seo-wordpress\/ -->\n<title>OEM - Car-O-Liner<\/title>\n<meta name=\"robots\" content=\"index, follow, max-snippet:-1, max-image-preview:large, max-video-preview:-1\" \/>\n<link rel=\"canonical\" href=\"https:\/\/car-o-liner.com\/es\/oem-page\/\" \/>\n<meta property=\"og:locale\" content=\"es_ES\" \/>\n<meta property=\"og:type\" content=\"article\" \/>\n<meta property=\"og:title\" content=\"OEM - Car-O-Liner\" \/>\n<meta property=\"og:description\" content=\"Aprobado por fabricantes de equipos originales de todo el mundo Nuestro compromiso inquebrantable con los fabricantes de equipos originales (OEM) garantiza el desarrollo de equipos, m\u00e9todos y formaci\u00f3n precisos para devolver a su estado original los veh\u00edculos accidentados. Car-O-Liner\u00ae se enorgullece de su estrecha colaboraci\u00f3n con fabricantes de equipos originales de todo el mundo. Las [&hellip;]\" \/>\n<meta property=\"og:url\" content=\"https:\/\/car-o-liner.com\/es\/oem-page\/\" \/>\n<meta property=\"og:site_name\" content=\"Car-O-Liner\" \/>\n<meta property=\"article:modified_time\" content=\"2024-04-16T17:09:01+00:00\" \/>\n<meta property=\"og:image\" content=\"https:\/\/car-o-liner.com\/wp-content\/uploads\/COL_website_headers_2000x1000px-color-profile-web.jpg\" \/>\n\t<meta property=\"og:image:width\" content=\"2000\" \/>\n\t<meta property=\"og:image:height\" content=\"1000\" \/>\n\t<meta property=\"og:image:type\" content=\"image\/jpeg\" \/>\n<meta name=\"twitter:card\" content=\"summary_large_image\" \/>\n<script type=\"application\/ld+json\" class=\"yoast-schema-graph\">{\"@context\":\"https:\/\/schema.org\",\"@graph\":[{\"@type\":\"WebPage\",\"@id\":\"https:\/\/car-o-liner.com\/es\/oem-page\/\",\"url\":\"https:\/\/car-o-liner.com\/es\/oem-page\/\",\"name\":\"OEM - Car-O-Liner\",\"isPartOf\":{\"@id\":\"https:\/\/car-o-liner.com\/es\/#website\"},\"primaryImageOfPage\":{\"@id\":\"https:\/\/car-o-liner.com\/es\/oem-page\/#primaryimage\"},\"image\":{\"@id\":\"https:\/\/car-o-liner.com\/es\/oem-page\/#primaryimage\"},\"thumbnailUrl\":\"https:\/\/car-o-liner.com\/wp-content\/uploads\/COL_website_headers_2000x1000px-color-profile-web.jpg\",\"datePublished\":\"2023-11-13T21:13:46+00:00\",\"dateModified\":\"2024-04-16T17:09:01+00:00\",\"breadcrumb\":{\"@id\":\"https:\/\/car-o-liner.com\/es\/oem-page\/#breadcrumb\"},\"inLanguage\":\"es\",\"potentialAction\":[{\"@type\":\"ReadAction\",\"target\":[\"https:\/\/car-o-liner.com\/es\/oem-page\/\"]}]},{\"@type\":\"ImageObject\",\"inLanguage\":\"es\",\"@id\":\"https:\/\/car-o-liner.com\/es\/oem-page\/#primaryimage\",\"url\":\"https:\/\/car-o-liner.com\/wp-content\/uploads\/COL_website_headers_2000x1000px-color-profile-web.jpg\",\"contentUrl\":\"https:\/\/car-o-liner.com\/wp-content\/uploads\/COL_website_headers_2000x1000px-color-profile-web.jpg\",\"width\":2000,\"height\":1000,\"caption\":\"Vehicle on a Car-O-Liner Lift\"},{\"@type\":\"BreadcrumbList\",\"@id\":\"https:\/\/car-o-liner.com\/es\/oem-page\/#breadcrumb\",\"itemListElement\":[{\"@type\":\"ListItem\",\"position\":1,\"name\":\"Home\",\"item\":\"https:\/\/car-o-liner.com\/es\/\"},{\"@type\":\"ListItem\",\"position\":2,\"name\":\"OEM\"}]},{\"@type\":\"WebSite\",\"@id\":\"https:\/\/car-o-liner.com\/es\/#website\",\"url\":\"https:\/\/car-o-liner.com\/es\/\",\"name\":\"Car-O-Liner\",\"description\":\"Collision Repair Equipment\",\"publisher\":{\"@id\":\"https:\/\/car-o-liner.com\/es\/#organization\"},\"potentialAction\":[{\"@type\":\"SearchAction\",\"target\":{\"@type\":\"EntryPoint\",\"urlTemplate\":\"https:\/\/car-o-liner.com\/es\/?s={search_term_string}\"},\"query-input\":{\"@type\":\"PropertyValueSpecification\",\"valueRequired\":true,\"valueName\":\"search_term_string\"}}],\"inLanguage\":\"es\"},{\"@type\":\"Organization\",\"@id\":\"https:\/\/car-o-liner.com\/es\/#organization\",\"name\":\"Car-O-Liner\",\"url\":\"https:\/\/car-o-liner.com\/es\/\",\"logo\":{\"@type\":\"ImageObject\",\"inLanguage\":\"es\",\"@id\":\"https:\/\/car-o-liner.com\/es\/#\/schema\/logo\/image\/\",\"url\":\"https:\/\/car-o-liner.com\/wp-content\/uploads\/Car-O-Liner-blue-web.svg\",\"contentUrl\":\"https:\/\/car-o-liner.com\/wp-content\/uploads\/Car-O-Liner-blue-web.svg\",\"width\":250,\"height\":50,\"caption\":\"Car-O-Liner\"},\"image\":{\"@id\":\"https:\/\/car-o-liner.com\/es\/#\/schema\/logo\/image\/\"}}]}<\/script>\n<!-- \/ Yoast SEO plugin. -->","yoast_head_json":{"title":"OEM - Car-O-Liner","robots":{"index":"index","follow":"follow","max-snippet":"max-snippet:-1","max-image-preview":"max-image-preview:large","max-video-preview":"max-video-preview:-1"},"canonical":"https:\/\/car-o-liner.com\/es\/oem-page\/","og_locale":"es_ES","og_type":"article","og_title":"OEM - Car-O-Liner","og_description":"Aprobado por fabricantes de equipos originales de todo el mundo Nuestro compromiso inquebrantable con los fabricantes de equipos originales (OEM) garantiza el desarrollo de equipos, m\u00e9todos y formaci\u00f3n precisos para devolver a su estado original los veh\u00edculos accidentados. Car-O-Liner\u00ae se enorgullece de su estrecha colaboraci\u00f3n con fabricantes de equipos originales de todo el mundo. Las [&hellip;]","og_url":"https:\/\/car-o-liner.com\/es\/oem-page\/","og_site_name":"Car-O-Liner","article_modified_time":"2024-04-16T17:09:01+00:00","og_image":[{"width":2000,"height":1000,"url":"https:\/\/car-o-liner.com\/wp-content\/uploads\/COL_website_headers_2000x1000px-color-profile-web.jpg","type":"image\/jpeg"}],"twitter_card":"summary_large_image","schema":{"@context":"https:\/\/schema.org","@graph":[{"@type":"WebPage","@id":"https:\/\/car-o-liner.com\/es\/oem-page\/","url":"https:\/\/car-o-liner.com\/es\/oem-page\/","name":"OEM - Car-O-Liner","isPartOf":{"@id":"https:\/\/car-o-liner.com\/es\/#website"},"primaryImageOfPage":{"@id":"https:\/\/car-o-liner.com\/es\/oem-page\/#primaryimage"},"image":{"@id":"https:\/\/car-o-liner.com\/es\/oem-page\/#primaryimage"},"thumbnailUrl":"https:\/\/car-o-liner.com\/wp-content\/uploads\/COL_website_headers_2000x1000px-color-profile-web.jpg","datePublished":"2023-11-13T21:13:46+00:00","dateModified":"2024-04-16T17:09:01+00:00","breadcrumb":{"@id":"https:\/\/car-o-liner.com\/es\/oem-page\/#breadcrumb"},"inLanguage":"es","potentialAction":[{"@type":"ReadAction","target":["https:\/\/car-o-liner.com\/es\/oem-page\/"]}]},{"@type":"ImageObject","inLanguage":"es","@id":"https:\/\/car-o-liner.com\/es\/oem-page\/#primaryimage","url":"https:\/\/car-o-liner.com\/wp-content\/uploads\/COL_website_headers_2000x1000px-color-profile-web.jpg","contentUrl":"https:\/\/car-o-liner.com\/wp-content\/uploads\/COL_website_headers_2000x1000px-color-profile-web.jpg","width":2000,"height":1000,"caption":"Vehicle on a Car-O-Liner Lift"},{"@type":"BreadcrumbList","@id":"https:\/\/car-o-liner.com\/es\/oem-page\/#breadcrumb","itemListElement":[{"@type":"ListItem","position":1,"name":"Home","item":"https:\/\/car-o-liner.com\/es\/"},{"@type":"ListItem","position":2,"name":"OEM"}]},{"@type":"WebSite","@id":"https:\/\/car-o-liner.com\/es\/#website","url":"https:\/\/car-o-liner.com\/es\/","name":"Car-O-Liner","description":"Collision Repair Equipment","publisher":{"@id":"https:\/\/car-o-liner.com\/es\/#organization"},"potentialAction":[{"@type":"SearchAction","target":{"@type":"EntryPoint","urlTemplate":"https:\/\/car-o-liner.com\/es\/?s={search_term_string}"},"query-input":{"@type":"PropertyValueSpecification","valueRequired":true,"valueName":"search_term_string"}}],"inLanguage":"es"},{"@type":"Organization","@id":"https:\/\/car-o-liner.com\/es\/#organization","name":"Car-O-Liner","url":"https:\/\/car-o-liner.com\/es\/","logo":{"@type":"ImageObject","inLanguage":"es","@id":"https:\/\/car-o-liner.com\/es\/#\/schema\/logo\/image\/","url":"https:\/\/car-o-liner.com\/wp-content\/uploads\/Car-O-Liner-blue-web.svg","contentUrl":"https:\/\/car-o-liner.com\/wp-content\/uploads\/Car-O-Liner-blue-web.svg","width":250,"height":50,"caption":"Car-O-Liner"},"image":{"@id":"https:\/\/car-o-liner.com\/es\/#\/schema\/logo\/image\/"}}]}},"_links":{"self":[{"href":"https:\/\/car-o-liner.com\/es\/wp-json\/wp\/v2\/pages\/81811","targetHints":{"allow":["GET"]}}],"collection":[{"href":"https:\/\/car-o-liner.com\/es\/wp-json\/wp\/v2\/pages"}],"about":[{"href":"https:\/\/car-o-liner.com\/es\/wp-json\/wp\/v2\/types\/page"}],"author":[{"embeddable":true,"href":"https:\/\/car-o-liner.com\/es\/wp-json\/wp\/v2\/users\/1"}],"replies":[{"embeddable":true,"href":"https:\/\/car-o-liner.com\/es\/wp-json\/wp\/v2\/comments?post=81811"}],"version-history":[{"count":2,"href":"https:\/\/car-o-liner.com\/es\/wp-json\/wp\/v2\/pages\/81811\/revisions"}],"predecessor-version":[{"id":90820,"href":"https:\/\/car-o-liner.com\/es\/wp-json\/wp\/v2\/pages\/81811\/revisions\/90820"}],"wp:featuredmedia":[{"embeddable":true,"href":"https:\/\/car-o-liner.com\/es\/wp-json\/wp\/v2\/media\/83554"}],"wp:attachment":[{"href":"https:\/\/car-o-liner.com\/es\/wp-json\/wp\/v2\/media?parent=81811"}],"curies":[{"name":"wp","href":"https:\/\/api.w.org\/{rel}","templated":true}]}}