{"id":82174,"date":"2023-10-30T17:27:17","date_gmt":"2023-10-30T16:27:17","guid":{"rendered":"https:\/\/car-o-liner-test.phl.togglebox.site\/careers\/"},"modified":"2025-09-26T18:00:44","modified_gmt":"2025-09-26T16:00:44","slug":"careers","status":"publish","type":"page","link":"https:\/\/car-o-liner.com\/es\/careers\/","title":{"rendered":"Carreras"},"content":{"rendered":"\n<h4 class=\"wp-block-heading\">Forme parte de nuestro camino hacia el \u00e9xito<\/h4>\n\n\n\n<p>Car-O-Liner\u00ae, miembro de la FAMILIA TOTAL SHOP SOLUTION de Snap-on\u00ae, es el proveedor l\u00edder mundial de equipos de reparaci\u00f3n de colisiones tecnol\u00f3gicamente avanzados y de alta calidad para el mercado posventa de la automoci\u00f3n, que ofrece soluciones innovadoras, desarrollo t\u00e9cnico, formaci\u00f3n y asistencia al cliente en todo el mundo.<\/p>\n\n\n\n<p>TOTAL SHOP SOLUTIONS es una familia de marcas Snap-on\u00ae que re\u00fane los mejores productos de reparaci\u00f3n de toda la industria. La gente conoce Snap-on\u00ae por la calidad de nuestros productos, pero nosotros sabemos que es la pasi\u00f3n y el car\u00e1cter de nuestra gente lo que hace de nuestra empresa un l\u00edder mundial.<\/p>\n\n\n\n<p>Con nuestros diversos talentos y nuestro profundo orgullo por la familia de marcas Snap-on\u00ae, impulsamos la innovaci\u00f3n y creamos valor.<\/p>\n","protected":false},"excerpt":{"rendered":"<p>Forme parte de nuestro camino hacia el \u00e9xito Car-O-Liner\u00ae, miembro de la FAMILIA TOTAL SHOP SOLUTION de Snap-on\u00ae, es el proveedor l\u00edder mundial de equipos de reparaci\u00f3n de colisiones tecnol\u00f3gicamente avanzados y de alta calidad para el mercado posventa de la automoci\u00f3n, que ofrece soluciones innovadoras, desarrollo t\u00e9cnico, formaci\u00f3n y asistencia al cliente en todo [&hellip;]<\/p>\n","protected":false},"author":1,"featured_media":83633,"parent":0,"menu_order":0,"comment_status":"closed","ping_status":"closed","template":"page-templates\/careers.php","meta":{"footnotes":""},"class_list":["post-82174","page","type-page","status-publish","has-post-thumbnail","hentry"],"yoast_head":"<!-- This site is optimized with the Yoast SEO plugin v27.2 - https:\/\/yoast.com\/product\/yoast-seo-wordpress\/ -->\n<title>Carreras - Car-O-Liner<\/title>\n<meta name=\"robots\" content=\"index, follow, max-snippet:-1, max-image-preview:large, max-video-preview:-1\" \/>\n<link rel=\"canonical\" href=\"https:\/\/car-o-liner.com\/es\/careers\/\" \/>\n<meta property=\"og:locale\" content=\"es_ES\" \/>\n<meta property=\"og:type\" content=\"article\" \/>\n<meta property=\"og:title\" content=\"Carreras - Car-O-Liner\" \/>\n<meta property=\"og:description\" content=\"Forme parte de nuestro camino hacia el \u00e9xito Car-O-Liner\u00ae, miembro de la FAMILIA TOTAL SHOP SOLUTION de Snap-on\u00ae, es el proveedor l\u00edder mundial de equipos de reparaci\u00f3n de colisiones tecnol\u00f3gicamente avanzados y de alta calidad para el mercado posventa de la automoci\u00f3n, que ofrece soluciones innovadoras, desarrollo t\u00e9cnico, formaci\u00f3n y asistencia al cliente en todo [&hellip;]\" \/>\n<meta property=\"og:url\" content=\"https:\/\/car-o-liner.com\/es\/careers\/\" \/>\n<meta property=\"og:site_name\" content=\"Car-O-Liner\" \/>\n<meta property=\"article:modified_time\" content=\"2025-09-26T16:00:44+00:00\" \/>\n<meta property=\"og:image\" content=\"https:\/\/car-o-liner.com\/wp-content\/uploads\/careers-hero-2.jpg\" \/>\n\t<meta property=\"og:image:width\" content=\"2000\" \/>\n\t<meta property=\"og:image:height\" content=\"1000\" \/>\n\t<meta property=\"og:image:type\" content=\"image\/jpeg\" \/>\n<meta name=\"twitter:card\" content=\"summary_large_image\" \/>\n<script type=\"application\/ld+json\" class=\"yoast-schema-graph\">{\"@context\":\"https:\/\/schema.org\",\"@graph\":[{\"@type\":\"WebPage\",\"@id\":\"https:\/\/car-o-liner.com\/es\/careers\/\",\"url\":\"https:\/\/car-o-liner.com\/es\/careers\/\",\"name\":\"Carreras - Car-O-Liner\",\"isPartOf\":{\"@id\":\"https:\/\/car-o-liner.com\/es\/#website\"},\"primaryImageOfPage\":{\"@id\":\"https:\/\/car-o-liner.com\/es\/careers\/#primaryimage\"},\"image\":{\"@id\":\"https:\/\/car-o-liner.com\/es\/careers\/#primaryimage\"},\"thumbnailUrl\":\"https:\/\/car-o-liner.com\/wp-content\/uploads\/careers-hero-2.jpg\",\"datePublished\":\"2023-10-30T16:27:17+00:00\",\"dateModified\":\"2025-09-26T16:00:44+00:00\",\"breadcrumb\":{\"@id\":\"https:\/\/car-o-liner.com\/es\/careers\/#breadcrumb\"},\"inLanguage\":\"es\",\"potentialAction\":[{\"@type\":\"ReadAction\",\"target\":[\"https:\/\/car-o-liner.com\/es\/careers\/\"]}]},{\"@type\":\"ImageObject\",\"inLanguage\":\"es\",\"@id\":\"https:\/\/car-o-liner.com\/es\/careers\/#primaryimage\",\"url\":\"https:\/\/car-o-liner.com\/wp-content\/uploads\/careers-hero-2.jpg\",\"contentUrl\":\"https:\/\/car-o-liner.com\/wp-content\/uploads\/careers-hero-2.jpg\",\"width\":2000,\"height\":1000,\"caption\":\"Smiling Car-O-liner employees\"},{\"@type\":\"BreadcrumbList\",\"@id\":\"https:\/\/car-o-liner.com\/es\/careers\/#breadcrumb\",\"itemListElement\":[{\"@type\":\"ListItem\",\"position\":1,\"name\":\"Home\",\"item\":\"https:\/\/car-o-liner.com\/es\/\"},{\"@type\":\"ListItem\",\"position\":2,\"name\":\"Carreras\"}]},{\"@type\":\"WebSite\",\"@id\":\"https:\/\/car-o-liner.com\/es\/#website\",\"url\":\"https:\/\/car-o-liner.com\/es\/\",\"name\":\"Car-O-Liner\",\"description\":\"Collision Repair Equipment\",\"publisher\":{\"@id\":\"https:\/\/car-o-liner.com\/es\/#organization\"},\"potentialAction\":[{\"@type\":\"SearchAction\",\"target\":{\"@type\":\"EntryPoint\",\"urlTemplate\":\"https:\/\/car-o-liner.com\/es\/?s={search_term_string}\"},\"query-input\":{\"@type\":\"PropertyValueSpecification\",\"valueRequired\":true,\"valueName\":\"search_term_string\"}}],\"inLanguage\":\"es\"},{\"@type\":\"Organization\",\"@id\":\"https:\/\/car-o-liner.com\/es\/#organization\",\"name\":\"Car-O-Liner\",\"url\":\"https:\/\/car-o-liner.com\/es\/\",\"logo\":{\"@type\":\"ImageObject\",\"inLanguage\":\"es\",\"@id\":\"https:\/\/car-o-liner.com\/es\/#\/schema\/logo\/image\/\",\"url\":\"https:\/\/car-o-liner.com\/wp-content\/uploads\/Car-O-Liner-blue-web.svg\",\"contentUrl\":\"https:\/\/car-o-liner.com\/wp-content\/uploads\/Car-O-Liner-blue-web.svg\",\"width\":250,\"height\":50,\"caption\":\"Car-O-Liner\"},\"image\":{\"@id\":\"https:\/\/car-o-liner.com\/es\/#\/schema\/logo\/image\/\"}}]}<\/script>\n<!-- \/ Yoast SEO plugin. -->","yoast_head_json":{"title":"Carreras - Car-O-Liner","robots":{"index":"index","follow":"follow","max-snippet":"max-snippet:-1","max-image-preview":"max-image-preview:large","max-video-preview":"max-video-preview:-1"},"canonical":"https:\/\/car-o-liner.com\/es\/careers\/","og_locale":"es_ES","og_type":"article","og_title":"Carreras - Car-O-Liner","og_description":"Forme parte de nuestro camino hacia el \u00e9xito Car-O-Liner\u00ae, miembro de la FAMILIA TOTAL SHOP SOLUTION de Snap-on\u00ae, es el proveedor l\u00edder mundial de equipos de reparaci\u00f3n de colisiones tecnol\u00f3gicamente avanzados y de alta calidad para el mercado posventa de la automoci\u00f3n, que ofrece soluciones innovadoras, desarrollo t\u00e9cnico, formaci\u00f3n y asistencia al cliente en todo [&hellip;]","og_url":"https:\/\/car-o-liner.com\/es\/careers\/","og_site_name":"Car-O-Liner","article_modified_time":"2025-09-26T16:00:44+00:00","og_image":[{"width":2000,"height":1000,"url":"https:\/\/car-o-liner.com\/wp-content\/uploads\/careers-hero-2.jpg","type":"image\/jpeg"}],"twitter_card":"summary_large_image","schema":{"@context":"https:\/\/schema.org","@graph":[{"@type":"WebPage","@id":"https:\/\/car-o-liner.com\/es\/careers\/","url":"https:\/\/car-o-liner.com\/es\/careers\/","name":"Carreras - Car-O-Liner","isPartOf":{"@id":"https:\/\/car-o-liner.com\/es\/#website"},"primaryImageOfPage":{"@id":"https:\/\/car-o-liner.com\/es\/careers\/#primaryimage"},"image":{"@id":"https:\/\/car-o-liner.com\/es\/careers\/#primaryimage"},"thumbnailUrl":"https:\/\/car-o-liner.com\/wp-content\/uploads\/careers-hero-2.jpg","datePublished":"2023-10-30T16:27:17+00:00","dateModified":"2025-09-26T16:00:44+00:00","breadcrumb":{"@id":"https:\/\/car-o-liner.com\/es\/careers\/#breadcrumb"},"inLanguage":"es","potentialAction":[{"@type":"ReadAction","target":["https:\/\/car-o-liner.com\/es\/careers\/"]}]},{"@type":"ImageObject","inLanguage":"es","@id":"https:\/\/car-o-liner.com\/es\/careers\/#primaryimage","url":"https:\/\/car-o-liner.com\/wp-content\/uploads\/careers-hero-2.jpg","contentUrl":"https:\/\/car-o-liner.com\/wp-content\/uploads\/careers-hero-2.jpg","width":2000,"height":1000,"caption":"Smiling Car-O-liner employees"},{"@type":"BreadcrumbList","@id":"https:\/\/car-o-liner.com\/es\/careers\/#breadcrumb","itemListElement":[{"@type":"ListItem","position":1,"name":"Home","item":"https:\/\/car-o-liner.com\/es\/"},{"@type":"ListItem","position":2,"name":"Carreras"}]},{"@type":"WebSite","@id":"https:\/\/car-o-liner.com\/es\/#website","url":"https:\/\/car-o-liner.com\/es\/","name":"Car-O-Liner","description":"Collision Repair Equipment","publisher":{"@id":"https:\/\/car-o-liner.com\/es\/#organization"},"potentialAction":[{"@type":"SearchAction","target":{"@type":"EntryPoint","urlTemplate":"https:\/\/car-o-liner.com\/es\/?s={search_term_string}"},"query-input":{"@type":"PropertyValueSpecification","valueRequired":true,"valueName":"search_term_string"}}],"inLanguage":"es"},{"@type":"Organization","@id":"https:\/\/car-o-liner.com\/es\/#organization","name":"Car-O-Liner","url":"https:\/\/car-o-liner.com\/es\/","logo":{"@type":"ImageObject","inLanguage":"es","@id":"https:\/\/car-o-liner.com\/es\/#\/schema\/logo\/image\/","url":"https:\/\/car-o-liner.com\/wp-content\/uploads\/Car-O-Liner-blue-web.svg","contentUrl":"https:\/\/car-o-liner.com\/wp-content\/uploads\/Car-O-Liner-blue-web.svg","width":250,"height":50,"caption":"Car-O-Liner"},"image":{"@id":"https:\/\/car-o-liner.com\/es\/#\/schema\/logo\/image\/"}}]}},"_links":{"self":[{"href":"https:\/\/car-o-liner.com\/es\/wp-json\/wp\/v2\/pages\/82174","targetHints":{"allow":["GET"]}}],"collection":[{"href":"https:\/\/car-o-liner.com\/es\/wp-json\/wp\/v2\/pages"}],"about":[{"href":"https:\/\/car-o-liner.com\/es\/wp-json\/wp\/v2\/types\/page"}],"author":[{"embeddable":true,"href":"https:\/\/car-o-liner.com\/es\/wp-json\/wp\/v2\/users\/1"}],"replies":[{"embeddable":true,"href":"https:\/\/car-o-liner.com\/es\/wp-json\/wp\/v2\/comments?post=82174"}],"version-history":[{"count":1,"href":"https:\/\/car-o-liner.com\/es\/wp-json\/wp\/v2\/pages\/82174\/revisions"}],"predecessor-version":[{"id":90720,"href":"https:\/\/car-o-liner.com\/es\/wp-json\/wp\/v2\/pages\/82174\/revisions\/90720"}],"wp:featuredmedia":[{"embeddable":true,"href":"https:\/\/car-o-liner.com\/es\/wp-json\/wp\/v2\/media\/83633"}],"wp:attachment":[{"href":"https:\/\/car-o-liner.com\/es\/wp-json\/wp\/v2\/media?parent=82174"}],"curies":[{"name":"wp","href":"https:\/\/api.w.org\/{rel}","templated":true}]}}