{"id":82212,"date":"2023-11-29T21:42:22","date_gmt":"2023-11-29T20:42:22","guid":{"rendered":"https:\/\/car-o-liner-test.phl.togglebox.site\/tss\/"},"modified":"2024-02-12T23:29:25","modified_gmt":"2024-02-12T22:29:25","slug":"tss","status":"publish","type":"page","link":"https:\/\/car-o-liner.com\/es\/tss\/","title":{"rendered":"Total Shop Solutions"},"content":{"rendered":"\n<figure class=\"wp-block-image size-large\"><img loading=\"lazy\" decoding=\"async\" width=\"1024\" height=\"178\" src=\"https:\/\/car-o-liner-test.phl.togglebox.site\/wp-content\/uploads\/TSS-black-text-1024x178.png\" alt=\"\" class=\"wp-image-79908\" srcset=\"https:\/\/car-o-liner.com\/wp-content\/uploads\/TSS-black-text-1024x178.png 1024w, https:\/\/car-o-liner.com\/wp-content\/uploads\/TSS-black-text-300x52.png 300w, https:\/\/car-o-liner.com\/wp-content\/uploads\/TSS-black-text-768x133.png 768w, https:\/\/car-o-liner.com\/wp-content\/uploads\/TSS-black-text-1536x267.png 1536w, https:\/\/car-o-liner.com\/wp-content\/uploads\/TSS-black-text-2048x356.png 2048w\" sizes=\"auto, (max-width: 1024px) 100vw, 1024px\" \/><\/figure>\n<p>Total Shop Solutions es una familia de marcas Snap-on\u00ae que re\u00fane los mejores productos de reparaci\u00f3n de autom\u00f3viles de todo el sector.<\/p>\n\n<p>Desde equilibradoras de ruedas, alineadoras de ruedas y diagn\u00f3sticos, hasta tornos de frenos, elevadores de autom\u00f3viles y reparaci\u00f3n de colisiones, las marcas de Total Shop Solutions ofrecen una amplitud \u00fanica de soluciones para equipar cualquier taller desde el suelo hasta el techo.<\/p>\n","protected":false},"excerpt":{"rendered":"<p>Total Shop Solutions es una familia de marcas Snap-on\u00ae que re\u00fane los mejores productos de reparaci\u00f3n de autom\u00f3viles de todo el sector. Desde equilibradoras de ruedas, alineadoras de ruedas y diagn\u00f3sticos, hasta tornos de frenos, elevadores de autom\u00f3viles y reparaci\u00f3n de colisiones, las marcas de Total Shop Solutions ofrecen una amplitud \u00fanica de soluciones para [&hellip;]<\/p>\n","protected":false},"author":1,"featured_media":82214,"parent":0,"menu_order":0,"comment_status":"closed","ping_status":"closed","template":"page-templates\/tss-page.php","meta":{"footnotes":""},"class_list":["post-82212","page","type-page","status-publish","has-post-thumbnail","hentry"],"yoast_head":"<!-- This site is optimized with the Yoast SEO plugin v27.2 - https:\/\/yoast.com\/product\/yoast-seo-wordpress\/ -->\n<title>Total Shop Solutions - Car-O-Liner<\/title>\n<meta name=\"robots\" content=\"index, follow, max-snippet:-1, max-image-preview:large, max-video-preview:-1\" \/>\n<link rel=\"canonical\" href=\"https:\/\/car-o-liner.com\/es\/tss\/\" \/>\n<meta property=\"og:locale\" content=\"es_ES\" \/>\n<meta property=\"og:type\" content=\"article\" \/>\n<meta property=\"og:title\" content=\"Total Shop Solutions - Car-O-Liner\" \/>\n<meta property=\"og:description\" content=\"Total Shop Solutions es una familia de marcas Snap-on\u00ae que re\u00fane los mejores productos de reparaci\u00f3n de autom\u00f3viles de todo el sector. Desde equilibradoras de ruedas, alineadoras de ruedas y diagn\u00f3sticos, hasta tornos de frenos, elevadores de autom\u00f3viles y reparaci\u00f3n de colisiones, las marcas de Total Shop Solutions ofrecen una amplitud \u00fanica de soluciones para [&hellip;]\" \/>\n<meta property=\"og:url\" content=\"https:\/\/car-o-liner.com\/es\/tss\/\" \/>\n<meta property=\"og:site_name\" content=\"Car-O-Liner\" \/>\n<meta property=\"article:modified_time\" content=\"2024-02-12T22:29:25+00:00\" \/>\n<meta property=\"og:image\" content=\"https:\/\/car-o-liner.com\/wp-content\/uploads\/Hero_2000x1000px_TSS2.png\" \/>\n\t<meta property=\"og:image:width\" content=\"2000\" \/>\n\t<meta property=\"og:image:height\" content=\"1000\" \/>\n\t<meta property=\"og:image:type\" content=\"image\/png\" \/>\n<meta name=\"twitter:card\" content=\"summary_large_image\" \/>\n<script type=\"application\/ld+json\" class=\"yoast-schema-graph\">{\"@context\":\"https:\/\/schema.org\",\"@graph\":[{\"@type\":\"WebPage\",\"@id\":\"https:\/\/car-o-liner.com\/es\/tss\/\",\"url\":\"https:\/\/car-o-liner.com\/es\/tss\/\",\"name\":\"Total Shop Solutions - Car-O-Liner\",\"isPartOf\":{\"@id\":\"https:\/\/car-o-liner.com\/es\/#website\"},\"primaryImageOfPage\":{\"@id\":\"https:\/\/car-o-liner.com\/es\/tss\/#primaryimage\"},\"image\":{\"@id\":\"https:\/\/car-o-liner.com\/es\/tss\/#primaryimage\"},\"thumbnailUrl\":\"https:\/\/car-o-liner.com\/wp-content\/uploads\/Hero_2000x1000px_TSS2.png\",\"datePublished\":\"2023-11-29T20:42:22+00:00\",\"dateModified\":\"2024-02-12T22:29:25+00:00\",\"breadcrumb\":{\"@id\":\"https:\/\/car-o-liner.com\/es\/tss\/#breadcrumb\"},\"inLanguage\":\"es\",\"potentialAction\":[{\"@type\":\"ReadAction\",\"target\":[\"https:\/\/car-o-liner.com\/es\/tss\/\"]}]},{\"@type\":\"ImageObject\",\"inLanguage\":\"es\",\"@id\":\"https:\/\/car-o-liner.com\/es\/tss\/#primaryimage\",\"url\":\"https:\/\/car-o-liner.com\/wp-content\/uploads\/Hero_2000x1000px_TSS2.png\",\"contentUrl\":\"https:\/\/car-o-liner.com\/wp-content\/uploads\/Hero_2000x1000px_TSS2.png\",\"width\":2000,\"height\":1000},{\"@type\":\"BreadcrumbList\",\"@id\":\"https:\/\/car-o-liner.com\/es\/tss\/#breadcrumb\",\"itemListElement\":[{\"@type\":\"ListItem\",\"position\":1,\"name\":\"Home\",\"item\":\"https:\/\/car-o-liner.com\/es\/\"},{\"@type\":\"ListItem\",\"position\":2,\"name\":\"Total Shop Solutions\"}]},{\"@type\":\"WebSite\",\"@id\":\"https:\/\/car-o-liner.com\/es\/#website\",\"url\":\"https:\/\/car-o-liner.com\/es\/\",\"name\":\"Car-O-Liner\",\"description\":\"Collision Repair Equipment\",\"publisher\":{\"@id\":\"https:\/\/car-o-liner.com\/es\/#organization\"},\"potentialAction\":[{\"@type\":\"SearchAction\",\"target\":{\"@type\":\"EntryPoint\",\"urlTemplate\":\"https:\/\/car-o-liner.com\/es\/?s={search_term_string}\"},\"query-input\":{\"@type\":\"PropertyValueSpecification\",\"valueRequired\":true,\"valueName\":\"search_term_string\"}}],\"inLanguage\":\"es\"},{\"@type\":\"Organization\",\"@id\":\"https:\/\/car-o-liner.com\/es\/#organization\",\"name\":\"Car-O-Liner\",\"url\":\"https:\/\/car-o-liner.com\/es\/\",\"logo\":{\"@type\":\"ImageObject\",\"inLanguage\":\"es\",\"@id\":\"https:\/\/car-o-liner.com\/es\/#\/schema\/logo\/image\/\",\"url\":\"https:\/\/car-o-liner.com\/wp-content\/uploads\/Car-O-Liner-blue-web.svg\",\"contentUrl\":\"https:\/\/car-o-liner.com\/wp-content\/uploads\/Car-O-Liner-blue-web.svg\",\"width\":250,\"height\":50,\"caption\":\"Car-O-Liner\"},\"image\":{\"@id\":\"https:\/\/car-o-liner.com\/es\/#\/schema\/logo\/image\/\"}}]}<\/script>\n<!-- \/ Yoast SEO plugin. -->","yoast_head_json":{"title":"Total Shop Solutions - Car-O-Liner","robots":{"index":"index","follow":"follow","max-snippet":"max-snippet:-1","max-image-preview":"max-image-preview:large","max-video-preview":"max-video-preview:-1"},"canonical":"https:\/\/car-o-liner.com\/es\/tss\/","og_locale":"es_ES","og_type":"article","og_title":"Total Shop Solutions - Car-O-Liner","og_description":"Total Shop Solutions es una familia de marcas Snap-on\u00ae que re\u00fane los mejores productos de reparaci\u00f3n de autom\u00f3viles de todo el sector. Desde equilibradoras de ruedas, alineadoras de ruedas y diagn\u00f3sticos, hasta tornos de frenos, elevadores de autom\u00f3viles y reparaci\u00f3n de colisiones, las marcas de Total Shop Solutions ofrecen una amplitud \u00fanica de soluciones para [&hellip;]","og_url":"https:\/\/car-o-liner.com\/es\/tss\/","og_site_name":"Car-O-Liner","article_modified_time":"2024-02-12T22:29:25+00:00","og_image":[{"width":2000,"height":1000,"url":"https:\/\/car-o-liner.com\/wp-content\/uploads\/Hero_2000x1000px_TSS2.png","type":"image\/png"}],"twitter_card":"summary_large_image","schema":{"@context":"https:\/\/schema.org","@graph":[{"@type":"WebPage","@id":"https:\/\/car-o-liner.com\/es\/tss\/","url":"https:\/\/car-o-liner.com\/es\/tss\/","name":"Total Shop Solutions - Car-O-Liner","isPartOf":{"@id":"https:\/\/car-o-liner.com\/es\/#website"},"primaryImageOfPage":{"@id":"https:\/\/car-o-liner.com\/es\/tss\/#primaryimage"},"image":{"@id":"https:\/\/car-o-liner.com\/es\/tss\/#primaryimage"},"thumbnailUrl":"https:\/\/car-o-liner.com\/wp-content\/uploads\/Hero_2000x1000px_TSS2.png","datePublished":"2023-11-29T20:42:22+00:00","dateModified":"2024-02-12T22:29:25+00:00","breadcrumb":{"@id":"https:\/\/car-o-liner.com\/es\/tss\/#breadcrumb"},"inLanguage":"es","potentialAction":[{"@type":"ReadAction","target":["https:\/\/car-o-liner.com\/es\/tss\/"]}]},{"@type":"ImageObject","inLanguage":"es","@id":"https:\/\/car-o-liner.com\/es\/tss\/#primaryimage","url":"https:\/\/car-o-liner.com\/wp-content\/uploads\/Hero_2000x1000px_TSS2.png","contentUrl":"https:\/\/car-o-liner.com\/wp-content\/uploads\/Hero_2000x1000px_TSS2.png","width":2000,"height":1000},{"@type":"BreadcrumbList","@id":"https:\/\/car-o-liner.com\/es\/tss\/#breadcrumb","itemListElement":[{"@type":"ListItem","position":1,"name":"Home","item":"https:\/\/car-o-liner.com\/es\/"},{"@type":"ListItem","position":2,"name":"Total Shop Solutions"}]},{"@type":"WebSite","@id":"https:\/\/car-o-liner.com\/es\/#website","url":"https:\/\/car-o-liner.com\/es\/","name":"Car-O-Liner","description":"Collision Repair Equipment","publisher":{"@id":"https:\/\/car-o-liner.com\/es\/#organization"},"potentialAction":[{"@type":"SearchAction","target":{"@type":"EntryPoint","urlTemplate":"https:\/\/car-o-liner.com\/es\/?s={search_term_string}"},"query-input":{"@type":"PropertyValueSpecification","valueRequired":true,"valueName":"search_term_string"}}],"inLanguage":"es"},{"@type":"Organization","@id":"https:\/\/car-o-liner.com\/es\/#organization","name":"Car-O-Liner","url":"https:\/\/car-o-liner.com\/es\/","logo":{"@type":"ImageObject","inLanguage":"es","@id":"https:\/\/car-o-liner.com\/es\/#\/schema\/logo\/image\/","url":"https:\/\/car-o-liner.com\/wp-content\/uploads\/Car-O-Liner-blue-web.svg","contentUrl":"https:\/\/car-o-liner.com\/wp-content\/uploads\/Car-O-Liner-blue-web.svg","width":250,"height":50,"caption":"Car-O-Liner"},"image":{"@id":"https:\/\/car-o-liner.com\/es\/#\/schema\/logo\/image\/"}}]}},"_links":{"self":[{"href":"https:\/\/car-o-liner.com\/es\/wp-json\/wp\/v2\/pages\/82212","targetHints":{"allow":["GET"]}}],"collection":[{"href":"https:\/\/car-o-liner.com\/es\/wp-json\/wp\/v2\/pages"}],"about":[{"href":"https:\/\/car-o-liner.com\/es\/wp-json\/wp\/v2\/types\/page"}],"author":[{"embeddable":true,"href":"https:\/\/car-o-liner.com\/es\/wp-json\/wp\/v2\/users\/1"}],"replies":[{"embeddable":true,"href":"https:\/\/car-o-liner.com\/es\/wp-json\/wp\/v2\/comments?post=82212"}],"version-history":[{"count":2,"href":"https:\/\/car-o-liner.com\/es\/wp-json\/wp\/v2\/pages\/82212\/revisions"}],"predecessor-version":[{"id":85646,"href":"https:\/\/car-o-liner.com\/es\/wp-json\/wp\/v2\/pages\/82212\/revisions\/85646"}],"wp:featuredmedia":[{"embeddable":true,"href":"https:\/\/car-o-liner.com\/es\/wp-json\/wp\/v2\/media\/82214"}],"wp:attachment":[{"href":"https:\/\/car-o-liner.com\/es\/wp-json\/wp\/v2\/media?parent=82212"}],"curies":[{"name":"wp","href":"https:\/\/api.w.org\/{rel}","templated":true}]}}