{"id":81696,"date":"2023-06-30T20:53:50","date_gmt":"2023-06-30T18:53:50","guid":{"rendered":"https:\/\/car-o-liner-test.phl.togglebox.site\/product\/alignment-straightening\/"},"modified":"2024-11-05T13:28:02","modified_gmt":"2024-11-05T12:28:02","slug":"alineacion-y-enderezado","status":"publish","type":"product","link":"https:\/\/car-o-liner.com\/es\/producto\/alineacion-y-enderezado\/","title":{"rendered":"Alineaci\u00f3n y Enderezamiento"},"content":{"rendered":"\n<p>Mayor precisi\u00f3n en las reparaciones<\/p>\n","protected":false},"excerpt":{"rendered":"<p>Mayor precisi\u00f3n en las reparaciones y mayores beneficios<\/p>\n","protected":false},"featured_media":81698,"parent":0,"menu_order":1,"template":"page-templates\/joining-heating.php","format":"standard","meta":[],"class_list":["post-81696","product","type-product","status-publish","format-standard","has-post-thumbnail","hentry"],"yoast_head":"<!-- This site is optimized with the Yoast SEO plugin v27.2 - https:\/\/yoast.com\/product\/yoast-seo-wordpress\/ -->\n<title>Alineaci\u00f3n y enderezado | Car-O-Liner ES<\/title>\n<meta name=\"description\" content=\"Proporcione herramientas de alineaci\u00f3n y enderezamiento precisas para la reparaci\u00f3n de colisiones. Eleve su taller con nuestras soluciones de equipamiento de \u00faltima generaci\u00f3n.\" \/>\n<meta name=\"robots\" content=\"index, follow, max-snippet:-1, max-image-preview:large, max-video-preview:-1\" \/>\n<link rel=\"canonical\" href=\"https:\/\/car-o-liner.com\/es\/producto\/alineacion-y-enderezado\/\" \/>\n<meta property=\"og:locale\" content=\"es_ES\" \/>\n<meta property=\"og:type\" content=\"article\" \/>\n<meta property=\"og:title\" content=\"Alineaci\u00f3n y enderezado | Car-O-Liner ES\" \/>\n<meta property=\"og:description\" content=\"Proporcione herramientas de alineaci\u00f3n y enderezamiento precisas para la reparaci\u00f3n de colisiones. Eleve su taller con nuestras soluciones de equipamiento de \u00faltima generaci\u00f3n.\" \/>\n<meta property=\"og:url\" content=\"https:\/\/car-o-liner.com\/es\/producto\/alineacion-y-enderezado\/\" \/>\n<meta property=\"og:site_name\" content=\"Car-O-Liner\" \/>\n<meta property=\"article:modified_time\" content=\"2024-11-05T12:28:02+00:00\" \/>\n<meta name=\"twitter:card\" content=\"summary_large_image\" \/>\n<script type=\"application\/ld+json\" class=\"yoast-schema-graph\">{\"@context\":\"https:\/\/schema.org\",\"@graph\":[{\"@type\":\"WebPage\",\"@id\":\"https:\/\/car-o-liner.com\/es\/producto\/alineacion-y-enderezado\/\",\"url\":\"https:\/\/car-o-liner.com\/es\/producto\/alineacion-y-enderezado\/\",\"name\":\"Alineaci\u00f3n y enderezado | Car-O-Liner ES\",\"isPartOf\":{\"@id\":\"https:\/\/car-o-liner.com\/es\/#website\"},\"primaryImageOfPage\":{\"@id\":\"https:\/\/car-o-liner.com\/es\/producto\/alineacion-y-enderezado\/#primaryimage\"},\"image\":{\"@id\":\"https:\/\/car-o-liner.com\/es\/producto\/alineacion-y-enderezado\/#primaryimage\"},\"thumbnailUrl\":\"https:\/\/car-o-liner.com\/wp-content\/uploads\/media_library_export-caroliner-2023_08_08_15_04_31\/alignment_straightening.svg\",\"datePublished\":\"2023-06-30T18:53:50+00:00\",\"dateModified\":\"2024-11-05T12:28:02+00:00\",\"description\":\"Proporcione herramientas de alineaci\u00f3n y enderezamiento precisas para la reparaci\u00f3n de colisiones. Eleve su taller con nuestras soluciones de equipamiento de \u00faltima generaci\u00f3n.\",\"breadcrumb\":{\"@id\":\"https:\/\/car-o-liner.com\/es\/producto\/alineacion-y-enderezado\/#breadcrumb\"},\"inLanguage\":\"es\",\"potentialAction\":[{\"@type\":\"ReadAction\",\"target\":[\"https:\/\/car-o-liner.com\/es\/producto\/alineacion-y-enderezado\/\"]}]},{\"@type\":\"ImageObject\",\"inLanguage\":\"es\",\"@id\":\"https:\/\/car-o-liner.com\/es\/producto\/alineacion-y-enderezado\/#primaryimage\",\"url\":\"https:\/\/car-o-liner.com\/wp-content\/uploads\/media_library_export-caroliner-2023_08_08_15_04_31\/alignment_straightening.svg\",\"contentUrl\":\"https:\/\/car-o-liner.com\/wp-content\/uploads\/media_library_export-caroliner-2023_08_08_15_04_31\/alignment_straightening.svg\",\"width\":512,\"height\":512},{\"@type\":\"BreadcrumbList\",\"@id\":\"https:\/\/car-o-liner.com\/es\/producto\/alineacion-y-enderezado\/#breadcrumb\",\"itemListElement\":[{\"@type\":\"ListItem\",\"position\":1,\"name\":\"Home\",\"item\":\"https:\/\/car-o-liner.com\/es\/\"},{\"@type\":\"ListItem\",\"position\":2,\"name\":\"Alineaci\u00f3n y Enderezamiento\"}]},{\"@type\":\"WebSite\",\"@id\":\"https:\/\/car-o-liner.com\/es\/#website\",\"url\":\"https:\/\/car-o-liner.com\/es\/\",\"name\":\"Car-O-Liner\",\"description\":\"Collision Repair Equipment\",\"publisher\":{\"@id\":\"https:\/\/car-o-liner.com\/es\/#organization\"},\"potentialAction\":[{\"@type\":\"SearchAction\",\"target\":{\"@type\":\"EntryPoint\",\"urlTemplate\":\"https:\/\/car-o-liner.com\/es\/?s={search_term_string}\"},\"query-input\":{\"@type\":\"PropertyValueSpecification\",\"valueRequired\":true,\"valueName\":\"search_term_string\"}}],\"inLanguage\":\"es\"},{\"@type\":\"Organization\",\"@id\":\"https:\/\/car-o-liner.com\/es\/#organization\",\"name\":\"Car-O-Liner\",\"url\":\"https:\/\/car-o-liner.com\/es\/\",\"logo\":{\"@type\":\"ImageObject\",\"inLanguage\":\"es\",\"@id\":\"https:\/\/car-o-liner.com\/es\/#\/schema\/logo\/image\/\",\"url\":\"https:\/\/car-o-liner.com\/wp-content\/uploads\/Car-O-Liner-blue-web.svg\",\"contentUrl\":\"https:\/\/car-o-liner.com\/wp-content\/uploads\/Car-O-Liner-blue-web.svg\",\"width\":250,\"height\":50,\"caption\":\"Car-O-Liner\"},\"image\":{\"@id\":\"https:\/\/car-o-liner.com\/es\/#\/schema\/logo\/image\/\"}}]}<\/script>\n<!-- \/ Yoast SEO plugin. -->","yoast_head_json":{"title":"Alineaci\u00f3n y enderezado | Car-O-Liner ES","description":"Proporcione herramientas de alineaci\u00f3n y enderezamiento precisas para la reparaci\u00f3n de colisiones. Eleve su taller con nuestras soluciones de equipamiento de \u00faltima generaci\u00f3n.","robots":{"index":"index","follow":"follow","max-snippet":"max-snippet:-1","max-image-preview":"max-image-preview:large","max-video-preview":"max-video-preview:-1"},"canonical":"https:\/\/car-o-liner.com\/es\/producto\/alineacion-y-enderezado\/","og_locale":"es_ES","og_type":"article","og_title":"Alineaci\u00f3n y enderezado | Car-O-Liner ES","og_description":"Proporcione herramientas de alineaci\u00f3n y enderezamiento precisas para la reparaci\u00f3n de colisiones. Eleve su taller con nuestras soluciones de equipamiento de \u00faltima generaci\u00f3n.","og_url":"https:\/\/car-o-liner.com\/es\/producto\/alineacion-y-enderezado\/","og_site_name":"Car-O-Liner","article_modified_time":"2024-11-05T12:28:02+00:00","twitter_card":"summary_large_image","schema":{"@context":"https:\/\/schema.org","@graph":[{"@type":"WebPage","@id":"https:\/\/car-o-liner.com\/es\/producto\/alineacion-y-enderezado\/","url":"https:\/\/car-o-liner.com\/es\/producto\/alineacion-y-enderezado\/","name":"Alineaci\u00f3n y enderezado | Car-O-Liner ES","isPartOf":{"@id":"https:\/\/car-o-liner.com\/es\/#website"},"primaryImageOfPage":{"@id":"https:\/\/car-o-liner.com\/es\/producto\/alineacion-y-enderezado\/#primaryimage"},"image":{"@id":"https:\/\/car-o-liner.com\/es\/producto\/alineacion-y-enderezado\/#primaryimage"},"thumbnailUrl":"https:\/\/car-o-liner.com\/wp-content\/uploads\/media_library_export-caroliner-2023_08_08_15_04_31\/alignment_straightening.svg","datePublished":"2023-06-30T18:53:50+00:00","dateModified":"2024-11-05T12:28:02+00:00","description":"Proporcione herramientas de alineaci\u00f3n y enderezamiento precisas para la reparaci\u00f3n de colisiones. Eleve su taller con nuestras soluciones de equipamiento de \u00faltima generaci\u00f3n.","breadcrumb":{"@id":"https:\/\/car-o-liner.com\/es\/producto\/alineacion-y-enderezado\/#breadcrumb"},"inLanguage":"es","potentialAction":[{"@type":"ReadAction","target":["https:\/\/car-o-liner.com\/es\/producto\/alineacion-y-enderezado\/"]}]},{"@type":"ImageObject","inLanguage":"es","@id":"https:\/\/car-o-liner.com\/es\/producto\/alineacion-y-enderezado\/#primaryimage","url":"https:\/\/car-o-liner.com\/wp-content\/uploads\/media_library_export-caroliner-2023_08_08_15_04_31\/alignment_straightening.svg","contentUrl":"https:\/\/car-o-liner.com\/wp-content\/uploads\/media_library_export-caroliner-2023_08_08_15_04_31\/alignment_straightening.svg","width":512,"height":512},{"@type":"BreadcrumbList","@id":"https:\/\/car-o-liner.com\/es\/producto\/alineacion-y-enderezado\/#breadcrumb","itemListElement":[{"@type":"ListItem","position":1,"name":"Home","item":"https:\/\/car-o-liner.com\/es\/"},{"@type":"ListItem","position":2,"name":"Alineaci\u00f3n y Enderezamiento"}]},{"@type":"WebSite","@id":"https:\/\/car-o-liner.com\/es\/#website","url":"https:\/\/car-o-liner.com\/es\/","name":"Car-O-Liner","description":"Collision Repair Equipment","publisher":{"@id":"https:\/\/car-o-liner.com\/es\/#organization"},"potentialAction":[{"@type":"SearchAction","target":{"@type":"EntryPoint","urlTemplate":"https:\/\/car-o-liner.com\/es\/?s={search_term_string}"},"query-input":{"@type":"PropertyValueSpecification","valueRequired":true,"valueName":"search_term_string"}}],"inLanguage":"es"},{"@type":"Organization","@id":"https:\/\/car-o-liner.com\/es\/#organization","name":"Car-O-Liner","url":"https:\/\/car-o-liner.com\/es\/","logo":{"@type":"ImageObject","inLanguage":"es","@id":"https:\/\/car-o-liner.com\/es\/#\/schema\/logo\/image\/","url":"https:\/\/car-o-liner.com\/wp-content\/uploads\/Car-O-Liner-blue-web.svg","contentUrl":"https:\/\/car-o-liner.com\/wp-content\/uploads\/Car-O-Liner-blue-web.svg","width":250,"height":50,"caption":"Car-O-Liner"},"image":{"@id":"https:\/\/car-o-liner.com\/es\/#\/schema\/logo\/image\/"}}]}},"_links":{"self":[{"href":"https:\/\/car-o-liner.com\/es\/wp-json\/wp\/v2\/product\/81696","targetHints":{"allow":["GET"]}}],"collection":[{"href":"https:\/\/car-o-liner.com\/es\/wp-json\/wp\/v2\/product"}],"about":[{"href":"https:\/\/car-o-liner.com\/es\/wp-json\/wp\/v2\/types\/product"}],"wp:featuredmedia":[{"embeddable":true,"href":"https:\/\/car-o-liner.com\/es\/wp-json\/wp\/v2\/media\/81698"}],"wp:attachment":[{"href":"https:\/\/car-o-liner.com\/es\/wp-json\/wp\/v2\/media?parent=81696"}],"curies":[{"name":"wp","href":"https:\/\/api.w.org\/{rel}","templated":true}]}}