{"id":81776,"date":"2023-06-30T20:55:33","date_gmt":"2023-06-30T18:55:33","guid":{"rendered":"https:\/\/car-o-liner-test.phl.togglebox.site\/product\/measuring-systems\/"},"modified":"2024-04-15T13:55:33","modified_gmt":"2024-04-15T11:55:33","slug":"sistemas-de-medicion","status":"publish","type":"product","link":"https:\/\/car-o-liner.com\/es\/producto\/sistemas-de-medicion\/","title":{"rendered":"Sistemas de Medici\u00f3n"},"content":{"rendered":"\n<p>Medici\u00f3n electr\u00f3nica 3D precisa<\/p>\n","protected":false},"excerpt":{"rendered":"<p>Medici\u00f3n electr\u00f3nica 3D precisa<\/p>\n","protected":false},"featured_media":81778,"parent":0,"menu_order":3,"template":"page-templates\/measuring-systems.php","format":"standard","meta":[],"class_list":["post-81776","product","type-product","status-publish","format-standard","has-post-thumbnail","hentry"],"yoast_head":"<!-- This site is optimized with the Yoast SEO plugin v27.2 - https:\/\/yoast.com\/product\/yoast-seo-wordpress\/ -->\n<title>Sistemas de medici\u00f3n | Car-O-Liner ES<\/title>\n<meta name=\"description\" content=\"Descubra sistemas de medici\u00f3n de carrocer\u00edas de autom\u00f3viles de vanguardia para una reparaci\u00f3n precisa de las colisiones. Nuestras herramientas proporcionan precisi\u00f3n de nivel profesional.\" \/>\n<meta name=\"robots\" content=\"index, follow, max-snippet:-1, max-image-preview:large, max-video-preview:-1\" \/>\n<link rel=\"canonical\" href=\"https:\/\/car-o-liner.com\/es\/producto\/sistemas-de-medicion\/\" \/>\n<meta property=\"og:locale\" content=\"es_ES\" \/>\n<meta property=\"og:type\" content=\"article\" \/>\n<meta property=\"og:title\" content=\"Sistemas de medici\u00f3n | Car-O-Liner ES\" \/>\n<meta property=\"og:description\" content=\"Descubra sistemas de medici\u00f3n de carrocer\u00edas de autom\u00f3viles de vanguardia para una reparaci\u00f3n precisa de las colisiones. Nuestras herramientas proporcionan precisi\u00f3n de nivel profesional.\" \/>\n<meta property=\"og:url\" content=\"https:\/\/car-o-liner.com\/es\/producto\/sistemas-de-medicion\/\" \/>\n<meta property=\"og:site_name\" content=\"Car-O-Liner\" \/>\n<meta property=\"article:modified_time\" content=\"2024-04-15T11:55:33+00:00\" \/>\n<meta name=\"twitter:card\" content=\"summary_large_image\" \/>\n<script type=\"application\/ld+json\" class=\"yoast-schema-graph\">{\"@context\":\"https:\/\/schema.org\",\"@graph\":[{\"@type\":\"WebPage\",\"@id\":\"https:\/\/car-o-liner.com\/es\/producto\/sistemas-de-medicion\/\",\"url\":\"https:\/\/car-o-liner.com\/es\/producto\/sistemas-de-medicion\/\",\"name\":\"Sistemas de medici\u00f3n | Car-O-Liner ES\",\"isPartOf\":{\"@id\":\"https:\/\/car-o-liner.com\/es\/#website\"},\"primaryImageOfPage\":{\"@id\":\"https:\/\/car-o-liner.com\/es\/producto\/sistemas-de-medicion\/#primaryimage\"},\"image\":{\"@id\":\"https:\/\/car-o-liner.com\/es\/producto\/sistemas-de-medicion\/#primaryimage\"},\"thumbnailUrl\":\"https:\/\/car-o-liner.com\/wp-content\/uploads\/media_library_export-caroliner-2023_08_08_15_04_31\/measuring.svg\",\"datePublished\":\"2023-06-30T18:55:33+00:00\",\"dateModified\":\"2024-04-15T11:55:33+00:00\",\"description\":\"Descubra sistemas de medici\u00f3n de carrocer\u00edas de autom\u00f3viles de vanguardia para una reparaci\u00f3n precisa de las colisiones. Nuestras herramientas proporcionan precisi\u00f3n de nivel profesional.\",\"breadcrumb\":{\"@id\":\"https:\/\/car-o-liner.com\/es\/producto\/sistemas-de-medicion\/#breadcrumb\"},\"inLanguage\":\"es\",\"potentialAction\":[{\"@type\":\"ReadAction\",\"target\":[\"https:\/\/car-o-liner.com\/es\/producto\/sistemas-de-medicion\/\"]}]},{\"@type\":\"ImageObject\",\"inLanguage\":\"es\",\"@id\":\"https:\/\/car-o-liner.com\/es\/producto\/sistemas-de-medicion\/#primaryimage\",\"url\":\"https:\/\/car-o-liner.com\/wp-content\/uploads\/media_library_export-caroliner-2023_08_08_15_04_31\/measuring.svg\",\"contentUrl\":\"https:\/\/car-o-liner.com\/wp-content\/uploads\/media_library_export-caroliner-2023_08_08_15_04_31\/measuring.svg\",\"width\":512,\"height\":512},{\"@type\":\"BreadcrumbList\",\"@id\":\"https:\/\/car-o-liner.com\/es\/producto\/sistemas-de-medicion\/#breadcrumb\",\"itemListElement\":[{\"@type\":\"ListItem\",\"position\":1,\"name\":\"Home\",\"item\":\"https:\/\/car-o-liner.com\/es\/\"},{\"@type\":\"ListItem\",\"position\":2,\"name\":\"Sistemas de Medici\u00f3n\"}]},{\"@type\":\"WebSite\",\"@id\":\"https:\/\/car-o-liner.com\/es\/#website\",\"url\":\"https:\/\/car-o-liner.com\/es\/\",\"name\":\"Car-O-Liner\",\"description\":\"Collision Repair Equipment\",\"publisher\":{\"@id\":\"https:\/\/car-o-liner.com\/es\/#organization\"},\"potentialAction\":[{\"@type\":\"SearchAction\",\"target\":{\"@type\":\"EntryPoint\",\"urlTemplate\":\"https:\/\/car-o-liner.com\/es\/?s={search_term_string}\"},\"query-input\":{\"@type\":\"PropertyValueSpecification\",\"valueRequired\":true,\"valueName\":\"search_term_string\"}}],\"inLanguage\":\"es\"},{\"@type\":\"Organization\",\"@id\":\"https:\/\/car-o-liner.com\/es\/#organization\",\"name\":\"Car-O-Liner\",\"url\":\"https:\/\/car-o-liner.com\/es\/\",\"logo\":{\"@type\":\"ImageObject\",\"inLanguage\":\"es\",\"@id\":\"https:\/\/car-o-liner.com\/es\/#\/schema\/logo\/image\/\",\"url\":\"https:\/\/car-o-liner.com\/wp-content\/uploads\/Car-O-Liner-blue-web.svg\",\"contentUrl\":\"https:\/\/car-o-liner.com\/wp-content\/uploads\/Car-O-Liner-blue-web.svg\",\"width\":250,\"height\":50,\"caption\":\"Car-O-Liner\"},\"image\":{\"@id\":\"https:\/\/car-o-liner.com\/es\/#\/schema\/logo\/image\/\"}}]}<\/script>\n<!-- \/ Yoast SEO plugin. -->","yoast_head_json":{"title":"Sistemas de medici\u00f3n | Car-O-Liner ES","description":"Descubra sistemas de medici\u00f3n de carrocer\u00edas de autom\u00f3viles de vanguardia para una reparaci\u00f3n precisa de las colisiones. Nuestras herramientas proporcionan precisi\u00f3n de nivel profesional.","robots":{"index":"index","follow":"follow","max-snippet":"max-snippet:-1","max-image-preview":"max-image-preview:large","max-video-preview":"max-video-preview:-1"},"canonical":"https:\/\/car-o-liner.com\/es\/producto\/sistemas-de-medicion\/","og_locale":"es_ES","og_type":"article","og_title":"Sistemas de medici\u00f3n | Car-O-Liner ES","og_description":"Descubra sistemas de medici\u00f3n de carrocer\u00edas de autom\u00f3viles de vanguardia para una reparaci\u00f3n precisa de las colisiones. Nuestras herramientas proporcionan precisi\u00f3n de nivel profesional.","og_url":"https:\/\/car-o-liner.com\/es\/producto\/sistemas-de-medicion\/","og_site_name":"Car-O-Liner","article_modified_time":"2024-04-15T11:55:33+00:00","twitter_card":"summary_large_image","schema":{"@context":"https:\/\/schema.org","@graph":[{"@type":"WebPage","@id":"https:\/\/car-o-liner.com\/es\/producto\/sistemas-de-medicion\/","url":"https:\/\/car-o-liner.com\/es\/producto\/sistemas-de-medicion\/","name":"Sistemas de medici\u00f3n | Car-O-Liner ES","isPartOf":{"@id":"https:\/\/car-o-liner.com\/es\/#website"},"primaryImageOfPage":{"@id":"https:\/\/car-o-liner.com\/es\/producto\/sistemas-de-medicion\/#primaryimage"},"image":{"@id":"https:\/\/car-o-liner.com\/es\/producto\/sistemas-de-medicion\/#primaryimage"},"thumbnailUrl":"https:\/\/car-o-liner.com\/wp-content\/uploads\/media_library_export-caroliner-2023_08_08_15_04_31\/measuring.svg","datePublished":"2023-06-30T18:55:33+00:00","dateModified":"2024-04-15T11:55:33+00:00","description":"Descubra sistemas de medici\u00f3n de carrocer\u00edas de autom\u00f3viles de vanguardia para una reparaci\u00f3n precisa de las colisiones. Nuestras herramientas proporcionan precisi\u00f3n de nivel profesional.","breadcrumb":{"@id":"https:\/\/car-o-liner.com\/es\/producto\/sistemas-de-medicion\/#breadcrumb"},"inLanguage":"es","potentialAction":[{"@type":"ReadAction","target":["https:\/\/car-o-liner.com\/es\/producto\/sistemas-de-medicion\/"]}]},{"@type":"ImageObject","inLanguage":"es","@id":"https:\/\/car-o-liner.com\/es\/producto\/sistemas-de-medicion\/#primaryimage","url":"https:\/\/car-o-liner.com\/wp-content\/uploads\/media_library_export-caroliner-2023_08_08_15_04_31\/measuring.svg","contentUrl":"https:\/\/car-o-liner.com\/wp-content\/uploads\/media_library_export-caroliner-2023_08_08_15_04_31\/measuring.svg","width":512,"height":512},{"@type":"BreadcrumbList","@id":"https:\/\/car-o-liner.com\/es\/producto\/sistemas-de-medicion\/#breadcrumb","itemListElement":[{"@type":"ListItem","position":1,"name":"Home","item":"https:\/\/car-o-liner.com\/es\/"},{"@type":"ListItem","position":2,"name":"Sistemas de Medici\u00f3n"}]},{"@type":"WebSite","@id":"https:\/\/car-o-liner.com\/es\/#website","url":"https:\/\/car-o-liner.com\/es\/","name":"Car-O-Liner","description":"Collision Repair Equipment","publisher":{"@id":"https:\/\/car-o-liner.com\/es\/#organization"},"potentialAction":[{"@type":"SearchAction","target":{"@type":"EntryPoint","urlTemplate":"https:\/\/car-o-liner.com\/es\/?s={search_term_string}"},"query-input":{"@type":"PropertyValueSpecification","valueRequired":true,"valueName":"search_term_string"}}],"inLanguage":"es"},{"@type":"Organization","@id":"https:\/\/car-o-liner.com\/es\/#organization","name":"Car-O-Liner","url":"https:\/\/car-o-liner.com\/es\/","logo":{"@type":"ImageObject","inLanguage":"es","@id":"https:\/\/car-o-liner.com\/es\/#\/schema\/logo\/image\/","url":"https:\/\/car-o-liner.com\/wp-content\/uploads\/Car-O-Liner-blue-web.svg","contentUrl":"https:\/\/car-o-liner.com\/wp-content\/uploads\/Car-O-Liner-blue-web.svg","width":250,"height":50,"caption":"Car-O-Liner"},"image":{"@id":"https:\/\/car-o-liner.com\/es\/#\/schema\/logo\/image\/"}}]}},"_links":{"self":[{"href":"https:\/\/car-o-liner.com\/es\/wp-json\/wp\/v2\/product\/81776","targetHints":{"allow":["GET"]}}],"collection":[{"href":"https:\/\/car-o-liner.com\/es\/wp-json\/wp\/v2\/product"}],"about":[{"href":"https:\/\/car-o-liner.com\/es\/wp-json\/wp\/v2\/types\/product"}],"wp:featuredmedia":[{"embeddable":true,"href":"https:\/\/car-o-liner.com\/es\/wp-json\/wp\/v2\/media\/81778"}],"wp:attachment":[{"href":"https:\/\/car-o-liner.com\/es\/wp-json\/wp\/v2\/media?parent=81776"}],"curies":[{"name":"wp","href":"https:\/\/api.w.org\/{rel}","templated":true}]}}