{"id":82284,"date":"2023-07-26T16:44:29","date_gmt":"2023-07-26T14:44:29","guid":{"rendered":"https:\/\/car-o-liner-test.phl.togglebox.site\/product\/alignment-straightening\/benchrack\/"},"modified":"2024-11-05T17:46:33","modified_gmt":"2024-11-05T16:46:33","slug":"benchrack","status":"publish","type":"product","link":"https:\/\/car-o-liner.com\/es\/producto\/benchrack\/","title":{"rendered":"BenchRack\u2122"},"content":{"rendered":"\n<p>Eficiencia de bancada con la versatilidad de un elevador de tijera<\/p>\n","protected":false},"excerpt":{"rendered":"<p>Eficiencia de bancada con la versatilidad de un elevador de tijera<\/p>\n","protected":false},"featured_media":82286,"parent":88240,"menu_order":1,"template":"page-templates\/col-single-product-benchrack.php","format":"standard","meta":[],"class_list":["post-82284","product","type-product","status-publish","format-standard","has-post-thumbnail","hentry"],"yoast_head":"<!-- This site is optimized with the Yoast SEO plugin v27.4 - https:\/\/yoast.com\/product\/yoast-seo-wordpress\/ -->\n<title>Sistema de alineaci\u00f3n de bastidores BenchRack\u2122 | Car-O-Liner ES<\/title>\n<meta name=\"description\" content=\"BenchRack, dise\u00f1ado para cualquier tipo de veh\u00edculo monocarrocer\u00eda\/de bastidor completo, combina comodidad de conducci\u00f3n, un elevador hidr\u00e1ulico, rampas extra\u00edbles y un alineador de tracci\u00f3n de 10\u00a0toneladas.\" \/>\n<meta name=\"robots\" content=\"index, follow, max-snippet:-1, max-image-preview:large, max-video-preview:-1\" \/>\n<link rel=\"canonical\" href=\"https:\/\/car-o-liner.com\/es\/producto\/benchrack\/\" \/>\n<meta property=\"og:locale\" content=\"es_ES\" \/>\n<meta property=\"og:type\" content=\"article\" \/>\n<meta property=\"og:title\" content=\"Sistema de alineaci\u00f3n de bastidores BenchRack\u2122 | Car-O-Liner ES\" \/>\n<meta property=\"og:description\" content=\"BenchRack, dise\u00f1ado para cualquier tipo de veh\u00edculo monocarrocer\u00eda\/de bastidor completo, combina comodidad de conducci\u00f3n, un elevador hidr\u00e1ulico, rampas extra\u00edbles y un alineador de tracci\u00f3n de 10\u00a0toneladas.\" \/>\n<meta property=\"og:url\" content=\"https:\/\/car-o-liner.com\/es\/producto\/benchrack\/\" \/>\n<meta property=\"og:site_name\" content=\"Car-O-Liner\" \/>\n<meta property=\"article:modified_time\" content=\"2024-11-05T16:46:33+00:00\" \/>\n<meta property=\"og:image\" content=\"https:\/\/car-o-liner.com\/wp-content\/uploads\/media_library_export-caroliner-2023_08_08_15_04_31\/benchrack-hero-1.jpg\" \/>\n\t<meta property=\"og:image:width\" content=\"1510\" \/>\n\t<meta property=\"og:image:height\" content=\"1231\" \/>\n\t<meta property=\"og:image:type\" content=\"image\/jpeg\" \/>\n<meta name=\"twitter:card\" content=\"summary_large_image\" \/>\n<script type=\"application\/ld+json\" class=\"yoast-schema-graph\">{\"@context\":\"https:\\\/\\\/schema.org\",\"@graph\":[{\"@type\":\"WebPage\",\"@id\":\"https:\\\/\\\/car-o-liner.com\\\/es\\\/producto\\\/benchrack\\\/\",\"url\":\"https:\\\/\\\/car-o-liner.com\\\/es\\\/producto\\\/benchrack\\\/\",\"name\":\"Sistema de alineaci\u00f3n de bastidores BenchRack\u2122 | Car-O-Liner ES\",\"isPartOf\":{\"@id\":\"https:\\\/\\\/car-o-liner.com\\\/es\\\/#website\"},\"primaryImageOfPage\":{\"@id\":\"https:\\\/\\\/car-o-liner.com\\\/es\\\/producto\\\/benchrack\\\/#primaryimage\"},\"image\":{\"@id\":\"https:\\\/\\\/car-o-liner.com\\\/es\\\/producto\\\/benchrack\\\/#primaryimage\"},\"thumbnailUrl\":\"https:\\\/\\\/car-o-liner.com\\\/wp-content\\\/uploads\\\/media_library_export-caroliner-2023_08_08_15_04_31\\\/benchrack-hero-1.jpg\",\"datePublished\":\"2023-07-26T14:44:29+00:00\",\"dateModified\":\"2024-11-05T16:46:33+00:00\",\"description\":\"BenchRack, dise\u00f1ado para cualquier tipo de veh\u00edculo monocarrocer\u00eda\\\/de bastidor completo, combina comodidad de conducci\u00f3n, un elevador hidr\u00e1ulico, rampas extra\u00edbles y un alineador de tracci\u00f3n de 10\u00a0toneladas.\",\"breadcrumb\":{\"@id\":\"https:\\\/\\\/car-o-liner.com\\\/es\\\/producto\\\/benchrack\\\/#breadcrumb\"},\"inLanguage\":\"es\",\"potentialAction\":[{\"@type\":\"ReadAction\",\"target\":[\"https:\\\/\\\/car-o-liner.com\\\/es\\\/producto\\\/benchrack\\\/\"]}]},{\"@type\":\"ImageObject\",\"inLanguage\":\"es\",\"@id\":\"https:\\\/\\\/car-o-liner.com\\\/es\\\/producto\\\/benchrack\\\/#primaryimage\",\"url\":\"https:\\\/\\\/car-o-liner.com\\\/wp-content\\\/uploads\\\/media_library_export-caroliner-2023_08_08_15_04_31\\\/benchrack-hero-1.jpg\",\"contentUrl\":\"https:\\\/\\\/car-o-liner.com\\\/wp-content\\\/uploads\\\/media_library_export-caroliner-2023_08_08_15_04_31\\\/benchrack-hero-1.jpg\",\"width\":1510,\"height\":1231},{\"@type\":\"BreadcrumbList\",\"@id\":\"https:\\\/\\\/car-o-liner.com\\\/es\\\/producto\\\/benchrack\\\/#breadcrumb\",\"itemListElement\":[{\"@type\":\"ListItem\",\"position\":1,\"name\":\"Home\",\"item\":\"https:\\\/\\\/car-o-liner.com\\\/es\\\/\"},{\"@type\":\"ListItem\",\"position\":2,\"name\":\"Alineaci\u00f3n y Enderezamiento\",\"item\":\"https:\\\/\\\/car-o-liner.com\\\/es\\\/producto\\\/alineacion-y-enderezado\\\/\"},{\"@type\":\"ListItem\",\"position\":3,\"name\":\"Sistemas de enderezado para carrocer\u00edas\",\"item\":\"https:\\\/\\\/car-o-liner.com\\\/es\\\/producto\\\/maquina-para-enderezar-carros\\\/\"},{\"@type\":\"ListItem\",\"position\":4,\"name\":\"BenchRack\u2122\"}]},{\"@type\":\"WebSite\",\"@id\":\"https:\\\/\\\/car-o-liner.com\\\/es\\\/#website\",\"url\":\"https:\\\/\\\/car-o-liner.com\\\/es\\\/\",\"name\":\"Car-O-Liner\",\"description\":\"Collision Repair Equipment\",\"publisher\":{\"@id\":\"https:\\\/\\\/car-o-liner.com\\\/es\\\/#organization\"},\"potentialAction\":[{\"@type\":\"SearchAction\",\"target\":{\"@type\":\"EntryPoint\",\"urlTemplate\":\"https:\\\/\\\/car-o-liner.com\\\/es\\\/?s={search_term_string}\"},\"query-input\":{\"@type\":\"PropertyValueSpecification\",\"valueRequired\":true,\"valueName\":\"search_term_string\"}}],\"inLanguage\":\"es\"},{\"@type\":\"Organization\",\"@id\":\"https:\\\/\\\/car-o-liner.com\\\/es\\\/#organization\",\"name\":\"Car-O-Liner\",\"url\":\"https:\\\/\\\/car-o-liner.com\\\/es\\\/\",\"logo\":{\"@type\":\"ImageObject\",\"inLanguage\":\"es\",\"@id\":\"https:\\\/\\\/car-o-liner.com\\\/es\\\/#\\\/schema\\\/logo\\\/image\\\/\",\"url\":\"https:\\\/\\\/car-o-liner.com\\\/wp-content\\\/uploads\\\/Car-O-Liner-blue-web.svg\",\"contentUrl\":\"https:\\\/\\\/car-o-liner.com\\\/wp-content\\\/uploads\\\/Car-O-Liner-blue-web.svg\",\"width\":250,\"height\":50,\"caption\":\"Car-O-Liner\"},\"image\":{\"@id\":\"https:\\\/\\\/car-o-liner.com\\\/es\\\/#\\\/schema\\\/logo\\\/image\\\/\"}}]}<\/script>\n<!-- \/ Yoast SEO plugin. -->","yoast_head_json":{"title":"Sistema de alineaci\u00f3n de bastidores BenchRack\u2122 | Car-O-Liner ES","description":"BenchRack, dise\u00f1ado para cualquier tipo de veh\u00edculo monocarrocer\u00eda\/de bastidor completo, combina comodidad de conducci\u00f3n, un elevador hidr\u00e1ulico, rampas extra\u00edbles y un alineador de tracci\u00f3n de 10\u00a0toneladas.","robots":{"index":"index","follow":"follow","max-snippet":"max-snippet:-1","max-image-preview":"max-image-preview:large","max-video-preview":"max-video-preview:-1"},"canonical":"https:\/\/car-o-liner.com\/es\/producto\/benchrack\/","og_locale":"es_ES","og_type":"article","og_title":"Sistema de alineaci\u00f3n de bastidores BenchRack\u2122 | Car-O-Liner ES","og_description":"BenchRack, dise\u00f1ado para cualquier tipo de veh\u00edculo monocarrocer\u00eda\/de bastidor completo, combina comodidad de conducci\u00f3n, un elevador hidr\u00e1ulico, rampas extra\u00edbles y un alineador de tracci\u00f3n de 10\u00a0toneladas.","og_url":"https:\/\/car-o-liner.com\/es\/producto\/benchrack\/","og_site_name":"Car-O-Liner","article_modified_time":"2024-11-05T16:46:33+00:00","og_image":[{"width":1510,"height":1231,"url":"https:\/\/car-o-liner.com\/wp-content\/uploads\/media_library_export-caroliner-2023_08_08_15_04_31\/benchrack-hero-1.jpg","type":"image\/jpeg"}],"twitter_card":"summary_large_image","schema":{"@context":"https:\/\/schema.org","@graph":[{"@type":"WebPage","@id":"https:\/\/car-o-liner.com\/es\/producto\/benchrack\/","url":"https:\/\/car-o-liner.com\/es\/producto\/benchrack\/","name":"Sistema de alineaci\u00f3n de bastidores BenchRack\u2122 | Car-O-Liner ES","isPartOf":{"@id":"https:\/\/car-o-liner.com\/es\/#website"},"primaryImageOfPage":{"@id":"https:\/\/car-o-liner.com\/es\/producto\/benchrack\/#primaryimage"},"image":{"@id":"https:\/\/car-o-liner.com\/es\/producto\/benchrack\/#primaryimage"},"thumbnailUrl":"https:\/\/car-o-liner.com\/wp-content\/uploads\/media_library_export-caroliner-2023_08_08_15_04_31\/benchrack-hero-1.jpg","datePublished":"2023-07-26T14:44:29+00:00","dateModified":"2024-11-05T16:46:33+00:00","description":"BenchRack, dise\u00f1ado para cualquier tipo de veh\u00edculo monocarrocer\u00eda\/de bastidor completo, combina comodidad de conducci\u00f3n, un elevador hidr\u00e1ulico, rampas extra\u00edbles y un alineador de tracci\u00f3n de 10\u00a0toneladas.","breadcrumb":{"@id":"https:\/\/car-o-liner.com\/es\/producto\/benchrack\/#breadcrumb"},"inLanguage":"es","potentialAction":[{"@type":"ReadAction","target":["https:\/\/car-o-liner.com\/es\/producto\/benchrack\/"]}]},{"@type":"ImageObject","inLanguage":"es","@id":"https:\/\/car-o-liner.com\/es\/producto\/benchrack\/#primaryimage","url":"https:\/\/car-o-liner.com\/wp-content\/uploads\/media_library_export-caroliner-2023_08_08_15_04_31\/benchrack-hero-1.jpg","contentUrl":"https:\/\/car-o-liner.com\/wp-content\/uploads\/media_library_export-caroliner-2023_08_08_15_04_31\/benchrack-hero-1.jpg","width":1510,"height":1231},{"@type":"BreadcrumbList","@id":"https:\/\/car-o-liner.com\/es\/producto\/benchrack\/#breadcrumb","itemListElement":[{"@type":"ListItem","position":1,"name":"Home","item":"https:\/\/car-o-liner.com\/es\/"},{"@type":"ListItem","position":2,"name":"Alineaci\u00f3n y Enderezamiento","item":"https:\/\/car-o-liner.com\/es\/producto\/alineacion-y-enderezado\/"},{"@type":"ListItem","position":3,"name":"Sistemas de enderezado para carrocer\u00edas","item":"https:\/\/car-o-liner.com\/es\/producto\/maquina-para-enderezar-carros\/"},{"@type":"ListItem","position":4,"name":"BenchRack\u2122"}]},{"@type":"WebSite","@id":"https:\/\/car-o-liner.com\/es\/#website","url":"https:\/\/car-o-liner.com\/es\/","name":"Car-O-Liner","description":"Collision Repair Equipment","publisher":{"@id":"https:\/\/car-o-liner.com\/es\/#organization"},"potentialAction":[{"@type":"SearchAction","target":{"@type":"EntryPoint","urlTemplate":"https:\/\/car-o-liner.com\/es\/?s={search_term_string}"},"query-input":{"@type":"PropertyValueSpecification","valueRequired":true,"valueName":"search_term_string"}}],"inLanguage":"es"},{"@type":"Organization","@id":"https:\/\/car-o-liner.com\/es\/#organization","name":"Car-O-Liner","url":"https:\/\/car-o-liner.com\/es\/","logo":{"@type":"ImageObject","inLanguage":"es","@id":"https:\/\/car-o-liner.com\/es\/#\/schema\/logo\/image\/","url":"https:\/\/car-o-liner.com\/wp-content\/uploads\/Car-O-Liner-blue-web.svg","contentUrl":"https:\/\/car-o-liner.com\/wp-content\/uploads\/Car-O-Liner-blue-web.svg","width":250,"height":50,"caption":"Car-O-Liner"},"image":{"@id":"https:\/\/car-o-liner.com\/es\/#\/schema\/logo\/image\/"}}]}},"_links":{"self":[{"href":"https:\/\/car-o-liner.com\/es\/wp-json\/wp\/v2\/product\/82284","targetHints":{"allow":["GET"]}}],"collection":[{"href":"https:\/\/car-o-liner.com\/es\/wp-json\/wp\/v2\/product"}],"about":[{"href":"https:\/\/car-o-liner.com\/es\/wp-json\/wp\/v2\/types\/product"}],"up":[{"embeddable":true,"href":"https:\/\/car-o-liner.com\/es\/wp-json\/wp\/v2\/product\/88240"}],"wp:featuredmedia":[{"embeddable":true,"href":"https:\/\/car-o-liner.com\/es\/wp-json\/wp\/v2\/media\/82286"}],"wp:attachment":[{"href":"https:\/\/car-o-liner.com\/es\/wp-json\/wp\/v2\/media?parent=82284"}],"curies":[{"name":"wp","href":"https:\/\/api.w.org\/{rel}","templated":true}]}}