{"id":83417,"date":"2023-09-26T13:42:58","date_gmt":"2023-09-26T11:42:58","guid":{"rendered":"https:\/\/car-o-liner-test.phl.togglebox.site\/product\/measuring-systems\/vision2-software\/"},"modified":"2024-04-30T23:10:32","modified_gmt":"2024-04-30T21:10:32","slug":"vision2","status":"publish","type":"product","link":"https:\/\/car-o-liner.com\/es\/producto\/vision2\/","title":{"rendered":"VISION2\u2122 SOFTWARE"},"content":{"rendered":"\n<p>COMUNICACI\u00d3N INAL\u00c1MBRICA<\/p>\n","protected":false},"excerpt":{"rendered":"<p>COMUNICACI\u00d3N INAL\u00c1MBRICA<\/p>\n","protected":false},"featured_media":83233,"parent":81776,"menu_order":3,"template":"page-templates\/col-single-product-vision2.php","format":"standard","meta":[],"class_list":["post-83417","product","type-product","status-publish","format-standard","has-post-thumbnail","hentry"],"yoast_head":"<!-- This site is optimized with the Yoast SEO plugin v27.2 - https:\/\/yoast.com\/product\/yoast-seo-wordpress\/ -->\n<title>Software de medici\u00f3n de veh\u00edculos Vision2\u2122 | Car-O-Liner ES<\/title>\n<meta name=\"description\" content=\"Vision2\u2122 es el software de medici\u00f3n de vanguardia Car-O-Liner que gu\u00eda el proceso de reparaci\u00f3n y realiza el centrado, la medici\u00f3n y la documentaci\u00f3n autom\u00e1ticos.\" \/>\n<meta name=\"robots\" content=\"index, follow, max-snippet:-1, max-image-preview:large, max-video-preview:-1\" \/>\n<link rel=\"canonical\" href=\"https:\/\/car-o-liner.com\/es\/producto\/vision2\/\" \/>\n<meta property=\"og:locale\" content=\"es_ES\" \/>\n<meta property=\"og:type\" content=\"article\" \/>\n<meta property=\"og:title\" content=\"Software de medici\u00f3n de veh\u00edculos Vision2\u2122 | Car-O-Liner ES\" \/>\n<meta property=\"og:description\" content=\"Vision2\u2122 es el software de medici\u00f3n de vanguardia Car-O-Liner que gu\u00eda el proceso de reparaci\u00f3n y realiza el centrado, la medici\u00f3n y la documentaci\u00f3n autom\u00e1ticos.\" \/>\n<meta property=\"og:url\" content=\"https:\/\/car-o-liner.com\/es\/producto\/vision2\/\" \/>\n<meta property=\"og:site_name\" content=\"Car-O-Liner\" \/>\n<meta property=\"article:modified_time\" content=\"2024-04-30T21:10:32+00:00\" \/>\n<meta property=\"og:image\" content=\"https:\/\/car-o-liner.com\/wp-content\/uploads\/Vision2-Car-o-data-product.png\" \/>\n\t<meta property=\"og:image:width\" content=\"1000\" \/>\n\t<meta property=\"og:image:height\" content=\"600\" \/>\n\t<meta property=\"og:image:type\" content=\"image\/png\" \/>\n<meta name=\"twitter:card\" content=\"summary_large_image\" \/>\n<script type=\"application\/ld+json\" class=\"yoast-schema-graph\">{\"@context\":\"https:\/\/schema.org\",\"@graph\":[{\"@type\":\"WebPage\",\"@id\":\"https:\/\/car-o-liner.com\/es\/producto\/vision2\/\",\"url\":\"https:\/\/car-o-liner.com\/es\/producto\/vision2\/\",\"name\":\"Software de medici\u00f3n de veh\u00edculos Vision2\u2122 | Car-O-Liner ES\",\"isPartOf\":{\"@id\":\"https:\/\/car-o-liner.com\/es\/#website\"},\"primaryImageOfPage\":{\"@id\":\"https:\/\/car-o-liner.com\/es\/producto\/vision2\/#primaryimage\"},\"image\":{\"@id\":\"https:\/\/car-o-liner.com\/es\/producto\/vision2\/#primaryimage\"},\"thumbnailUrl\":\"https:\/\/car-o-liner.com\/wp-content\/uploads\/Vision2-Car-o-data-product.png\",\"datePublished\":\"2023-09-26T11:42:58+00:00\",\"dateModified\":\"2024-04-30T21:10:32+00:00\",\"description\":\"Vision2\u2122 es el software de medici\u00f3n de vanguardia Car-O-Liner que gu\u00eda el proceso de reparaci\u00f3n y realiza el centrado, la medici\u00f3n y la documentaci\u00f3n autom\u00e1ticos.\",\"breadcrumb\":{\"@id\":\"https:\/\/car-o-liner.com\/es\/producto\/vision2\/#breadcrumb\"},\"inLanguage\":\"es\",\"potentialAction\":[{\"@type\":\"ReadAction\",\"target\":[\"https:\/\/car-o-liner.com\/es\/producto\/vision2\/\"]}]},{\"@type\":\"ImageObject\",\"inLanguage\":\"es\",\"@id\":\"https:\/\/car-o-liner.com\/es\/producto\/vision2\/#primaryimage\",\"url\":\"https:\/\/car-o-liner.com\/wp-content\/uploads\/Vision2-Car-o-data-product.png\",\"contentUrl\":\"https:\/\/car-o-liner.com\/wp-content\/uploads\/Vision2-Car-o-data-product.png\",\"width\":1000,\"height\":600},{\"@type\":\"BreadcrumbList\",\"@id\":\"https:\/\/car-o-liner.com\/es\/producto\/vision2\/#breadcrumb\",\"itemListElement\":[{\"@type\":\"ListItem\",\"position\":1,\"name\":\"Home\",\"item\":\"https:\/\/car-o-liner.com\/es\/\"},{\"@type\":\"ListItem\",\"position\":2,\"name\":\"Sistemas de Medici\u00f3n\",\"item\":\"https:\/\/car-o-liner.com\/es\/producto\/sistemas-de-medicion\/\"},{\"@type\":\"ListItem\",\"position\":3,\"name\":\"VISION2\u2122 SOFTWARE\"}]},{\"@type\":\"WebSite\",\"@id\":\"https:\/\/car-o-liner.com\/es\/#website\",\"url\":\"https:\/\/car-o-liner.com\/es\/\",\"name\":\"Car-O-Liner\",\"description\":\"Collision Repair Equipment\",\"publisher\":{\"@id\":\"https:\/\/car-o-liner.com\/es\/#organization\"},\"potentialAction\":[{\"@type\":\"SearchAction\",\"target\":{\"@type\":\"EntryPoint\",\"urlTemplate\":\"https:\/\/car-o-liner.com\/es\/?s={search_term_string}\"},\"query-input\":{\"@type\":\"PropertyValueSpecification\",\"valueRequired\":true,\"valueName\":\"search_term_string\"}}],\"inLanguage\":\"es\"},{\"@type\":\"Organization\",\"@id\":\"https:\/\/car-o-liner.com\/es\/#organization\",\"name\":\"Car-O-Liner\",\"url\":\"https:\/\/car-o-liner.com\/es\/\",\"logo\":{\"@type\":\"ImageObject\",\"inLanguage\":\"es\",\"@id\":\"https:\/\/car-o-liner.com\/es\/#\/schema\/logo\/image\/\",\"url\":\"https:\/\/car-o-liner.com\/wp-content\/uploads\/Car-O-Liner-blue-web.svg\",\"contentUrl\":\"https:\/\/car-o-liner.com\/wp-content\/uploads\/Car-O-Liner-blue-web.svg\",\"width\":250,\"height\":50,\"caption\":\"Car-O-Liner\"},\"image\":{\"@id\":\"https:\/\/car-o-liner.com\/es\/#\/schema\/logo\/image\/\"}}]}<\/script>\n<!-- \/ Yoast SEO plugin. -->","yoast_head_json":{"title":"Software de medici\u00f3n de veh\u00edculos Vision2\u2122 | Car-O-Liner ES","description":"Vision2\u2122 es el software de medici\u00f3n de vanguardia Car-O-Liner que gu\u00eda el proceso de reparaci\u00f3n y realiza el centrado, la medici\u00f3n y la documentaci\u00f3n autom\u00e1ticos.","robots":{"index":"index","follow":"follow","max-snippet":"max-snippet:-1","max-image-preview":"max-image-preview:large","max-video-preview":"max-video-preview:-1"},"canonical":"https:\/\/car-o-liner.com\/es\/producto\/vision2\/","og_locale":"es_ES","og_type":"article","og_title":"Software de medici\u00f3n de veh\u00edculos Vision2\u2122 | Car-O-Liner ES","og_description":"Vision2\u2122 es el software de medici\u00f3n de vanguardia Car-O-Liner que gu\u00eda el proceso de reparaci\u00f3n y realiza el centrado, la medici\u00f3n y la documentaci\u00f3n autom\u00e1ticos.","og_url":"https:\/\/car-o-liner.com\/es\/producto\/vision2\/","og_site_name":"Car-O-Liner","article_modified_time":"2024-04-30T21:10:32+00:00","og_image":[{"width":1000,"height":600,"url":"https:\/\/car-o-liner.com\/wp-content\/uploads\/Vision2-Car-o-data-product.png","type":"image\/png"}],"twitter_card":"summary_large_image","schema":{"@context":"https:\/\/schema.org","@graph":[{"@type":"WebPage","@id":"https:\/\/car-o-liner.com\/es\/producto\/vision2\/","url":"https:\/\/car-o-liner.com\/es\/producto\/vision2\/","name":"Software de medici\u00f3n de veh\u00edculos Vision2\u2122 | Car-O-Liner ES","isPartOf":{"@id":"https:\/\/car-o-liner.com\/es\/#website"},"primaryImageOfPage":{"@id":"https:\/\/car-o-liner.com\/es\/producto\/vision2\/#primaryimage"},"image":{"@id":"https:\/\/car-o-liner.com\/es\/producto\/vision2\/#primaryimage"},"thumbnailUrl":"https:\/\/car-o-liner.com\/wp-content\/uploads\/Vision2-Car-o-data-product.png","datePublished":"2023-09-26T11:42:58+00:00","dateModified":"2024-04-30T21:10:32+00:00","description":"Vision2\u2122 es el software de medici\u00f3n de vanguardia Car-O-Liner que gu\u00eda el proceso de reparaci\u00f3n y realiza el centrado, la medici\u00f3n y la documentaci\u00f3n autom\u00e1ticos.","breadcrumb":{"@id":"https:\/\/car-o-liner.com\/es\/producto\/vision2\/#breadcrumb"},"inLanguage":"es","potentialAction":[{"@type":"ReadAction","target":["https:\/\/car-o-liner.com\/es\/producto\/vision2\/"]}]},{"@type":"ImageObject","inLanguage":"es","@id":"https:\/\/car-o-liner.com\/es\/producto\/vision2\/#primaryimage","url":"https:\/\/car-o-liner.com\/wp-content\/uploads\/Vision2-Car-o-data-product.png","contentUrl":"https:\/\/car-o-liner.com\/wp-content\/uploads\/Vision2-Car-o-data-product.png","width":1000,"height":600},{"@type":"BreadcrumbList","@id":"https:\/\/car-o-liner.com\/es\/producto\/vision2\/#breadcrumb","itemListElement":[{"@type":"ListItem","position":1,"name":"Home","item":"https:\/\/car-o-liner.com\/es\/"},{"@type":"ListItem","position":2,"name":"Sistemas de Medici\u00f3n","item":"https:\/\/car-o-liner.com\/es\/producto\/sistemas-de-medicion\/"},{"@type":"ListItem","position":3,"name":"VISION2\u2122 SOFTWARE"}]},{"@type":"WebSite","@id":"https:\/\/car-o-liner.com\/es\/#website","url":"https:\/\/car-o-liner.com\/es\/","name":"Car-O-Liner","description":"Collision Repair Equipment","publisher":{"@id":"https:\/\/car-o-liner.com\/es\/#organization"},"potentialAction":[{"@type":"SearchAction","target":{"@type":"EntryPoint","urlTemplate":"https:\/\/car-o-liner.com\/es\/?s={search_term_string}"},"query-input":{"@type":"PropertyValueSpecification","valueRequired":true,"valueName":"search_term_string"}}],"inLanguage":"es"},{"@type":"Organization","@id":"https:\/\/car-o-liner.com\/es\/#organization","name":"Car-O-Liner","url":"https:\/\/car-o-liner.com\/es\/","logo":{"@type":"ImageObject","inLanguage":"es","@id":"https:\/\/car-o-liner.com\/es\/#\/schema\/logo\/image\/","url":"https:\/\/car-o-liner.com\/wp-content\/uploads\/Car-O-Liner-blue-web.svg","contentUrl":"https:\/\/car-o-liner.com\/wp-content\/uploads\/Car-O-Liner-blue-web.svg","width":250,"height":50,"caption":"Car-O-Liner"},"image":{"@id":"https:\/\/car-o-liner.com\/es\/#\/schema\/logo\/image\/"}}]}},"_links":{"self":[{"href":"https:\/\/car-o-liner.com\/es\/wp-json\/wp\/v2\/product\/83417","targetHints":{"allow":["GET"]}}],"collection":[{"href":"https:\/\/car-o-liner.com\/es\/wp-json\/wp\/v2\/product"}],"about":[{"href":"https:\/\/car-o-liner.com\/es\/wp-json\/wp\/v2\/types\/product"}],"up":[{"embeddable":true,"href":"https:\/\/car-o-liner.com\/es\/wp-json\/wp\/v2\/product\/81776"}],"wp:featuredmedia":[{"embeddable":true,"href":"https:\/\/car-o-liner.com\/es\/wp-json\/wp\/v2\/media\/83233"}],"wp:attachment":[{"href":"https:\/\/car-o-liner.com\/es\/wp-json\/wp\/v2\/media?parent=83417"}],"curies":[{"name":"wp","href":"https:\/\/api.w.org\/{rel}","templated":true}]}}