{"id":83525,"date":"2024-01-11T15:22:26","date_gmt":"2024-01-11T14:22:26","guid":{"rendered":"https:\/\/car-o-liner-test.phl.togglebox.site\/product\/bt1800\/"},"modified":"2024-05-01T15:59:24","modified_gmt":"2024-05-01T13:59:24","slug":"bt1800","status":"publish","type":"product","link":"https:\/\/car-o-liner.com\/es\/producto\/bt1800\/","title":{"rendered":"BT 1800"},"content":{"rendered":"\n<p>MESA ELEVADORA M\u00d3VIL PARA SERVICIO EV<\/p>\n","protected":false},"excerpt":{"rendered":"<p>MESA ELEVADORA M\u00d3VIL PARA SERVICIO EV<\/p>\n","protected":false},"featured_media":81580,"parent":83623,"menu_order":0,"template":"page-templates\/col-single-product-bt1800.php","format":"standard","meta":[],"class_list":["post-83525","product","type-product","status-publish","format-standard","has-post-thumbnail","hentry"],"yoast_head":"<!-- This site is optimized with the Yoast SEO plugin v27.4 - https:\/\/yoast.com\/product\/yoast-seo-wordpress\/ -->\n<title>Mesa elevadora m\u00f3vil BT 1800 | Car-O-Liner ES<\/title>\n<meta name=\"description\" content=\"Con una capacidad de elevaci\u00f3n de 1800\u00a0kg y un robusto dise\u00f1o de doble tijera, el BT 1800 es uno de los elevadores de bater\u00eda m\u00e1s fuertes del mercado.\" \/>\n<meta name=\"robots\" content=\"index, follow, max-snippet:-1, max-image-preview:large, max-video-preview:-1\" \/>\n<link rel=\"canonical\" href=\"https:\/\/car-o-liner.com\/es\/producto\/bt1800\/\" \/>\n<meta property=\"og:locale\" content=\"es_ES\" \/>\n<meta property=\"og:type\" content=\"article\" \/>\n<meta property=\"og:title\" content=\"Mesa elevadora m\u00f3vil BT 1800 | Car-O-Liner ES\" \/>\n<meta property=\"og:description\" content=\"Con una capacidad de elevaci\u00f3n de 1800\u00a0kg y un robusto dise\u00f1o de doble tijera, el BT 1800 es uno de los elevadores de bater\u00eda m\u00e1s fuertes del mercado.\" \/>\n<meta property=\"og:url\" content=\"https:\/\/car-o-liner.com\/es\/producto\/bt1800\/\" \/>\n<meta property=\"og:site_name\" content=\"Car-O-Liner\" \/>\n<meta property=\"article:modified_time\" content=\"2024-05-01T13:59:24+00:00\" \/>\n<meta property=\"og:image\" content=\"https:\/\/car-o-liner.com\/wp-content\/uploads\/BT1800-hero-1.png\" \/>\n\t<meta property=\"og:image:width\" content=\"1500\" \/>\n\t<meta property=\"og:image:height\" content=\"1250\" \/>\n\t<meta property=\"og:image:type\" content=\"image\/png\" \/>\n<meta name=\"twitter:card\" content=\"summary_large_image\" \/>\n<script type=\"application\/ld+json\" class=\"yoast-schema-graph\">{\"@context\":\"https:\\\/\\\/schema.org\",\"@graph\":[{\"@type\":\"WebPage\",\"@id\":\"https:\\\/\\\/car-o-liner.com\\\/es\\\/producto\\\/bt1800\\\/\",\"url\":\"https:\\\/\\\/car-o-liner.com\\\/es\\\/producto\\\/bt1800\\\/\",\"name\":\"Mesa elevadora m\u00f3vil BT 1800 | Car-O-Liner ES\",\"isPartOf\":{\"@id\":\"https:\\\/\\\/car-o-liner.com\\\/es\\\/#website\"},\"primaryImageOfPage\":{\"@id\":\"https:\\\/\\\/car-o-liner.com\\\/es\\\/producto\\\/bt1800\\\/#primaryimage\"},\"image\":{\"@id\":\"https:\\\/\\\/car-o-liner.com\\\/es\\\/producto\\\/bt1800\\\/#primaryimage\"},\"thumbnailUrl\":\"https:\\\/\\\/car-o-liner.com\\\/wp-content\\\/uploads\\\/BT1800-hero-1.png\",\"datePublished\":\"2024-01-11T14:22:26+00:00\",\"dateModified\":\"2024-05-01T13:59:24+00:00\",\"description\":\"Con una capacidad de elevaci\u00f3n de 1800\u00a0kg y un robusto dise\u00f1o de doble tijera, el BT 1800 es uno de los elevadores de bater\u00eda m\u00e1s fuertes del mercado.\",\"breadcrumb\":{\"@id\":\"https:\\\/\\\/car-o-liner.com\\\/es\\\/producto\\\/bt1800\\\/#breadcrumb\"},\"inLanguage\":\"es\",\"potentialAction\":[{\"@type\":\"ReadAction\",\"target\":[\"https:\\\/\\\/car-o-liner.com\\\/es\\\/producto\\\/bt1800\\\/\"]}]},{\"@type\":\"ImageObject\",\"inLanguage\":\"es\",\"@id\":\"https:\\\/\\\/car-o-liner.com\\\/es\\\/producto\\\/bt1800\\\/#primaryimage\",\"url\":\"https:\\\/\\\/car-o-liner.com\\\/wp-content\\\/uploads\\\/BT1800-hero-1.png\",\"contentUrl\":\"https:\\\/\\\/car-o-liner.com\\\/wp-content\\\/uploads\\\/BT1800-hero-1.png\",\"width\":1500,\"height\":1250,\"caption\":\"BT1800 Mobile Battery Lift Table\"},{\"@type\":\"BreadcrumbList\",\"@id\":\"https:\\\/\\\/car-o-liner.com\\\/es\\\/producto\\\/bt1800\\\/#breadcrumb\",\"itemListElement\":[{\"@type\":\"ListItem\",\"position\":1,\"name\":\"Home\",\"item\":\"https:\\\/\\\/car-o-liner.com\\\/es\\\/\"},{\"@type\":\"ListItem\",\"position\":2,\"name\":\"Soluciones de taller\",\"item\":\"https:\\\/\\\/car-o-liner.com\\\/es\\\/producto\\\/soluciones-de-taller\\\/\"},{\"@type\":\"ListItem\",\"position\":3,\"name\":\"M\u00e1s soluciones\",\"item\":\"https:\\\/\\\/car-o-liner.com\\\/es\\\/producto\\\/mas-soluciones\\\/\"},{\"@type\":\"ListItem\",\"position\":4,\"name\":\"BT 1800\"}]},{\"@type\":\"WebSite\",\"@id\":\"https:\\\/\\\/car-o-liner.com\\\/es\\\/#website\",\"url\":\"https:\\\/\\\/car-o-liner.com\\\/es\\\/\",\"name\":\"Car-O-Liner\",\"description\":\"Collision Repair Equipment\",\"publisher\":{\"@id\":\"https:\\\/\\\/car-o-liner.com\\\/es\\\/#organization\"},\"potentialAction\":[{\"@type\":\"SearchAction\",\"target\":{\"@type\":\"EntryPoint\",\"urlTemplate\":\"https:\\\/\\\/car-o-liner.com\\\/es\\\/?s={search_term_string}\"},\"query-input\":{\"@type\":\"PropertyValueSpecification\",\"valueRequired\":true,\"valueName\":\"search_term_string\"}}],\"inLanguage\":\"es\"},{\"@type\":\"Organization\",\"@id\":\"https:\\\/\\\/car-o-liner.com\\\/es\\\/#organization\",\"name\":\"Car-O-Liner\",\"url\":\"https:\\\/\\\/car-o-liner.com\\\/es\\\/\",\"logo\":{\"@type\":\"ImageObject\",\"inLanguage\":\"es\",\"@id\":\"https:\\\/\\\/car-o-liner.com\\\/es\\\/#\\\/schema\\\/logo\\\/image\\\/\",\"url\":\"https:\\\/\\\/car-o-liner.com\\\/wp-content\\\/uploads\\\/Car-O-Liner-blue-web.svg\",\"contentUrl\":\"https:\\\/\\\/car-o-liner.com\\\/wp-content\\\/uploads\\\/Car-O-Liner-blue-web.svg\",\"width\":250,\"height\":50,\"caption\":\"Car-O-Liner\"},\"image\":{\"@id\":\"https:\\\/\\\/car-o-liner.com\\\/es\\\/#\\\/schema\\\/logo\\\/image\\\/\"}}]}<\/script>\n<!-- \/ Yoast SEO plugin. -->","yoast_head_json":{"title":"Mesa elevadora m\u00f3vil BT 1800 | Car-O-Liner ES","description":"Con una capacidad de elevaci\u00f3n de 1800\u00a0kg y un robusto dise\u00f1o de doble tijera, el BT 1800 es uno de los elevadores de bater\u00eda m\u00e1s fuertes del mercado.","robots":{"index":"index","follow":"follow","max-snippet":"max-snippet:-1","max-image-preview":"max-image-preview:large","max-video-preview":"max-video-preview:-1"},"canonical":"https:\/\/car-o-liner.com\/es\/producto\/bt1800\/","og_locale":"es_ES","og_type":"article","og_title":"Mesa elevadora m\u00f3vil BT 1800 | Car-O-Liner ES","og_description":"Con una capacidad de elevaci\u00f3n de 1800\u00a0kg y un robusto dise\u00f1o de doble tijera, el BT 1800 es uno de los elevadores de bater\u00eda m\u00e1s fuertes del mercado.","og_url":"https:\/\/car-o-liner.com\/es\/producto\/bt1800\/","og_site_name":"Car-O-Liner","article_modified_time":"2024-05-01T13:59:24+00:00","og_image":[{"width":1500,"height":1250,"url":"https:\/\/car-o-liner.com\/wp-content\/uploads\/BT1800-hero-1.png","type":"image\/png"}],"twitter_card":"summary_large_image","schema":{"@context":"https:\/\/schema.org","@graph":[{"@type":"WebPage","@id":"https:\/\/car-o-liner.com\/es\/producto\/bt1800\/","url":"https:\/\/car-o-liner.com\/es\/producto\/bt1800\/","name":"Mesa elevadora m\u00f3vil BT 1800 | Car-O-Liner ES","isPartOf":{"@id":"https:\/\/car-o-liner.com\/es\/#website"},"primaryImageOfPage":{"@id":"https:\/\/car-o-liner.com\/es\/producto\/bt1800\/#primaryimage"},"image":{"@id":"https:\/\/car-o-liner.com\/es\/producto\/bt1800\/#primaryimage"},"thumbnailUrl":"https:\/\/car-o-liner.com\/wp-content\/uploads\/BT1800-hero-1.png","datePublished":"2024-01-11T14:22:26+00:00","dateModified":"2024-05-01T13:59:24+00:00","description":"Con una capacidad de elevaci\u00f3n de 1800\u00a0kg y un robusto dise\u00f1o de doble tijera, el BT 1800 es uno de los elevadores de bater\u00eda m\u00e1s fuertes del mercado.","breadcrumb":{"@id":"https:\/\/car-o-liner.com\/es\/producto\/bt1800\/#breadcrumb"},"inLanguage":"es","potentialAction":[{"@type":"ReadAction","target":["https:\/\/car-o-liner.com\/es\/producto\/bt1800\/"]}]},{"@type":"ImageObject","inLanguage":"es","@id":"https:\/\/car-o-liner.com\/es\/producto\/bt1800\/#primaryimage","url":"https:\/\/car-o-liner.com\/wp-content\/uploads\/BT1800-hero-1.png","contentUrl":"https:\/\/car-o-liner.com\/wp-content\/uploads\/BT1800-hero-1.png","width":1500,"height":1250,"caption":"BT1800 Mobile Battery Lift Table"},{"@type":"BreadcrumbList","@id":"https:\/\/car-o-liner.com\/es\/producto\/bt1800\/#breadcrumb","itemListElement":[{"@type":"ListItem","position":1,"name":"Home","item":"https:\/\/car-o-liner.com\/es\/"},{"@type":"ListItem","position":2,"name":"Soluciones de taller","item":"https:\/\/car-o-liner.com\/es\/producto\/soluciones-de-taller\/"},{"@type":"ListItem","position":3,"name":"M\u00e1s soluciones","item":"https:\/\/car-o-liner.com\/es\/producto\/mas-soluciones\/"},{"@type":"ListItem","position":4,"name":"BT 1800"}]},{"@type":"WebSite","@id":"https:\/\/car-o-liner.com\/es\/#website","url":"https:\/\/car-o-liner.com\/es\/","name":"Car-O-Liner","description":"Collision Repair Equipment","publisher":{"@id":"https:\/\/car-o-liner.com\/es\/#organization"},"potentialAction":[{"@type":"SearchAction","target":{"@type":"EntryPoint","urlTemplate":"https:\/\/car-o-liner.com\/es\/?s={search_term_string}"},"query-input":{"@type":"PropertyValueSpecification","valueRequired":true,"valueName":"search_term_string"}}],"inLanguage":"es"},{"@type":"Organization","@id":"https:\/\/car-o-liner.com\/es\/#organization","name":"Car-O-Liner","url":"https:\/\/car-o-liner.com\/es\/","logo":{"@type":"ImageObject","inLanguage":"es","@id":"https:\/\/car-o-liner.com\/es\/#\/schema\/logo\/image\/","url":"https:\/\/car-o-liner.com\/wp-content\/uploads\/Car-O-Liner-blue-web.svg","contentUrl":"https:\/\/car-o-liner.com\/wp-content\/uploads\/Car-O-Liner-blue-web.svg","width":250,"height":50,"caption":"Car-O-Liner"},"image":{"@id":"https:\/\/car-o-liner.com\/es\/#\/schema\/logo\/image\/"}}]}},"_links":{"self":[{"href":"https:\/\/car-o-liner.com\/es\/wp-json\/wp\/v2\/product\/83525","targetHints":{"allow":["GET"]}}],"collection":[{"href":"https:\/\/car-o-liner.com\/es\/wp-json\/wp\/v2\/product"}],"about":[{"href":"https:\/\/car-o-liner.com\/es\/wp-json\/wp\/v2\/types\/product"}],"up":[{"embeddable":true,"href":"https:\/\/car-o-liner.com\/es\/wp-json\/wp\/v2\/product\/83623"}],"wp:featuredmedia":[{"embeddable":true,"href":"https:\/\/car-o-liner.com\/es\/wp-json\/wp\/v2\/media\/81580"}],"wp:attachment":[{"href":"https:\/\/car-o-liner.com\/es\/wp-json\/wp\/v2\/media?parent=83525"}],"curies":[{"name":"wp","href":"https:\/\/api.w.org\/{rel}","templated":true}]}}