{"id":83806,"date":"2023-08-11T18:37:31","date_gmt":"2023-08-11T16:37:31","guid":{"rendered":"https:\/\/car-o-liner-test.phl.togglebox.site\/product\/alignment-straightening\/speed-3t-speed-3t-plus-speed-bench\/"},"modified":"2024-11-05T17:35:02","modified_gmt":"2024-11-05T16:35:02","slug":"speed-speed-plus","status":"publish","type":"product","link":"https:\/\/car-o-liner.com\/es\/producto\/speed-speed-plus\/","title":{"rendered":"SPEED\u2122 3T\/SPEED\u2122 3T PLUS"},"content":{"rendered":"\n<p>Bancos<\/p>\n","protected":false},"excerpt":{"rendered":"<p>Bancos<\/p>\n","protected":false},"featured_media":83808,"parent":88240,"menu_order":0,"template":"page-templates\/col-single-product-speed3t.php","format":"standard","meta":[],"class_list":["post-83806","product","type-product","status-publish","format-standard","has-post-thumbnail","hentry"],"yoast_head":"<!-- This site is optimized with the Yoast SEO plugin v27.4 - https:\/\/yoast.com\/product\/yoast-seo-wordpress\/ -->\n<title>Banco de alineaci\u00f3n Speed\u2122 y Speed\u2122 Plus | Car-O-Liner ES<\/title>\n<meta name=\"description\" content=\"Banco de alineaci\u00f3n ligero y r\u00e1pido con configuraci\u00f3n r\u00e1pida. El alineador de tracci\u00f3n se puede girar 180\u00ba alrededor de la plataforma (un extremo) e inclinar 90\u00ba en horizontal.\" \/>\n<meta name=\"robots\" content=\"index, follow, max-snippet:-1, max-image-preview:large, max-video-preview:-1\" \/>\n<link rel=\"canonical\" href=\"https:\/\/car-o-liner.com\/es\/producto\/speed-speed-plus\/\" \/>\n<meta property=\"og:locale\" content=\"es_ES\" \/>\n<meta property=\"og:type\" content=\"article\" \/>\n<meta property=\"og:title\" content=\"Banco de alineaci\u00f3n Speed\u2122 y Speed\u2122 Plus | Car-O-Liner ES\" \/>\n<meta property=\"og:description\" content=\"Banco de alineaci\u00f3n ligero y r\u00e1pido con configuraci\u00f3n r\u00e1pida. El alineador de tracci\u00f3n se puede girar 180\u00ba alrededor de la plataforma (un extremo) e inclinar 90\u00ba en horizontal.\" \/>\n<meta property=\"og:url\" content=\"https:\/\/car-o-liner.com\/es\/producto\/speed-speed-plus\/\" \/>\n<meta property=\"og:site_name\" content=\"Car-O-Liner\" \/>\n<meta property=\"article:modified_time\" content=\"2024-11-05T16:35:02+00:00\" \/>\n<meta property=\"og:image\" content=\"https:\/\/car-o-liner.com\/wp-content\/uploads\/speed3t-hero-1.png\" \/>\n\t<meta property=\"og:image:width\" content=\"1500\" \/>\n\t<meta property=\"og:image:height\" content=\"1250\" \/>\n\t<meta property=\"og:image:type\" content=\"image\/png\" \/>\n<meta name=\"twitter:card\" content=\"summary_large_image\" \/>\n<script type=\"application\/ld+json\" class=\"yoast-schema-graph\">{\"@context\":\"https:\\\/\\\/schema.org\",\"@graph\":[{\"@type\":\"WebPage\",\"@id\":\"https:\\\/\\\/car-o-liner.com\\\/es\\\/producto\\\/speed-speed-plus\\\/\",\"url\":\"https:\\\/\\\/car-o-liner.com\\\/es\\\/producto\\\/speed-speed-plus\\\/\",\"name\":\"Banco de alineaci\u00f3n Speed\u2122 y Speed\u2122 Plus | Car-O-Liner ES\",\"isPartOf\":{\"@id\":\"https:\\\/\\\/car-o-liner.com\\\/es\\\/#website\"},\"primaryImageOfPage\":{\"@id\":\"https:\\\/\\\/car-o-liner.com\\\/es\\\/producto\\\/speed-speed-plus\\\/#primaryimage\"},\"image\":{\"@id\":\"https:\\\/\\\/car-o-liner.com\\\/es\\\/producto\\\/speed-speed-plus\\\/#primaryimage\"},\"thumbnailUrl\":\"https:\\\/\\\/car-o-liner.com\\\/wp-content\\\/uploads\\\/speed3t-hero-1.png\",\"datePublished\":\"2023-08-11T16:37:31+00:00\",\"dateModified\":\"2024-11-05T16:35:02+00:00\",\"description\":\"Banco de alineaci\u00f3n ligero y r\u00e1pido con configuraci\u00f3n r\u00e1pida. El alineador de tracci\u00f3n se puede girar 180\u00ba alrededor de la plataforma (un extremo) e inclinar 90\u00ba en horizontal.\",\"breadcrumb\":{\"@id\":\"https:\\\/\\\/car-o-liner.com\\\/es\\\/producto\\\/speed-speed-plus\\\/#breadcrumb\"},\"inLanguage\":\"es\",\"potentialAction\":[{\"@type\":\"ReadAction\",\"target\":[\"https:\\\/\\\/car-o-liner.com\\\/es\\\/producto\\\/speed-speed-plus\\\/\"]}]},{\"@type\":\"ImageObject\",\"inLanguage\":\"es\",\"@id\":\"https:\\\/\\\/car-o-liner.com\\\/es\\\/producto\\\/speed-speed-plus\\\/#primaryimage\",\"url\":\"https:\\\/\\\/car-o-liner.com\\\/wp-content\\\/uploads\\\/speed3t-hero-1.png\",\"contentUrl\":\"https:\\\/\\\/car-o-liner.com\\\/wp-content\\\/uploads\\\/speed3t-hero-1.png\",\"width\":1500,\"height\":1250},{\"@type\":\"BreadcrumbList\",\"@id\":\"https:\\\/\\\/car-o-liner.com\\\/es\\\/producto\\\/speed-speed-plus\\\/#breadcrumb\",\"itemListElement\":[{\"@type\":\"ListItem\",\"position\":1,\"name\":\"Home\",\"item\":\"https:\\\/\\\/car-o-liner.com\\\/es\\\/\"},{\"@type\":\"ListItem\",\"position\":2,\"name\":\"Alineaci\u00f3n y Enderezamiento\",\"item\":\"https:\\\/\\\/car-o-liner.com\\\/es\\\/producto\\\/alineacion-y-enderezado\\\/\"},{\"@type\":\"ListItem\",\"position\":3,\"name\":\"Sistemas de enderezado para carrocer\u00edas\",\"item\":\"https:\\\/\\\/car-o-liner.com\\\/es\\\/producto\\\/maquina-para-enderezar-carros\\\/\"},{\"@type\":\"ListItem\",\"position\":4,\"name\":\"SPEED\u2122 3T\\\/SPEED\u2122 3T PLUS\"}]},{\"@type\":\"WebSite\",\"@id\":\"https:\\\/\\\/car-o-liner.com\\\/es\\\/#website\",\"url\":\"https:\\\/\\\/car-o-liner.com\\\/es\\\/\",\"name\":\"Car-O-Liner\",\"description\":\"Collision Repair Equipment\",\"publisher\":{\"@id\":\"https:\\\/\\\/car-o-liner.com\\\/es\\\/#organization\"},\"potentialAction\":[{\"@type\":\"SearchAction\",\"target\":{\"@type\":\"EntryPoint\",\"urlTemplate\":\"https:\\\/\\\/car-o-liner.com\\\/es\\\/?s={search_term_string}\"},\"query-input\":{\"@type\":\"PropertyValueSpecification\",\"valueRequired\":true,\"valueName\":\"search_term_string\"}}],\"inLanguage\":\"es\"},{\"@type\":\"Organization\",\"@id\":\"https:\\\/\\\/car-o-liner.com\\\/es\\\/#organization\",\"name\":\"Car-O-Liner\",\"url\":\"https:\\\/\\\/car-o-liner.com\\\/es\\\/\",\"logo\":{\"@type\":\"ImageObject\",\"inLanguage\":\"es\",\"@id\":\"https:\\\/\\\/car-o-liner.com\\\/es\\\/#\\\/schema\\\/logo\\\/image\\\/\",\"url\":\"https:\\\/\\\/car-o-liner.com\\\/wp-content\\\/uploads\\\/Car-O-Liner-blue-web.svg\",\"contentUrl\":\"https:\\\/\\\/car-o-liner.com\\\/wp-content\\\/uploads\\\/Car-O-Liner-blue-web.svg\",\"width\":250,\"height\":50,\"caption\":\"Car-O-Liner\"},\"image\":{\"@id\":\"https:\\\/\\\/car-o-liner.com\\\/es\\\/#\\\/schema\\\/logo\\\/image\\\/\"}}]}<\/script>\n<!-- \/ Yoast SEO plugin. -->","yoast_head_json":{"title":"Banco de alineaci\u00f3n Speed\u2122 y Speed\u2122 Plus | Car-O-Liner ES","description":"Banco de alineaci\u00f3n ligero y r\u00e1pido con configuraci\u00f3n r\u00e1pida. El alineador de tracci\u00f3n se puede girar 180\u00ba alrededor de la plataforma (un extremo) e inclinar 90\u00ba en horizontal.","robots":{"index":"index","follow":"follow","max-snippet":"max-snippet:-1","max-image-preview":"max-image-preview:large","max-video-preview":"max-video-preview:-1"},"canonical":"https:\/\/car-o-liner.com\/es\/producto\/speed-speed-plus\/","og_locale":"es_ES","og_type":"article","og_title":"Banco de alineaci\u00f3n Speed\u2122 y Speed\u2122 Plus | Car-O-Liner ES","og_description":"Banco de alineaci\u00f3n ligero y r\u00e1pido con configuraci\u00f3n r\u00e1pida. El alineador de tracci\u00f3n se puede girar 180\u00ba alrededor de la plataforma (un extremo) e inclinar 90\u00ba en horizontal.","og_url":"https:\/\/car-o-liner.com\/es\/producto\/speed-speed-plus\/","og_site_name":"Car-O-Liner","article_modified_time":"2024-11-05T16:35:02+00:00","og_image":[{"width":1500,"height":1250,"url":"https:\/\/car-o-liner.com\/wp-content\/uploads\/speed3t-hero-1.png","type":"image\/png"}],"twitter_card":"summary_large_image","schema":{"@context":"https:\/\/schema.org","@graph":[{"@type":"WebPage","@id":"https:\/\/car-o-liner.com\/es\/producto\/speed-speed-plus\/","url":"https:\/\/car-o-liner.com\/es\/producto\/speed-speed-plus\/","name":"Banco de alineaci\u00f3n Speed\u2122 y Speed\u2122 Plus | Car-O-Liner ES","isPartOf":{"@id":"https:\/\/car-o-liner.com\/es\/#website"},"primaryImageOfPage":{"@id":"https:\/\/car-o-liner.com\/es\/producto\/speed-speed-plus\/#primaryimage"},"image":{"@id":"https:\/\/car-o-liner.com\/es\/producto\/speed-speed-plus\/#primaryimage"},"thumbnailUrl":"https:\/\/car-o-liner.com\/wp-content\/uploads\/speed3t-hero-1.png","datePublished":"2023-08-11T16:37:31+00:00","dateModified":"2024-11-05T16:35:02+00:00","description":"Banco de alineaci\u00f3n ligero y r\u00e1pido con configuraci\u00f3n r\u00e1pida. El alineador de tracci\u00f3n se puede girar 180\u00ba alrededor de la plataforma (un extremo) e inclinar 90\u00ba en horizontal.","breadcrumb":{"@id":"https:\/\/car-o-liner.com\/es\/producto\/speed-speed-plus\/#breadcrumb"},"inLanguage":"es","potentialAction":[{"@type":"ReadAction","target":["https:\/\/car-o-liner.com\/es\/producto\/speed-speed-plus\/"]}]},{"@type":"ImageObject","inLanguage":"es","@id":"https:\/\/car-o-liner.com\/es\/producto\/speed-speed-plus\/#primaryimage","url":"https:\/\/car-o-liner.com\/wp-content\/uploads\/speed3t-hero-1.png","contentUrl":"https:\/\/car-o-liner.com\/wp-content\/uploads\/speed3t-hero-1.png","width":1500,"height":1250},{"@type":"BreadcrumbList","@id":"https:\/\/car-o-liner.com\/es\/producto\/speed-speed-plus\/#breadcrumb","itemListElement":[{"@type":"ListItem","position":1,"name":"Home","item":"https:\/\/car-o-liner.com\/es\/"},{"@type":"ListItem","position":2,"name":"Alineaci\u00f3n y Enderezamiento","item":"https:\/\/car-o-liner.com\/es\/producto\/alineacion-y-enderezado\/"},{"@type":"ListItem","position":3,"name":"Sistemas de enderezado para carrocer\u00edas","item":"https:\/\/car-o-liner.com\/es\/producto\/maquina-para-enderezar-carros\/"},{"@type":"ListItem","position":4,"name":"SPEED\u2122 3T\/SPEED\u2122 3T PLUS"}]},{"@type":"WebSite","@id":"https:\/\/car-o-liner.com\/es\/#website","url":"https:\/\/car-o-liner.com\/es\/","name":"Car-O-Liner","description":"Collision Repair Equipment","publisher":{"@id":"https:\/\/car-o-liner.com\/es\/#organization"},"potentialAction":[{"@type":"SearchAction","target":{"@type":"EntryPoint","urlTemplate":"https:\/\/car-o-liner.com\/es\/?s={search_term_string}"},"query-input":{"@type":"PropertyValueSpecification","valueRequired":true,"valueName":"search_term_string"}}],"inLanguage":"es"},{"@type":"Organization","@id":"https:\/\/car-o-liner.com\/es\/#organization","name":"Car-O-Liner","url":"https:\/\/car-o-liner.com\/es\/","logo":{"@type":"ImageObject","inLanguage":"es","@id":"https:\/\/car-o-liner.com\/es\/#\/schema\/logo\/image\/","url":"https:\/\/car-o-liner.com\/wp-content\/uploads\/Car-O-Liner-blue-web.svg","contentUrl":"https:\/\/car-o-liner.com\/wp-content\/uploads\/Car-O-Liner-blue-web.svg","width":250,"height":50,"caption":"Car-O-Liner"},"image":{"@id":"https:\/\/car-o-liner.com\/es\/#\/schema\/logo\/image\/"}}]}},"_links":{"self":[{"href":"https:\/\/car-o-liner.com\/es\/wp-json\/wp\/v2\/product\/83806","targetHints":{"allow":["GET"]}}],"collection":[{"href":"https:\/\/car-o-liner.com\/es\/wp-json\/wp\/v2\/product"}],"about":[{"href":"https:\/\/car-o-liner.com\/es\/wp-json\/wp\/v2\/types\/product"}],"up":[{"embeddable":true,"href":"https:\/\/car-o-liner.com\/es\/wp-json\/wp\/v2\/product\/88240"}],"wp:featuredmedia":[{"embeddable":true,"href":"https:\/\/car-o-liner.com\/es\/wp-json\/wp\/v2\/media\/83808"}],"wp:attachment":[{"href":"https:\/\/car-o-liner.com\/es\/wp-json\/wp\/v2\/media?parent=83806"}],"curies":[{"name":"wp","href":"https:\/\/api.w.org\/{rel}","templated":true}]}}