{"id":85438,"date":"2023-07-24T15:18:45","date_gmt":"2023-07-24T13:18:45","guid":{"rendered":"https:\/\/car-o-liner-test.phl.togglebox.site\/product\/h4pro\/"},"modified":"2024-11-07T16:47:41","modified_gmt":"2024-11-07T15:47:41","slug":"h4pro","status":"publish","type":"product","link":"https:\/\/car-o-liner.com\/es\/producto\/h4pro\/","title":{"rendered":"H4PRO"},"content":{"rendered":"\n<p>CALENTADOR POR INDUCCI\u00d3N PORT\u00c1TIL<\/p>\n","protected":false},"excerpt":{"rendered":"<p>CALENTADOR POR INDUCCI\u00d3N PORT\u00c1TIL<\/p>\n","protected":false},"featured_media":85440,"parent":86595,"menu_order":0,"template":"page-templates\/col-single-product-cmitwin.php","format":"standard","meta":[],"class_list":["post-85438","product","type-product","status-publish","format-standard","has-post-thumbnail","hentry"],"yoast_head":"<!-- This site is optimized with the Yoast SEO plugin v27.2 - https:\/\/yoast.com\/product\/yoast-seo-wordpress\/ -->\n<title>Calentador de inducci\u00f3n H4PRO | Car-O-Liner ES<\/title>\n<meta name=\"description\" content=\"Dise\u00f1ado para servicios de reparaci\u00f3n ligera, el H4PRO ofrece la mejor productividad de su clase en los calentadores de inducci\u00f3n automotrices compactos y m\u00f3viles de hoy en d\u00eda.\" \/>\n<meta name=\"robots\" content=\"index, follow, max-snippet:-1, max-image-preview:large, max-video-preview:-1\" \/>\n<link rel=\"canonical\" href=\"https:\/\/car-o-liner.com\/es\/producto\/h4pro\/\" \/>\n<meta property=\"og:locale\" content=\"es_ES\" \/>\n<meta property=\"og:type\" content=\"article\" \/>\n<meta property=\"og:title\" content=\"Calentador de inducci\u00f3n H4PRO | Car-O-Liner ES\" \/>\n<meta property=\"og:description\" content=\"Dise\u00f1ado para servicios de reparaci\u00f3n ligera, el H4PRO ofrece la mejor productividad de su clase en los calentadores de inducci\u00f3n automotrices compactos y m\u00f3viles de hoy en d\u00eda.\" \/>\n<meta property=\"og:url\" content=\"https:\/\/car-o-liner.com\/es\/producto\/h4pro\/\" \/>\n<meta property=\"og:site_name\" content=\"Car-O-Liner\" \/>\n<meta property=\"article:modified_time\" content=\"2024-11-07T15:47:41+00:00\" \/>\n<meta property=\"og:image\" content=\"https:\/\/car-o-liner.com\/wp-content\/uploads\/h4-pro-hero-1.jpg\" \/>\n\t<meta property=\"og:image:width\" content=\"1500\" \/>\n\t<meta property=\"og:image:height\" content=\"1250\" \/>\n\t<meta property=\"og:image:type\" content=\"image\/jpeg\" \/>\n<meta name=\"twitter:card\" content=\"summary_large_image\" \/>\n<script type=\"application\/ld+json\" class=\"yoast-schema-graph\">{\"@context\":\"https:\/\/schema.org\",\"@graph\":[{\"@type\":\"WebPage\",\"@id\":\"https:\/\/car-o-liner.com\/es\/producto\/h4pro\/\",\"url\":\"https:\/\/car-o-liner.com\/es\/producto\/h4pro\/\",\"name\":\"Calentador de inducci\u00f3n H4PRO | Car-O-Liner ES\",\"isPartOf\":{\"@id\":\"https:\/\/car-o-liner.com\/es\/#website\"},\"primaryImageOfPage\":{\"@id\":\"https:\/\/car-o-liner.com\/es\/producto\/h4pro\/#primaryimage\"},\"image\":{\"@id\":\"https:\/\/car-o-liner.com\/es\/producto\/h4pro\/#primaryimage\"},\"thumbnailUrl\":\"https:\/\/car-o-liner.com\/wp-content\/uploads\/h4-pro-hero-1.jpg\",\"datePublished\":\"2023-07-24T13:18:45+00:00\",\"dateModified\":\"2024-11-07T15:47:41+00:00\",\"description\":\"Dise\u00f1ado para servicios de reparaci\u00f3n ligera, el H4PRO ofrece la mejor productividad de su clase en los calentadores de inducci\u00f3n automotrices compactos y m\u00f3viles de hoy en d\u00eda.\",\"breadcrumb\":{\"@id\":\"https:\/\/car-o-liner.com\/es\/producto\/h4pro\/#breadcrumb\"},\"inLanguage\":\"es\",\"potentialAction\":[{\"@type\":\"ReadAction\",\"target\":[\"https:\/\/car-o-liner.com\/es\/producto\/h4pro\/\"]}]},{\"@type\":\"ImageObject\",\"inLanguage\":\"es\",\"@id\":\"https:\/\/car-o-liner.com\/es\/producto\/h4pro\/#primaryimage\",\"url\":\"https:\/\/car-o-liner.com\/wp-content\/uploads\/h4-pro-hero-1.jpg\",\"contentUrl\":\"https:\/\/car-o-liner.com\/wp-content\/uploads\/h4-pro-hero-1.jpg\",\"width\":1500,\"height\":1250},{\"@type\":\"BreadcrumbList\",\"@id\":\"https:\/\/car-o-liner.com\/es\/producto\/h4pro\/#breadcrumb\",\"itemListElement\":[{\"@type\":\"ListItem\",\"position\":1,\"name\":\"Home\",\"item\":\"https:\/\/car-o-liner.com\/es\/\"},{\"@type\":\"ListItem\",\"position\":2,\"name\":\"Soldadura, Inducci\u00f3n y Remachado\",\"item\":\"https:\/\/car-o-liner.com\/es\/producto\/soldar-y-calentar\/\"},{\"@type\":\"ListItem\",\"position\":3,\"name\":\"Calentador de inducci\u00f3n automotriz\",\"item\":\"https:\/\/car-o-liner.com\/es\/producto\/calentador-de-induccion-automotriz\/\"},{\"@type\":\"ListItem\",\"position\":4,\"name\":\"H4PRO\"}]},{\"@type\":\"WebSite\",\"@id\":\"https:\/\/car-o-liner.com\/es\/#website\",\"url\":\"https:\/\/car-o-liner.com\/es\/\",\"name\":\"Car-O-Liner\",\"description\":\"Collision Repair Equipment\",\"publisher\":{\"@id\":\"https:\/\/car-o-liner.com\/es\/#organization\"},\"potentialAction\":[{\"@type\":\"SearchAction\",\"target\":{\"@type\":\"EntryPoint\",\"urlTemplate\":\"https:\/\/car-o-liner.com\/es\/?s={search_term_string}\"},\"query-input\":{\"@type\":\"PropertyValueSpecification\",\"valueRequired\":true,\"valueName\":\"search_term_string\"}}],\"inLanguage\":\"es\"},{\"@type\":\"Organization\",\"@id\":\"https:\/\/car-o-liner.com\/es\/#organization\",\"name\":\"Car-O-Liner\",\"url\":\"https:\/\/car-o-liner.com\/es\/\",\"logo\":{\"@type\":\"ImageObject\",\"inLanguage\":\"es\",\"@id\":\"https:\/\/car-o-liner.com\/es\/#\/schema\/logo\/image\/\",\"url\":\"https:\/\/car-o-liner.com\/wp-content\/uploads\/Car-O-Liner-blue-web.svg\",\"contentUrl\":\"https:\/\/car-o-liner.com\/wp-content\/uploads\/Car-O-Liner-blue-web.svg\",\"width\":250,\"height\":50,\"caption\":\"Car-O-Liner\"},\"image\":{\"@id\":\"https:\/\/car-o-liner.com\/es\/#\/schema\/logo\/image\/\"}}]}<\/script>\n<!-- \/ Yoast SEO plugin. -->","yoast_head_json":{"title":"Calentador de inducci\u00f3n H4PRO | Car-O-Liner ES","description":"Dise\u00f1ado para servicios de reparaci\u00f3n ligera, el H4PRO ofrece la mejor productividad de su clase en los calentadores de inducci\u00f3n automotrices compactos y m\u00f3viles de hoy en d\u00eda.","robots":{"index":"index","follow":"follow","max-snippet":"max-snippet:-1","max-image-preview":"max-image-preview:large","max-video-preview":"max-video-preview:-1"},"canonical":"https:\/\/car-o-liner.com\/es\/producto\/h4pro\/","og_locale":"es_ES","og_type":"article","og_title":"Calentador de inducci\u00f3n H4PRO | Car-O-Liner ES","og_description":"Dise\u00f1ado para servicios de reparaci\u00f3n ligera, el H4PRO ofrece la mejor productividad de su clase en los calentadores de inducci\u00f3n automotrices compactos y m\u00f3viles de hoy en d\u00eda.","og_url":"https:\/\/car-o-liner.com\/es\/producto\/h4pro\/","og_site_name":"Car-O-Liner","article_modified_time":"2024-11-07T15:47:41+00:00","og_image":[{"width":1500,"height":1250,"url":"https:\/\/car-o-liner.com\/wp-content\/uploads\/h4-pro-hero-1.jpg","type":"image\/jpeg"}],"twitter_card":"summary_large_image","schema":{"@context":"https:\/\/schema.org","@graph":[{"@type":"WebPage","@id":"https:\/\/car-o-liner.com\/es\/producto\/h4pro\/","url":"https:\/\/car-o-liner.com\/es\/producto\/h4pro\/","name":"Calentador de inducci\u00f3n H4PRO | Car-O-Liner ES","isPartOf":{"@id":"https:\/\/car-o-liner.com\/es\/#website"},"primaryImageOfPage":{"@id":"https:\/\/car-o-liner.com\/es\/producto\/h4pro\/#primaryimage"},"image":{"@id":"https:\/\/car-o-liner.com\/es\/producto\/h4pro\/#primaryimage"},"thumbnailUrl":"https:\/\/car-o-liner.com\/wp-content\/uploads\/h4-pro-hero-1.jpg","datePublished":"2023-07-24T13:18:45+00:00","dateModified":"2024-11-07T15:47:41+00:00","description":"Dise\u00f1ado para servicios de reparaci\u00f3n ligera, el H4PRO ofrece la mejor productividad de su clase en los calentadores de inducci\u00f3n automotrices compactos y m\u00f3viles de hoy en d\u00eda.","breadcrumb":{"@id":"https:\/\/car-o-liner.com\/es\/producto\/h4pro\/#breadcrumb"},"inLanguage":"es","potentialAction":[{"@type":"ReadAction","target":["https:\/\/car-o-liner.com\/es\/producto\/h4pro\/"]}]},{"@type":"ImageObject","inLanguage":"es","@id":"https:\/\/car-o-liner.com\/es\/producto\/h4pro\/#primaryimage","url":"https:\/\/car-o-liner.com\/wp-content\/uploads\/h4-pro-hero-1.jpg","contentUrl":"https:\/\/car-o-liner.com\/wp-content\/uploads\/h4-pro-hero-1.jpg","width":1500,"height":1250},{"@type":"BreadcrumbList","@id":"https:\/\/car-o-liner.com\/es\/producto\/h4pro\/#breadcrumb","itemListElement":[{"@type":"ListItem","position":1,"name":"Home","item":"https:\/\/car-o-liner.com\/es\/"},{"@type":"ListItem","position":2,"name":"Soldadura, Inducci\u00f3n y Remachado","item":"https:\/\/car-o-liner.com\/es\/producto\/soldar-y-calentar\/"},{"@type":"ListItem","position":3,"name":"Calentador de inducci\u00f3n automotriz","item":"https:\/\/car-o-liner.com\/es\/producto\/calentador-de-induccion-automotriz\/"},{"@type":"ListItem","position":4,"name":"H4PRO"}]},{"@type":"WebSite","@id":"https:\/\/car-o-liner.com\/es\/#website","url":"https:\/\/car-o-liner.com\/es\/","name":"Car-O-Liner","description":"Collision Repair Equipment","publisher":{"@id":"https:\/\/car-o-liner.com\/es\/#organization"},"potentialAction":[{"@type":"SearchAction","target":{"@type":"EntryPoint","urlTemplate":"https:\/\/car-o-liner.com\/es\/?s={search_term_string}"},"query-input":{"@type":"PropertyValueSpecification","valueRequired":true,"valueName":"search_term_string"}}],"inLanguage":"es"},{"@type":"Organization","@id":"https:\/\/car-o-liner.com\/es\/#organization","name":"Car-O-Liner","url":"https:\/\/car-o-liner.com\/es\/","logo":{"@type":"ImageObject","inLanguage":"es","@id":"https:\/\/car-o-liner.com\/es\/#\/schema\/logo\/image\/","url":"https:\/\/car-o-liner.com\/wp-content\/uploads\/Car-O-Liner-blue-web.svg","contentUrl":"https:\/\/car-o-liner.com\/wp-content\/uploads\/Car-O-Liner-blue-web.svg","width":250,"height":50,"caption":"Car-O-Liner"},"image":{"@id":"https:\/\/car-o-liner.com\/es\/#\/schema\/logo\/image\/"}}]}},"_links":{"self":[{"href":"https:\/\/car-o-liner.com\/es\/wp-json\/wp\/v2\/product\/85438","targetHints":{"allow":["GET"]}}],"collection":[{"href":"https:\/\/car-o-liner.com\/es\/wp-json\/wp\/v2\/product"}],"about":[{"href":"https:\/\/car-o-liner.com\/es\/wp-json\/wp\/v2\/types\/product"}],"up":[{"embeddable":true,"href":"https:\/\/car-o-liner.com\/es\/wp-json\/wp\/v2\/product\/86595"}],"wp:featuredmedia":[{"embeddable":true,"href":"https:\/\/car-o-liner.com\/es\/wp-json\/wp\/v2\/media\/85440"}],"wp:attachment":[{"href":"https:\/\/car-o-liner.com\/es\/wp-json\/wp\/v2\/media?parent=85438"}],"curies":[{"name":"wp","href":"https:\/\/api.w.org\/{rel}","templated":true}]}}