{"id":86581,"date":"2023-07-05T21:07:19","date_gmt":"2023-07-05T19:07:19","guid":{"rendered":"https:\/\/car-o-liner-test.phl.togglebox.site\/product\/joining-heating\/spot-welding\/"},"modified":"2024-11-07T15:46:11","modified_gmt":"2024-11-07T14:46:11","slug":"soldadura-de-punto","status":"publish","type":"product","link":"https:\/\/car-o-liner.com\/es\/producto\/soldadura-de-punto\/","title":{"rendered":"Soldadoras por puntos para automoci\u00f3n"},"content":{"rendered":"","protected":false},"excerpt":{"rendered":"","protected":false},"featured_media":0,"parent":81755,"menu_order":1,"template":"page-templates\/alignment-straightening-narrow.php","format":"standard","meta":[],"class_list":["post-86581","product","type-product","status-publish","format-standard","hentry"],"yoast_head":"<!-- This site is optimized with the Yoast SEO plugin v27.2 - https:\/\/yoast.com\/product\/yoast-seo-wordpress\/ -->\n<title>Soldadora de punto | Car-O-Liner ES<\/title>\n<meta name=\"description\" content=\"Descubra las mejores soldadoras de punto automotrices para la reparaci\u00f3n pr\u00e9mium de colisiones. Obtenga equipos de soldadura duraderos y eficientes adaptados para talleres de carrocer\u00eda de autom\u00f3viles.\" \/>\n<meta name=\"robots\" content=\"index, follow, max-snippet:-1, max-image-preview:large, max-video-preview:-1\" \/>\n<link rel=\"canonical\" href=\"https:\/\/car-o-liner.com\/es\/producto\/soldadura-de-punto\/\" \/>\n<meta property=\"og:locale\" content=\"es_ES\" \/>\n<meta property=\"og:type\" content=\"article\" \/>\n<meta property=\"og:title\" content=\"Soldadora de punto | Car-O-Liner ES\" \/>\n<meta property=\"og:description\" content=\"Descubra las mejores soldadoras de punto automotrices para la reparaci\u00f3n pr\u00e9mium de colisiones. Obtenga equipos de soldadura duraderos y eficientes adaptados para talleres de carrocer\u00eda de autom\u00f3viles.\" \/>\n<meta property=\"og:url\" content=\"https:\/\/car-o-liner.com\/es\/producto\/soldadura-de-punto\/\" \/>\n<meta property=\"og:site_name\" content=\"Car-O-Liner\" \/>\n<meta property=\"article:modified_time\" content=\"2024-11-07T14:46:11+00:00\" \/>\n<meta name=\"twitter:card\" content=\"summary_large_image\" \/>\n<script type=\"application\/ld+json\" class=\"yoast-schema-graph\">{\"@context\":\"https:\/\/schema.org\",\"@graph\":[{\"@type\":\"WebPage\",\"@id\":\"https:\/\/car-o-liner.com\/es\/producto\/soldadura-de-punto\/\",\"url\":\"https:\/\/car-o-liner.com\/es\/producto\/soldadura-de-punto\/\",\"name\":\"Soldadora de punto | Car-O-Liner ES\",\"isPartOf\":{\"@id\":\"https:\/\/car-o-liner.com\/es\/#website\"},\"datePublished\":\"2023-07-05T19:07:19+00:00\",\"dateModified\":\"2024-11-07T14:46:11+00:00\",\"description\":\"Descubra las mejores soldadoras de punto automotrices para la reparaci\u00f3n pr\u00e9mium de colisiones. Obtenga equipos de soldadura duraderos y eficientes adaptados para talleres de carrocer\u00eda de autom\u00f3viles.\",\"breadcrumb\":{\"@id\":\"https:\/\/car-o-liner.com\/es\/producto\/soldadura-de-punto\/#breadcrumb\"},\"inLanguage\":\"es\",\"potentialAction\":[{\"@type\":\"ReadAction\",\"target\":[\"https:\/\/car-o-liner.com\/es\/producto\/soldadura-de-punto\/\"]}]},{\"@type\":\"BreadcrumbList\",\"@id\":\"https:\/\/car-o-liner.com\/es\/producto\/soldadura-de-punto\/#breadcrumb\",\"itemListElement\":[{\"@type\":\"ListItem\",\"position\":1,\"name\":\"Home\",\"item\":\"https:\/\/car-o-liner.com\/es\/\"},{\"@type\":\"ListItem\",\"position\":2,\"name\":\"Soldadura, Inducci\u00f3n y Remachado\",\"item\":\"https:\/\/car-o-liner.com\/es\/producto\/soldar-y-calentar\/\"},{\"@type\":\"ListItem\",\"position\":3,\"name\":\"Soldadoras por puntos para automoci\u00f3n\"}]},{\"@type\":\"WebSite\",\"@id\":\"https:\/\/car-o-liner.com\/es\/#website\",\"url\":\"https:\/\/car-o-liner.com\/es\/\",\"name\":\"Car-O-Liner\",\"description\":\"Collision Repair Equipment\",\"publisher\":{\"@id\":\"https:\/\/car-o-liner.com\/es\/#organization\"},\"potentialAction\":[{\"@type\":\"SearchAction\",\"target\":{\"@type\":\"EntryPoint\",\"urlTemplate\":\"https:\/\/car-o-liner.com\/es\/?s={search_term_string}\"},\"query-input\":{\"@type\":\"PropertyValueSpecification\",\"valueRequired\":true,\"valueName\":\"search_term_string\"}}],\"inLanguage\":\"es\"},{\"@type\":\"Organization\",\"@id\":\"https:\/\/car-o-liner.com\/es\/#organization\",\"name\":\"Car-O-Liner\",\"url\":\"https:\/\/car-o-liner.com\/es\/\",\"logo\":{\"@type\":\"ImageObject\",\"inLanguage\":\"es\",\"@id\":\"https:\/\/car-o-liner.com\/es\/#\/schema\/logo\/image\/\",\"url\":\"https:\/\/car-o-liner.com\/wp-content\/uploads\/Car-O-Liner-blue-web.svg\",\"contentUrl\":\"https:\/\/car-o-liner.com\/wp-content\/uploads\/Car-O-Liner-blue-web.svg\",\"width\":250,\"height\":50,\"caption\":\"Car-O-Liner\"},\"image\":{\"@id\":\"https:\/\/car-o-liner.com\/es\/#\/schema\/logo\/image\/\"}}]}<\/script>\n<!-- \/ Yoast SEO plugin. -->","yoast_head_json":{"title":"Soldadora de punto | Car-O-Liner ES","description":"Descubra las mejores soldadoras de punto automotrices para la reparaci\u00f3n pr\u00e9mium de colisiones. Obtenga equipos de soldadura duraderos y eficientes adaptados para talleres de carrocer\u00eda de autom\u00f3viles.","robots":{"index":"index","follow":"follow","max-snippet":"max-snippet:-1","max-image-preview":"max-image-preview:large","max-video-preview":"max-video-preview:-1"},"canonical":"https:\/\/car-o-liner.com\/es\/producto\/soldadura-de-punto\/","og_locale":"es_ES","og_type":"article","og_title":"Soldadora de punto | Car-O-Liner ES","og_description":"Descubra las mejores soldadoras de punto automotrices para la reparaci\u00f3n pr\u00e9mium de colisiones. Obtenga equipos de soldadura duraderos y eficientes adaptados para talleres de carrocer\u00eda de autom\u00f3viles.","og_url":"https:\/\/car-o-liner.com\/es\/producto\/soldadura-de-punto\/","og_site_name":"Car-O-Liner","article_modified_time":"2024-11-07T14:46:11+00:00","twitter_card":"summary_large_image","schema":{"@context":"https:\/\/schema.org","@graph":[{"@type":"WebPage","@id":"https:\/\/car-o-liner.com\/es\/producto\/soldadura-de-punto\/","url":"https:\/\/car-o-liner.com\/es\/producto\/soldadura-de-punto\/","name":"Soldadora de punto | Car-O-Liner ES","isPartOf":{"@id":"https:\/\/car-o-liner.com\/es\/#website"},"datePublished":"2023-07-05T19:07:19+00:00","dateModified":"2024-11-07T14:46:11+00:00","description":"Descubra las mejores soldadoras de punto automotrices para la reparaci\u00f3n pr\u00e9mium de colisiones. Obtenga equipos de soldadura duraderos y eficientes adaptados para talleres de carrocer\u00eda de autom\u00f3viles.","breadcrumb":{"@id":"https:\/\/car-o-liner.com\/es\/producto\/soldadura-de-punto\/#breadcrumb"},"inLanguage":"es","potentialAction":[{"@type":"ReadAction","target":["https:\/\/car-o-liner.com\/es\/producto\/soldadura-de-punto\/"]}]},{"@type":"BreadcrumbList","@id":"https:\/\/car-o-liner.com\/es\/producto\/soldadura-de-punto\/#breadcrumb","itemListElement":[{"@type":"ListItem","position":1,"name":"Home","item":"https:\/\/car-o-liner.com\/es\/"},{"@type":"ListItem","position":2,"name":"Soldadura, Inducci\u00f3n y Remachado","item":"https:\/\/car-o-liner.com\/es\/producto\/soldar-y-calentar\/"},{"@type":"ListItem","position":3,"name":"Soldadoras por puntos para automoci\u00f3n"}]},{"@type":"WebSite","@id":"https:\/\/car-o-liner.com\/es\/#website","url":"https:\/\/car-o-liner.com\/es\/","name":"Car-O-Liner","description":"Collision Repair Equipment","publisher":{"@id":"https:\/\/car-o-liner.com\/es\/#organization"},"potentialAction":[{"@type":"SearchAction","target":{"@type":"EntryPoint","urlTemplate":"https:\/\/car-o-liner.com\/es\/?s={search_term_string}"},"query-input":{"@type":"PropertyValueSpecification","valueRequired":true,"valueName":"search_term_string"}}],"inLanguage":"es"},{"@type":"Organization","@id":"https:\/\/car-o-liner.com\/es\/#organization","name":"Car-O-Liner","url":"https:\/\/car-o-liner.com\/es\/","logo":{"@type":"ImageObject","inLanguage":"es","@id":"https:\/\/car-o-liner.com\/es\/#\/schema\/logo\/image\/","url":"https:\/\/car-o-liner.com\/wp-content\/uploads\/Car-O-Liner-blue-web.svg","contentUrl":"https:\/\/car-o-liner.com\/wp-content\/uploads\/Car-O-Liner-blue-web.svg","width":250,"height":50,"caption":"Car-O-Liner"},"image":{"@id":"https:\/\/car-o-liner.com\/es\/#\/schema\/logo\/image\/"}}]}},"_links":{"self":[{"href":"https:\/\/car-o-liner.com\/es\/wp-json\/wp\/v2\/product\/86581","targetHints":{"allow":["GET"]}}],"collection":[{"href":"https:\/\/car-o-liner.com\/es\/wp-json\/wp\/v2\/product"}],"about":[{"href":"https:\/\/car-o-liner.com\/es\/wp-json\/wp\/v2\/types\/product"}],"up":[{"embeddable":true,"href":"https:\/\/car-o-liner.com\/es\/wp-json\/wp\/v2\/product\/81755"}],"wp:attachment":[{"href":"https:\/\/car-o-liner.com\/es\/wp-json\/wp\/v2\/media?parent=86581"}],"curies":[{"name":"wp","href":"https:\/\/api.w.org\/{rel}","templated":true}]}}