{"id":88296,"date":"2024-02-05T16:20:01","date_gmt":"2024-02-05T15:20:01","guid":{"rendered":"https:\/\/car-o-liner-test.phl.togglebox.site\/product\/workshop-solutions\/collision-repair-solutions\/"},"modified":"2024-04-15T14:06:56","modified_gmt":"2024-04-15T12:06:56","slug":"islas-para-colisiones","status":"publish","type":"product","link":"https:\/\/car-o-liner.com\/es\/producto\/islas-para-colisiones\/","title":{"rendered":"Islas para colisiones"},"content":{"rendered":"","protected":false},"excerpt":{"rendered":"","protected":false},"featured_media":0,"parent":81796,"menu_order":0,"template":"page-templates\/alignment-straightening.php","format":"standard","meta":[],"class_list":["post-88296","product","type-product","status-publish","format-standard","hentry"],"yoast_head":"<!-- This site is optimized with the Yoast SEO plugin v27.2 - https:\/\/yoast.com\/product\/yoast-seo-wordpress\/ -->\n<title>Islas para colisiones | Car-O-Liner ES<\/title>\n<meta name=\"description\" content=\"Nuestras completas islas est\u00e1n totalmente equipadas con herramientas dise\u00f1adas para agilizar las evaluaciones y proporcionar presupuestos precisos r\u00e1pidamente.\" \/>\n<meta name=\"robots\" content=\"index, follow, max-snippet:-1, max-image-preview:large, max-video-preview:-1\" \/>\n<link rel=\"canonical\" href=\"https:\/\/car-o-liner.com\/es\/producto\/islas-para-colisiones\/\" \/>\n<meta property=\"og:locale\" content=\"es_ES\" \/>\n<meta property=\"og:type\" content=\"article\" \/>\n<meta property=\"og:title\" content=\"Islas para colisiones | Car-O-Liner ES\" \/>\n<meta property=\"og:description\" content=\"Nuestras completas islas est\u00e1n totalmente equipadas con herramientas dise\u00f1adas para agilizar las evaluaciones y proporcionar presupuestos precisos r\u00e1pidamente.\" \/>\n<meta property=\"og:url\" content=\"https:\/\/car-o-liner.com\/es\/producto\/islas-para-colisiones\/\" \/>\n<meta property=\"og:site_name\" content=\"Car-O-Liner\" \/>\n<meta property=\"article:modified_time\" content=\"2024-04-15T12:06:56+00:00\" \/>\n<meta name=\"twitter:card\" content=\"summary_large_image\" \/>\n<script type=\"application\/ld+json\" class=\"yoast-schema-graph\">{\"@context\":\"https:\/\/schema.org\",\"@graph\":[{\"@type\":\"WebPage\",\"@id\":\"https:\/\/car-o-liner.com\/es\/producto\/islas-para-colisiones\/\",\"url\":\"https:\/\/car-o-liner.com\/es\/producto\/islas-para-colisiones\/\",\"name\":\"Islas para colisiones | Car-O-Liner ES\",\"isPartOf\":{\"@id\":\"https:\/\/car-o-liner.com\/es\/#website\"},\"datePublished\":\"2024-02-05T15:20:01+00:00\",\"dateModified\":\"2024-04-15T12:06:56+00:00\",\"description\":\"Nuestras completas islas est\u00e1n totalmente equipadas con herramientas dise\u00f1adas para agilizar las evaluaciones y proporcionar presupuestos precisos r\u00e1pidamente.\",\"breadcrumb\":{\"@id\":\"https:\/\/car-o-liner.com\/es\/producto\/islas-para-colisiones\/#breadcrumb\"},\"inLanguage\":\"es\",\"potentialAction\":[{\"@type\":\"ReadAction\",\"target\":[\"https:\/\/car-o-liner.com\/es\/producto\/islas-para-colisiones\/\"]}]},{\"@type\":\"BreadcrumbList\",\"@id\":\"https:\/\/car-o-liner.com\/es\/producto\/islas-para-colisiones\/#breadcrumb\",\"itemListElement\":[{\"@type\":\"ListItem\",\"position\":1,\"name\":\"Home\",\"item\":\"https:\/\/car-o-liner.com\/es\/\"},{\"@type\":\"ListItem\",\"position\":2,\"name\":\"Soluciones de taller\",\"item\":\"https:\/\/car-o-liner.com\/es\/producto\/soluciones-de-taller\/\"},{\"@type\":\"ListItem\",\"position\":3,\"name\":\"Islas para colisiones\"}]},{\"@type\":\"WebSite\",\"@id\":\"https:\/\/car-o-liner.com\/es\/#website\",\"url\":\"https:\/\/car-o-liner.com\/es\/\",\"name\":\"Car-O-Liner\",\"description\":\"Collision Repair Equipment\",\"publisher\":{\"@id\":\"https:\/\/car-o-liner.com\/es\/#organization\"},\"potentialAction\":[{\"@type\":\"SearchAction\",\"target\":{\"@type\":\"EntryPoint\",\"urlTemplate\":\"https:\/\/car-o-liner.com\/es\/?s={search_term_string}\"},\"query-input\":{\"@type\":\"PropertyValueSpecification\",\"valueRequired\":true,\"valueName\":\"search_term_string\"}}],\"inLanguage\":\"es\"},{\"@type\":\"Organization\",\"@id\":\"https:\/\/car-o-liner.com\/es\/#organization\",\"name\":\"Car-O-Liner\",\"url\":\"https:\/\/car-o-liner.com\/es\/\",\"logo\":{\"@type\":\"ImageObject\",\"inLanguage\":\"es\",\"@id\":\"https:\/\/car-o-liner.com\/es\/#\/schema\/logo\/image\/\",\"url\":\"https:\/\/car-o-liner.com\/wp-content\/uploads\/Car-O-Liner-blue-web.svg\",\"contentUrl\":\"https:\/\/car-o-liner.com\/wp-content\/uploads\/Car-O-Liner-blue-web.svg\",\"width\":250,\"height\":50,\"caption\":\"Car-O-Liner\"},\"image\":{\"@id\":\"https:\/\/car-o-liner.com\/es\/#\/schema\/logo\/image\/\"}}]}<\/script>\n<!-- \/ Yoast SEO plugin. -->","yoast_head_json":{"title":"Islas para colisiones | Car-O-Liner ES","description":"Nuestras completas islas est\u00e1n totalmente equipadas con herramientas dise\u00f1adas para agilizar las evaluaciones y proporcionar presupuestos precisos r\u00e1pidamente.","robots":{"index":"index","follow":"follow","max-snippet":"max-snippet:-1","max-image-preview":"max-image-preview:large","max-video-preview":"max-video-preview:-1"},"canonical":"https:\/\/car-o-liner.com\/es\/producto\/islas-para-colisiones\/","og_locale":"es_ES","og_type":"article","og_title":"Islas para colisiones | Car-O-Liner ES","og_description":"Nuestras completas islas est\u00e1n totalmente equipadas con herramientas dise\u00f1adas para agilizar las evaluaciones y proporcionar presupuestos precisos r\u00e1pidamente.","og_url":"https:\/\/car-o-liner.com\/es\/producto\/islas-para-colisiones\/","og_site_name":"Car-O-Liner","article_modified_time":"2024-04-15T12:06:56+00:00","twitter_card":"summary_large_image","schema":{"@context":"https:\/\/schema.org","@graph":[{"@type":"WebPage","@id":"https:\/\/car-o-liner.com\/es\/producto\/islas-para-colisiones\/","url":"https:\/\/car-o-liner.com\/es\/producto\/islas-para-colisiones\/","name":"Islas para colisiones | Car-O-Liner ES","isPartOf":{"@id":"https:\/\/car-o-liner.com\/es\/#website"},"datePublished":"2024-02-05T15:20:01+00:00","dateModified":"2024-04-15T12:06:56+00:00","description":"Nuestras completas islas est\u00e1n totalmente equipadas con herramientas dise\u00f1adas para agilizar las evaluaciones y proporcionar presupuestos precisos r\u00e1pidamente.","breadcrumb":{"@id":"https:\/\/car-o-liner.com\/es\/producto\/islas-para-colisiones\/#breadcrumb"},"inLanguage":"es","potentialAction":[{"@type":"ReadAction","target":["https:\/\/car-o-liner.com\/es\/producto\/islas-para-colisiones\/"]}]},{"@type":"BreadcrumbList","@id":"https:\/\/car-o-liner.com\/es\/producto\/islas-para-colisiones\/#breadcrumb","itemListElement":[{"@type":"ListItem","position":1,"name":"Home","item":"https:\/\/car-o-liner.com\/es\/"},{"@type":"ListItem","position":2,"name":"Soluciones de taller","item":"https:\/\/car-o-liner.com\/es\/producto\/soluciones-de-taller\/"},{"@type":"ListItem","position":3,"name":"Islas para colisiones"}]},{"@type":"WebSite","@id":"https:\/\/car-o-liner.com\/es\/#website","url":"https:\/\/car-o-liner.com\/es\/","name":"Car-O-Liner","description":"Collision Repair Equipment","publisher":{"@id":"https:\/\/car-o-liner.com\/es\/#organization"},"potentialAction":[{"@type":"SearchAction","target":{"@type":"EntryPoint","urlTemplate":"https:\/\/car-o-liner.com\/es\/?s={search_term_string}"},"query-input":{"@type":"PropertyValueSpecification","valueRequired":true,"valueName":"search_term_string"}}],"inLanguage":"es"},{"@type":"Organization","@id":"https:\/\/car-o-liner.com\/es\/#organization","name":"Car-O-Liner","url":"https:\/\/car-o-liner.com\/es\/","logo":{"@type":"ImageObject","inLanguage":"es","@id":"https:\/\/car-o-liner.com\/es\/#\/schema\/logo\/image\/","url":"https:\/\/car-o-liner.com\/wp-content\/uploads\/Car-O-Liner-blue-web.svg","contentUrl":"https:\/\/car-o-liner.com\/wp-content\/uploads\/Car-O-Liner-blue-web.svg","width":250,"height":50,"caption":"Car-O-Liner"},"image":{"@id":"https:\/\/car-o-liner.com\/es\/#\/schema\/logo\/image\/"}}]}},"_links":{"self":[{"href":"https:\/\/car-o-liner.com\/es\/wp-json\/wp\/v2\/product\/88296","targetHints":{"allow":["GET"]}}],"collection":[{"href":"https:\/\/car-o-liner.com\/es\/wp-json\/wp\/v2\/product"}],"about":[{"href":"https:\/\/car-o-liner.com\/es\/wp-json\/wp\/v2\/types\/product"}],"up":[{"embeddable":true,"href":"https:\/\/car-o-liner.com\/es\/wp-json\/wp\/v2\/product\/81796"}],"wp:attachment":[{"href":"https:\/\/car-o-liner.com\/es\/wp-json\/wp\/v2\/media?parent=88296"}],"curies":[{"name":"wp","href":"https:\/\/api.w.org\/{rel}","templated":true}]}}