{"id":88996,"date":"2024-03-15T10:00:15","date_gmt":"2024-03-15T09:00:15","guid":{"rendered":"https:\/\/car-o-liner-test.phl.togglebox.site\/product\/joining-heating\/spot-welding\/aluminum-spotter\/"},"modified":"2024-11-05T18:16:39","modified_gmt":"2024-11-05T17:16:39","slug":"aluspotter","status":"publish","type":"product","link":"https:\/\/car-o-liner.com\/es\/producto\/aluspotter\/","title":{"rendered":"Aluminium Spotter"},"content":{"rendered":"\n<p>Desabolladoras<\/p>\n","protected":false},"excerpt":{"rendered":"<p>Desabolladoras<\/p>\n","protected":false},"featured_media":89613,"parent":86581,"menu_order":0,"template":"page-templates\/col-single-product-cmitwin.php","format":"standard","meta":[],"class_list":["post-88996","product","type-product","status-publish","format-standard","has-post-thumbnail","hentry"],"yoast_head":"<!-- This site is optimized with the Yoast SEO plugin v27.2 - https:\/\/yoast.com\/product\/yoast-seo-wordpress\/ -->\n<title>Extractor de abolladuras AluSpotter | Car-O-Liner ES<\/title>\n<meta name=\"description\" content=\"La AluSpotter port\u00e1til mejora la eficiencia para las reparaciones de abolladuras, permitiendo que los veh\u00edculos se muevan r\u00e1pidamente a trav\u00e9s del proceso de reparaci\u00f3n y aumenta la productividad del taller.\" \/>\n<meta name=\"robots\" content=\"index, follow, max-snippet:-1, max-image-preview:large, max-video-preview:-1\" \/>\n<link rel=\"canonical\" href=\"https:\/\/car-o-liner.com\/es\/producto\/aluspotter\/\" \/>\n<meta property=\"og:locale\" content=\"es_ES\" \/>\n<meta property=\"og:type\" content=\"article\" \/>\n<meta property=\"og:title\" content=\"Extractor de abolladuras AluSpotter | Car-O-Liner ES\" \/>\n<meta property=\"og:description\" content=\"La AluSpotter port\u00e1til mejora la eficiencia para las reparaciones de abolladuras, permitiendo que los veh\u00edculos se muevan r\u00e1pidamente a trav\u00e9s del proceso de reparaci\u00f3n y aumenta la productividad del taller.\" \/>\n<meta property=\"og:url\" content=\"https:\/\/car-o-liner.com\/es\/producto\/aluspotter\/\" \/>\n<meta property=\"og:site_name\" content=\"Car-O-Liner\" \/>\n<meta property=\"article:modified_time\" content=\"2024-11-05T17:16:39+00:00\" \/>\n<meta property=\"og:image\" content=\"https:\/\/car-o-liner.com\/wp-content\/uploads\/alum-spotter-hero-1024x853.png\" \/>\n\t<meta property=\"og:image:width\" content=\"1024\" \/>\n\t<meta property=\"og:image:height\" content=\"853\" \/>\n\t<meta property=\"og:image:type\" content=\"image\/png\" \/>\n<meta name=\"twitter:card\" content=\"summary_large_image\" \/>\n<script type=\"application\/ld+json\" class=\"yoast-schema-graph\">{\"@context\":\"https:\/\/schema.org\",\"@graph\":[{\"@type\":\"WebPage\",\"@id\":\"https:\/\/car-o-liner.com\/es\/producto\/aluspotter\/\",\"url\":\"https:\/\/car-o-liner.com\/es\/producto\/aluspotter\/\",\"name\":\"Extractor de abolladuras AluSpotter | Car-O-Liner ES\",\"isPartOf\":{\"@id\":\"https:\/\/car-o-liner.com\/es\/#website\"},\"primaryImageOfPage\":{\"@id\":\"https:\/\/car-o-liner.com\/es\/producto\/aluspotter\/#primaryimage\"},\"image\":{\"@id\":\"https:\/\/car-o-liner.com\/es\/producto\/aluspotter\/#primaryimage\"},\"thumbnailUrl\":\"https:\/\/car-o-liner.com\/wp-content\/uploads\/alum-spotter-hero.png\",\"datePublished\":\"2024-03-15T09:00:15+00:00\",\"dateModified\":\"2024-11-05T17:16:39+00:00\",\"description\":\"La AluSpotter port\u00e1til mejora la eficiencia para las reparaciones de abolladuras, permitiendo que los veh\u00edculos se muevan r\u00e1pidamente a trav\u00e9s del proceso de reparaci\u00f3n y aumenta la productividad del taller.\",\"breadcrumb\":{\"@id\":\"https:\/\/car-o-liner.com\/es\/producto\/aluspotter\/#breadcrumb\"},\"inLanguage\":\"es\",\"potentialAction\":[{\"@type\":\"ReadAction\",\"target\":[\"https:\/\/car-o-liner.com\/es\/producto\/aluspotter\/\"]}]},{\"@type\":\"ImageObject\",\"inLanguage\":\"es\",\"@id\":\"https:\/\/car-o-liner.com\/es\/producto\/aluspotter\/#primaryimage\",\"url\":\"https:\/\/car-o-liner.com\/wp-content\/uploads\/alum-spotter-hero.png\",\"contentUrl\":\"https:\/\/car-o-liner.com\/wp-content\/uploads\/alum-spotter-hero.png\",\"width\":1500,\"height\":1250,\"caption\":\"Alu\"},{\"@type\":\"BreadcrumbList\",\"@id\":\"https:\/\/car-o-liner.com\/es\/producto\/aluspotter\/#breadcrumb\",\"itemListElement\":[{\"@type\":\"ListItem\",\"position\":1,\"name\":\"Home\",\"item\":\"https:\/\/car-o-liner.com\/es\/\"},{\"@type\":\"ListItem\",\"position\":2,\"name\":\"Soldadura, Inducci\u00f3n y Remachado\",\"item\":\"https:\/\/car-o-liner.com\/es\/producto\/soldar-y-calentar\/\"},{\"@type\":\"ListItem\",\"position\":3,\"name\":\"Soldadoras por puntos para automoci\u00f3n\",\"item\":\"https:\/\/car-o-liner.com\/es\/producto\/soldadura-de-punto\/\"},{\"@type\":\"ListItem\",\"position\":4,\"name\":\"Aluminium Spotter\"}]},{\"@type\":\"WebSite\",\"@id\":\"https:\/\/car-o-liner.com\/es\/#website\",\"url\":\"https:\/\/car-o-liner.com\/es\/\",\"name\":\"Car-O-Liner\",\"description\":\"Collision Repair Equipment\",\"publisher\":{\"@id\":\"https:\/\/car-o-liner.com\/es\/#organization\"},\"potentialAction\":[{\"@type\":\"SearchAction\",\"target\":{\"@type\":\"EntryPoint\",\"urlTemplate\":\"https:\/\/car-o-liner.com\/es\/?s={search_term_string}\"},\"query-input\":{\"@type\":\"PropertyValueSpecification\",\"valueRequired\":true,\"valueName\":\"search_term_string\"}}],\"inLanguage\":\"es\"},{\"@type\":\"Organization\",\"@id\":\"https:\/\/car-o-liner.com\/es\/#organization\",\"name\":\"Car-O-Liner\",\"url\":\"https:\/\/car-o-liner.com\/es\/\",\"logo\":{\"@type\":\"ImageObject\",\"inLanguage\":\"es\",\"@id\":\"https:\/\/car-o-liner.com\/es\/#\/schema\/logo\/image\/\",\"url\":\"https:\/\/car-o-liner.com\/wp-content\/uploads\/Car-O-Liner-blue-web.svg\",\"contentUrl\":\"https:\/\/car-o-liner.com\/wp-content\/uploads\/Car-O-Liner-blue-web.svg\",\"width\":250,\"height\":50,\"caption\":\"Car-O-Liner\"},\"image\":{\"@id\":\"https:\/\/car-o-liner.com\/es\/#\/schema\/logo\/image\/\"}}]}<\/script>\n<!-- \/ Yoast SEO plugin. -->","yoast_head_json":{"title":"Extractor de abolladuras AluSpotter | Car-O-Liner ES","description":"La AluSpotter port\u00e1til mejora la eficiencia para las reparaciones de abolladuras, permitiendo que los veh\u00edculos se muevan r\u00e1pidamente a trav\u00e9s del proceso de reparaci\u00f3n y aumenta la productividad del taller.","robots":{"index":"index","follow":"follow","max-snippet":"max-snippet:-1","max-image-preview":"max-image-preview:large","max-video-preview":"max-video-preview:-1"},"canonical":"https:\/\/car-o-liner.com\/es\/producto\/aluspotter\/","og_locale":"es_ES","og_type":"article","og_title":"Extractor de abolladuras AluSpotter | Car-O-Liner ES","og_description":"La AluSpotter port\u00e1til mejora la eficiencia para las reparaciones de abolladuras, permitiendo que los veh\u00edculos se muevan r\u00e1pidamente a trav\u00e9s del proceso de reparaci\u00f3n y aumenta la productividad del taller.","og_url":"https:\/\/car-o-liner.com\/es\/producto\/aluspotter\/","og_site_name":"Car-O-Liner","article_modified_time":"2024-11-05T17:16:39+00:00","og_image":[{"width":1024,"height":853,"url":"https:\/\/car-o-liner.com\/wp-content\/uploads\/alum-spotter-hero-1024x853.png","type":"image\/png"}],"twitter_card":"summary_large_image","schema":{"@context":"https:\/\/schema.org","@graph":[{"@type":"WebPage","@id":"https:\/\/car-o-liner.com\/es\/producto\/aluspotter\/","url":"https:\/\/car-o-liner.com\/es\/producto\/aluspotter\/","name":"Extractor de abolladuras AluSpotter | Car-O-Liner ES","isPartOf":{"@id":"https:\/\/car-o-liner.com\/es\/#website"},"primaryImageOfPage":{"@id":"https:\/\/car-o-liner.com\/es\/producto\/aluspotter\/#primaryimage"},"image":{"@id":"https:\/\/car-o-liner.com\/es\/producto\/aluspotter\/#primaryimage"},"thumbnailUrl":"https:\/\/car-o-liner.com\/wp-content\/uploads\/alum-spotter-hero.png","datePublished":"2024-03-15T09:00:15+00:00","dateModified":"2024-11-05T17:16:39+00:00","description":"La AluSpotter port\u00e1til mejora la eficiencia para las reparaciones de abolladuras, permitiendo que los veh\u00edculos se muevan r\u00e1pidamente a trav\u00e9s del proceso de reparaci\u00f3n y aumenta la productividad del taller.","breadcrumb":{"@id":"https:\/\/car-o-liner.com\/es\/producto\/aluspotter\/#breadcrumb"},"inLanguage":"es","potentialAction":[{"@type":"ReadAction","target":["https:\/\/car-o-liner.com\/es\/producto\/aluspotter\/"]}]},{"@type":"ImageObject","inLanguage":"es","@id":"https:\/\/car-o-liner.com\/es\/producto\/aluspotter\/#primaryimage","url":"https:\/\/car-o-liner.com\/wp-content\/uploads\/alum-spotter-hero.png","contentUrl":"https:\/\/car-o-liner.com\/wp-content\/uploads\/alum-spotter-hero.png","width":1500,"height":1250,"caption":"Alu"},{"@type":"BreadcrumbList","@id":"https:\/\/car-o-liner.com\/es\/producto\/aluspotter\/#breadcrumb","itemListElement":[{"@type":"ListItem","position":1,"name":"Home","item":"https:\/\/car-o-liner.com\/es\/"},{"@type":"ListItem","position":2,"name":"Soldadura, Inducci\u00f3n y Remachado","item":"https:\/\/car-o-liner.com\/es\/producto\/soldar-y-calentar\/"},{"@type":"ListItem","position":3,"name":"Soldadoras por puntos para automoci\u00f3n","item":"https:\/\/car-o-liner.com\/es\/producto\/soldadura-de-punto\/"},{"@type":"ListItem","position":4,"name":"Aluminium Spotter"}]},{"@type":"WebSite","@id":"https:\/\/car-o-liner.com\/es\/#website","url":"https:\/\/car-o-liner.com\/es\/","name":"Car-O-Liner","description":"Collision Repair Equipment","publisher":{"@id":"https:\/\/car-o-liner.com\/es\/#organization"},"potentialAction":[{"@type":"SearchAction","target":{"@type":"EntryPoint","urlTemplate":"https:\/\/car-o-liner.com\/es\/?s={search_term_string}"},"query-input":{"@type":"PropertyValueSpecification","valueRequired":true,"valueName":"search_term_string"}}],"inLanguage":"es"},{"@type":"Organization","@id":"https:\/\/car-o-liner.com\/es\/#organization","name":"Car-O-Liner","url":"https:\/\/car-o-liner.com\/es\/","logo":{"@type":"ImageObject","inLanguage":"es","@id":"https:\/\/car-o-liner.com\/es\/#\/schema\/logo\/image\/","url":"https:\/\/car-o-liner.com\/wp-content\/uploads\/Car-O-Liner-blue-web.svg","contentUrl":"https:\/\/car-o-liner.com\/wp-content\/uploads\/Car-O-Liner-blue-web.svg","width":250,"height":50,"caption":"Car-O-Liner"},"image":{"@id":"https:\/\/car-o-liner.com\/es\/#\/schema\/logo\/image\/"}}]}},"_links":{"self":[{"href":"https:\/\/car-o-liner.com\/es\/wp-json\/wp\/v2\/product\/88996","targetHints":{"allow":["GET"]}}],"collection":[{"href":"https:\/\/car-o-liner.com\/es\/wp-json\/wp\/v2\/product"}],"about":[{"href":"https:\/\/car-o-liner.com\/es\/wp-json\/wp\/v2\/types\/product"}],"up":[{"embeddable":true,"href":"https:\/\/car-o-liner.com\/es\/wp-json\/wp\/v2\/product\/86581"}],"wp:featuredmedia":[{"embeddable":true,"href":"https:\/\/car-o-liner.com\/es\/wp-json\/wp\/v2\/media\/89613"}],"wp:attachment":[{"href":"https:\/\/car-o-liner.com\/es\/wp-json\/wp\/v2\/media?parent=88996"}],"curies":[{"name":"wp","href":"https:\/\/api.w.org\/{rel}","templated":true}]}}