{"id":81705,"date":"2023-09-20T18:41:22","date_gmt":"2023-09-20T16:41:22","guid":{"rendered":"https:\/\/car-o-liner-test.phl.togglebox.site\/about-us\/"},"modified":"2024-03-01T21:14:43","modified_gmt":"2024-03-01T20:14:43","slug":"about-us","status":"publish","type":"page","link":"https:\/\/car-o-liner.com\/fr\/about-us\/","title":{"rendered":"\u00c0 propos de nous"},"content":{"rendered":"\n<h4 class=\"wp-block-heading\">Bienvenue \u00e0 Car-O-Liner<\/h4>\n\n\n\n<p>Car-O-Liner\u00ae est synonyme d&rsquo;innovation gr\u00e2ce au d\u00e9veloppement de son premier banc de redressage, qui a ouvert la voie \u00e0 la croissance remarquable de l&rsquo;entreprise. Aujourd&rsquo;hui, Car-O-Liner est le premier fournisseur mondial d&rsquo;\u00e9quipements de r\u00e9paration, pour v\u00e9hicules accident\u00e9s, de haute qualit\u00e9 et technologiquement avanc\u00e9s pour le march\u00e9 secondaire de l&rsquo;automobile, avec une pr\u00e9sence dans plus de 70 pays. Depuis plus d&rsquo;un demi-si\u00e8cle, nous nous effor\u00e7ons de fournir \u00e0 l&rsquo;industrie des solutions innovantes, de favoriser les progr\u00e8s techniques, de proposer des formations compl\u00e8tes et d&rsquo;assurer un soutien in\u00e9branlable \u00e0 la client\u00e8le.<\/p>\n\n\n\n<p>Depuis 2016, Car-O-Liner est un fier membre de la famille de produits Snap-on\u00ae Inc. TSS\u2122 Total Shop Solutions. Cette int\u00e9gration strat\u00e9gique a permis \u00e0 Car-O-Liner de se d\u00e9velopper dans d&rsquo;autres domaines au sein de l&rsquo;industrie de la r\u00e9paration collision, notamment les tests et l&rsquo;\u00e9talonnage des syst\u00e8mes ADAS et de nombreux autres services essentiels.<\/p>\n\n\n\n<figure class=\"wp-block-image size-full\"><img loading=\"lazy\" decoding=\"async\" width=\"400\" height=\"250\" src=\"https:\/\/car-o-liner-test.phl.togglebox.site\/wp-content\/uploads\/Beliefs-1.jpg\" alt=\"A repair technician measures using PointXII\" class=\"wp-image-88088\" srcset=\"https:\/\/car-o-liner.com\/wp-content\/uploads\/Beliefs-1.jpg 400w, https:\/\/car-o-liner.com\/wp-content\/uploads\/Beliefs-1-300x188.jpg 300w\" sizes=\"auto, (max-width: 400px) 100vw, 400px\" \/><\/figure>\n\n\n\n<h5 class=\"wp-block-heading\">Croyances<\/h5>\n\n\n\n<p>Nous Croyons profond\u00e9ment \u00e0 la S\u00e9curit\u00e9 non n\u00e9gociable des Produits et de l&rsquo;Espace de Travail, \u00e0 une Qualit\u00e9 sans compromis, \u00e0 un Service \u00e0 la Client\u00e8le passionn\u00e9e, \u00e0 une Innovation sans peur et \u00e0 une Am\u00e9lioration Continue Rapide.<\/p>\n\n\n\n<figure class=\"wp-block-image size-full\"><img loading=\"lazy\" decoding=\"async\" width=\"400\" height=\"250\" src=\"https:\/\/car-o-liner-test.phl.togglebox.site\/wp-content\/uploads\/Values-1.jpg\" alt=\"A Car-O-Liner representative meets with a client\" class=\"wp-image-88099\" srcset=\"https:\/\/car-o-liner.com\/wp-content\/uploads\/Values-1.jpg 400w, https:\/\/car-o-liner.com\/wp-content\/uploads\/Values-1-300x188.jpg 300w\" sizes=\"auto, (max-width: 400px) 100vw, 400px\" \/><\/figure>\n\n\n\n<h5 class=\"wp-block-heading\">Valeurs<\/h5>\n\n\n\n<p>Nos comportements d\u00e9finissent notre succ\u00e8s, c&rsquo;est pourquoi l&rsquo;Int\u00e9grit\u00e9, la V\u00e9rit\u00e9, le respect de l&rsquo;Individu, le Travail d&rsquo;\u00c9quipe et l&rsquo;\u00c9coute sont les valeurs sur lesquelles repose notre travail quotidien.<\/p>\n\n\n\n<figure class=\"wp-block-image size-full\"><img loading=\"lazy\" decoding=\"async\" width=\"400\" height=\"250\" src=\"https:\/\/car-o-liner-test.phl.togglebox.site\/wp-content\/uploads\/Vision-1.jpg\" alt=\"A technician performs a weld\" class=\"wp-image-88109\" srcset=\"https:\/\/car-o-liner.com\/wp-content\/uploads\/Vision-1.jpg 400w, https:\/\/car-o-liner.com\/wp-content\/uploads\/Vision-1-300x188.jpg 300w\" sizes=\"auto, (max-width: 400px) 100vw, 400px\" \/><\/figure>\n\n\n\n<h5 class=\"wp-block-heading\">Vision<\/h5>\n\n\n\n<p>Notre vision est d&rsquo;\u00eatre reconnu comme la Marque de Choix, l&rsquo;Employeur de Choix et le Partenaire commercial de Choix, en travaillant avec passion et d\u00e9termination pour maintenir ces normes.<\/p>\n\n\n\n<figure class=\"wp-block-embed is-type-video is-provider-youtube wp-block-embed-youtube wp-embed-aspect-16-9 wp-has-aspect-ratio\"><div class=\"wp-block-embed__wrapper\">\n<iframe loading=\"lazy\" title=\"Car-O-Liner 50 Years\" width=\"640\" height=\"360\" src=\"https:\/\/www.youtube.com\/embed\/GCWUQwVVUVg?feature=oembed&#038;controls=1&#038;rel=0\" frameborder=\"0\" allow=\"accelerometer; autoplay; clipboard-write; encrypted-media; gyroscope; picture-in-picture; web-share\" referrerpolicy=\"strict-origin-when-cross-origin\" allowfullscreen><\/iframe>\n<\/div><\/figure>\n","protected":false},"excerpt":{"rendered":"<p>Bienvenue \u00e0 Car-O-Liner Car-O-Liner\u00ae est synonyme d&rsquo;innovation gr\u00e2ce au d\u00e9veloppement de son premier banc de redressage, qui a ouvert la voie \u00e0 la croissance remarquable de l&rsquo;entreprise. Aujourd&rsquo;hui, Car-O-Liner est le premier fournisseur mondial d&rsquo;\u00e9quipements de r\u00e9paration, pour v\u00e9hicules accident\u00e9s, de haute qualit\u00e9 et technologiquement avanc\u00e9s pour le march\u00e9 secondaire de l&rsquo;automobile, avec une pr\u00e9sence [&hellip;]<\/p>\n","protected":false},"author":1,"featured_media":0,"parent":0,"menu_order":0,"comment_status":"closed","ping_status":"closed","template":"page-templates\/about-us.php","meta":{"footnotes":""},"class_list":["post-81705","page","type-page","status-publish","hentry"],"yoast_head":"<!-- This site is optimized with the Yoast SEO plugin v27.2 - https:\/\/yoast.com\/product\/yoast-seo-wordpress\/ -->\n<title>\u00c0 propos de nous - Car-O-Liner<\/title>\n<meta name=\"robots\" content=\"index, follow, max-snippet:-1, max-image-preview:large, max-video-preview:-1\" \/>\n<link rel=\"canonical\" href=\"https:\/\/car-o-liner.com\/fr\/about-us\/\" \/>\n<meta property=\"og:locale\" content=\"fr_FR\" \/>\n<meta property=\"og:type\" content=\"article\" \/>\n<meta property=\"og:title\" content=\"\u00c0 propos de nous - Car-O-Liner\" \/>\n<meta property=\"og:description\" content=\"Bienvenue \u00e0 Car-O-Liner Car-O-Liner\u00ae est synonyme d&rsquo;innovation gr\u00e2ce au d\u00e9veloppement de son premier banc de redressage, qui a ouvert la voie \u00e0 la croissance remarquable de l&rsquo;entreprise. Aujourd&rsquo;hui, Car-O-Liner est le premier fournisseur mondial d&rsquo;\u00e9quipements de r\u00e9paration, pour v\u00e9hicules accident\u00e9s, de haute qualit\u00e9 et technologiquement avanc\u00e9s pour le march\u00e9 secondaire de l&rsquo;automobile, avec une pr\u00e9sence [&hellip;]\" \/>\n<meta property=\"og:url\" content=\"https:\/\/car-o-liner.com\/fr\/about-us\/\" \/>\n<meta property=\"og:site_name\" content=\"Car-O-Liner\" \/>\n<meta property=\"article:modified_time\" content=\"2024-03-01T20:14:43+00:00\" \/>\n<meta property=\"og:image\" content=\"https:\/\/car-o-liner-test.phl.togglebox.site\/wp-content\/uploads\/Beliefs-1.jpg\" \/>\n<meta name=\"twitter:card\" content=\"summary_large_image\" \/>\n<script type=\"application\/ld+json\" class=\"yoast-schema-graph\">{\"@context\":\"https:\/\/schema.org\",\"@graph\":[{\"@type\":\"WebPage\",\"@id\":\"https:\/\/car-o-liner.com\/fr\/about-us\/\",\"url\":\"https:\/\/car-o-liner.com\/fr\/about-us\/\",\"name\":\"\u00c0 propos de nous - Car-O-Liner\",\"isPartOf\":{\"@id\":\"https:\/\/car-o-liner.com\/fr\/#website\"},\"primaryImageOfPage\":{\"@id\":\"https:\/\/car-o-liner.com\/fr\/about-us\/#primaryimage\"},\"image\":{\"@id\":\"https:\/\/car-o-liner.com\/fr\/about-us\/#primaryimage\"},\"thumbnailUrl\":\"https:\/\/car-o-liner-test.phl.togglebox.site\/wp-content\/uploads\/Beliefs-1.jpg\",\"datePublished\":\"2023-09-20T16:41:22+00:00\",\"dateModified\":\"2024-03-01T20:14:43+00:00\",\"breadcrumb\":{\"@id\":\"https:\/\/car-o-liner.com\/fr\/about-us\/#breadcrumb\"},\"inLanguage\":\"fr-FR\",\"potentialAction\":[{\"@type\":\"ReadAction\",\"target\":[\"https:\/\/car-o-liner.com\/fr\/about-us\/\"]}]},{\"@type\":\"ImageObject\",\"inLanguage\":\"fr-FR\",\"@id\":\"https:\/\/car-o-liner.com\/fr\/about-us\/#primaryimage\",\"url\":\"https:\/\/car-o-liner-test.phl.togglebox.site\/wp-content\/uploads\/Beliefs-1.jpg\",\"contentUrl\":\"https:\/\/car-o-liner-test.phl.togglebox.site\/wp-content\/uploads\/Beliefs-1.jpg\"},{\"@type\":\"BreadcrumbList\",\"@id\":\"https:\/\/car-o-liner.com\/fr\/about-us\/#breadcrumb\",\"itemListElement\":[{\"@type\":\"ListItem\",\"position\":1,\"name\":\"Home\",\"item\":\"https:\/\/car-o-liner.com\/fr\/\"},{\"@type\":\"ListItem\",\"position\":2,\"name\":\"\u00c0 propos de nous\"}]},{\"@type\":\"WebSite\",\"@id\":\"https:\/\/car-o-liner.com\/fr\/#website\",\"url\":\"https:\/\/car-o-liner.com\/fr\/\",\"name\":\"Car-O-Liner\",\"description\":\"Collision Repair Equipment\",\"publisher\":{\"@id\":\"https:\/\/car-o-liner.com\/fr\/#organization\"},\"potentialAction\":[{\"@type\":\"SearchAction\",\"target\":{\"@type\":\"EntryPoint\",\"urlTemplate\":\"https:\/\/car-o-liner.com\/fr\/?s={search_term_string}\"},\"query-input\":{\"@type\":\"PropertyValueSpecification\",\"valueRequired\":true,\"valueName\":\"search_term_string\"}}],\"inLanguage\":\"fr-FR\"},{\"@type\":\"Organization\",\"@id\":\"https:\/\/car-o-liner.com\/fr\/#organization\",\"name\":\"Car-O-Liner\",\"url\":\"https:\/\/car-o-liner.com\/fr\/\",\"logo\":{\"@type\":\"ImageObject\",\"inLanguage\":\"fr-FR\",\"@id\":\"https:\/\/car-o-liner.com\/fr\/#\/schema\/logo\/image\/\",\"url\":\"https:\/\/car-o-liner.com\/wp-content\/uploads\/Car-O-Liner-blue-web.svg\",\"contentUrl\":\"https:\/\/car-o-liner.com\/wp-content\/uploads\/Car-O-Liner-blue-web.svg\",\"width\":250,\"height\":50,\"caption\":\"Car-O-Liner\"},\"image\":{\"@id\":\"https:\/\/car-o-liner.com\/fr\/#\/schema\/logo\/image\/\"}}]}<\/script>\n<!-- \/ Yoast SEO plugin. -->","yoast_head_json":{"title":"\u00c0 propos de nous - Car-O-Liner","robots":{"index":"index","follow":"follow","max-snippet":"max-snippet:-1","max-image-preview":"max-image-preview:large","max-video-preview":"max-video-preview:-1"},"canonical":"https:\/\/car-o-liner.com\/fr\/about-us\/","og_locale":"fr_FR","og_type":"article","og_title":"\u00c0 propos de nous - Car-O-Liner","og_description":"Bienvenue \u00e0 Car-O-Liner Car-O-Liner\u00ae est synonyme d&rsquo;innovation gr\u00e2ce au d\u00e9veloppement de son premier banc de redressage, qui a ouvert la voie \u00e0 la croissance remarquable de l&rsquo;entreprise. Aujourd&rsquo;hui, Car-O-Liner est le premier fournisseur mondial d&rsquo;\u00e9quipements de r\u00e9paration, pour v\u00e9hicules accident\u00e9s, de haute qualit\u00e9 et technologiquement avanc\u00e9s pour le march\u00e9 secondaire de l&rsquo;automobile, avec une pr\u00e9sence [&hellip;]","og_url":"https:\/\/car-o-liner.com\/fr\/about-us\/","og_site_name":"Car-O-Liner","article_modified_time":"2024-03-01T20:14:43+00:00","og_image":[{"url":"https:\/\/car-o-liner-test.phl.togglebox.site\/wp-content\/uploads\/Beliefs-1.jpg","type":"","width":"","height":""}],"twitter_card":"summary_large_image","schema":{"@context":"https:\/\/schema.org","@graph":[{"@type":"WebPage","@id":"https:\/\/car-o-liner.com\/fr\/about-us\/","url":"https:\/\/car-o-liner.com\/fr\/about-us\/","name":"\u00c0 propos de nous - Car-O-Liner","isPartOf":{"@id":"https:\/\/car-o-liner.com\/fr\/#website"},"primaryImageOfPage":{"@id":"https:\/\/car-o-liner.com\/fr\/about-us\/#primaryimage"},"image":{"@id":"https:\/\/car-o-liner.com\/fr\/about-us\/#primaryimage"},"thumbnailUrl":"https:\/\/car-o-liner-test.phl.togglebox.site\/wp-content\/uploads\/Beliefs-1.jpg","datePublished":"2023-09-20T16:41:22+00:00","dateModified":"2024-03-01T20:14:43+00:00","breadcrumb":{"@id":"https:\/\/car-o-liner.com\/fr\/about-us\/#breadcrumb"},"inLanguage":"fr-FR","potentialAction":[{"@type":"ReadAction","target":["https:\/\/car-o-liner.com\/fr\/about-us\/"]}]},{"@type":"ImageObject","inLanguage":"fr-FR","@id":"https:\/\/car-o-liner.com\/fr\/about-us\/#primaryimage","url":"https:\/\/car-o-liner-test.phl.togglebox.site\/wp-content\/uploads\/Beliefs-1.jpg","contentUrl":"https:\/\/car-o-liner-test.phl.togglebox.site\/wp-content\/uploads\/Beliefs-1.jpg"},{"@type":"BreadcrumbList","@id":"https:\/\/car-o-liner.com\/fr\/about-us\/#breadcrumb","itemListElement":[{"@type":"ListItem","position":1,"name":"Home","item":"https:\/\/car-o-liner.com\/fr\/"},{"@type":"ListItem","position":2,"name":"\u00c0 propos de nous"}]},{"@type":"WebSite","@id":"https:\/\/car-o-liner.com\/fr\/#website","url":"https:\/\/car-o-liner.com\/fr\/","name":"Car-O-Liner","description":"Collision Repair Equipment","publisher":{"@id":"https:\/\/car-o-liner.com\/fr\/#organization"},"potentialAction":[{"@type":"SearchAction","target":{"@type":"EntryPoint","urlTemplate":"https:\/\/car-o-liner.com\/fr\/?s={search_term_string}"},"query-input":{"@type":"PropertyValueSpecification","valueRequired":true,"valueName":"search_term_string"}}],"inLanguage":"fr-FR"},{"@type":"Organization","@id":"https:\/\/car-o-liner.com\/fr\/#organization","name":"Car-O-Liner","url":"https:\/\/car-o-liner.com\/fr\/","logo":{"@type":"ImageObject","inLanguage":"fr-FR","@id":"https:\/\/car-o-liner.com\/fr\/#\/schema\/logo\/image\/","url":"https:\/\/car-o-liner.com\/wp-content\/uploads\/Car-O-Liner-blue-web.svg","contentUrl":"https:\/\/car-o-liner.com\/wp-content\/uploads\/Car-O-Liner-blue-web.svg","width":250,"height":50,"caption":"Car-O-Liner"},"image":{"@id":"https:\/\/car-o-liner.com\/fr\/#\/schema\/logo\/image\/"}}]}},"_links":{"self":[{"href":"https:\/\/car-o-liner.com\/fr\/wp-json\/wp\/v2\/pages\/81705","targetHints":{"allow":["GET"]}}],"collection":[{"href":"https:\/\/car-o-liner.com\/fr\/wp-json\/wp\/v2\/pages"}],"about":[{"href":"https:\/\/car-o-liner.com\/fr\/wp-json\/wp\/v2\/types\/page"}],"author":[{"embeddable":true,"href":"https:\/\/car-o-liner.com\/fr\/wp-json\/wp\/v2\/users\/1"}],"replies":[{"embeddable":true,"href":"https:\/\/car-o-liner.com\/fr\/wp-json\/wp\/v2\/comments?post=81705"}],"version-history":[{"count":1,"href":"https:\/\/car-o-liner.com\/fr\/wp-json\/wp\/v2\/pages\/81705\/revisions"}],"predecessor-version":[{"id":88120,"href":"https:\/\/car-o-liner.com\/fr\/wp-json\/wp\/v2\/pages\/81705\/revisions\/88120"}],"wp:attachment":[{"href":"https:\/\/car-o-liner.com\/fr\/wp-json\/wp\/v2\/media?parent=81705"}],"curies":[{"name":"wp","href":"https:\/\/api.w.org\/{rel}","templated":true}]}}