{"id":82166,"date":"2023-10-30T17:27:17","date_gmt":"2023-10-30T16:27:17","guid":{"rendered":"https:\/\/car-o-liner-test.phl.togglebox.site\/careers\/"},"modified":"2025-09-25T18:49:53","modified_gmt":"2025-09-25T16:49:53","slug":"careers","status":"publish","type":"page","link":"https:\/\/car-o-liner.com\/fr\/careers\/","title":{"rendered":"Carri\u00e8res"},"content":{"rendered":"\n<h4 class=\"wp-block-heading\">Participez \u00e0 notre succ\u00e8s<\/h4>\n\n\n\n<p>Membre de la famille Snap-on\u00ae TOTAL SHOP SOLUTION, Car-O-Liner\u00ae est le premier fournisseur mondial d&rsquo;\u00e9quipements de r\u00e9paration de collisions de haute qualit\u00e9 et technologiquement avanc\u00e9s pour le march\u00e9 secondaire de l&rsquo;automobile, fournissant des solutions innovantes, un d\u00e9veloppement technique, une formation et une assistance \u00e0 la client\u00e8le dans le monde entier.<\/p>\n\n\n\n<p>TOTAL SHOP SOLUTIONS est une famille de marques Snap-on\u00ae qui rassemble les meilleurs produits de r\u00e9paration de toute l&rsquo;industrie. Les gens connaissent Snap-on pour la qualit\u00e9 de ses produits, mais nous savons que c&rsquo;est la passion et le caract\u00e8re de nos collaborateurs qui font de notre entreprise un leader mondial.<\/p>\n\n\n\n<p>Gr\u00e2ce \u00e0 la diversit\u00e9 de nos talents et \u00e0 la fiert\u00e9 que nous inspire la famille des marques Snap-on, nous favorisons l&rsquo;innovation et cr\u00e9ons de la valeur.<\/p>\n","protected":false},"excerpt":{"rendered":"<p>Participez \u00e0 notre succ\u00e8s Membre de la famille Snap-on\u00ae TOTAL SHOP SOLUTION, Car-O-Liner\u00ae est le premier fournisseur mondial d&rsquo;\u00e9quipements de r\u00e9paration de collisions de haute qualit\u00e9 et technologiquement avanc\u00e9s pour le march\u00e9 secondaire de l&rsquo;automobile, fournissant des solutions innovantes, un d\u00e9veloppement technique, une formation et une assistance \u00e0 la client\u00e8le dans le monde entier. TOTAL [&hellip;]<\/p>\n","protected":false},"author":1,"featured_media":83629,"parent":0,"menu_order":0,"comment_status":"closed","ping_status":"closed","template":"page-templates\/careers.php","meta":{"footnotes":""},"class_list":["post-82166","page","type-page","status-publish","has-post-thumbnail","hentry"],"yoast_head":"<!-- This site is optimized with the Yoast SEO plugin v27.2 - https:\/\/yoast.com\/product\/yoast-seo-wordpress\/ -->\n<title>Carri\u00e8res - Car-O-Liner<\/title>\n<meta name=\"robots\" content=\"index, follow, max-snippet:-1, max-image-preview:large, max-video-preview:-1\" \/>\n<link rel=\"canonical\" href=\"https:\/\/car-o-liner.com\/fr\/careers\/\" \/>\n<meta property=\"og:locale\" content=\"fr_FR\" \/>\n<meta property=\"og:type\" content=\"article\" \/>\n<meta property=\"og:title\" content=\"Carri\u00e8res - Car-O-Liner\" \/>\n<meta property=\"og:description\" content=\"Participez \u00e0 notre succ\u00e8s Membre de la famille Snap-on\u00ae TOTAL SHOP SOLUTION, Car-O-Liner\u00ae est le premier fournisseur mondial d&rsquo;\u00e9quipements de r\u00e9paration de collisions de haute qualit\u00e9 et technologiquement avanc\u00e9s pour le march\u00e9 secondaire de l&rsquo;automobile, fournissant des solutions innovantes, un d\u00e9veloppement technique, une formation et une assistance \u00e0 la client\u00e8le dans le monde entier. TOTAL [&hellip;]\" \/>\n<meta property=\"og:url\" content=\"https:\/\/car-o-liner.com\/fr\/careers\/\" \/>\n<meta property=\"og:site_name\" content=\"Car-O-Liner\" \/>\n<meta property=\"article:modified_time\" content=\"2025-09-25T16:49:53+00:00\" \/>\n<meta property=\"og:image\" content=\"https:\/\/car-o-liner.com\/wp-content\/uploads\/careers-hero-2.jpg\" \/>\n\t<meta property=\"og:image:width\" content=\"2000\" \/>\n\t<meta property=\"og:image:height\" content=\"1000\" \/>\n\t<meta property=\"og:image:type\" content=\"image\/jpeg\" \/>\n<meta name=\"twitter:card\" content=\"summary_large_image\" \/>\n<script type=\"application\/ld+json\" class=\"yoast-schema-graph\">{\"@context\":\"https:\/\/schema.org\",\"@graph\":[{\"@type\":\"WebPage\",\"@id\":\"https:\/\/car-o-liner.com\/fr\/careers\/\",\"url\":\"https:\/\/car-o-liner.com\/fr\/careers\/\",\"name\":\"Carri\u00e8res - Car-O-Liner\",\"isPartOf\":{\"@id\":\"https:\/\/car-o-liner.com\/fr\/#website\"},\"primaryImageOfPage\":{\"@id\":\"https:\/\/car-o-liner.com\/fr\/careers\/#primaryimage\"},\"image\":{\"@id\":\"https:\/\/car-o-liner.com\/fr\/careers\/#primaryimage\"},\"thumbnailUrl\":\"https:\/\/car-o-liner.com\/wp-content\/uploads\/careers-hero-2.jpg\",\"datePublished\":\"2023-10-30T16:27:17+00:00\",\"dateModified\":\"2025-09-25T16:49:53+00:00\",\"breadcrumb\":{\"@id\":\"https:\/\/car-o-liner.com\/fr\/careers\/#breadcrumb\"},\"inLanguage\":\"fr-FR\",\"potentialAction\":[{\"@type\":\"ReadAction\",\"target\":[\"https:\/\/car-o-liner.com\/fr\/careers\/\"]}]},{\"@type\":\"ImageObject\",\"inLanguage\":\"fr-FR\",\"@id\":\"https:\/\/car-o-liner.com\/fr\/careers\/#primaryimage\",\"url\":\"https:\/\/car-o-liner.com\/wp-content\/uploads\/careers-hero-2.jpg\",\"contentUrl\":\"https:\/\/car-o-liner.com\/wp-content\/uploads\/careers-hero-2.jpg\",\"width\":2000,\"height\":1000,\"caption\":\"Smiling Car-O-liner employees\"},{\"@type\":\"BreadcrumbList\",\"@id\":\"https:\/\/car-o-liner.com\/fr\/careers\/#breadcrumb\",\"itemListElement\":[{\"@type\":\"ListItem\",\"position\":1,\"name\":\"Home\",\"item\":\"https:\/\/car-o-liner.com\/fr\/\"},{\"@type\":\"ListItem\",\"position\":2,\"name\":\"Carri\u00e8res\"}]},{\"@type\":\"WebSite\",\"@id\":\"https:\/\/car-o-liner.com\/fr\/#website\",\"url\":\"https:\/\/car-o-liner.com\/fr\/\",\"name\":\"Car-O-Liner\",\"description\":\"Collision Repair Equipment\",\"publisher\":{\"@id\":\"https:\/\/car-o-liner.com\/fr\/#organization\"},\"potentialAction\":[{\"@type\":\"SearchAction\",\"target\":{\"@type\":\"EntryPoint\",\"urlTemplate\":\"https:\/\/car-o-liner.com\/fr\/?s={search_term_string}\"},\"query-input\":{\"@type\":\"PropertyValueSpecification\",\"valueRequired\":true,\"valueName\":\"search_term_string\"}}],\"inLanguage\":\"fr-FR\"},{\"@type\":\"Organization\",\"@id\":\"https:\/\/car-o-liner.com\/fr\/#organization\",\"name\":\"Car-O-Liner\",\"url\":\"https:\/\/car-o-liner.com\/fr\/\",\"logo\":{\"@type\":\"ImageObject\",\"inLanguage\":\"fr-FR\",\"@id\":\"https:\/\/car-o-liner.com\/fr\/#\/schema\/logo\/image\/\",\"url\":\"https:\/\/car-o-liner.com\/wp-content\/uploads\/Car-O-Liner-blue-web.svg\",\"contentUrl\":\"https:\/\/car-o-liner.com\/wp-content\/uploads\/Car-O-Liner-blue-web.svg\",\"width\":250,\"height\":50,\"caption\":\"Car-O-Liner\"},\"image\":{\"@id\":\"https:\/\/car-o-liner.com\/fr\/#\/schema\/logo\/image\/\"}}]}<\/script>\n<!-- \/ Yoast SEO plugin. -->","yoast_head_json":{"title":"Carri\u00e8res - Car-O-Liner","robots":{"index":"index","follow":"follow","max-snippet":"max-snippet:-1","max-image-preview":"max-image-preview:large","max-video-preview":"max-video-preview:-1"},"canonical":"https:\/\/car-o-liner.com\/fr\/careers\/","og_locale":"fr_FR","og_type":"article","og_title":"Carri\u00e8res - Car-O-Liner","og_description":"Participez \u00e0 notre succ\u00e8s Membre de la famille Snap-on\u00ae TOTAL SHOP SOLUTION, Car-O-Liner\u00ae est le premier fournisseur mondial d&rsquo;\u00e9quipements de r\u00e9paration de collisions de haute qualit\u00e9 et technologiquement avanc\u00e9s pour le march\u00e9 secondaire de l&rsquo;automobile, fournissant des solutions innovantes, un d\u00e9veloppement technique, une formation et une assistance \u00e0 la client\u00e8le dans le monde entier. TOTAL [&hellip;]","og_url":"https:\/\/car-o-liner.com\/fr\/careers\/","og_site_name":"Car-O-Liner","article_modified_time":"2025-09-25T16:49:53+00:00","og_image":[{"width":2000,"height":1000,"url":"https:\/\/car-o-liner.com\/wp-content\/uploads\/careers-hero-2.jpg","type":"image\/jpeg"}],"twitter_card":"summary_large_image","schema":{"@context":"https:\/\/schema.org","@graph":[{"@type":"WebPage","@id":"https:\/\/car-o-liner.com\/fr\/careers\/","url":"https:\/\/car-o-liner.com\/fr\/careers\/","name":"Carri\u00e8res - Car-O-Liner","isPartOf":{"@id":"https:\/\/car-o-liner.com\/fr\/#website"},"primaryImageOfPage":{"@id":"https:\/\/car-o-liner.com\/fr\/careers\/#primaryimage"},"image":{"@id":"https:\/\/car-o-liner.com\/fr\/careers\/#primaryimage"},"thumbnailUrl":"https:\/\/car-o-liner.com\/wp-content\/uploads\/careers-hero-2.jpg","datePublished":"2023-10-30T16:27:17+00:00","dateModified":"2025-09-25T16:49:53+00:00","breadcrumb":{"@id":"https:\/\/car-o-liner.com\/fr\/careers\/#breadcrumb"},"inLanguage":"fr-FR","potentialAction":[{"@type":"ReadAction","target":["https:\/\/car-o-liner.com\/fr\/careers\/"]}]},{"@type":"ImageObject","inLanguage":"fr-FR","@id":"https:\/\/car-o-liner.com\/fr\/careers\/#primaryimage","url":"https:\/\/car-o-liner.com\/wp-content\/uploads\/careers-hero-2.jpg","contentUrl":"https:\/\/car-o-liner.com\/wp-content\/uploads\/careers-hero-2.jpg","width":2000,"height":1000,"caption":"Smiling Car-O-liner employees"},{"@type":"BreadcrumbList","@id":"https:\/\/car-o-liner.com\/fr\/careers\/#breadcrumb","itemListElement":[{"@type":"ListItem","position":1,"name":"Home","item":"https:\/\/car-o-liner.com\/fr\/"},{"@type":"ListItem","position":2,"name":"Carri\u00e8res"}]},{"@type":"WebSite","@id":"https:\/\/car-o-liner.com\/fr\/#website","url":"https:\/\/car-o-liner.com\/fr\/","name":"Car-O-Liner","description":"Collision Repair Equipment","publisher":{"@id":"https:\/\/car-o-liner.com\/fr\/#organization"},"potentialAction":[{"@type":"SearchAction","target":{"@type":"EntryPoint","urlTemplate":"https:\/\/car-o-liner.com\/fr\/?s={search_term_string}"},"query-input":{"@type":"PropertyValueSpecification","valueRequired":true,"valueName":"search_term_string"}}],"inLanguage":"fr-FR"},{"@type":"Organization","@id":"https:\/\/car-o-liner.com\/fr\/#organization","name":"Car-O-Liner","url":"https:\/\/car-o-liner.com\/fr\/","logo":{"@type":"ImageObject","inLanguage":"fr-FR","@id":"https:\/\/car-o-liner.com\/fr\/#\/schema\/logo\/image\/","url":"https:\/\/car-o-liner.com\/wp-content\/uploads\/Car-O-Liner-blue-web.svg","contentUrl":"https:\/\/car-o-liner.com\/wp-content\/uploads\/Car-O-Liner-blue-web.svg","width":250,"height":50,"caption":"Car-O-Liner"},"image":{"@id":"https:\/\/car-o-liner.com\/fr\/#\/schema\/logo\/image\/"}}]}},"_links":{"self":[{"href":"https:\/\/car-o-liner.com\/fr\/wp-json\/wp\/v2\/pages\/82166","targetHints":{"allow":["GET"]}}],"collection":[{"href":"https:\/\/car-o-liner.com\/fr\/wp-json\/wp\/v2\/pages"}],"about":[{"href":"https:\/\/car-o-liner.com\/fr\/wp-json\/wp\/v2\/types\/page"}],"author":[{"embeddable":true,"href":"https:\/\/car-o-liner.com\/fr\/wp-json\/wp\/v2\/users\/1"}],"replies":[{"embeddable":true,"href":"https:\/\/car-o-liner.com\/fr\/wp-json\/wp\/v2\/comments?post=82166"}],"version-history":[{"count":1,"href":"https:\/\/car-o-liner.com\/fr\/wp-json\/wp\/v2\/pages\/82166\/revisions"}],"predecessor-version":[{"id":95043,"href":"https:\/\/car-o-liner.com\/fr\/wp-json\/wp\/v2\/pages\/82166\/revisions\/95043"}],"wp:featuredmedia":[{"embeddable":true,"href":"https:\/\/car-o-liner.com\/fr\/wp-json\/wp\/v2\/media\/83629"}],"wp:attachment":[{"href":"https:\/\/car-o-liner.com\/fr\/wp-json\/wp\/v2\/media?parent=82166"}],"curies":[{"name":"wp","href":"https:\/\/api.w.org\/{rel}","templated":true}]}}