{"id":83160,"date":"2023-12-04T21:27:50","date_gmt":"2023-12-04T20:27:50","guid":{"rendered":"https:\/\/car-o-liner-test.phl.togglebox.site\/customer-service\/"},"modified":"2024-04-05T14:35:28","modified_gmt":"2024-04-05T12:35:28","slug":"customer-service","status":"publish","type":"page","link":"https:\/\/car-o-liner.com\/fr\/customer-service\/","title":{"rendered":"Nous sommes l\u00e0 chaque fois que vous avez besoin de nous"},"content":{"rendered":"\n<p>Le si\u00e8ge social de Car-O-Liner\u00ae est situ\u00e9 \u00e0 G\u00f6teborg, en Su\u00e8de, avec des filiales en Norv\u00e8ge, en Allemagne, en France, au Royaume-Uni, en Italie, en Chine, en Inde, aux \u00c9tats-Unis, en Tha\u00eflande et au Moyen-Orient.<\/p>\n\n\n\n<p>O\u00f9 que vous soyez, Car-O-Liner\u00ae peut fournir \u00e0 ses clients des informations sur les produits, des formations, une assistance ou un abonnement\/renouvellement de donn\u00e9es.<\/p>\n\n\n\n<p>L&rsquo;\u00e9quipe mondiale d&rsquo;assistance et de garantie est disponible tous les jours ouvrables entre 07h30 et 16h00. Pour toute question, contactez-nous par courrier \u00e9lectronique \u00e0 l&rsquo;adresse <a href=\"mailto:support@car-o-liner.se\">support@car-o-liner.se.<\/a><\/p>\n","protected":false},"excerpt":{"rendered":"<p>Le si\u00e8ge social de Car-O-Liner\u00ae est situ\u00e9 \u00e0 G\u00f6teborg, en Su\u00e8de, avec des filiales en Norv\u00e8ge, en Allemagne, en France, au Royaume-Uni, en Italie, en Chine, en Inde, aux \u00c9tats-Unis, en Tha\u00eflande et au Moyen-Orient. O\u00f9 que vous soyez, Car-O-Liner\u00ae peut fournir \u00e0 ses clients des informations sur les produits, des formations, une assistance ou [&hellip;]<\/p>\n","protected":false},"author":1,"featured_media":83161,"parent":0,"menu_order":0,"comment_status":"closed","ping_status":"closed","template":"page-templates\/customer-service.php","meta":{"footnotes":""},"class_list":["post-83160","page","type-page","status-publish","has-post-thumbnail","hentry"],"yoast_head":"<!-- This site is optimized with the Yoast SEO plugin v27.2 - https:\/\/yoast.com\/product\/yoast-seo-wordpress\/ -->\n<title>Nous sommes l\u00e0 chaque fois que vous avez besoin de nous - Car-O-Liner<\/title>\n<meta name=\"robots\" content=\"index, follow, max-snippet:-1, max-image-preview:large, max-video-preview:-1\" \/>\n<link rel=\"canonical\" href=\"https:\/\/car-o-liner.com\/fr\/customer-service\/\" \/>\n<meta property=\"og:locale\" content=\"fr_FR\" \/>\n<meta property=\"og:type\" content=\"article\" \/>\n<meta property=\"og:title\" content=\"Nous sommes l\u00e0 chaque fois que vous avez besoin de nous - Car-O-Liner\" \/>\n<meta property=\"og:description\" content=\"Le si\u00e8ge social de Car-O-Liner\u00ae est situ\u00e9 \u00e0 G\u00f6teborg, en Su\u00e8de, avec des filiales en Norv\u00e8ge, en Allemagne, en France, au Royaume-Uni, en Italie, en Chine, en Inde, aux \u00c9tats-Unis, en Tha\u00eflande et au Moyen-Orient. O\u00f9 que vous soyez, Car-O-Liner\u00ae peut fournir \u00e0 ses clients des informations sur les produits, des formations, une assistance ou [&hellip;]\" \/>\n<meta property=\"og:url\" content=\"https:\/\/car-o-liner.com\/fr\/customer-service\/\" \/>\n<meta property=\"og:site_name\" content=\"Car-O-Liner\" \/>\n<meta property=\"article:modified_time\" content=\"2024-04-05T12:35:28+00:00\" \/>\n<meta property=\"og:image\" content=\"https:\/\/car-o-liner.com\/wp-content\/uploads\/customer-support-hero-3.jpg\" \/>\n\t<meta property=\"og:image:width\" content=\"2000\" \/>\n\t<meta property=\"og:image:height\" content=\"1000\" \/>\n\t<meta property=\"og:image:type\" content=\"image\/jpeg\" \/>\n<meta name=\"twitter:card\" content=\"summary_large_image\" \/>\n<script type=\"application\/ld+json\" class=\"yoast-schema-graph\">{\"@context\":\"https:\/\/schema.org\",\"@graph\":[{\"@type\":\"WebPage\",\"@id\":\"https:\/\/car-o-liner.com\/fr\/customer-service\/\",\"url\":\"https:\/\/car-o-liner.com\/fr\/customer-service\/\",\"name\":\"Nous sommes l\u00e0 chaque fois que vous avez besoin de nous - Car-O-Liner\",\"isPartOf\":{\"@id\":\"https:\/\/car-o-liner.com\/fr\/#website\"},\"primaryImageOfPage\":{\"@id\":\"https:\/\/car-o-liner.com\/fr\/customer-service\/#primaryimage\"},\"image\":{\"@id\":\"https:\/\/car-o-liner.com\/fr\/customer-service\/#primaryimage\"},\"thumbnailUrl\":\"https:\/\/car-o-liner.com\/wp-content\/uploads\/customer-support-hero-3.jpg\",\"datePublished\":\"2023-12-04T20:27:50+00:00\",\"dateModified\":\"2024-04-05T12:35:28+00:00\",\"breadcrumb\":{\"@id\":\"https:\/\/car-o-liner.com\/fr\/customer-service\/#breadcrumb\"},\"inLanguage\":\"fr-FR\",\"potentialAction\":[{\"@type\":\"ReadAction\",\"target\":[\"https:\/\/car-o-liner.com\/fr\/customer-service\/\"]}]},{\"@type\":\"ImageObject\",\"inLanguage\":\"fr-FR\",\"@id\":\"https:\/\/car-o-liner.com\/fr\/customer-service\/#primaryimage\",\"url\":\"https:\/\/car-o-liner.com\/wp-content\/uploads\/customer-support-hero-3.jpg\",\"contentUrl\":\"https:\/\/car-o-liner.com\/wp-content\/uploads\/customer-support-hero-3.jpg\",\"width\":2000,\"height\":1000},{\"@type\":\"BreadcrumbList\",\"@id\":\"https:\/\/car-o-liner.com\/fr\/customer-service\/#breadcrumb\",\"itemListElement\":[{\"@type\":\"ListItem\",\"position\":1,\"name\":\"Home\",\"item\":\"https:\/\/car-o-liner.com\/fr\/\"},{\"@type\":\"ListItem\",\"position\":2,\"name\":\"Nous sommes l\u00e0 chaque fois que vous avez besoin de nous\"}]},{\"@type\":\"WebSite\",\"@id\":\"https:\/\/car-o-liner.com\/fr\/#website\",\"url\":\"https:\/\/car-o-liner.com\/fr\/\",\"name\":\"Car-O-Liner\",\"description\":\"Collision Repair Equipment\",\"publisher\":{\"@id\":\"https:\/\/car-o-liner.com\/fr\/#organization\"},\"potentialAction\":[{\"@type\":\"SearchAction\",\"target\":{\"@type\":\"EntryPoint\",\"urlTemplate\":\"https:\/\/car-o-liner.com\/fr\/?s={search_term_string}\"},\"query-input\":{\"@type\":\"PropertyValueSpecification\",\"valueRequired\":true,\"valueName\":\"search_term_string\"}}],\"inLanguage\":\"fr-FR\"},{\"@type\":\"Organization\",\"@id\":\"https:\/\/car-o-liner.com\/fr\/#organization\",\"name\":\"Car-O-Liner\",\"url\":\"https:\/\/car-o-liner.com\/fr\/\",\"logo\":{\"@type\":\"ImageObject\",\"inLanguage\":\"fr-FR\",\"@id\":\"https:\/\/car-o-liner.com\/fr\/#\/schema\/logo\/image\/\",\"url\":\"https:\/\/car-o-liner.com\/wp-content\/uploads\/Car-O-Liner-blue-web.svg\",\"contentUrl\":\"https:\/\/car-o-liner.com\/wp-content\/uploads\/Car-O-Liner-blue-web.svg\",\"width\":250,\"height\":50,\"caption\":\"Car-O-Liner\"},\"image\":{\"@id\":\"https:\/\/car-o-liner.com\/fr\/#\/schema\/logo\/image\/\"}}]}<\/script>\n<!-- \/ Yoast SEO plugin. -->","yoast_head_json":{"title":"Nous sommes l\u00e0 chaque fois que vous avez besoin de nous - Car-O-Liner","robots":{"index":"index","follow":"follow","max-snippet":"max-snippet:-1","max-image-preview":"max-image-preview:large","max-video-preview":"max-video-preview:-1"},"canonical":"https:\/\/car-o-liner.com\/fr\/customer-service\/","og_locale":"fr_FR","og_type":"article","og_title":"Nous sommes l\u00e0 chaque fois que vous avez besoin de nous - Car-O-Liner","og_description":"Le si\u00e8ge social de Car-O-Liner\u00ae est situ\u00e9 \u00e0 G\u00f6teborg, en Su\u00e8de, avec des filiales en Norv\u00e8ge, en Allemagne, en France, au Royaume-Uni, en Italie, en Chine, en Inde, aux \u00c9tats-Unis, en Tha\u00eflande et au Moyen-Orient. O\u00f9 que vous soyez, Car-O-Liner\u00ae peut fournir \u00e0 ses clients des informations sur les produits, des formations, une assistance ou [&hellip;]","og_url":"https:\/\/car-o-liner.com\/fr\/customer-service\/","og_site_name":"Car-O-Liner","article_modified_time":"2024-04-05T12:35:28+00:00","og_image":[{"width":2000,"height":1000,"url":"https:\/\/car-o-liner.com\/wp-content\/uploads\/customer-support-hero-3.jpg","type":"image\/jpeg"}],"twitter_card":"summary_large_image","schema":{"@context":"https:\/\/schema.org","@graph":[{"@type":"WebPage","@id":"https:\/\/car-o-liner.com\/fr\/customer-service\/","url":"https:\/\/car-o-liner.com\/fr\/customer-service\/","name":"Nous sommes l\u00e0 chaque fois que vous avez besoin de nous - Car-O-Liner","isPartOf":{"@id":"https:\/\/car-o-liner.com\/fr\/#website"},"primaryImageOfPage":{"@id":"https:\/\/car-o-liner.com\/fr\/customer-service\/#primaryimage"},"image":{"@id":"https:\/\/car-o-liner.com\/fr\/customer-service\/#primaryimage"},"thumbnailUrl":"https:\/\/car-o-liner.com\/wp-content\/uploads\/customer-support-hero-3.jpg","datePublished":"2023-12-04T20:27:50+00:00","dateModified":"2024-04-05T12:35:28+00:00","breadcrumb":{"@id":"https:\/\/car-o-liner.com\/fr\/customer-service\/#breadcrumb"},"inLanguage":"fr-FR","potentialAction":[{"@type":"ReadAction","target":["https:\/\/car-o-liner.com\/fr\/customer-service\/"]}]},{"@type":"ImageObject","inLanguage":"fr-FR","@id":"https:\/\/car-o-liner.com\/fr\/customer-service\/#primaryimage","url":"https:\/\/car-o-liner.com\/wp-content\/uploads\/customer-support-hero-3.jpg","contentUrl":"https:\/\/car-o-liner.com\/wp-content\/uploads\/customer-support-hero-3.jpg","width":2000,"height":1000},{"@type":"BreadcrumbList","@id":"https:\/\/car-o-liner.com\/fr\/customer-service\/#breadcrumb","itemListElement":[{"@type":"ListItem","position":1,"name":"Home","item":"https:\/\/car-o-liner.com\/fr\/"},{"@type":"ListItem","position":2,"name":"Nous sommes l\u00e0 chaque fois que vous avez besoin de nous"}]},{"@type":"WebSite","@id":"https:\/\/car-o-liner.com\/fr\/#website","url":"https:\/\/car-o-liner.com\/fr\/","name":"Car-O-Liner","description":"Collision Repair Equipment","publisher":{"@id":"https:\/\/car-o-liner.com\/fr\/#organization"},"potentialAction":[{"@type":"SearchAction","target":{"@type":"EntryPoint","urlTemplate":"https:\/\/car-o-liner.com\/fr\/?s={search_term_string}"},"query-input":{"@type":"PropertyValueSpecification","valueRequired":true,"valueName":"search_term_string"}}],"inLanguage":"fr-FR"},{"@type":"Organization","@id":"https:\/\/car-o-liner.com\/fr\/#organization","name":"Car-O-Liner","url":"https:\/\/car-o-liner.com\/fr\/","logo":{"@type":"ImageObject","inLanguage":"fr-FR","@id":"https:\/\/car-o-liner.com\/fr\/#\/schema\/logo\/image\/","url":"https:\/\/car-o-liner.com\/wp-content\/uploads\/Car-O-Liner-blue-web.svg","contentUrl":"https:\/\/car-o-liner.com\/wp-content\/uploads\/Car-O-Liner-blue-web.svg","width":250,"height":50,"caption":"Car-O-Liner"},"image":{"@id":"https:\/\/car-o-liner.com\/fr\/#\/schema\/logo\/image\/"}}]}},"_links":{"self":[{"href":"https:\/\/car-o-liner.com\/fr\/wp-json\/wp\/v2\/pages\/83160","targetHints":{"allow":["GET"]}}],"collection":[{"href":"https:\/\/car-o-liner.com\/fr\/wp-json\/wp\/v2\/pages"}],"about":[{"href":"https:\/\/car-o-liner.com\/fr\/wp-json\/wp\/v2\/types\/page"}],"author":[{"embeddable":true,"href":"https:\/\/car-o-liner.com\/fr\/wp-json\/wp\/v2\/users\/1"}],"replies":[{"embeddable":true,"href":"https:\/\/car-o-liner.com\/fr\/wp-json\/wp\/v2\/comments?post=83160"}],"version-history":[{"count":4,"href":"https:\/\/car-o-liner.com\/fr\/wp-json\/wp\/v2\/pages\/83160\/revisions"}],"predecessor-version":[{"id":83185,"href":"https:\/\/car-o-liner.com\/fr\/wp-json\/wp\/v2\/pages\/83160\/revisions\/83185"}],"wp:featuredmedia":[{"embeddable":true,"href":"https:\/\/car-o-liner.com\/fr\/wp-json\/wp\/v2\/media\/83161"}],"wp:attachment":[{"href":"https:\/\/car-o-liner.com\/fr\/wp-json\/wp\/v2\/media?parent=83160"}],"curies":[{"name":"wp","href":"https:\/\/api.w.org\/{rel}","templated":true}]}}