{"id":83442,"date":"2023-11-13T22:13:46","date_gmt":"2023-11-13T21:13:46","guid":{"rendered":"https:\/\/car-o-liner-test.phl.togglebox.site\/oem-page\/"},"modified":"2024-04-16T19:05:56","modified_gmt":"2024-04-16T17:05:56","slug":"oem-page","status":"publish","type":"page","link":"https:\/\/car-o-liner.com\/fr\/oem-page\/","title":{"rendered":"OEM"},"content":{"rendered":"\n<p>Approuv\u00e9 par les constructeurs OEM du monde entier<\/p>\n\n\n\n<figure class=\"wp-block-image size-large\"><img loading=\"lazy\" decoding=\"async\" width=\"68\" height=\"30\" src=\"https:\/\/car-o-liner.com\/wp-content\/uploads\/OEM-gray-1.svg\" alt=\"\" class=\"wp-image-90806\"\/><\/figure>\n\n\n\n<p>Notre engagement in\u00e9branlable envers les fabricants d&rsquo;\u00e9quipements d&rsquo;origine (OEM) garantit le d\u00e9veloppement d&rsquo;\u00e9quipements, de m\u00e9thodes et de formations pr\u00e9cises pour restaurer les v\u00e9hicules endommag\u00e9s par une collision et les remettre dans leur \u00e9tat d&rsquo;origine.<\/p>\n\n\n\n<p>Car-O-Liner\u00ae est fier de ses partenariats \u00e9troits avec les constructeurs automobiles du monde entier. Les agr\u00e9ments accord\u00e9s par ces fabricants de voiture confirment que nos produits, syst\u00e8mes, services et formations r\u00e9pondent \u00e0 des normes de qualit\u00e9 rigoureuses.<\/p>\n\n\n\n<p><\/p>\n","protected":false},"excerpt":{"rendered":"<p>Approuv\u00e9 par les constructeurs OEM du monde entier Notre engagement in\u00e9branlable envers les fabricants d&rsquo;\u00e9quipements d&rsquo;origine (OEM) garantit le d\u00e9veloppement d&rsquo;\u00e9quipements, de m\u00e9thodes et de formations pr\u00e9cises pour restaurer les v\u00e9hicules endommag\u00e9s par une collision et les remettre dans leur \u00e9tat d&rsquo;origine. Car-O-Liner\u00ae est fier de ses partenariats \u00e9troits avec les constructeurs automobiles du monde [&hellip;]<\/p>\n","protected":false},"author":1,"featured_media":83550,"parent":0,"menu_order":0,"comment_status":"closed","ping_status":"closed","template":"page-templates\/oem-template.php","meta":{"footnotes":""},"class_list":["post-83442","page","type-page","status-publish","has-post-thumbnail","hentry"],"yoast_head":"<!-- This site is optimized with the Yoast SEO plugin v27.4 - https:\/\/yoast.com\/product\/yoast-seo-wordpress\/ -->\n<title>OEM - Car-O-Liner<\/title>\n<meta name=\"robots\" content=\"index, follow, max-snippet:-1, max-image-preview:large, max-video-preview:-1\" \/>\n<link rel=\"canonical\" href=\"https:\/\/car-o-liner.com\/fr\/oem-page\/\" \/>\n<meta property=\"og:locale\" content=\"fr_FR\" \/>\n<meta property=\"og:type\" content=\"article\" \/>\n<meta property=\"og:title\" content=\"OEM - Car-O-Liner\" \/>\n<meta property=\"og:description\" content=\"Approuv\u00e9 par les constructeurs OEM du monde entier Notre engagement in\u00e9branlable envers les fabricants d&rsquo;\u00e9quipements d&rsquo;origine (OEM) garantit le d\u00e9veloppement d&rsquo;\u00e9quipements, de m\u00e9thodes et de formations pr\u00e9cises pour restaurer les v\u00e9hicules endommag\u00e9s par une collision et les remettre dans leur \u00e9tat d&rsquo;origine. Car-O-Liner\u00ae est fier de ses partenariats \u00e9troits avec les constructeurs automobiles du monde [&hellip;]\" \/>\n<meta property=\"og:url\" content=\"https:\/\/car-o-liner.com\/fr\/oem-page\/\" \/>\n<meta property=\"og:site_name\" content=\"Car-O-Liner\" \/>\n<meta property=\"article:modified_time\" content=\"2024-04-16T17:05:56+00:00\" \/>\n<meta property=\"og:image\" content=\"https:\/\/car-o-liner.com\/wp-content\/uploads\/COL_website_headers_2000x1000px-color-profile-web.jpg\" \/>\n\t<meta property=\"og:image:width\" content=\"2000\" \/>\n\t<meta property=\"og:image:height\" content=\"1000\" \/>\n\t<meta property=\"og:image:type\" content=\"image\/jpeg\" \/>\n<meta name=\"twitter:card\" content=\"summary_large_image\" \/>\n<script type=\"application\/ld+json\" class=\"yoast-schema-graph\">{\"@context\":\"https:\\\/\\\/schema.org\",\"@graph\":[{\"@type\":\"WebPage\",\"@id\":\"https:\\\/\\\/car-o-liner.com\\\/fr\\\/oem-page\\\/\",\"url\":\"https:\\\/\\\/car-o-liner.com\\\/fr\\\/oem-page\\\/\",\"name\":\"OEM - Car-O-Liner\",\"isPartOf\":{\"@id\":\"https:\\\/\\\/car-o-liner.com\\\/fr\\\/#website\"},\"primaryImageOfPage\":{\"@id\":\"https:\\\/\\\/car-o-liner.com\\\/fr\\\/oem-page\\\/#primaryimage\"},\"image\":{\"@id\":\"https:\\\/\\\/car-o-liner.com\\\/fr\\\/oem-page\\\/#primaryimage\"},\"thumbnailUrl\":\"https:\\\/\\\/car-o-liner.com\\\/wp-content\\\/uploads\\\/COL_website_headers_2000x1000px-color-profile-web.jpg\",\"datePublished\":\"2023-11-13T21:13:46+00:00\",\"dateModified\":\"2024-04-16T17:05:56+00:00\",\"breadcrumb\":{\"@id\":\"https:\\\/\\\/car-o-liner.com\\\/fr\\\/oem-page\\\/#breadcrumb\"},\"inLanguage\":\"fr-FR\",\"potentialAction\":[{\"@type\":\"ReadAction\",\"target\":[\"https:\\\/\\\/car-o-liner.com\\\/fr\\\/oem-page\\\/\"]}]},{\"@type\":\"ImageObject\",\"inLanguage\":\"fr-FR\",\"@id\":\"https:\\\/\\\/car-o-liner.com\\\/fr\\\/oem-page\\\/#primaryimage\",\"url\":\"https:\\\/\\\/car-o-liner.com\\\/wp-content\\\/uploads\\\/COL_website_headers_2000x1000px-color-profile-web.jpg\",\"contentUrl\":\"https:\\\/\\\/car-o-liner.com\\\/wp-content\\\/uploads\\\/COL_website_headers_2000x1000px-color-profile-web.jpg\",\"width\":2000,\"height\":1000,\"caption\":\"Vehicle on a Car-O-Liner Lift\"},{\"@type\":\"BreadcrumbList\",\"@id\":\"https:\\\/\\\/car-o-liner.com\\\/fr\\\/oem-page\\\/#breadcrumb\",\"itemListElement\":[{\"@type\":\"ListItem\",\"position\":1,\"name\":\"Home\",\"item\":\"https:\\\/\\\/car-o-liner.com\\\/fr\\\/\"},{\"@type\":\"ListItem\",\"position\":2,\"name\":\"OEM\"}]},{\"@type\":\"WebSite\",\"@id\":\"https:\\\/\\\/car-o-liner.com\\\/fr\\\/#website\",\"url\":\"https:\\\/\\\/car-o-liner.com\\\/fr\\\/\",\"name\":\"Car-O-Liner\",\"description\":\"Collision Repair Equipment\",\"publisher\":{\"@id\":\"https:\\\/\\\/car-o-liner.com\\\/fr\\\/#organization\"},\"potentialAction\":[{\"@type\":\"SearchAction\",\"target\":{\"@type\":\"EntryPoint\",\"urlTemplate\":\"https:\\\/\\\/car-o-liner.com\\\/fr\\\/?s={search_term_string}\"},\"query-input\":{\"@type\":\"PropertyValueSpecification\",\"valueRequired\":true,\"valueName\":\"search_term_string\"}}],\"inLanguage\":\"fr-FR\"},{\"@type\":\"Organization\",\"@id\":\"https:\\\/\\\/car-o-liner.com\\\/fr\\\/#organization\",\"name\":\"Car-O-Liner\",\"url\":\"https:\\\/\\\/car-o-liner.com\\\/fr\\\/\",\"logo\":{\"@type\":\"ImageObject\",\"inLanguage\":\"fr-FR\",\"@id\":\"https:\\\/\\\/car-o-liner.com\\\/fr\\\/#\\\/schema\\\/logo\\\/image\\\/\",\"url\":\"https:\\\/\\\/car-o-liner.com\\\/wp-content\\\/uploads\\\/Car-O-Liner-blue-web.svg\",\"contentUrl\":\"https:\\\/\\\/car-o-liner.com\\\/wp-content\\\/uploads\\\/Car-O-Liner-blue-web.svg\",\"width\":250,\"height\":50,\"caption\":\"Car-O-Liner\"},\"image\":{\"@id\":\"https:\\\/\\\/car-o-liner.com\\\/fr\\\/#\\\/schema\\\/logo\\\/image\\\/\"}}]}<\/script>\n<!-- \/ Yoast SEO plugin. -->","yoast_head_json":{"title":"OEM - Car-O-Liner","robots":{"index":"index","follow":"follow","max-snippet":"max-snippet:-1","max-image-preview":"max-image-preview:large","max-video-preview":"max-video-preview:-1"},"canonical":"https:\/\/car-o-liner.com\/fr\/oem-page\/","og_locale":"fr_FR","og_type":"article","og_title":"OEM - Car-O-Liner","og_description":"Approuv\u00e9 par les constructeurs OEM du monde entier Notre engagement in\u00e9branlable envers les fabricants d&rsquo;\u00e9quipements d&rsquo;origine (OEM) garantit le d\u00e9veloppement d&rsquo;\u00e9quipements, de m\u00e9thodes et de formations pr\u00e9cises pour restaurer les v\u00e9hicules endommag\u00e9s par une collision et les remettre dans leur \u00e9tat d&rsquo;origine. Car-O-Liner\u00ae est fier de ses partenariats \u00e9troits avec les constructeurs automobiles du monde [&hellip;]","og_url":"https:\/\/car-o-liner.com\/fr\/oem-page\/","og_site_name":"Car-O-Liner","article_modified_time":"2024-04-16T17:05:56+00:00","og_image":[{"width":2000,"height":1000,"url":"https:\/\/car-o-liner.com\/wp-content\/uploads\/COL_website_headers_2000x1000px-color-profile-web.jpg","type":"image\/jpeg"}],"twitter_card":"summary_large_image","schema":{"@context":"https:\/\/schema.org","@graph":[{"@type":"WebPage","@id":"https:\/\/car-o-liner.com\/fr\/oem-page\/","url":"https:\/\/car-o-liner.com\/fr\/oem-page\/","name":"OEM - Car-O-Liner","isPartOf":{"@id":"https:\/\/car-o-liner.com\/fr\/#website"},"primaryImageOfPage":{"@id":"https:\/\/car-o-liner.com\/fr\/oem-page\/#primaryimage"},"image":{"@id":"https:\/\/car-o-liner.com\/fr\/oem-page\/#primaryimage"},"thumbnailUrl":"https:\/\/car-o-liner.com\/wp-content\/uploads\/COL_website_headers_2000x1000px-color-profile-web.jpg","datePublished":"2023-11-13T21:13:46+00:00","dateModified":"2024-04-16T17:05:56+00:00","breadcrumb":{"@id":"https:\/\/car-o-liner.com\/fr\/oem-page\/#breadcrumb"},"inLanguage":"fr-FR","potentialAction":[{"@type":"ReadAction","target":["https:\/\/car-o-liner.com\/fr\/oem-page\/"]}]},{"@type":"ImageObject","inLanguage":"fr-FR","@id":"https:\/\/car-o-liner.com\/fr\/oem-page\/#primaryimage","url":"https:\/\/car-o-liner.com\/wp-content\/uploads\/COL_website_headers_2000x1000px-color-profile-web.jpg","contentUrl":"https:\/\/car-o-liner.com\/wp-content\/uploads\/COL_website_headers_2000x1000px-color-profile-web.jpg","width":2000,"height":1000,"caption":"Vehicle on a Car-O-Liner Lift"},{"@type":"BreadcrumbList","@id":"https:\/\/car-o-liner.com\/fr\/oem-page\/#breadcrumb","itemListElement":[{"@type":"ListItem","position":1,"name":"Home","item":"https:\/\/car-o-liner.com\/fr\/"},{"@type":"ListItem","position":2,"name":"OEM"}]},{"@type":"WebSite","@id":"https:\/\/car-o-liner.com\/fr\/#website","url":"https:\/\/car-o-liner.com\/fr\/","name":"Car-O-Liner","description":"Collision Repair Equipment","publisher":{"@id":"https:\/\/car-o-liner.com\/fr\/#organization"},"potentialAction":[{"@type":"SearchAction","target":{"@type":"EntryPoint","urlTemplate":"https:\/\/car-o-liner.com\/fr\/?s={search_term_string}"},"query-input":{"@type":"PropertyValueSpecification","valueRequired":true,"valueName":"search_term_string"}}],"inLanguage":"fr-FR"},{"@type":"Organization","@id":"https:\/\/car-o-liner.com\/fr\/#organization","name":"Car-O-Liner","url":"https:\/\/car-o-liner.com\/fr\/","logo":{"@type":"ImageObject","inLanguage":"fr-FR","@id":"https:\/\/car-o-liner.com\/fr\/#\/schema\/logo\/image\/","url":"https:\/\/car-o-liner.com\/wp-content\/uploads\/Car-O-Liner-blue-web.svg","contentUrl":"https:\/\/car-o-liner.com\/wp-content\/uploads\/Car-O-Liner-blue-web.svg","width":250,"height":50,"caption":"Car-O-Liner"},"image":{"@id":"https:\/\/car-o-liner.com\/fr\/#\/schema\/logo\/image\/"}}]}},"_links":{"self":[{"href":"https:\/\/car-o-liner.com\/fr\/wp-json\/wp\/v2\/pages\/83442","targetHints":{"allow":["GET"]}}],"collection":[{"href":"https:\/\/car-o-liner.com\/fr\/wp-json\/wp\/v2\/pages"}],"about":[{"href":"https:\/\/car-o-liner.com\/fr\/wp-json\/wp\/v2\/types\/page"}],"author":[{"embeddable":true,"href":"https:\/\/car-o-liner.com\/fr\/wp-json\/wp\/v2\/users\/1"}],"replies":[{"embeddable":true,"href":"https:\/\/car-o-liner.com\/fr\/wp-json\/wp\/v2\/comments?post=83442"}],"version-history":[{"count":3,"href":"https:\/\/car-o-liner.com\/fr\/wp-json\/wp\/v2\/pages\/83442\/revisions"}],"predecessor-version":[{"id":90816,"href":"https:\/\/car-o-liner.com\/fr\/wp-json\/wp\/v2\/pages\/83442\/revisions\/90816"}],"wp:featuredmedia":[{"embeddable":true,"href":"https:\/\/car-o-liner.com\/fr\/wp-json\/wp\/v2\/media\/83550"}],"wp:attachment":[{"href":"https:\/\/car-o-liner.com\/fr\/wp-json\/wp\/v2\/media?parent=83442"}],"curies":[{"name":"wp","href":"https:\/\/api.w.org\/{rel}","templated":true}]}}