{"id":89968,"date":"2024-03-04T23:21:20","date_gmt":"2024-03-04T22:21:20","guid":{"rendered":"https:\/\/car-o-liner-test.phl.togglebox.site\/product\/"},"modified":"2024-04-11T20:47:51","modified_gmt":"2024-04-11T18:47:51","slug":"produits","status":"publish","type":"page","link":"https:\/\/car-o-liner.com\/fr\/produits\/","title":{"rendered":"Outils de r\u00e9paration de collisions"},"content":{"rendered":"\n<p>Am\u00e9liorez vos capacit\u00e9s de r\u00e9paration de carrosserie automobile avec les outils de r\u00e9paration de collisions ultramodernes Car-O-Liner\u00ae. Notre gamme soigneusement s\u00e9lectionn\u00e9e offre le m\u00e9lange parfait de robustesse et de fiabilit\u00e9, ce qui permet \u00e0 votre \u00e9quipe de s&rsquo;attaquer \u00e0 n\u2019importe quelle t\u00e2che de r\u00e9paration en toute confiance.<\/p>\n","protected":false},"excerpt":{"rendered":"<p>Am\u00e9liorez vos capacit\u00e9s de r\u00e9paration de carrosserie automobile avec les outils de r\u00e9paration de collisions ultramodernes Car-O-Liner\u00ae. Notre gamme soigneusement s\u00e9lectionn\u00e9e offre le m\u00e9lange parfait de robustesse et de fiabilit\u00e9, ce qui permet \u00e0 votre \u00e9quipe de s&rsquo;attaquer \u00e0 n\u2019importe quelle t\u00e2che de r\u00e9paration en toute confiance.<\/p>\n","protected":false},"author":1,"featured_media":0,"parent":0,"menu_order":0,"comment_status":"closed","ping_status":"closed","template":"page-templates\/product-archive.php","meta":{"footnotes":""},"class_list":["post-89968","page","type-page","status-publish","hentry"],"yoast_head":"<!-- This site is optimized with the Yoast SEO plugin v27.2 - https:\/\/yoast.com\/product\/yoast-seo-wordpress\/ -->\n<title>Outils de r\u00e9paration de collisions | Car-O-Liner FR<\/title>\n<meta name=\"description\" content=\"D\u00e9couvrez des outils de r\u00e9paration de collisions haut de gamme con\u00e7us pour les professionnels de l&#039;automobile. Jetez un \u0153il sur notre \u00e9quipement de pointe pour am\u00e9liorer vos services de r\u00e9paration.\" \/>\n<meta name=\"robots\" content=\"index, follow, max-snippet:-1, max-image-preview:large, max-video-preview:-1\" \/>\n<link rel=\"canonical\" href=\"https:\/\/car-o-liner.com\/fr\/produits\/\" \/>\n<meta property=\"og:locale\" content=\"fr_FR\" \/>\n<meta property=\"og:type\" content=\"article\" \/>\n<meta property=\"og:title\" content=\"Outils de r\u00e9paration de collisions | Car-O-Liner FR\" \/>\n<meta property=\"og:description\" content=\"D\u00e9couvrez des outils de r\u00e9paration de collisions haut de gamme con\u00e7us pour les professionnels de l&#039;automobile. Jetez un \u0153il sur notre \u00e9quipement de pointe pour am\u00e9liorer vos services de r\u00e9paration.\" \/>\n<meta property=\"og:url\" content=\"https:\/\/car-o-liner.com\/fr\/produits\/\" \/>\n<meta property=\"og:site_name\" content=\"Car-O-Liner\" \/>\n<meta property=\"article:modified_time\" content=\"2024-04-11T18:47:51+00:00\" \/>\n<meta name=\"twitter:card\" content=\"summary_large_image\" \/>\n<script type=\"application\/ld+json\" class=\"yoast-schema-graph\">{\"@context\":\"https:\/\/schema.org\",\"@graph\":[{\"@type\":\"WebPage\",\"@id\":\"https:\/\/car-o-liner.com\/fr\/produits\/\",\"url\":\"https:\/\/car-o-liner.com\/fr\/produits\/\",\"name\":\"Outils de r\u00e9paration de collisions | Car-O-Liner FR\",\"isPartOf\":{\"@id\":\"https:\/\/car-o-liner.com\/fr\/#website\"},\"datePublished\":\"2024-03-04T22:21:20+00:00\",\"dateModified\":\"2024-04-11T18:47:51+00:00\",\"description\":\"D\u00e9couvrez des outils de r\u00e9paration de collisions haut de gamme con\u00e7us pour les professionnels de l'automobile. Jetez un \u0153il sur notre \u00e9quipement de pointe pour am\u00e9liorer vos services de r\u00e9paration.\",\"breadcrumb\":{\"@id\":\"https:\/\/car-o-liner.com\/fr\/produits\/#breadcrumb\"},\"inLanguage\":\"fr-FR\",\"potentialAction\":[{\"@type\":\"ReadAction\",\"target\":[\"https:\/\/car-o-liner.com\/fr\/produits\/\"]}]},{\"@type\":\"BreadcrumbList\",\"@id\":\"https:\/\/car-o-liner.com\/fr\/produits\/#breadcrumb\",\"itemListElement\":[{\"@type\":\"ListItem\",\"position\":1,\"name\":\"Home\",\"item\":\"https:\/\/car-o-liner.com\/fr\/\"},{\"@type\":\"ListItem\",\"position\":2,\"name\":\"Outils de r\u00e9paration de collisions\"}]},{\"@type\":\"WebSite\",\"@id\":\"https:\/\/car-o-liner.com\/fr\/#website\",\"url\":\"https:\/\/car-o-liner.com\/fr\/\",\"name\":\"Car-O-Liner\",\"description\":\"Collision Repair Equipment\",\"publisher\":{\"@id\":\"https:\/\/car-o-liner.com\/fr\/#organization\"},\"potentialAction\":[{\"@type\":\"SearchAction\",\"target\":{\"@type\":\"EntryPoint\",\"urlTemplate\":\"https:\/\/car-o-liner.com\/fr\/?s={search_term_string}\"},\"query-input\":{\"@type\":\"PropertyValueSpecification\",\"valueRequired\":true,\"valueName\":\"search_term_string\"}}],\"inLanguage\":\"fr-FR\"},{\"@type\":\"Organization\",\"@id\":\"https:\/\/car-o-liner.com\/fr\/#organization\",\"name\":\"Car-O-Liner\",\"url\":\"https:\/\/car-o-liner.com\/fr\/\",\"logo\":{\"@type\":\"ImageObject\",\"inLanguage\":\"fr-FR\",\"@id\":\"https:\/\/car-o-liner.com\/fr\/#\/schema\/logo\/image\/\",\"url\":\"https:\/\/car-o-liner.com\/wp-content\/uploads\/Car-O-Liner-blue-web.svg\",\"contentUrl\":\"https:\/\/car-o-liner.com\/wp-content\/uploads\/Car-O-Liner-blue-web.svg\",\"width\":250,\"height\":50,\"caption\":\"Car-O-Liner\"},\"image\":{\"@id\":\"https:\/\/car-o-liner.com\/fr\/#\/schema\/logo\/image\/\"}}]}<\/script>\n<!-- \/ Yoast SEO plugin. -->","yoast_head_json":{"title":"Outils de r\u00e9paration de collisions | Car-O-Liner FR","description":"D\u00e9couvrez des outils de r\u00e9paration de collisions haut de gamme con\u00e7us pour les professionnels de l'automobile. Jetez un \u0153il sur notre \u00e9quipement de pointe pour am\u00e9liorer vos services de r\u00e9paration.","robots":{"index":"index","follow":"follow","max-snippet":"max-snippet:-1","max-image-preview":"max-image-preview:large","max-video-preview":"max-video-preview:-1"},"canonical":"https:\/\/car-o-liner.com\/fr\/produits\/","og_locale":"fr_FR","og_type":"article","og_title":"Outils de r\u00e9paration de collisions | Car-O-Liner FR","og_description":"D\u00e9couvrez des outils de r\u00e9paration de collisions haut de gamme con\u00e7us pour les professionnels de l'automobile. Jetez un \u0153il sur notre \u00e9quipement de pointe pour am\u00e9liorer vos services de r\u00e9paration.","og_url":"https:\/\/car-o-liner.com\/fr\/produits\/","og_site_name":"Car-O-Liner","article_modified_time":"2024-04-11T18:47:51+00:00","twitter_card":"summary_large_image","schema":{"@context":"https:\/\/schema.org","@graph":[{"@type":"WebPage","@id":"https:\/\/car-o-liner.com\/fr\/produits\/","url":"https:\/\/car-o-liner.com\/fr\/produits\/","name":"Outils de r\u00e9paration de collisions | Car-O-Liner FR","isPartOf":{"@id":"https:\/\/car-o-liner.com\/fr\/#website"},"datePublished":"2024-03-04T22:21:20+00:00","dateModified":"2024-04-11T18:47:51+00:00","description":"D\u00e9couvrez des outils de r\u00e9paration de collisions haut de gamme con\u00e7us pour les professionnels de l'automobile. Jetez un \u0153il sur notre \u00e9quipement de pointe pour am\u00e9liorer vos services de r\u00e9paration.","breadcrumb":{"@id":"https:\/\/car-o-liner.com\/fr\/produits\/#breadcrumb"},"inLanguage":"fr-FR","potentialAction":[{"@type":"ReadAction","target":["https:\/\/car-o-liner.com\/fr\/produits\/"]}]},{"@type":"BreadcrumbList","@id":"https:\/\/car-o-liner.com\/fr\/produits\/#breadcrumb","itemListElement":[{"@type":"ListItem","position":1,"name":"Home","item":"https:\/\/car-o-liner.com\/fr\/"},{"@type":"ListItem","position":2,"name":"Outils de r\u00e9paration de collisions"}]},{"@type":"WebSite","@id":"https:\/\/car-o-liner.com\/fr\/#website","url":"https:\/\/car-o-liner.com\/fr\/","name":"Car-O-Liner","description":"Collision Repair Equipment","publisher":{"@id":"https:\/\/car-o-liner.com\/fr\/#organization"},"potentialAction":[{"@type":"SearchAction","target":{"@type":"EntryPoint","urlTemplate":"https:\/\/car-o-liner.com\/fr\/?s={search_term_string}"},"query-input":{"@type":"PropertyValueSpecification","valueRequired":true,"valueName":"search_term_string"}}],"inLanguage":"fr-FR"},{"@type":"Organization","@id":"https:\/\/car-o-liner.com\/fr\/#organization","name":"Car-O-Liner","url":"https:\/\/car-o-liner.com\/fr\/","logo":{"@type":"ImageObject","inLanguage":"fr-FR","@id":"https:\/\/car-o-liner.com\/fr\/#\/schema\/logo\/image\/","url":"https:\/\/car-o-liner.com\/wp-content\/uploads\/Car-O-Liner-blue-web.svg","contentUrl":"https:\/\/car-o-liner.com\/wp-content\/uploads\/Car-O-Liner-blue-web.svg","width":250,"height":50,"caption":"Car-O-Liner"},"image":{"@id":"https:\/\/car-o-liner.com\/fr\/#\/schema\/logo\/image\/"}}]}},"_links":{"self":[{"href":"https:\/\/car-o-liner.com\/fr\/wp-json\/wp\/v2\/pages\/89968","targetHints":{"allow":["GET"]}}],"collection":[{"href":"https:\/\/car-o-liner.com\/fr\/wp-json\/wp\/v2\/pages"}],"about":[{"href":"https:\/\/car-o-liner.com\/fr\/wp-json\/wp\/v2\/types\/page"}],"author":[{"embeddable":true,"href":"https:\/\/car-o-liner.com\/fr\/wp-json\/wp\/v2\/users\/1"}],"replies":[{"embeddable":true,"href":"https:\/\/car-o-liner.com\/fr\/wp-json\/wp\/v2\/comments?post=89968"}],"version-history":[{"count":3,"href":"https:\/\/car-o-liner.com\/fr\/wp-json\/wp\/v2\/pages\/89968\/revisions"}],"predecessor-version":[{"id":90388,"href":"https:\/\/car-o-liner.com\/fr\/wp-json\/wp\/v2\/pages\/89968\/revisions\/90388"}],"wp:attachment":[{"href":"https:\/\/car-o-liner.com\/fr\/wp-json\/wp\/v2\/media?parent=89968"}],"curies":[{"name":"wp","href":"https:\/\/api.w.org\/{rel}","templated":true}]}}