{"id":81684,"date":"2023-06-30T20:53:50","date_gmt":"2023-06-30T18:53:50","guid":{"rendered":"https:\/\/car-o-liner-test.phl.togglebox.site\/product\/alignment-straightening\/"},"modified":"2024-04-11T15:07:43","modified_gmt":"2024-04-11T13:07:43","slug":"alignement-et-redressement","status":"publish","type":"product","link":"https:\/\/car-o-liner.com\/fr\/produit\/alignement-et-redressement\/","title":{"rendered":"Alignement &amp; Redressage"},"content":{"rendered":"\n<p>Une plus grande pr\u00e9cision des r\u00e9parations<\/p>\n","protected":false},"excerpt":{"rendered":"<p>Une plus grande pr\u00e9cision de r\u00e9paration et des b\u00e9n\u00e9fices<\/p>\n","protected":false},"featured_media":81686,"parent":0,"menu_order":1,"template":"page-templates\/joining-heating.php","format":"standard","meta":[],"class_list":["post-81684","product","type-product","status-publish","format-standard","has-post-thumbnail","hentry"],"yoast_head":"<!-- This site is optimized with the Yoast SEO plugin v27.4 - https:\/\/yoast.com\/product\/yoast-seo-wordpress\/ -->\n<title>Alignement et redressage | Car-O-Liner FR<\/title>\n<meta name=\"description\" content=\"Fournissez des outils d&#039;alignement et de redressage pr\u00e9cis pour la r\u00e9paration de collisions. Am\u00e9liorez votre atelier gr\u00e2ce \u00e0 nos solutions d\u2019\u00e9quipement de pointe.\" \/>\n<meta name=\"robots\" content=\"index, follow, max-snippet:-1, max-image-preview:large, max-video-preview:-1\" \/>\n<link rel=\"canonical\" href=\"https:\/\/car-o-liner.com\/fr\/produit\/alignement-et-redressement\/\" \/>\n<meta property=\"og:locale\" content=\"fr_FR\" \/>\n<meta property=\"og:type\" content=\"article\" \/>\n<meta property=\"og:title\" content=\"Alignement et redressage | Car-O-Liner FR\" \/>\n<meta property=\"og:description\" content=\"Fournissez des outils d&#039;alignement et de redressage pr\u00e9cis pour la r\u00e9paration de collisions. Am\u00e9liorez votre atelier gr\u00e2ce \u00e0 nos solutions d\u2019\u00e9quipement de pointe.\" \/>\n<meta property=\"og:url\" content=\"https:\/\/car-o-liner.com\/fr\/produit\/alignement-et-redressement\/\" \/>\n<meta property=\"og:site_name\" content=\"Car-O-Liner\" \/>\n<meta property=\"article:modified_time\" content=\"2024-04-11T13:07:43+00:00\" \/>\n<meta name=\"twitter:card\" content=\"summary_large_image\" \/>\n<script type=\"application\/ld+json\" class=\"yoast-schema-graph\">{\"@context\":\"https:\\\/\\\/schema.org\",\"@graph\":[{\"@type\":\"WebPage\",\"@id\":\"https:\\\/\\\/car-o-liner.com\\\/fr\\\/produit\\\/alignement-et-redressement\\\/\",\"url\":\"https:\\\/\\\/car-o-liner.com\\\/fr\\\/produit\\\/alignement-et-redressement\\\/\",\"name\":\"Alignement et redressage | Car-O-Liner FR\",\"isPartOf\":{\"@id\":\"https:\\\/\\\/car-o-liner.com\\\/fr\\\/#website\"},\"primaryImageOfPage\":{\"@id\":\"https:\\\/\\\/car-o-liner.com\\\/fr\\\/produit\\\/alignement-et-redressement\\\/#primaryimage\"},\"image\":{\"@id\":\"https:\\\/\\\/car-o-liner.com\\\/fr\\\/produit\\\/alignement-et-redressement\\\/#primaryimage\"},\"thumbnailUrl\":\"https:\\\/\\\/car-o-liner.com\\\/wp-content\\\/uploads\\\/media_library_export-caroliner-2023_08_08_15_04_31\\\/alignment_straightening.svg\",\"datePublished\":\"2023-06-30T18:53:50+00:00\",\"dateModified\":\"2024-04-11T13:07:43+00:00\",\"description\":\"Fournissez des outils d'alignement et de redressage pr\u00e9cis pour la r\u00e9paration de collisions. Am\u00e9liorez votre atelier gr\u00e2ce \u00e0 nos solutions d\u2019\u00e9quipement de pointe.\",\"breadcrumb\":{\"@id\":\"https:\\\/\\\/car-o-liner.com\\\/fr\\\/produit\\\/alignement-et-redressement\\\/#breadcrumb\"},\"inLanguage\":\"fr-FR\",\"potentialAction\":[{\"@type\":\"ReadAction\",\"target\":[\"https:\\\/\\\/car-o-liner.com\\\/fr\\\/produit\\\/alignement-et-redressement\\\/\"]}]},{\"@type\":\"ImageObject\",\"inLanguage\":\"fr-FR\",\"@id\":\"https:\\\/\\\/car-o-liner.com\\\/fr\\\/produit\\\/alignement-et-redressement\\\/#primaryimage\",\"url\":\"https:\\\/\\\/car-o-liner.com\\\/wp-content\\\/uploads\\\/media_library_export-caroliner-2023_08_08_15_04_31\\\/alignment_straightening.svg\",\"contentUrl\":\"https:\\\/\\\/car-o-liner.com\\\/wp-content\\\/uploads\\\/media_library_export-caroliner-2023_08_08_15_04_31\\\/alignment_straightening.svg\",\"width\":512,\"height\":512},{\"@type\":\"BreadcrumbList\",\"@id\":\"https:\\\/\\\/car-o-liner.com\\\/fr\\\/produit\\\/alignement-et-redressement\\\/#breadcrumb\",\"itemListElement\":[{\"@type\":\"ListItem\",\"position\":1,\"name\":\"Home\",\"item\":\"https:\\\/\\\/car-o-liner.com\\\/fr\\\/\"},{\"@type\":\"ListItem\",\"position\":2,\"name\":\"Alignement &amp; Redressage\"}]},{\"@type\":\"WebSite\",\"@id\":\"https:\\\/\\\/car-o-liner.com\\\/fr\\\/#website\",\"url\":\"https:\\\/\\\/car-o-liner.com\\\/fr\\\/\",\"name\":\"Car-O-Liner\",\"description\":\"Collision Repair Equipment\",\"publisher\":{\"@id\":\"https:\\\/\\\/car-o-liner.com\\\/fr\\\/#organization\"},\"potentialAction\":[{\"@type\":\"SearchAction\",\"target\":{\"@type\":\"EntryPoint\",\"urlTemplate\":\"https:\\\/\\\/car-o-liner.com\\\/fr\\\/?s={search_term_string}\"},\"query-input\":{\"@type\":\"PropertyValueSpecification\",\"valueRequired\":true,\"valueName\":\"search_term_string\"}}],\"inLanguage\":\"fr-FR\"},{\"@type\":\"Organization\",\"@id\":\"https:\\\/\\\/car-o-liner.com\\\/fr\\\/#organization\",\"name\":\"Car-O-Liner\",\"url\":\"https:\\\/\\\/car-o-liner.com\\\/fr\\\/\",\"logo\":{\"@type\":\"ImageObject\",\"inLanguage\":\"fr-FR\",\"@id\":\"https:\\\/\\\/car-o-liner.com\\\/fr\\\/#\\\/schema\\\/logo\\\/image\\\/\",\"url\":\"https:\\\/\\\/car-o-liner.com\\\/wp-content\\\/uploads\\\/Car-O-Liner-blue-web.svg\",\"contentUrl\":\"https:\\\/\\\/car-o-liner.com\\\/wp-content\\\/uploads\\\/Car-O-Liner-blue-web.svg\",\"width\":250,\"height\":50,\"caption\":\"Car-O-Liner\"},\"image\":{\"@id\":\"https:\\\/\\\/car-o-liner.com\\\/fr\\\/#\\\/schema\\\/logo\\\/image\\\/\"}}]}<\/script>\n<!-- \/ Yoast SEO plugin. -->","yoast_head_json":{"title":"Alignement et redressage | Car-O-Liner FR","description":"Fournissez des outils d'alignement et de redressage pr\u00e9cis pour la r\u00e9paration de collisions. Am\u00e9liorez votre atelier gr\u00e2ce \u00e0 nos solutions d\u2019\u00e9quipement de pointe.","robots":{"index":"index","follow":"follow","max-snippet":"max-snippet:-1","max-image-preview":"max-image-preview:large","max-video-preview":"max-video-preview:-1"},"canonical":"https:\/\/car-o-liner.com\/fr\/produit\/alignement-et-redressement\/","og_locale":"fr_FR","og_type":"article","og_title":"Alignement et redressage | Car-O-Liner FR","og_description":"Fournissez des outils d'alignement et de redressage pr\u00e9cis pour la r\u00e9paration de collisions. Am\u00e9liorez votre atelier gr\u00e2ce \u00e0 nos solutions d\u2019\u00e9quipement de pointe.","og_url":"https:\/\/car-o-liner.com\/fr\/produit\/alignement-et-redressement\/","og_site_name":"Car-O-Liner","article_modified_time":"2024-04-11T13:07:43+00:00","twitter_card":"summary_large_image","schema":{"@context":"https:\/\/schema.org","@graph":[{"@type":"WebPage","@id":"https:\/\/car-o-liner.com\/fr\/produit\/alignement-et-redressement\/","url":"https:\/\/car-o-liner.com\/fr\/produit\/alignement-et-redressement\/","name":"Alignement et redressage | Car-O-Liner FR","isPartOf":{"@id":"https:\/\/car-o-liner.com\/fr\/#website"},"primaryImageOfPage":{"@id":"https:\/\/car-o-liner.com\/fr\/produit\/alignement-et-redressement\/#primaryimage"},"image":{"@id":"https:\/\/car-o-liner.com\/fr\/produit\/alignement-et-redressement\/#primaryimage"},"thumbnailUrl":"https:\/\/car-o-liner.com\/wp-content\/uploads\/media_library_export-caroliner-2023_08_08_15_04_31\/alignment_straightening.svg","datePublished":"2023-06-30T18:53:50+00:00","dateModified":"2024-04-11T13:07:43+00:00","description":"Fournissez des outils d'alignement et de redressage pr\u00e9cis pour la r\u00e9paration de collisions. Am\u00e9liorez votre atelier gr\u00e2ce \u00e0 nos solutions d\u2019\u00e9quipement de pointe.","breadcrumb":{"@id":"https:\/\/car-o-liner.com\/fr\/produit\/alignement-et-redressement\/#breadcrumb"},"inLanguage":"fr-FR","potentialAction":[{"@type":"ReadAction","target":["https:\/\/car-o-liner.com\/fr\/produit\/alignement-et-redressement\/"]}]},{"@type":"ImageObject","inLanguage":"fr-FR","@id":"https:\/\/car-o-liner.com\/fr\/produit\/alignement-et-redressement\/#primaryimage","url":"https:\/\/car-o-liner.com\/wp-content\/uploads\/media_library_export-caroliner-2023_08_08_15_04_31\/alignment_straightening.svg","contentUrl":"https:\/\/car-o-liner.com\/wp-content\/uploads\/media_library_export-caroliner-2023_08_08_15_04_31\/alignment_straightening.svg","width":512,"height":512},{"@type":"BreadcrumbList","@id":"https:\/\/car-o-liner.com\/fr\/produit\/alignement-et-redressement\/#breadcrumb","itemListElement":[{"@type":"ListItem","position":1,"name":"Home","item":"https:\/\/car-o-liner.com\/fr\/"},{"@type":"ListItem","position":2,"name":"Alignement &amp; Redressage"}]},{"@type":"WebSite","@id":"https:\/\/car-o-liner.com\/fr\/#website","url":"https:\/\/car-o-liner.com\/fr\/","name":"Car-O-Liner","description":"Collision Repair Equipment","publisher":{"@id":"https:\/\/car-o-liner.com\/fr\/#organization"},"potentialAction":[{"@type":"SearchAction","target":{"@type":"EntryPoint","urlTemplate":"https:\/\/car-o-liner.com\/fr\/?s={search_term_string}"},"query-input":{"@type":"PropertyValueSpecification","valueRequired":true,"valueName":"search_term_string"}}],"inLanguage":"fr-FR"},{"@type":"Organization","@id":"https:\/\/car-o-liner.com\/fr\/#organization","name":"Car-O-Liner","url":"https:\/\/car-o-liner.com\/fr\/","logo":{"@type":"ImageObject","inLanguage":"fr-FR","@id":"https:\/\/car-o-liner.com\/fr\/#\/schema\/logo\/image\/","url":"https:\/\/car-o-liner.com\/wp-content\/uploads\/Car-O-Liner-blue-web.svg","contentUrl":"https:\/\/car-o-liner.com\/wp-content\/uploads\/Car-O-Liner-blue-web.svg","width":250,"height":50,"caption":"Car-O-Liner"},"image":{"@id":"https:\/\/car-o-liner.com\/fr\/#\/schema\/logo\/image\/"}}]}},"_links":{"self":[{"href":"https:\/\/car-o-liner.com\/fr\/wp-json\/wp\/v2\/product\/81684","targetHints":{"allow":["GET"]}}],"collection":[{"href":"https:\/\/car-o-liner.com\/fr\/wp-json\/wp\/v2\/product"}],"about":[{"href":"https:\/\/car-o-liner.com\/fr\/wp-json\/wp\/v2\/types\/product"}],"wp:featuredmedia":[{"embeddable":true,"href":"https:\/\/car-o-liner.com\/fr\/wp-json\/wp\/v2\/media\/81686"}],"wp:attachment":[{"href":"https:\/\/car-o-liner.com\/fr\/wp-json\/wp\/v2\/media?parent=81684"}],"curies":[{"name":"wp","href":"https:\/\/api.w.org\/{rel}","templated":true}]}}