{"id":81747,"date":"2023-06-30T20:54:40","date_gmt":"2023-06-30T18:54:40","guid":{"rendered":"https:\/\/car-o-liner-test.phl.togglebox.site\/product\/joining-heating\/"},"modified":"2025-05-15T15:18:31","modified_gmt":"2025-05-15T13:18:31","slug":"joindre-et-chauffer","status":"publish","type":"product","link":"https:\/\/car-o-liner.com\/fr\/produit\/joindre-et-chauffer\/","title":{"rendered":"Joindre &amp; Chauffage"},"content":{"rendered":"\n<p>Postes \u00e0 souder et riveteuses puissantes et innovantes<\/p>\n","protected":false},"excerpt":{"rendered":"<p>Postes \u00e0 souder et riveteuses puissantes et innovantes<\/p>\n","protected":false},"featured_media":81748,"parent":0,"menu_order":2,"template":"page-templates\/joining-heating-with-brochure.php","format":"standard","meta":[],"class_list":["post-81747","product","type-product","status-publish","format-standard","has-post-thumbnail","hentry"],"yoast_head":"<!-- This site is optimized with the Yoast SEO plugin v27.2 - https:\/\/yoast.com\/product\/yoast-seo-wordpress\/ -->\n<title>Syst\u00e8mes de mesure de carrosserie automobile | Car-O-Liner FR<\/title>\n<meta name=\"description\" content=\"D\u00e9couvrez des syst\u00e8mes de mesure de carrosserie de pointe pour une r\u00e9paration pr\u00e9cise des collisions. Nos outils offrent une pr\u00e9cision de niveau professionnel.\" \/>\n<meta name=\"robots\" content=\"index, follow, max-snippet:-1, max-image-preview:large, max-video-preview:-1\" \/>\n<link rel=\"canonical\" href=\"https:\/\/car-o-liner.com\/fr\/produit\/joindre-et-chauffer\/\" \/>\n<meta property=\"og:locale\" content=\"fr_FR\" \/>\n<meta property=\"og:type\" content=\"article\" \/>\n<meta property=\"og:title\" content=\"Syst\u00e8mes de mesure de carrosserie automobile | Car-O-Liner FR\" \/>\n<meta property=\"og:description\" content=\"D\u00e9couvrez des syst\u00e8mes de mesure de carrosserie de pointe pour une r\u00e9paration pr\u00e9cise des collisions. Nos outils offrent une pr\u00e9cision de niveau professionnel.\" \/>\n<meta property=\"og:url\" content=\"https:\/\/car-o-liner.com\/fr\/produit\/joindre-et-chauffer\/\" \/>\n<meta property=\"og:site_name\" content=\"Car-O-Liner\" \/>\n<meta property=\"article:modified_time\" content=\"2025-05-15T13:18:31+00:00\" \/>\n<meta name=\"twitter:card\" content=\"summary_large_image\" \/>\n<script type=\"application\/ld+json\" class=\"yoast-schema-graph\">{\"@context\":\"https:\/\/schema.org\",\"@graph\":[{\"@type\":\"WebPage\",\"@id\":\"https:\/\/car-o-liner.com\/fr\/produit\/joindre-et-chauffer\/\",\"url\":\"https:\/\/car-o-liner.com\/fr\/produit\/joindre-et-chauffer\/\",\"name\":\"Syst\u00e8mes de mesure de carrosserie automobile | Car-O-Liner FR\",\"isPartOf\":{\"@id\":\"https:\/\/car-o-liner.com\/fr\/#website\"},\"primaryImageOfPage\":{\"@id\":\"https:\/\/car-o-liner.com\/fr\/produit\/joindre-et-chauffer\/#primaryimage\"},\"image\":{\"@id\":\"https:\/\/car-o-liner.com\/fr\/produit\/joindre-et-chauffer\/#primaryimage\"},\"thumbnailUrl\":\"https:\/\/car-o-liner.com\/wp-content\/uploads\/media_library_export-caroliner-2023_08_08_15_04_31\/joinin_heating.svg\",\"datePublished\":\"2023-06-30T18:54:40+00:00\",\"dateModified\":\"2025-05-15T13:18:31+00:00\",\"description\":\"D\u00e9couvrez des syst\u00e8mes de mesure de carrosserie de pointe pour une r\u00e9paration pr\u00e9cise des collisions. Nos outils offrent une pr\u00e9cision de niveau professionnel.\",\"breadcrumb\":{\"@id\":\"https:\/\/car-o-liner.com\/fr\/produit\/joindre-et-chauffer\/#breadcrumb\"},\"inLanguage\":\"fr-FR\",\"potentialAction\":[{\"@type\":\"ReadAction\",\"target\":[\"https:\/\/car-o-liner.com\/fr\/produit\/joindre-et-chauffer\/\"]}]},{\"@type\":\"ImageObject\",\"inLanguage\":\"fr-FR\",\"@id\":\"https:\/\/car-o-liner.com\/fr\/produit\/joindre-et-chauffer\/#primaryimage\",\"url\":\"https:\/\/car-o-liner.com\/wp-content\/uploads\/media_library_export-caroliner-2023_08_08_15_04_31\/joinin_heating.svg\",\"contentUrl\":\"https:\/\/car-o-liner.com\/wp-content\/uploads\/media_library_export-caroliner-2023_08_08_15_04_31\/joinin_heating.svg\",\"width\":512,\"height\":512},{\"@type\":\"BreadcrumbList\",\"@id\":\"https:\/\/car-o-liner.com\/fr\/produit\/joindre-et-chauffer\/#breadcrumb\",\"itemListElement\":[{\"@type\":\"ListItem\",\"position\":1,\"name\":\"Home\",\"item\":\"https:\/\/car-o-liner.com\/fr\/\"},{\"@type\":\"ListItem\",\"position\":2,\"name\":\"Joindre &amp; Chauffage\"}]},{\"@type\":\"WebSite\",\"@id\":\"https:\/\/car-o-liner.com\/fr\/#website\",\"url\":\"https:\/\/car-o-liner.com\/fr\/\",\"name\":\"Car-O-Liner\",\"description\":\"Collision Repair Equipment\",\"publisher\":{\"@id\":\"https:\/\/car-o-liner.com\/fr\/#organization\"},\"potentialAction\":[{\"@type\":\"SearchAction\",\"target\":{\"@type\":\"EntryPoint\",\"urlTemplate\":\"https:\/\/car-o-liner.com\/fr\/?s={search_term_string}\"},\"query-input\":{\"@type\":\"PropertyValueSpecification\",\"valueRequired\":true,\"valueName\":\"search_term_string\"}}],\"inLanguage\":\"fr-FR\"},{\"@type\":\"Organization\",\"@id\":\"https:\/\/car-o-liner.com\/fr\/#organization\",\"name\":\"Car-O-Liner\",\"url\":\"https:\/\/car-o-liner.com\/fr\/\",\"logo\":{\"@type\":\"ImageObject\",\"inLanguage\":\"fr-FR\",\"@id\":\"https:\/\/car-o-liner.com\/fr\/#\/schema\/logo\/image\/\",\"url\":\"https:\/\/car-o-liner.com\/wp-content\/uploads\/Car-O-Liner-blue-web.svg\",\"contentUrl\":\"https:\/\/car-o-liner.com\/wp-content\/uploads\/Car-O-Liner-blue-web.svg\",\"width\":250,\"height\":50,\"caption\":\"Car-O-Liner\"},\"image\":{\"@id\":\"https:\/\/car-o-liner.com\/fr\/#\/schema\/logo\/image\/\"}}]}<\/script>\n<!-- \/ Yoast SEO plugin. -->","yoast_head_json":{"title":"Syst\u00e8mes de mesure de carrosserie automobile | Car-O-Liner FR","description":"D\u00e9couvrez des syst\u00e8mes de mesure de carrosserie de pointe pour une r\u00e9paration pr\u00e9cise des collisions. Nos outils offrent une pr\u00e9cision de niveau professionnel.","robots":{"index":"index","follow":"follow","max-snippet":"max-snippet:-1","max-image-preview":"max-image-preview:large","max-video-preview":"max-video-preview:-1"},"canonical":"https:\/\/car-o-liner.com\/fr\/produit\/joindre-et-chauffer\/","og_locale":"fr_FR","og_type":"article","og_title":"Syst\u00e8mes de mesure de carrosserie automobile | Car-O-Liner FR","og_description":"D\u00e9couvrez des syst\u00e8mes de mesure de carrosserie de pointe pour une r\u00e9paration pr\u00e9cise des collisions. Nos outils offrent une pr\u00e9cision de niveau professionnel.","og_url":"https:\/\/car-o-liner.com\/fr\/produit\/joindre-et-chauffer\/","og_site_name":"Car-O-Liner","article_modified_time":"2025-05-15T13:18:31+00:00","twitter_card":"summary_large_image","schema":{"@context":"https:\/\/schema.org","@graph":[{"@type":"WebPage","@id":"https:\/\/car-o-liner.com\/fr\/produit\/joindre-et-chauffer\/","url":"https:\/\/car-o-liner.com\/fr\/produit\/joindre-et-chauffer\/","name":"Syst\u00e8mes de mesure de carrosserie automobile | Car-O-Liner FR","isPartOf":{"@id":"https:\/\/car-o-liner.com\/fr\/#website"},"primaryImageOfPage":{"@id":"https:\/\/car-o-liner.com\/fr\/produit\/joindre-et-chauffer\/#primaryimage"},"image":{"@id":"https:\/\/car-o-liner.com\/fr\/produit\/joindre-et-chauffer\/#primaryimage"},"thumbnailUrl":"https:\/\/car-o-liner.com\/wp-content\/uploads\/media_library_export-caroliner-2023_08_08_15_04_31\/joinin_heating.svg","datePublished":"2023-06-30T18:54:40+00:00","dateModified":"2025-05-15T13:18:31+00:00","description":"D\u00e9couvrez des syst\u00e8mes de mesure de carrosserie de pointe pour une r\u00e9paration pr\u00e9cise des collisions. Nos outils offrent une pr\u00e9cision de niveau professionnel.","breadcrumb":{"@id":"https:\/\/car-o-liner.com\/fr\/produit\/joindre-et-chauffer\/#breadcrumb"},"inLanguage":"fr-FR","potentialAction":[{"@type":"ReadAction","target":["https:\/\/car-o-liner.com\/fr\/produit\/joindre-et-chauffer\/"]}]},{"@type":"ImageObject","inLanguage":"fr-FR","@id":"https:\/\/car-o-liner.com\/fr\/produit\/joindre-et-chauffer\/#primaryimage","url":"https:\/\/car-o-liner.com\/wp-content\/uploads\/media_library_export-caroliner-2023_08_08_15_04_31\/joinin_heating.svg","contentUrl":"https:\/\/car-o-liner.com\/wp-content\/uploads\/media_library_export-caroliner-2023_08_08_15_04_31\/joinin_heating.svg","width":512,"height":512},{"@type":"BreadcrumbList","@id":"https:\/\/car-o-liner.com\/fr\/produit\/joindre-et-chauffer\/#breadcrumb","itemListElement":[{"@type":"ListItem","position":1,"name":"Home","item":"https:\/\/car-o-liner.com\/fr\/"},{"@type":"ListItem","position":2,"name":"Joindre &amp; Chauffage"}]},{"@type":"WebSite","@id":"https:\/\/car-o-liner.com\/fr\/#website","url":"https:\/\/car-o-liner.com\/fr\/","name":"Car-O-Liner","description":"Collision Repair Equipment","publisher":{"@id":"https:\/\/car-o-liner.com\/fr\/#organization"},"potentialAction":[{"@type":"SearchAction","target":{"@type":"EntryPoint","urlTemplate":"https:\/\/car-o-liner.com\/fr\/?s={search_term_string}"},"query-input":{"@type":"PropertyValueSpecification","valueRequired":true,"valueName":"search_term_string"}}],"inLanguage":"fr-FR"},{"@type":"Organization","@id":"https:\/\/car-o-liner.com\/fr\/#organization","name":"Car-O-Liner","url":"https:\/\/car-o-liner.com\/fr\/","logo":{"@type":"ImageObject","inLanguage":"fr-FR","@id":"https:\/\/car-o-liner.com\/fr\/#\/schema\/logo\/image\/","url":"https:\/\/car-o-liner.com\/wp-content\/uploads\/Car-O-Liner-blue-web.svg","contentUrl":"https:\/\/car-o-liner.com\/wp-content\/uploads\/Car-O-Liner-blue-web.svg","width":250,"height":50,"caption":"Car-O-Liner"},"image":{"@id":"https:\/\/car-o-liner.com\/fr\/#\/schema\/logo\/image\/"}}]}},"_links":{"self":[{"href":"https:\/\/car-o-liner.com\/fr\/wp-json\/wp\/v2\/product\/81747","targetHints":{"allow":["GET"]}}],"collection":[{"href":"https:\/\/car-o-liner.com\/fr\/wp-json\/wp\/v2\/product"}],"about":[{"href":"https:\/\/car-o-liner.com\/fr\/wp-json\/wp\/v2\/types\/product"}],"wp:featuredmedia":[{"embeddable":true,"href":"https:\/\/car-o-liner.com\/fr\/wp-json\/wp\/v2\/media\/81748"}],"wp:attachment":[{"href":"https:\/\/car-o-liner.com\/fr\/wp-json\/wp\/v2\/media?parent=81747"}],"curies":[{"name":"wp","href":"https:\/\/api.w.org\/{rel}","templated":true}]}}