{"id":81764,"date":"2023-06-30T20:55:33","date_gmt":"2023-06-30T18:55:33","guid":{"rendered":"https:\/\/car-o-liner-test.phl.togglebox.site\/product\/measuring-systems\/"},"modified":"2024-04-19T15:04:26","modified_gmt":"2024-04-19T13:04:26","slug":"systemes-de-mesure","status":"publish","type":"product","link":"https:\/\/car-o-liner.com\/fr\/produit\/systemes-de-mesure\/","title":{"rendered":"Syst\u00e8me de mesure de carrosserie automobile"},"content":{"rendered":"\n<p>Mesure 3D \u00e9lectronique pr\u00e9cise<\/p>\n","protected":false},"excerpt":{"rendered":"<p>Mesure 3D \u00e9lectronique pr\u00e9cise<\/p>\n","protected":false},"featured_media":81766,"parent":0,"menu_order":3,"template":"page-templates\/measuring-systems.php","format":"standard","meta":[],"class_list":["post-81764","product","type-product","status-publish","format-standard","has-post-thumbnail","hentry"],"yoast_head":"<!-- This site is optimized with the Yoast SEO plugin v27.2 - https:\/\/yoast.com\/product\/yoast-seo-wordpress\/ -->\n<title>Syst\u00e8mes de Mesure | Car-O-Liner FR<\/title>\n<meta name=\"description\" content=\"D\u00e9couvrez des outils d&#039;assemblage et de chauffage efficaces pour la r\u00e9paration de collisions. Explorez nos solutions de soudage et de collage de qualit\u00e9 sup\u00e9rieure pour les besoins de votre atelier.\" \/>\n<meta name=\"robots\" content=\"index, follow, max-snippet:-1, max-image-preview:large, max-video-preview:-1\" \/>\n<link rel=\"canonical\" href=\"https:\/\/car-o-liner.com\/fr\/produit\/systemes-de-mesure\/\" \/>\n<meta property=\"og:locale\" content=\"fr_FR\" \/>\n<meta property=\"og:type\" content=\"article\" \/>\n<meta property=\"og:title\" content=\"Syst\u00e8mes de Mesure | Car-O-Liner FR\" \/>\n<meta property=\"og:description\" content=\"D\u00e9couvrez des outils d&#039;assemblage et de chauffage efficaces pour la r\u00e9paration de collisions. Explorez nos solutions de soudage et de collage de qualit\u00e9 sup\u00e9rieure pour les besoins de votre atelier.\" \/>\n<meta property=\"og:url\" content=\"https:\/\/car-o-liner.com\/fr\/produit\/systemes-de-mesure\/\" \/>\n<meta property=\"og:site_name\" content=\"Car-O-Liner\" \/>\n<meta property=\"article:modified_time\" content=\"2024-04-19T13:04:26+00:00\" \/>\n<meta name=\"twitter:card\" content=\"summary_large_image\" \/>\n<script type=\"application\/ld+json\" class=\"yoast-schema-graph\">{\"@context\":\"https:\/\/schema.org\",\"@graph\":[{\"@type\":\"WebPage\",\"@id\":\"https:\/\/car-o-liner.com\/fr\/produit\/systemes-de-mesure\/\",\"url\":\"https:\/\/car-o-liner.com\/fr\/produit\/systemes-de-mesure\/\",\"name\":\"Syst\u00e8mes de Mesure | Car-O-Liner FR\",\"isPartOf\":{\"@id\":\"https:\/\/car-o-liner.com\/fr\/#website\"},\"primaryImageOfPage\":{\"@id\":\"https:\/\/car-o-liner.com\/fr\/produit\/systemes-de-mesure\/#primaryimage\"},\"image\":{\"@id\":\"https:\/\/car-o-liner.com\/fr\/produit\/systemes-de-mesure\/#primaryimage\"},\"thumbnailUrl\":\"https:\/\/car-o-liner.com\/wp-content\/uploads\/media_library_export-caroliner-2023_08_08_15_04_31\/measuring.svg\",\"datePublished\":\"2023-06-30T18:55:33+00:00\",\"dateModified\":\"2024-04-19T13:04:26+00:00\",\"description\":\"D\u00e9couvrez des outils d'assemblage et de chauffage efficaces pour la r\u00e9paration de collisions. Explorez nos solutions de soudage et de collage de qualit\u00e9 sup\u00e9rieure pour les besoins de votre atelier.\",\"breadcrumb\":{\"@id\":\"https:\/\/car-o-liner.com\/fr\/produit\/systemes-de-mesure\/#breadcrumb\"},\"inLanguage\":\"fr-FR\",\"potentialAction\":[{\"@type\":\"ReadAction\",\"target\":[\"https:\/\/car-o-liner.com\/fr\/produit\/systemes-de-mesure\/\"]}]},{\"@type\":\"ImageObject\",\"inLanguage\":\"fr-FR\",\"@id\":\"https:\/\/car-o-liner.com\/fr\/produit\/systemes-de-mesure\/#primaryimage\",\"url\":\"https:\/\/car-o-liner.com\/wp-content\/uploads\/media_library_export-caroliner-2023_08_08_15_04_31\/measuring.svg\",\"contentUrl\":\"https:\/\/car-o-liner.com\/wp-content\/uploads\/media_library_export-caroliner-2023_08_08_15_04_31\/measuring.svg\",\"width\":512,\"height\":512},{\"@type\":\"BreadcrumbList\",\"@id\":\"https:\/\/car-o-liner.com\/fr\/produit\/systemes-de-mesure\/#breadcrumb\",\"itemListElement\":[{\"@type\":\"ListItem\",\"position\":1,\"name\":\"Home\",\"item\":\"https:\/\/car-o-liner.com\/fr\/\"},{\"@type\":\"ListItem\",\"position\":2,\"name\":\"Syst\u00e8me de mesure de carrosserie automobile\"}]},{\"@type\":\"WebSite\",\"@id\":\"https:\/\/car-o-liner.com\/fr\/#website\",\"url\":\"https:\/\/car-o-liner.com\/fr\/\",\"name\":\"Car-O-Liner\",\"description\":\"Collision Repair Equipment\",\"publisher\":{\"@id\":\"https:\/\/car-o-liner.com\/fr\/#organization\"},\"potentialAction\":[{\"@type\":\"SearchAction\",\"target\":{\"@type\":\"EntryPoint\",\"urlTemplate\":\"https:\/\/car-o-liner.com\/fr\/?s={search_term_string}\"},\"query-input\":{\"@type\":\"PropertyValueSpecification\",\"valueRequired\":true,\"valueName\":\"search_term_string\"}}],\"inLanguage\":\"fr-FR\"},{\"@type\":\"Organization\",\"@id\":\"https:\/\/car-o-liner.com\/fr\/#organization\",\"name\":\"Car-O-Liner\",\"url\":\"https:\/\/car-o-liner.com\/fr\/\",\"logo\":{\"@type\":\"ImageObject\",\"inLanguage\":\"fr-FR\",\"@id\":\"https:\/\/car-o-liner.com\/fr\/#\/schema\/logo\/image\/\",\"url\":\"https:\/\/car-o-liner.com\/wp-content\/uploads\/Car-O-Liner-blue-web.svg\",\"contentUrl\":\"https:\/\/car-o-liner.com\/wp-content\/uploads\/Car-O-Liner-blue-web.svg\",\"width\":250,\"height\":50,\"caption\":\"Car-O-Liner\"},\"image\":{\"@id\":\"https:\/\/car-o-liner.com\/fr\/#\/schema\/logo\/image\/\"}}]}<\/script>\n<!-- \/ Yoast SEO plugin. -->","yoast_head_json":{"title":"Syst\u00e8mes de Mesure | Car-O-Liner FR","description":"D\u00e9couvrez des outils d'assemblage et de chauffage efficaces pour la r\u00e9paration de collisions. Explorez nos solutions de soudage et de collage de qualit\u00e9 sup\u00e9rieure pour les besoins de votre atelier.","robots":{"index":"index","follow":"follow","max-snippet":"max-snippet:-1","max-image-preview":"max-image-preview:large","max-video-preview":"max-video-preview:-1"},"canonical":"https:\/\/car-o-liner.com\/fr\/produit\/systemes-de-mesure\/","og_locale":"fr_FR","og_type":"article","og_title":"Syst\u00e8mes de Mesure | Car-O-Liner FR","og_description":"D\u00e9couvrez des outils d'assemblage et de chauffage efficaces pour la r\u00e9paration de collisions. Explorez nos solutions de soudage et de collage de qualit\u00e9 sup\u00e9rieure pour les besoins de votre atelier.","og_url":"https:\/\/car-o-liner.com\/fr\/produit\/systemes-de-mesure\/","og_site_name":"Car-O-Liner","article_modified_time":"2024-04-19T13:04:26+00:00","twitter_card":"summary_large_image","schema":{"@context":"https:\/\/schema.org","@graph":[{"@type":"WebPage","@id":"https:\/\/car-o-liner.com\/fr\/produit\/systemes-de-mesure\/","url":"https:\/\/car-o-liner.com\/fr\/produit\/systemes-de-mesure\/","name":"Syst\u00e8mes de Mesure | Car-O-Liner FR","isPartOf":{"@id":"https:\/\/car-o-liner.com\/fr\/#website"},"primaryImageOfPage":{"@id":"https:\/\/car-o-liner.com\/fr\/produit\/systemes-de-mesure\/#primaryimage"},"image":{"@id":"https:\/\/car-o-liner.com\/fr\/produit\/systemes-de-mesure\/#primaryimage"},"thumbnailUrl":"https:\/\/car-o-liner.com\/wp-content\/uploads\/media_library_export-caroliner-2023_08_08_15_04_31\/measuring.svg","datePublished":"2023-06-30T18:55:33+00:00","dateModified":"2024-04-19T13:04:26+00:00","description":"D\u00e9couvrez des outils d'assemblage et de chauffage efficaces pour la r\u00e9paration de collisions. Explorez nos solutions de soudage et de collage de qualit\u00e9 sup\u00e9rieure pour les besoins de votre atelier.","breadcrumb":{"@id":"https:\/\/car-o-liner.com\/fr\/produit\/systemes-de-mesure\/#breadcrumb"},"inLanguage":"fr-FR","potentialAction":[{"@type":"ReadAction","target":["https:\/\/car-o-liner.com\/fr\/produit\/systemes-de-mesure\/"]}]},{"@type":"ImageObject","inLanguage":"fr-FR","@id":"https:\/\/car-o-liner.com\/fr\/produit\/systemes-de-mesure\/#primaryimage","url":"https:\/\/car-o-liner.com\/wp-content\/uploads\/media_library_export-caroliner-2023_08_08_15_04_31\/measuring.svg","contentUrl":"https:\/\/car-o-liner.com\/wp-content\/uploads\/media_library_export-caroliner-2023_08_08_15_04_31\/measuring.svg","width":512,"height":512},{"@type":"BreadcrumbList","@id":"https:\/\/car-o-liner.com\/fr\/produit\/systemes-de-mesure\/#breadcrumb","itemListElement":[{"@type":"ListItem","position":1,"name":"Home","item":"https:\/\/car-o-liner.com\/fr\/"},{"@type":"ListItem","position":2,"name":"Syst\u00e8me de mesure de carrosserie automobile"}]},{"@type":"WebSite","@id":"https:\/\/car-o-liner.com\/fr\/#website","url":"https:\/\/car-o-liner.com\/fr\/","name":"Car-O-Liner","description":"Collision Repair Equipment","publisher":{"@id":"https:\/\/car-o-liner.com\/fr\/#organization"},"potentialAction":[{"@type":"SearchAction","target":{"@type":"EntryPoint","urlTemplate":"https:\/\/car-o-liner.com\/fr\/?s={search_term_string}"},"query-input":{"@type":"PropertyValueSpecification","valueRequired":true,"valueName":"search_term_string"}}],"inLanguage":"fr-FR"},{"@type":"Organization","@id":"https:\/\/car-o-liner.com\/fr\/#organization","name":"Car-O-Liner","url":"https:\/\/car-o-liner.com\/fr\/","logo":{"@type":"ImageObject","inLanguage":"fr-FR","@id":"https:\/\/car-o-liner.com\/fr\/#\/schema\/logo\/image\/","url":"https:\/\/car-o-liner.com\/wp-content\/uploads\/Car-O-Liner-blue-web.svg","contentUrl":"https:\/\/car-o-liner.com\/wp-content\/uploads\/Car-O-Liner-blue-web.svg","width":250,"height":50,"caption":"Car-O-Liner"},"image":{"@id":"https:\/\/car-o-liner.com\/fr\/#\/schema\/logo\/image\/"}}]}},"_links":{"self":[{"href":"https:\/\/car-o-liner.com\/fr\/wp-json\/wp\/v2\/product\/81764","targetHints":{"allow":["GET"]}}],"collection":[{"href":"https:\/\/car-o-liner.com\/fr\/wp-json\/wp\/v2\/product"}],"about":[{"href":"https:\/\/car-o-liner.com\/fr\/wp-json\/wp\/v2\/types\/product"}],"wp:featuredmedia":[{"embeddable":true,"href":"https:\/\/car-o-liner.com\/fr\/wp-json\/wp\/v2\/media\/81766"}],"wp:attachment":[{"href":"https:\/\/car-o-liner.com\/fr\/wp-json\/wp\/v2\/media?parent=81764"}],"curies":[{"name":"wp","href":"https:\/\/api.w.org\/{rel}","templated":true}]}}