{"id":82272,"date":"2023-07-26T16:44:29","date_gmt":"2023-07-26T14:44:29","guid":{"rendered":"https:\/\/car-o-liner-test.phl.togglebox.site\/product\/alignment-straightening\/benchrack\/"},"modified":"2024-04-30T18:09:29","modified_gmt":"2024-04-30T16:09:29","slug":"benchrack","status":"publish","type":"product","link":"https:\/\/car-o-liner.com\/fr\/produit\/benchrack\/","title":{"rendered":"BenchRack\u2122"},"content":{"rendered":"\n<p>Efficacit\u00e9 du banc avec polyvalence des \u00e9l\u00e9vateurs \u00e0 ciseaux<\/p>\n","protected":false},"excerpt":{"rendered":"<p>Efficacit\u00e9 du banc avec polyvalence des \u00e9l\u00e9vateurs \u00e0 ciseaux<\/p>\n","protected":false},"featured_media":82274,"parent":88236,"menu_order":1,"template":"page-templates\/col-single-product-benchrack.php","format":"standard","meta":[],"class_list":["post-82272","product","type-product","status-publish","format-standard","has-post-thumbnail","hentry"],"yoast_head":"<!-- This site is optimized with the Yoast SEO plugin v27.2 - https:\/\/yoast.com\/product\/yoast-seo-wordpress\/ -->\n<title>Syst\u00e8me d&#039;alignement de cadre BenchRack\u2122 | Car-O-Liner FR<\/title>\n<meta name=\"description\" content=\"BenchRack, con\u00e7u pour tout type de v\u00e9hicule monocoque ou \u00e0 ch\u00e2ssis complet, combine la facilit\u00e9 d\u2019acc\u00e8s, un pont \u00e9l\u00e9vateur hydraulique, des rampes amovibles et un aligneur de traction de 10 tonnes.\" \/>\n<meta name=\"robots\" content=\"index, follow, max-snippet:-1, max-image-preview:large, max-video-preview:-1\" \/>\n<link rel=\"canonical\" href=\"https:\/\/car-o-liner.com\/fr\/produit\/benchrack\/\" \/>\n<meta property=\"og:locale\" content=\"fr_FR\" \/>\n<meta property=\"og:type\" content=\"article\" \/>\n<meta property=\"og:title\" content=\"Syst\u00e8me d&#039;alignement de cadre BenchRack\u2122 | Car-O-Liner FR\" \/>\n<meta property=\"og:description\" content=\"BenchRack, con\u00e7u pour tout type de v\u00e9hicule monocoque ou \u00e0 ch\u00e2ssis complet, combine la facilit\u00e9 d\u2019acc\u00e8s, un pont \u00e9l\u00e9vateur hydraulique, des rampes amovibles et un aligneur de traction de 10 tonnes.\" \/>\n<meta property=\"og:url\" content=\"https:\/\/car-o-liner.com\/fr\/produit\/benchrack\/\" \/>\n<meta property=\"og:site_name\" content=\"Car-O-Liner\" \/>\n<meta property=\"article:modified_time\" content=\"2024-04-30T16:09:29+00:00\" \/>\n<meta property=\"og:image\" content=\"https:\/\/car-o-liner.com\/wp-content\/uploads\/media_library_export-caroliner-2023_08_08_15_04_31\/benchrack-hero-1.jpg\" \/>\n\t<meta property=\"og:image:width\" content=\"1510\" \/>\n\t<meta property=\"og:image:height\" content=\"1231\" \/>\n\t<meta property=\"og:image:type\" content=\"image\/jpeg\" \/>\n<meta name=\"twitter:card\" content=\"summary_large_image\" \/>\n<script type=\"application\/ld+json\" class=\"yoast-schema-graph\">{\"@context\":\"https:\/\/schema.org\",\"@graph\":[{\"@type\":\"WebPage\",\"@id\":\"https:\/\/car-o-liner.com\/fr\/produit\/benchrack\/\",\"url\":\"https:\/\/car-o-liner.com\/fr\/produit\/benchrack\/\",\"name\":\"Syst\u00e8me d'alignement de cadre BenchRack\u2122 | Car-O-Liner FR\",\"isPartOf\":{\"@id\":\"https:\/\/car-o-liner.com\/fr\/#website\"},\"primaryImageOfPage\":{\"@id\":\"https:\/\/car-o-liner.com\/fr\/produit\/benchrack\/#primaryimage\"},\"image\":{\"@id\":\"https:\/\/car-o-liner.com\/fr\/produit\/benchrack\/#primaryimage\"},\"thumbnailUrl\":\"https:\/\/car-o-liner.com\/wp-content\/uploads\/media_library_export-caroliner-2023_08_08_15_04_31\/benchrack-hero-1.jpg\",\"datePublished\":\"2023-07-26T14:44:29+00:00\",\"dateModified\":\"2024-04-30T16:09:29+00:00\",\"description\":\"BenchRack, con\u00e7u pour tout type de v\u00e9hicule monocoque ou \u00e0 ch\u00e2ssis complet, combine la facilit\u00e9 d\u2019acc\u00e8s, un pont \u00e9l\u00e9vateur hydraulique, des rampes amovibles et un aligneur de traction de 10 tonnes.\",\"breadcrumb\":{\"@id\":\"https:\/\/car-o-liner.com\/fr\/produit\/benchrack\/#breadcrumb\"},\"inLanguage\":\"fr-FR\",\"potentialAction\":[{\"@type\":\"ReadAction\",\"target\":[\"https:\/\/car-o-liner.com\/fr\/produit\/benchrack\/\"]}]},{\"@type\":\"ImageObject\",\"inLanguage\":\"fr-FR\",\"@id\":\"https:\/\/car-o-liner.com\/fr\/produit\/benchrack\/#primaryimage\",\"url\":\"https:\/\/car-o-liner.com\/wp-content\/uploads\/media_library_export-caroliner-2023_08_08_15_04_31\/benchrack-hero-1.jpg\",\"contentUrl\":\"https:\/\/car-o-liner.com\/wp-content\/uploads\/media_library_export-caroliner-2023_08_08_15_04_31\/benchrack-hero-1.jpg\",\"width\":1510,\"height\":1231},{\"@type\":\"BreadcrumbList\",\"@id\":\"https:\/\/car-o-liner.com\/fr\/produit\/benchrack\/#breadcrumb\",\"itemListElement\":[{\"@type\":\"ListItem\",\"position\":1,\"name\":\"Home\",\"item\":\"https:\/\/car-o-liner.com\/fr\/\"},{\"@type\":\"ListItem\",\"position\":2,\"name\":\"Alignement &amp; Redressage\",\"item\":\"https:\/\/car-o-liner.com\/fr\/produit\/alignement-et-redressement\/\"},{\"@type\":\"ListItem\",\"position\":3,\"name\":\"Bancs de carrosserie automobile\",\"item\":\"https:\/\/car-o-liner.com\/fr\/produit\/machine-a-cadre\/\"},{\"@type\":\"ListItem\",\"position\":4,\"name\":\"BenchRack\u2122\"}]},{\"@type\":\"WebSite\",\"@id\":\"https:\/\/car-o-liner.com\/fr\/#website\",\"url\":\"https:\/\/car-o-liner.com\/fr\/\",\"name\":\"Car-O-Liner\",\"description\":\"Collision Repair Equipment\",\"publisher\":{\"@id\":\"https:\/\/car-o-liner.com\/fr\/#organization\"},\"potentialAction\":[{\"@type\":\"SearchAction\",\"target\":{\"@type\":\"EntryPoint\",\"urlTemplate\":\"https:\/\/car-o-liner.com\/fr\/?s={search_term_string}\"},\"query-input\":{\"@type\":\"PropertyValueSpecification\",\"valueRequired\":true,\"valueName\":\"search_term_string\"}}],\"inLanguage\":\"fr-FR\"},{\"@type\":\"Organization\",\"@id\":\"https:\/\/car-o-liner.com\/fr\/#organization\",\"name\":\"Car-O-Liner\",\"url\":\"https:\/\/car-o-liner.com\/fr\/\",\"logo\":{\"@type\":\"ImageObject\",\"inLanguage\":\"fr-FR\",\"@id\":\"https:\/\/car-o-liner.com\/fr\/#\/schema\/logo\/image\/\",\"url\":\"https:\/\/car-o-liner.com\/wp-content\/uploads\/Car-O-Liner-blue-web.svg\",\"contentUrl\":\"https:\/\/car-o-liner.com\/wp-content\/uploads\/Car-O-Liner-blue-web.svg\",\"width\":250,\"height\":50,\"caption\":\"Car-O-Liner\"},\"image\":{\"@id\":\"https:\/\/car-o-liner.com\/fr\/#\/schema\/logo\/image\/\"}}]}<\/script>\n<!-- \/ Yoast SEO plugin. -->","yoast_head_json":{"title":"Syst\u00e8me d'alignement de cadre BenchRack\u2122 | Car-O-Liner FR","description":"BenchRack, con\u00e7u pour tout type de v\u00e9hicule monocoque ou \u00e0 ch\u00e2ssis complet, combine la facilit\u00e9 d\u2019acc\u00e8s, un pont \u00e9l\u00e9vateur hydraulique, des rampes amovibles et un aligneur de traction de 10 tonnes.","robots":{"index":"index","follow":"follow","max-snippet":"max-snippet:-1","max-image-preview":"max-image-preview:large","max-video-preview":"max-video-preview:-1"},"canonical":"https:\/\/car-o-liner.com\/fr\/produit\/benchrack\/","og_locale":"fr_FR","og_type":"article","og_title":"Syst\u00e8me d'alignement de cadre BenchRack\u2122 | Car-O-Liner FR","og_description":"BenchRack, con\u00e7u pour tout type de v\u00e9hicule monocoque ou \u00e0 ch\u00e2ssis complet, combine la facilit\u00e9 d\u2019acc\u00e8s, un pont \u00e9l\u00e9vateur hydraulique, des rampes amovibles et un aligneur de traction de 10 tonnes.","og_url":"https:\/\/car-o-liner.com\/fr\/produit\/benchrack\/","og_site_name":"Car-O-Liner","article_modified_time":"2024-04-30T16:09:29+00:00","og_image":[{"width":1510,"height":1231,"url":"https:\/\/car-o-liner.com\/wp-content\/uploads\/media_library_export-caroliner-2023_08_08_15_04_31\/benchrack-hero-1.jpg","type":"image\/jpeg"}],"twitter_card":"summary_large_image","schema":{"@context":"https:\/\/schema.org","@graph":[{"@type":"WebPage","@id":"https:\/\/car-o-liner.com\/fr\/produit\/benchrack\/","url":"https:\/\/car-o-liner.com\/fr\/produit\/benchrack\/","name":"Syst\u00e8me d'alignement de cadre BenchRack\u2122 | Car-O-Liner FR","isPartOf":{"@id":"https:\/\/car-o-liner.com\/fr\/#website"},"primaryImageOfPage":{"@id":"https:\/\/car-o-liner.com\/fr\/produit\/benchrack\/#primaryimage"},"image":{"@id":"https:\/\/car-o-liner.com\/fr\/produit\/benchrack\/#primaryimage"},"thumbnailUrl":"https:\/\/car-o-liner.com\/wp-content\/uploads\/media_library_export-caroliner-2023_08_08_15_04_31\/benchrack-hero-1.jpg","datePublished":"2023-07-26T14:44:29+00:00","dateModified":"2024-04-30T16:09:29+00:00","description":"BenchRack, con\u00e7u pour tout type de v\u00e9hicule monocoque ou \u00e0 ch\u00e2ssis complet, combine la facilit\u00e9 d\u2019acc\u00e8s, un pont \u00e9l\u00e9vateur hydraulique, des rampes amovibles et un aligneur de traction de 10 tonnes.","breadcrumb":{"@id":"https:\/\/car-o-liner.com\/fr\/produit\/benchrack\/#breadcrumb"},"inLanguage":"fr-FR","potentialAction":[{"@type":"ReadAction","target":["https:\/\/car-o-liner.com\/fr\/produit\/benchrack\/"]}]},{"@type":"ImageObject","inLanguage":"fr-FR","@id":"https:\/\/car-o-liner.com\/fr\/produit\/benchrack\/#primaryimage","url":"https:\/\/car-o-liner.com\/wp-content\/uploads\/media_library_export-caroliner-2023_08_08_15_04_31\/benchrack-hero-1.jpg","contentUrl":"https:\/\/car-o-liner.com\/wp-content\/uploads\/media_library_export-caroliner-2023_08_08_15_04_31\/benchrack-hero-1.jpg","width":1510,"height":1231},{"@type":"BreadcrumbList","@id":"https:\/\/car-o-liner.com\/fr\/produit\/benchrack\/#breadcrumb","itemListElement":[{"@type":"ListItem","position":1,"name":"Home","item":"https:\/\/car-o-liner.com\/fr\/"},{"@type":"ListItem","position":2,"name":"Alignement &amp; Redressage","item":"https:\/\/car-o-liner.com\/fr\/produit\/alignement-et-redressement\/"},{"@type":"ListItem","position":3,"name":"Bancs de carrosserie automobile","item":"https:\/\/car-o-liner.com\/fr\/produit\/machine-a-cadre\/"},{"@type":"ListItem","position":4,"name":"BenchRack\u2122"}]},{"@type":"WebSite","@id":"https:\/\/car-o-liner.com\/fr\/#website","url":"https:\/\/car-o-liner.com\/fr\/","name":"Car-O-Liner","description":"Collision Repair Equipment","publisher":{"@id":"https:\/\/car-o-liner.com\/fr\/#organization"},"potentialAction":[{"@type":"SearchAction","target":{"@type":"EntryPoint","urlTemplate":"https:\/\/car-o-liner.com\/fr\/?s={search_term_string}"},"query-input":{"@type":"PropertyValueSpecification","valueRequired":true,"valueName":"search_term_string"}}],"inLanguage":"fr-FR"},{"@type":"Organization","@id":"https:\/\/car-o-liner.com\/fr\/#organization","name":"Car-O-Liner","url":"https:\/\/car-o-liner.com\/fr\/","logo":{"@type":"ImageObject","inLanguage":"fr-FR","@id":"https:\/\/car-o-liner.com\/fr\/#\/schema\/logo\/image\/","url":"https:\/\/car-o-liner.com\/wp-content\/uploads\/Car-O-Liner-blue-web.svg","contentUrl":"https:\/\/car-o-liner.com\/wp-content\/uploads\/Car-O-Liner-blue-web.svg","width":250,"height":50,"caption":"Car-O-Liner"},"image":{"@id":"https:\/\/car-o-liner.com\/fr\/#\/schema\/logo\/image\/"}}]}},"_links":{"self":[{"href":"https:\/\/car-o-liner.com\/fr\/wp-json\/wp\/v2\/product\/82272","targetHints":{"allow":["GET"]}}],"collection":[{"href":"https:\/\/car-o-liner.com\/fr\/wp-json\/wp\/v2\/product"}],"about":[{"href":"https:\/\/car-o-liner.com\/fr\/wp-json\/wp\/v2\/types\/product"}],"up":[{"embeddable":true,"href":"https:\/\/car-o-liner.com\/fr\/wp-json\/wp\/v2\/product\/88236"}],"wp:featuredmedia":[{"embeddable":true,"href":"https:\/\/car-o-liner.com\/fr\/wp-json\/wp\/v2\/media\/82274"}],"wp:attachment":[{"href":"https:\/\/car-o-liner.com\/fr\/wp-json\/wp\/v2\/media?parent=82272"}],"curies":[{"name":"wp","href":"https:\/\/api.w.org\/{rel}","templated":true}]}}