{"id":83515,"date":"2024-01-11T15:22:26","date_gmt":"2024-01-11T14:22:26","guid":{"rendered":"https:\/\/car-o-liner-test.phl.togglebox.site\/product\/bt1800\/"},"modified":"2024-05-01T15:56:32","modified_gmt":"2024-05-01T13:56:32","slug":"bt1800","status":"publish","type":"product","link":"https:\/\/car-o-liner.com\/fr\/produit\/bt1800\/","title":{"rendered":"BT 1800"},"content":{"rendered":"\n<p>TABLE \u00c9L\u00c9VATRICE MOBILE POUR LE SERVICE EV<\/p>\n","protected":false},"excerpt":{"rendered":"<p>TABLE \u00c9L\u00c9VATRICE MOBILE POUR LE SERVICE EV<\/p>\n","protected":false},"featured_media":83517,"parent":83619,"menu_order":0,"template":"page-templates\/col-single-product-bt1800.php","format":"standard","meta":[],"class_list":["post-83515","product","type-product","status-publish","format-standard","has-post-thumbnail","hentry"],"yoast_head":"<!-- This site is optimized with the Yoast SEO plugin v27.2 - https:\/\/yoast.com\/product\/yoast-seo-wordpress\/ -->\n<title>Table \u00e9l\u00e9vatrice mobile BT 1800 | Car-O-Liner FR<\/title>\n<meta name=\"description\" content=\"Avec une capacit\u00e9 de levage de 1 800 kg et une conception robuste \u00e0 double ciseaux, la BT 1800 est l&#039;une des tables \u00e9l\u00e9vatrices de batteries les plus robustes du march\u00e9.\" \/>\n<meta name=\"robots\" content=\"index, follow, max-snippet:-1, max-image-preview:large, max-video-preview:-1\" \/>\n<link rel=\"canonical\" href=\"https:\/\/car-o-liner.com\/fr\/produit\/bt1800\/\" \/>\n<meta property=\"og:locale\" content=\"fr_FR\" \/>\n<meta property=\"og:type\" content=\"article\" \/>\n<meta property=\"og:title\" content=\"Table \u00e9l\u00e9vatrice mobile BT 1800 | Car-O-Liner FR\" \/>\n<meta property=\"og:description\" content=\"Avec une capacit\u00e9 de levage de 1 800 kg et une conception robuste \u00e0 double ciseaux, la BT 1800 est l&#039;une des tables \u00e9l\u00e9vatrices de batteries les plus robustes du march\u00e9.\" \/>\n<meta property=\"og:url\" content=\"https:\/\/car-o-liner.com\/fr\/produit\/bt1800\/\" \/>\n<meta property=\"og:site_name\" content=\"Car-O-Liner\" \/>\n<meta property=\"article:modified_time\" content=\"2024-05-01T13:56:32+00:00\" \/>\n<meta property=\"og:image\" content=\"https:\/\/car-o-liner.com\/wp-content\/uploads\/BT1800-hero-1.png\" \/>\n\t<meta property=\"og:image:width\" content=\"1500\" \/>\n\t<meta property=\"og:image:height\" content=\"1250\" \/>\n\t<meta property=\"og:image:type\" content=\"image\/png\" \/>\n<meta name=\"twitter:card\" content=\"summary_large_image\" \/>\n<script type=\"application\/ld+json\" class=\"yoast-schema-graph\">{\"@context\":\"https:\/\/schema.org\",\"@graph\":[{\"@type\":\"WebPage\",\"@id\":\"https:\/\/car-o-liner.com\/fr\/produit\/bt1800\/\",\"url\":\"https:\/\/car-o-liner.com\/fr\/produit\/bt1800\/\",\"name\":\"Table \u00e9l\u00e9vatrice mobile BT 1800 | Car-O-Liner FR\",\"isPartOf\":{\"@id\":\"https:\/\/car-o-liner.com\/fr\/#website\"},\"primaryImageOfPage\":{\"@id\":\"https:\/\/car-o-liner.com\/fr\/produit\/bt1800\/#primaryimage\"},\"image\":{\"@id\":\"https:\/\/car-o-liner.com\/fr\/produit\/bt1800\/#primaryimage\"},\"thumbnailUrl\":\"https:\/\/car-o-liner.com\/wp-content\/uploads\/BT1800-hero-1.png\",\"datePublished\":\"2024-01-11T14:22:26+00:00\",\"dateModified\":\"2024-05-01T13:56:32+00:00\",\"description\":\"Avec une capacit\u00e9 de levage de 1 800 kg et une conception robuste \u00e0 double ciseaux, la BT 1800 est l'une des tables \u00e9l\u00e9vatrices de batteries les plus robustes du march\u00e9.\",\"breadcrumb\":{\"@id\":\"https:\/\/car-o-liner.com\/fr\/produit\/bt1800\/#breadcrumb\"},\"inLanguage\":\"fr-FR\",\"potentialAction\":[{\"@type\":\"ReadAction\",\"target\":[\"https:\/\/car-o-liner.com\/fr\/produit\/bt1800\/\"]}]},{\"@type\":\"ImageObject\",\"inLanguage\":\"fr-FR\",\"@id\":\"https:\/\/car-o-liner.com\/fr\/produit\/bt1800\/#primaryimage\",\"url\":\"https:\/\/car-o-liner.com\/wp-content\/uploads\/BT1800-hero-1.png\",\"contentUrl\":\"https:\/\/car-o-liner.com\/wp-content\/uploads\/BT1800-hero-1.png\",\"width\":1500,\"height\":1250},{\"@type\":\"BreadcrumbList\",\"@id\":\"https:\/\/car-o-liner.com\/fr\/produit\/bt1800\/#breadcrumb\",\"itemListElement\":[{\"@type\":\"ListItem\",\"position\":1,\"name\":\"Home\",\"item\":\"https:\/\/car-o-liner.com\/fr\/\"},{\"@type\":\"ListItem\",\"position\":2,\"name\":\"Solutions pour ateliers\",\"item\":\"https:\/\/car-o-liner.com\/fr\/produit\/solutions-datelier\/\"},{\"@type\":\"ListItem\",\"position\":3,\"name\":\"Davantage de solutions\",\"item\":\"https:\/\/car-o-liner.com\/fr\/produit\/davantage-de-solutions\/\"},{\"@type\":\"ListItem\",\"position\":4,\"name\":\"BT 1800\"}]},{\"@type\":\"WebSite\",\"@id\":\"https:\/\/car-o-liner.com\/fr\/#website\",\"url\":\"https:\/\/car-o-liner.com\/fr\/\",\"name\":\"Car-O-Liner\",\"description\":\"Collision Repair Equipment\",\"publisher\":{\"@id\":\"https:\/\/car-o-liner.com\/fr\/#organization\"},\"potentialAction\":[{\"@type\":\"SearchAction\",\"target\":{\"@type\":\"EntryPoint\",\"urlTemplate\":\"https:\/\/car-o-liner.com\/fr\/?s={search_term_string}\"},\"query-input\":{\"@type\":\"PropertyValueSpecification\",\"valueRequired\":true,\"valueName\":\"search_term_string\"}}],\"inLanguage\":\"fr-FR\"},{\"@type\":\"Organization\",\"@id\":\"https:\/\/car-o-liner.com\/fr\/#organization\",\"name\":\"Car-O-Liner\",\"url\":\"https:\/\/car-o-liner.com\/fr\/\",\"logo\":{\"@type\":\"ImageObject\",\"inLanguage\":\"fr-FR\",\"@id\":\"https:\/\/car-o-liner.com\/fr\/#\/schema\/logo\/image\/\",\"url\":\"https:\/\/car-o-liner.com\/wp-content\/uploads\/Car-O-Liner-blue-web.svg\",\"contentUrl\":\"https:\/\/car-o-liner.com\/wp-content\/uploads\/Car-O-Liner-blue-web.svg\",\"width\":250,\"height\":50,\"caption\":\"Car-O-Liner\"},\"image\":{\"@id\":\"https:\/\/car-o-liner.com\/fr\/#\/schema\/logo\/image\/\"}}]}<\/script>\n<!-- \/ Yoast SEO plugin. -->","yoast_head_json":{"title":"Table \u00e9l\u00e9vatrice mobile BT 1800 | Car-O-Liner FR","description":"Avec une capacit\u00e9 de levage de 1 800 kg et une conception robuste \u00e0 double ciseaux, la BT 1800 est l'une des tables \u00e9l\u00e9vatrices de batteries les plus robustes du march\u00e9.","robots":{"index":"index","follow":"follow","max-snippet":"max-snippet:-1","max-image-preview":"max-image-preview:large","max-video-preview":"max-video-preview:-1"},"canonical":"https:\/\/car-o-liner.com\/fr\/produit\/bt1800\/","og_locale":"fr_FR","og_type":"article","og_title":"Table \u00e9l\u00e9vatrice mobile BT 1800 | Car-O-Liner FR","og_description":"Avec une capacit\u00e9 de levage de 1 800 kg et une conception robuste \u00e0 double ciseaux, la BT 1800 est l'une des tables \u00e9l\u00e9vatrices de batteries les plus robustes du march\u00e9.","og_url":"https:\/\/car-o-liner.com\/fr\/produit\/bt1800\/","og_site_name":"Car-O-Liner","article_modified_time":"2024-05-01T13:56:32+00:00","og_image":[{"width":1500,"height":1250,"url":"https:\/\/car-o-liner.com\/wp-content\/uploads\/BT1800-hero-1.png","type":"image\/png"}],"twitter_card":"summary_large_image","schema":{"@context":"https:\/\/schema.org","@graph":[{"@type":"WebPage","@id":"https:\/\/car-o-liner.com\/fr\/produit\/bt1800\/","url":"https:\/\/car-o-liner.com\/fr\/produit\/bt1800\/","name":"Table \u00e9l\u00e9vatrice mobile BT 1800 | Car-O-Liner FR","isPartOf":{"@id":"https:\/\/car-o-liner.com\/fr\/#website"},"primaryImageOfPage":{"@id":"https:\/\/car-o-liner.com\/fr\/produit\/bt1800\/#primaryimage"},"image":{"@id":"https:\/\/car-o-liner.com\/fr\/produit\/bt1800\/#primaryimage"},"thumbnailUrl":"https:\/\/car-o-liner.com\/wp-content\/uploads\/BT1800-hero-1.png","datePublished":"2024-01-11T14:22:26+00:00","dateModified":"2024-05-01T13:56:32+00:00","description":"Avec une capacit\u00e9 de levage de 1 800 kg et une conception robuste \u00e0 double ciseaux, la BT 1800 est l'une des tables \u00e9l\u00e9vatrices de batteries les plus robustes du march\u00e9.","breadcrumb":{"@id":"https:\/\/car-o-liner.com\/fr\/produit\/bt1800\/#breadcrumb"},"inLanguage":"fr-FR","potentialAction":[{"@type":"ReadAction","target":["https:\/\/car-o-liner.com\/fr\/produit\/bt1800\/"]}]},{"@type":"ImageObject","inLanguage":"fr-FR","@id":"https:\/\/car-o-liner.com\/fr\/produit\/bt1800\/#primaryimage","url":"https:\/\/car-o-liner.com\/wp-content\/uploads\/BT1800-hero-1.png","contentUrl":"https:\/\/car-o-liner.com\/wp-content\/uploads\/BT1800-hero-1.png","width":1500,"height":1250},{"@type":"BreadcrumbList","@id":"https:\/\/car-o-liner.com\/fr\/produit\/bt1800\/#breadcrumb","itemListElement":[{"@type":"ListItem","position":1,"name":"Home","item":"https:\/\/car-o-liner.com\/fr\/"},{"@type":"ListItem","position":2,"name":"Solutions pour ateliers","item":"https:\/\/car-o-liner.com\/fr\/produit\/solutions-datelier\/"},{"@type":"ListItem","position":3,"name":"Davantage de solutions","item":"https:\/\/car-o-liner.com\/fr\/produit\/davantage-de-solutions\/"},{"@type":"ListItem","position":4,"name":"BT 1800"}]},{"@type":"WebSite","@id":"https:\/\/car-o-liner.com\/fr\/#website","url":"https:\/\/car-o-liner.com\/fr\/","name":"Car-O-Liner","description":"Collision Repair Equipment","publisher":{"@id":"https:\/\/car-o-liner.com\/fr\/#organization"},"potentialAction":[{"@type":"SearchAction","target":{"@type":"EntryPoint","urlTemplate":"https:\/\/car-o-liner.com\/fr\/?s={search_term_string}"},"query-input":{"@type":"PropertyValueSpecification","valueRequired":true,"valueName":"search_term_string"}}],"inLanguage":"fr-FR"},{"@type":"Organization","@id":"https:\/\/car-o-liner.com\/fr\/#organization","name":"Car-O-Liner","url":"https:\/\/car-o-liner.com\/fr\/","logo":{"@type":"ImageObject","inLanguage":"fr-FR","@id":"https:\/\/car-o-liner.com\/fr\/#\/schema\/logo\/image\/","url":"https:\/\/car-o-liner.com\/wp-content\/uploads\/Car-O-Liner-blue-web.svg","contentUrl":"https:\/\/car-o-liner.com\/wp-content\/uploads\/Car-O-Liner-blue-web.svg","width":250,"height":50,"caption":"Car-O-Liner"},"image":{"@id":"https:\/\/car-o-liner.com\/fr\/#\/schema\/logo\/image\/"}}]}},"_links":{"self":[{"href":"https:\/\/car-o-liner.com\/fr\/wp-json\/wp\/v2\/product\/83515","targetHints":{"allow":["GET"]}}],"collection":[{"href":"https:\/\/car-o-liner.com\/fr\/wp-json\/wp\/v2\/product"}],"about":[{"href":"https:\/\/car-o-liner.com\/fr\/wp-json\/wp\/v2\/types\/product"}],"up":[{"embeddable":true,"href":"https:\/\/car-o-liner.com\/fr\/wp-json\/wp\/v2\/product\/83619"}],"wp:featuredmedia":[{"embeddable":true,"href":"https:\/\/car-o-liner.com\/fr\/wp-json\/wp\/v2\/media\/83517"}],"wp:attachment":[{"href":"https:\/\/car-o-liner.com\/fr\/wp-json\/wp\/v2\/media?parent=83515"}],"curies":[{"name":"wp","href":"https:\/\/api.w.org\/{rel}","templated":true}]}}