{"id":83794,"date":"2023-08-11T18:37:31","date_gmt":"2023-08-11T16:37:31","guid":{"rendered":"https:\/\/car-o-liner-test.phl.togglebox.site\/product\/alignment-straightening\/speed-3t-speed-3t-plus-speed-bench\/"},"modified":"2024-04-30T15:29:06","modified_gmt":"2024-04-30T13:29:06","slug":"speed-speed-plus","status":"publish","type":"product","link":"https:\/\/car-o-liner.com\/fr\/produit\/speed-speed-plus\/","title":{"rendered":"SPEED\u2122 3T\/SPEED\u2122 3T PLUS"},"content":{"rendered":"\n<p>Bancs<\/p>\n","protected":false},"excerpt":{"rendered":"<p>Bancs<\/p>\n","protected":false},"featured_media":83796,"parent":88236,"menu_order":0,"template":"page-templates\/col-single-product-speed3t.php","format":"standard","meta":[],"class_list":["post-83794","product","type-product","status-publish","format-standard","has-post-thumbnail","hentry"],"yoast_head":"<!-- This site is optimized with the Yoast SEO plugin v27.4 - https:\/\/yoast.com\/product\/yoast-seo-wordpress\/ -->\n<title>Banc d&#039;alignement Speed\u2122 et Speed\u2122 Plus | Car-O-Liner FR<\/title>\n<meta name=\"description\" content=\"Banc d&#039;alignement l\u00e9ger et rapide \u00e0 mettre en place. L&#039;aligneur de traction peut \u00eatre tourn\u00e9 \u00e0 180\u00b0 autour de la plateforme (une extr\u00e9mit\u00e9) et inclin\u00e9 \u00e0 90\u00b0 horizontalement.\" \/>\n<meta name=\"robots\" content=\"index, follow, max-snippet:-1, max-image-preview:large, max-video-preview:-1\" \/>\n<link rel=\"canonical\" href=\"https:\/\/car-o-liner.com\/fr\/produit\/speed-speed-plus\/\" \/>\n<meta property=\"og:locale\" content=\"fr_FR\" \/>\n<meta property=\"og:type\" content=\"article\" \/>\n<meta property=\"og:title\" content=\"Banc d&#039;alignement Speed\u2122 et Speed\u2122 Plus | Car-O-Liner FR\" \/>\n<meta property=\"og:description\" content=\"Banc d&#039;alignement l\u00e9ger et rapide \u00e0 mettre en place. L&#039;aligneur de traction peut \u00eatre tourn\u00e9 \u00e0 180\u00b0 autour de la plateforme (une extr\u00e9mit\u00e9) et inclin\u00e9 \u00e0 90\u00b0 horizontalement.\" \/>\n<meta property=\"og:url\" content=\"https:\/\/car-o-liner.com\/fr\/produit\/speed-speed-plus\/\" \/>\n<meta property=\"og:site_name\" content=\"Car-O-Liner\" \/>\n<meta property=\"article:modified_time\" content=\"2024-04-30T13:29:06+00:00\" \/>\n<meta property=\"og:image\" content=\"https:\/\/car-o-liner.com\/wp-content\/uploads\/speed3t-hero-1.png\" \/>\n\t<meta property=\"og:image:width\" content=\"1500\" \/>\n\t<meta property=\"og:image:height\" content=\"1250\" \/>\n\t<meta property=\"og:image:type\" content=\"image\/png\" \/>\n<meta name=\"twitter:card\" content=\"summary_large_image\" \/>\n<script type=\"application\/ld+json\" class=\"yoast-schema-graph\">{\"@context\":\"https:\\\/\\\/schema.org\",\"@graph\":[{\"@type\":\"WebPage\",\"@id\":\"https:\\\/\\\/car-o-liner.com\\\/fr\\\/produit\\\/speed-speed-plus\\\/\",\"url\":\"https:\\\/\\\/car-o-liner.com\\\/fr\\\/produit\\\/speed-speed-plus\\\/\",\"name\":\"Banc d'alignement Speed\u2122 et Speed\u2122 Plus | Car-O-Liner FR\",\"isPartOf\":{\"@id\":\"https:\\\/\\\/car-o-liner.com\\\/fr\\\/#website\"},\"primaryImageOfPage\":{\"@id\":\"https:\\\/\\\/car-o-liner.com\\\/fr\\\/produit\\\/speed-speed-plus\\\/#primaryimage\"},\"image\":{\"@id\":\"https:\\\/\\\/car-o-liner.com\\\/fr\\\/produit\\\/speed-speed-plus\\\/#primaryimage\"},\"thumbnailUrl\":\"https:\\\/\\\/car-o-liner.com\\\/wp-content\\\/uploads\\\/speed3t-hero-1.png\",\"datePublished\":\"2023-08-11T16:37:31+00:00\",\"dateModified\":\"2024-04-30T13:29:06+00:00\",\"description\":\"Banc d'alignement l\u00e9ger et rapide \u00e0 mettre en place. L'aligneur de traction peut \u00eatre tourn\u00e9 \u00e0 180\u00b0 autour de la plateforme (une extr\u00e9mit\u00e9) et inclin\u00e9 \u00e0 90\u00b0 horizontalement.\",\"breadcrumb\":{\"@id\":\"https:\\\/\\\/car-o-liner.com\\\/fr\\\/produit\\\/speed-speed-plus\\\/#breadcrumb\"},\"inLanguage\":\"fr-FR\",\"potentialAction\":[{\"@type\":\"ReadAction\",\"target\":[\"https:\\\/\\\/car-o-liner.com\\\/fr\\\/produit\\\/speed-speed-plus\\\/\"]}]},{\"@type\":\"ImageObject\",\"inLanguage\":\"fr-FR\",\"@id\":\"https:\\\/\\\/car-o-liner.com\\\/fr\\\/produit\\\/speed-speed-plus\\\/#primaryimage\",\"url\":\"https:\\\/\\\/car-o-liner.com\\\/wp-content\\\/uploads\\\/speed3t-hero-1.png\",\"contentUrl\":\"https:\\\/\\\/car-o-liner.com\\\/wp-content\\\/uploads\\\/speed3t-hero-1.png\",\"width\":1500,\"height\":1250},{\"@type\":\"BreadcrumbList\",\"@id\":\"https:\\\/\\\/car-o-liner.com\\\/fr\\\/produit\\\/speed-speed-plus\\\/#breadcrumb\",\"itemListElement\":[{\"@type\":\"ListItem\",\"position\":1,\"name\":\"Home\",\"item\":\"https:\\\/\\\/car-o-liner.com\\\/fr\\\/\"},{\"@type\":\"ListItem\",\"position\":2,\"name\":\"Alignement &amp; Redressage\",\"item\":\"https:\\\/\\\/car-o-liner.com\\\/fr\\\/produit\\\/alignement-et-redressement\\\/\"},{\"@type\":\"ListItem\",\"position\":3,\"name\":\"Bancs de carrosserie automobile\",\"item\":\"https:\\\/\\\/car-o-liner.com\\\/fr\\\/produit\\\/machine-a-cadre\\\/\"},{\"@type\":\"ListItem\",\"position\":4,\"name\":\"SPEED\u2122 3T\\\/SPEED\u2122 3T PLUS\"}]},{\"@type\":\"WebSite\",\"@id\":\"https:\\\/\\\/car-o-liner.com\\\/fr\\\/#website\",\"url\":\"https:\\\/\\\/car-o-liner.com\\\/fr\\\/\",\"name\":\"Car-O-Liner\",\"description\":\"Collision Repair Equipment\",\"publisher\":{\"@id\":\"https:\\\/\\\/car-o-liner.com\\\/fr\\\/#organization\"},\"potentialAction\":[{\"@type\":\"SearchAction\",\"target\":{\"@type\":\"EntryPoint\",\"urlTemplate\":\"https:\\\/\\\/car-o-liner.com\\\/fr\\\/?s={search_term_string}\"},\"query-input\":{\"@type\":\"PropertyValueSpecification\",\"valueRequired\":true,\"valueName\":\"search_term_string\"}}],\"inLanguage\":\"fr-FR\"},{\"@type\":\"Organization\",\"@id\":\"https:\\\/\\\/car-o-liner.com\\\/fr\\\/#organization\",\"name\":\"Car-O-Liner\",\"url\":\"https:\\\/\\\/car-o-liner.com\\\/fr\\\/\",\"logo\":{\"@type\":\"ImageObject\",\"inLanguage\":\"fr-FR\",\"@id\":\"https:\\\/\\\/car-o-liner.com\\\/fr\\\/#\\\/schema\\\/logo\\\/image\\\/\",\"url\":\"https:\\\/\\\/car-o-liner.com\\\/wp-content\\\/uploads\\\/Car-O-Liner-blue-web.svg\",\"contentUrl\":\"https:\\\/\\\/car-o-liner.com\\\/wp-content\\\/uploads\\\/Car-O-Liner-blue-web.svg\",\"width\":250,\"height\":50,\"caption\":\"Car-O-Liner\"},\"image\":{\"@id\":\"https:\\\/\\\/car-o-liner.com\\\/fr\\\/#\\\/schema\\\/logo\\\/image\\\/\"}}]}<\/script>\n<!-- \/ Yoast SEO plugin. -->","yoast_head_json":{"title":"Banc d'alignement Speed\u2122 et Speed\u2122 Plus | Car-O-Liner FR","description":"Banc d'alignement l\u00e9ger et rapide \u00e0 mettre en place. L'aligneur de traction peut \u00eatre tourn\u00e9 \u00e0 180\u00b0 autour de la plateforme (une extr\u00e9mit\u00e9) et inclin\u00e9 \u00e0 90\u00b0 horizontalement.","robots":{"index":"index","follow":"follow","max-snippet":"max-snippet:-1","max-image-preview":"max-image-preview:large","max-video-preview":"max-video-preview:-1"},"canonical":"https:\/\/car-o-liner.com\/fr\/produit\/speed-speed-plus\/","og_locale":"fr_FR","og_type":"article","og_title":"Banc d'alignement Speed\u2122 et Speed\u2122 Plus | Car-O-Liner FR","og_description":"Banc d'alignement l\u00e9ger et rapide \u00e0 mettre en place. L'aligneur de traction peut \u00eatre tourn\u00e9 \u00e0 180\u00b0 autour de la plateforme (une extr\u00e9mit\u00e9) et inclin\u00e9 \u00e0 90\u00b0 horizontalement.","og_url":"https:\/\/car-o-liner.com\/fr\/produit\/speed-speed-plus\/","og_site_name":"Car-O-Liner","article_modified_time":"2024-04-30T13:29:06+00:00","og_image":[{"width":1500,"height":1250,"url":"https:\/\/car-o-liner.com\/wp-content\/uploads\/speed3t-hero-1.png","type":"image\/png"}],"twitter_card":"summary_large_image","schema":{"@context":"https:\/\/schema.org","@graph":[{"@type":"WebPage","@id":"https:\/\/car-o-liner.com\/fr\/produit\/speed-speed-plus\/","url":"https:\/\/car-o-liner.com\/fr\/produit\/speed-speed-plus\/","name":"Banc d'alignement Speed\u2122 et Speed\u2122 Plus | Car-O-Liner FR","isPartOf":{"@id":"https:\/\/car-o-liner.com\/fr\/#website"},"primaryImageOfPage":{"@id":"https:\/\/car-o-liner.com\/fr\/produit\/speed-speed-plus\/#primaryimage"},"image":{"@id":"https:\/\/car-o-liner.com\/fr\/produit\/speed-speed-plus\/#primaryimage"},"thumbnailUrl":"https:\/\/car-o-liner.com\/wp-content\/uploads\/speed3t-hero-1.png","datePublished":"2023-08-11T16:37:31+00:00","dateModified":"2024-04-30T13:29:06+00:00","description":"Banc d'alignement l\u00e9ger et rapide \u00e0 mettre en place. L'aligneur de traction peut \u00eatre tourn\u00e9 \u00e0 180\u00b0 autour de la plateforme (une extr\u00e9mit\u00e9) et inclin\u00e9 \u00e0 90\u00b0 horizontalement.","breadcrumb":{"@id":"https:\/\/car-o-liner.com\/fr\/produit\/speed-speed-plus\/#breadcrumb"},"inLanguage":"fr-FR","potentialAction":[{"@type":"ReadAction","target":["https:\/\/car-o-liner.com\/fr\/produit\/speed-speed-plus\/"]}]},{"@type":"ImageObject","inLanguage":"fr-FR","@id":"https:\/\/car-o-liner.com\/fr\/produit\/speed-speed-plus\/#primaryimage","url":"https:\/\/car-o-liner.com\/wp-content\/uploads\/speed3t-hero-1.png","contentUrl":"https:\/\/car-o-liner.com\/wp-content\/uploads\/speed3t-hero-1.png","width":1500,"height":1250},{"@type":"BreadcrumbList","@id":"https:\/\/car-o-liner.com\/fr\/produit\/speed-speed-plus\/#breadcrumb","itemListElement":[{"@type":"ListItem","position":1,"name":"Home","item":"https:\/\/car-o-liner.com\/fr\/"},{"@type":"ListItem","position":2,"name":"Alignement &amp; Redressage","item":"https:\/\/car-o-liner.com\/fr\/produit\/alignement-et-redressement\/"},{"@type":"ListItem","position":3,"name":"Bancs de carrosserie automobile","item":"https:\/\/car-o-liner.com\/fr\/produit\/machine-a-cadre\/"},{"@type":"ListItem","position":4,"name":"SPEED\u2122 3T\/SPEED\u2122 3T PLUS"}]},{"@type":"WebSite","@id":"https:\/\/car-o-liner.com\/fr\/#website","url":"https:\/\/car-o-liner.com\/fr\/","name":"Car-O-Liner","description":"Collision Repair Equipment","publisher":{"@id":"https:\/\/car-o-liner.com\/fr\/#organization"},"potentialAction":[{"@type":"SearchAction","target":{"@type":"EntryPoint","urlTemplate":"https:\/\/car-o-liner.com\/fr\/?s={search_term_string}"},"query-input":{"@type":"PropertyValueSpecification","valueRequired":true,"valueName":"search_term_string"}}],"inLanguage":"fr-FR"},{"@type":"Organization","@id":"https:\/\/car-o-liner.com\/fr\/#organization","name":"Car-O-Liner","url":"https:\/\/car-o-liner.com\/fr\/","logo":{"@type":"ImageObject","inLanguage":"fr-FR","@id":"https:\/\/car-o-liner.com\/fr\/#\/schema\/logo\/image\/","url":"https:\/\/car-o-liner.com\/wp-content\/uploads\/Car-O-Liner-blue-web.svg","contentUrl":"https:\/\/car-o-liner.com\/wp-content\/uploads\/Car-O-Liner-blue-web.svg","width":250,"height":50,"caption":"Car-O-Liner"},"image":{"@id":"https:\/\/car-o-liner.com\/fr\/#\/schema\/logo\/image\/"}}]}},"_links":{"self":[{"href":"https:\/\/car-o-liner.com\/fr\/wp-json\/wp\/v2\/product\/83794","targetHints":{"allow":["GET"]}}],"collection":[{"href":"https:\/\/car-o-liner.com\/fr\/wp-json\/wp\/v2\/product"}],"about":[{"href":"https:\/\/car-o-liner.com\/fr\/wp-json\/wp\/v2\/types\/product"}],"up":[{"embeddable":true,"href":"https:\/\/car-o-liner.com\/fr\/wp-json\/wp\/v2\/product\/88236"}],"wp:featuredmedia":[{"embeddable":true,"href":"https:\/\/car-o-liner.com\/fr\/wp-json\/wp\/v2\/media\/83796"}],"wp:attachment":[{"href":"https:\/\/car-o-liner.com\/fr\/wp-json\/wp\/v2\/media?parent=83794"}],"curies":[{"name":"wp","href":"https:\/\/api.w.org\/{rel}","templated":true}]}}