{"id":83940,"date":"2023-07-05T21:05:06","date_gmt":"2023-07-05T19:05:06","guid":{"rendered":"https:\/\/car-o-liner-test.phl.togglebox.site\/product\/alignment-straightening\/cds-35-double-scissor-multi-lift\/"},"modified":"2024-04-30T16:01:07","modified_gmt":"2024-04-30T14:01:07","slug":"cds35","status":"publish","type":"product","link":"https:\/\/car-o-liner.com\/fr\/produit\/cds35\/","title":{"rendered":"CDS\u212235"},"content":{"rendered":"\n<p>Pont \u00c9l\u00e9vateur \u00e0 Double Ciseaux<\/p>\n","protected":false},"excerpt":{"rendered":"<p>Pont \u00c9l\u00e9vateur \u00e0 Double Ciseaux<\/p>\n","protected":false},"featured_media":88365,"parent":88246,"menu_order":2,"template":"page-templates\/col-single-product-cds35.php","format":"standard","meta":[],"class_list":["post-83940","product","type-product","status-publish","format-standard","has-post-thumbnail","hentry"],"yoast_head":"<!-- This site is optimized with the Yoast SEO plugin v27.4 - https:\/\/yoast.com\/product\/yoast-seo-wordpress\/ -->\n<title>Pont \u00e9l\u00e9vateur \u00e0 double ciseaux CDS 35 | Car-O-Liner FR<\/title>\n<meta name=\"description\" content=\"Le CDS 35 est un pont \u00e9l\u00e9vateur \u00e0 double ciseaux compact d&#039;une capacit\u00e9 de levage de 3 500 kg, con\u00e7u pour s&#039;int\u00e9grer dans tout atelier de r\u00e9paration de collisions.\" \/>\n<meta name=\"robots\" content=\"index, follow, max-snippet:-1, max-image-preview:large, max-video-preview:-1\" \/>\n<link rel=\"canonical\" href=\"https:\/\/car-o-liner.com\/fr\/produit\/cds35\/\" \/>\n<meta property=\"og:locale\" content=\"fr_FR\" \/>\n<meta property=\"og:type\" content=\"article\" \/>\n<meta property=\"og:title\" content=\"Pont \u00e9l\u00e9vateur \u00e0 double ciseaux CDS 35 | Car-O-Liner FR\" \/>\n<meta property=\"og:description\" content=\"Le CDS 35 est un pont \u00e9l\u00e9vateur \u00e0 double ciseaux compact d&#039;une capacit\u00e9 de levage de 3 500 kg, con\u00e7u pour s&#039;int\u00e9grer dans tout atelier de r\u00e9paration de collisions.\" \/>\n<meta property=\"og:url\" content=\"https:\/\/car-o-liner.com\/fr\/produit\/cds35\/\" \/>\n<meta property=\"og:site_name\" content=\"Car-O-Liner\" \/>\n<meta property=\"article:modified_time\" content=\"2024-04-30T14:01:07+00:00\" \/>\n<meta property=\"og:image\" content=\"https:\/\/car-o-liner.com\/wp-content\/uploads\/CDS-35-hero-1-1024x853.png\" \/>\n\t<meta property=\"og:image:width\" content=\"1024\" \/>\n\t<meta property=\"og:image:height\" content=\"853\" \/>\n\t<meta property=\"og:image:type\" content=\"image\/png\" \/>\n<meta name=\"twitter:card\" content=\"summary_large_image\" \/>\n<script type=\"application\/ld+json\" class=\"yoast-schema-graph\">{\"@context\":\"https:\\\/\\\/schema.org\",\"@graph\":[{\"@type\":\"WebPage\",\"@id\":\"https:\\\/\\\/car-o-liner.com\\\/fr\\\/produit\\\/cds35\\\/\",\"url\":\"https:\\\/\\\/car-o-liner.com\\\/fr\\\/produit\\\/cds35\\\/\",\"name\":\"Pont \u00e9l\u00e9vateur \u00e0 double ciseaux CDS 35 | Car-O-Liner FR\",\"isPartOf\":{\"@id\":\"https:\\\/\\\/car-o-liner.com\\\/fr\\\/#website\"},\"primaryImageOfPage\":{\"@id\":\"https:\\\/\\\/car-o-liner.com\\\/fr\\\/produit\\\/cds35\\\/#primaryimage\"},\"image\":{\"@id\":\"https:\\\/\\\/car-o-liner.com\\\/fr\\\/produit\\\/cds35\\\/#primaryimage\"},\"thumbnailUrl\":\"https:\\\/\\\/car-o-liner.com\\\/wp-content\\\/uploads\\\/CDS-35-hero-1.png\",\"datePublished\":\"2023-07-05T19:05:06+00:00\",\"dateModified\":\"2024-04-30T14:01:07+00:00\",\"description\":\"Le CDS 35 est un pont \u00e9l\u00e9vateur \u00e0 double ciseaux compact d'une capacit\u00e9 de levage de 3 500 kg, con\u00e7u pour s'int\u00e9grer dans tout atelier de r\u00e9paration de collisions.\",\"breadcrumb\":{\"@id\":\"https:\\\/\\\/car-o-liner.com\\\/fr\\\/produit\\\/cds35\\\/#breadcrumb\"},\"inLanguage\":\"fr-FR\",\"potentialAction\":[{\"@type\":\"ReadAction\",\"target\":[\"https:\\\/\\\/car-o-liner.com\\\/fr\\\/produit\\\/cds35\\\/\"]}]},{\"@type\":\"ImageObject\",\"inLanguage\":\"fr-FR\",\"@id\":\"https:\\\/\\\/car-o-liner.com\\\/fr\\\/produit\\\/cds35\\\/#primaryimage\",\"url\":\"https:\\\/\\\/car-o-liner.com\\\/wp-content\\\/uploads\\\/CDS-35-hero-1.png\",\"contentUrl\":\"https:\\\/\\\/car-o-liner.com\\\/wp-content\\\/uploads\\\/CDS-35-hero-1.png\",\"width\":1500,\"height\":1250,\"caption\":\"CDS\u212235 compact double scissor lift\"},{\"@type\":\"BreadcrumbList\",\"@id\":\"https:\\\/\\\/car-o-liner.com\\\/fr\\\/produit\\\/cds35\\\/#breadcrumb\",\"itemListElement\":[{\"@type\":\"ListItem\",\"position\":1,\"name\":\"Home\",\"item\":\"https:\\\/\\\/car-o-liner.com\\\/fr\\\/\"},{\"@type\":\"ListItem\",\"position\":2,\"name\":\"Alignement &amp; Redressage\",\"item\":\"https:\\\/\\\/car-o-liner.com\\\/fr\\\/produit\\\/alignement-et-redressement\\\/\"},{\"@type\":\"ListItem\",\"position\":3,\"name\":\"Ponts \u00e9l\u00e9vateurs pour voitures\",\"item\":\"https:\\\/\\\/car-o-liner.com\\\/fr\\\/produit\\\/ponts-elevateurs-pour-voitures\\\/\"},{\"@type\":\"ListItem\",\"position\":4,\"name\":\"CDS\u212235\"}]},{\"@type\":\"WebSite\",\"@id\":\"https:\\\/\\\/car-o-liner.com\\\/fr\\\/#website\",\"url\":\"https:\\\/\\\/car-o-liner.com\\\/fr\\\/\",\"name\":\"Car-O-Liner\",\"description\":\"Collision Repair Equipment\",\"publisher\":{\"@id\":\"https:\\\/\\\/car-o-liner.com\\\/fr\\\/#organization\"},\"potentialAction\":[{\"@type\":\"SearchAction\",\"target\":{\"@type\":\"EntryPoint\",\"urlTemplate\":\"https:\\\/\\\/car-o-liner.com\\\/fr\\\/?s={search_term_string}\"},\"query-input\":{\"@type\":\"PropertyValueSpecification\",\"valueRequired\":true,\"valueName\":\"search_term_string\"}}],\"inLanguage\":\"fr-FR\"},{\"@type\":\"Organization\",\"@id\":\"https:\\\/\\\/car-o-liner.com\\\/fr\\\/#organization\",\"name\":\"Car-O-Liner\",\"url\":\"https:\\\/\\\/car-o-liner.com\\\/fr\\\/\",\"logo\":{\"@type\":\"ImageObject\",\"inLanguage\":\"fr-FR\",\"@id\":\"https:\\\/\\\/car-o-liner.com\\\/fr\\\/#\\\/schema\\\/logo\\\/image\\\/\",\"url\":\"https:\\\/\\\/car-o-liner.com\\\/wp-content\\\/uploads\\\/Car-O-Liner-blue-web.svg\",\"contentUrl\":\"https:\\\/\\\/car-o-liner.com\\\/wp-content\\\/uploads\\\/Car-O-Liner-blue-web.svg\",\"width\":250,\"height\":50,\"caption\":\"Car-O-Liner\"},\"image\":{\"@id\":\"https:\\\/\\\/car-o-liner.com\\\/fr\\\/#\\\/schema\\\/logo\\\/image\\\/\"}}]}<\/script>\n<!-- \/ Yoast SEO plugin. -->","yoast_head_json":{"title":"Pont \u00e9l\u00e9vateur \u00e0 double ciseaux CDS 35 | Car-O-Liner FR","description":"Le CDS 35 est un pont \u00e9l\u00e9vateur \u00e0 double ciseaux compact d'une capacit\u00e9 de levage de 3 500 kg, con\u00e7u pour s'int\u00e9grer dans tout atelier de r\u00e9paration de collisions.","robots":{"index":"index","follow":"follow","max-snippet":"max-snippet:-1","max-image-preview":"max-image-preview:large","max-video-preview":"max-video-preview:-1"},"canonical":"https:\/\/car-o-liner.com\/fr\/produit\/cds35\/","og_locale":"fr_FR","og_type":"article","og_title":"Pont \u00e9l\u00e9vateur \u00e0 double ciseaux CDS 35 | Car-O-Liner FR","og_description":"Le CDS 35 est un pont \u00e9l\u00e9vateur \u00e0 double ciseaux compact d'une capacit\u00e9 de levage de 3 500 kg, con\u00e7u pour s'int\u00e9grer dans tout atelier de r\u00e9paration de collisions.","og_url":"https:\/\/car-o-liner.com\/fr\/produit\/cds35\/","og_site_name":"Car-O-Liner","article_modified_time":"2024-04-30T14:01:07+00:00","og_image":[{"width":1024,"height":853,"url":"https:\/\/car-o-liner.com\/wp-content\/uploads\/CDS-35-hero-1-1024x853.png","type":"image\/png"}],"twitter_card":"summary_large_image","schema":{"@context":"https:\/\/schema.org","@graph":[{"@type":"WebPage","@id":"https:\/\/car-o-liner.com\/fr\/produit\/cds35\/","url":"https:\/\/car-o-liner.com\/fr\/produit\/cds35\/","name":"Pont \u00e9l\u00e9vateur \u00e0 double ciseaux CDS 35 | Car-O-Liner FR","isPartOf":{"@id":"https:\/\/car-o-liner.com\/fr\/#website"},"primaryImageOfPage":{"@id":"https:\/\/car-o-liner.com\/fr\/produit\/cds35\/#primaryimage"},"image":{"@id":"https:\/\/car-o-liner.com\/fr\/produit\/cds35\/#primaryimage"},"thumbnailUrl":"https:\/\/car-o-liner.com\/wp-content\/uploads\/CDS-35-hero-1.png","datePublished":"2023-07-05T19:05:06+00:00","dateModified":"2024-04-30T14:01:07+00:00","description":"Le CDS 35 est un pont \u00e9l\u00e9vateur \u00e0 double ciseaux compact d'une capacit\u00e9 de levage de 3 500 kg, con\u00e7u pour s'int\u00e9grer dans tout atelier de r\u00e9paration de collisions.","breadcrumb":{"@id":"https:\/\/car-o-liner.com\/fr\/produit\/cds35\/#breadcrumb"},"inLanguage":"fr-FR","potentialAction":[{"@type":"ReadAction","target":["https:\/\/car-o-liner.com\/fr\/produit\/cds35\/"]}]},{"@type":"ImageObject","inLanguage":"fr-FR","@id":"https:\/\/car-o-liner.com\/fr\/produit\/cds35\/#primaryimage","url":"https:\/\/car-o-liner.com\/wp-content\/uploads\/CDS-35-hero-1.png","contentUrl":"https:\/\/car-o-liner.com\/wp-content\/uploads\/CDS-35-hero-1.png","width":1500,"height":1250,"caption":"CDS\u212235 compact double scissor lift"},{"@type":"BreadcrumbList","@id":"https:\/\/car-o-liner.com\/fr\/produit\/cds35\/#breadcrumb","itemListElement":[{"@type":"ListItem","position":1,"name":"Home","item":"https:\/\/car-o-liner.com\/fr\/"},{"@type":"ListItem","position":2,"name":"Alignement &amp; Redressage","item":"https:\/\/car-o-liner.com\/fr\/produit\/alignement-et-redressement\/"},{"@type":"ListItem","position":3,"name":"Ponts \u00e9l\u00e9vateurs pour voitures","item":"https:\/\/car-o-liner.com\/fr\/produit\/ponts-elevateurs-pour-voitures\/"},{"@type":"ListItem","position":4,"name":"CDS\u212235"}]},{"@type":"WebSite","@id":"https:\/\/car-o-liner.com\/fr\/#website","url":"https:\/\/car-o-liner.com\/fr\/","name":"Car-O-Liner","description":"Collision Repair Equipment","publisher":{"@id":"https:\/\/car-o-liner.com\/fr\/#organization"},"potentialAction":[{"@type":"SearchAction","target":{"@type":"EntryPoint","urlTemplate":"https:\/\/car-o-liner.com\/fr\/?s={search_term_string}"},"query-input":{"@type":"PropertyValueSpecification","valueRequired":true,"valueName":"search_term_string"}}],"inLanguage":"fr-FR"},{"@type":"Organization","@id":"https:\/\/car-o-liner.com\/fr\/#organization","name":"Car-O-Liner","url":"https:\/\/car-o-liner.com\/fr\/","logo":{"@type":"ImageObject","inLanguage":"fr-FR","@id":"https:\/\/car-o-liner.com\/fr\/#\/schema\/logo\/image\/","url":"https:\/\/car-o-liner.com\/wp-content\/uploads\/Car-O-Liner-blue-web.svg","contentUrl":"https:\/\/car-o-liner.com\/wp-content\/uploads\/Car-O-Liner-blue-web.svg","width":250,"height":50,"caption":"Car-O-Liner"},"image":{"@id":"https:\/\/car-o-liner.com\/fr\/#\/schema\/logo\/image\/"}}]}},"_links":{"self":[{"href":"https:\/\/car-o-liner.com\/fr\/wp-json\/wp\/v2\/product\/83940","targetHints":{"allow":["GET"]}}],"collection":[{"href":"https:\/\/car-o-liner.com\/fr\/wp-json\/wp\/v2\/product"}],"about":[{"href":"https:\/\/car-o-liner.com\/fr\/wp-json\/wp\/v2\/types\/product"}],"up":[{"embeddable":true,"href":"https:\/\/car-o-liner.com\/fr\/wp-json\/wp\/v2\/product\/88246"}],"wp:featuredmedia":[{"embeddable":true,"href":"https:\/\/car-o-liner.com\/fr\/wp-json\/wp\/v2\/media\/88365"}],"wp:attachment":[{"href":"https:\/\/car-o-liner.com\/fr\/wp-json\/wp\/v2\/media?parent=83940"}],"curies":[{"name":"wp","href":"https:\/\/api.w.org\/{rel}","templated":true}]}}