{"id":83979,"date":"2023-09-27T11:00:12","date_gmt":"2023-09-27T09:00:12","guid":{"rendered":"https:\/\/car-o-liner-test.phl.togglebox.site\/product\/alignment-straightening\/quick42\/"},"modified":"2024-04-30T15:40:57","modified_gmt":"2024-04-30T13:40:57","slug":"quick42","status":"publish","type":"product","link":"https:\/\/car-o-liner.com\/fr\/produit\/quick42\/","title":{"rendered":"QUICK42\u2122"},"content":{"rendered":"\n<p>Banc de Redressage<\/p>\n","protected":false},"excerpt":{"rendered":"<p>Banc de Redressage<\/p>\n","protected":false},"featured_media":83981,"parent":88236,"menu_order":3,"template":"page-templates\/col-single-product-quick42.php","format":"standard","meta":[],"class_list":["post-83979","product","type-product","status-publish","format-standard","has-post-thumbnail","hentry"],"yoast_head":"<!-- This site is optimized with the Yoast SEO plugin v27.2 - https:\/\/yoast.com\/product\/yoast-seo-wordpress\/ -->\n<title>Syst\u00e8me d&#039;alignement de cadre Quick42\u2122 | Car-O-Liner FR<\/title>\n<meta name=\"description\" content=\"Le banc d&#039;alignement Quick42 est l\u2019\u00e9quipement de r\u00e9paration automobile ultime, con\u00e7u de mani\u00e8re experte pour traiter tous les dommages avec une pr\u00e9cision et une efficacit\u00e9 in\u00e9gal\u00e9es.\" \/>\n<meta name=\"robots\" content=\"index, follow, max-snippet:-1, max-image-preview:large, max-video-preview:-1\" \/>\n<link rel=\"canonical\" href=\"https:\/\/car-o-liner.com\/fr\/produit\/quick42\/\" \/>\n<meta property=\"og:locale\" content=\"fr_FR\" \/>\n<meta property=\"og:type\" content=\"article\" \/>\n<meta property=\"og:title\" content=\"Syst\u00e8me d&#039;alignement de cadre Quick42\u2122 | Car-O-Liner FR\" \/>\n<meta property=\"og:description\" content=\"Le banc d&#039;alignement Quick42 est l\u2019\u00e9quipement de r\u00e9paration automobile ultime, con\u00e7u de mani\u00e8re experte pour traiter tous les dommages avec une pr\u00e9cision et une efficacit\u00e9 in\u00e9gal\u00e9es.\" \/>\n<meta property=\"og:url\" content=\"https:\/\/car-o-liner.com\/fr\/produit\/quick42\/\" \/>\n<meta property=\"og:site_name\" content=\"Car-O-Liner\" \/>\n<meta property=\"article:modified_time\" content=\"2024-04-30T13:40:57+00:00\" \/>\n<meta property=\"og:image\" content=\"https:\/\/car-o-liner.com\/wp-content\/uploads\/Quick-42-hotspot.png\" \/>\n\t<meta property=\"og:image:width\" content=\"1300\" \/>\n\t<meta property=\"og:image:height\" content=\"1000\" \/>\n\t<meta property=\"og:image:type\" content=\"image\/png\" \/>\n<meta name=\"twitter:card\" content=\"summary_large_image\" \/>\n<script type=\"application\/ld+json\" class=\"yoast-schema-graph\">{\"@context\":\"https:\/\/schema.org\",\"@graph\":[{\"@type\":\"WebPage\",\"@id\":\"https:\/\/car-o-liner.com\/fr\/produit\/quick42\/\",\"url\":\"https:\/\/car-o-liner.com\/fr\/produit\/quick42\/\",\"name\":\"Syst\u00e8me d'alignement de cadre Quick42\u2122 | Car-O-Liner FR\",\"isPartOf\":{\"@id\":\"https:\/\/car-o-liner.com\/fr\/#website\"},\"primaryImageOfPage\":{\"@id\":\"https:\/\/car-o-liner.com\/fr\/produit\/quick42\/#primaryimage\"},\"image\":{\"@id\":\"https:\/\/car-o-liner.com\/fr\/produit\/quick42\/#primaryimage\"},\"thumbnailUrl\":\"https:\/\/car-o-liner.com\/wp-content\/uploads\/Quick-42-hotspot.png\",\"datePublished\":\"2023-09-27T09:00:12+00:00\",\"dateModified\":\"2024-04-30T13:40:57+00:00\",\"description\":\"Le banc d'alignement Quick42 est l\u2019\u00e9quipement de r\u00e9paration automobile ultime, con\u00e7u de mani\u00e8re experte pour traiter tous les dommages avec une pr\u00e9cision et une efficacit\u00e9 in\u00e9gal\u00e9es.\",\"breadcrumb\":{\"@id\":\"https:\/\/car-o-liner.com\/fr\/produit\/quick42\/#breadcrumb\"},\"inLanguage\":\"fr-FR\",\"potentialAction\":[{\"@type\":\"ReadAction\",\"target\":[\"https:\/\/car-o-liner.com\/fr\/produit\/quick42\/\"]}]},{\"@type\":\"ImageObject\",\"inLanguage\":\"fr-FR\",\"@id\":\"https:\/\/car-o-liner.com\/fr\/produit\/quick42\/#primaryimage\",\"url\":\"https:\/\/car-o-liner.com\/wp-content\/uploads\/Quick-42-hotspot.png\",\"contentUrl\":\"https:\/\/car-o-liner.com\/wp-content\/uploads\/Quick-42-hotspot.png\",\"width\":1300,\"height\":1000},{\"@type\":\"BreadcrumbList\",\"@id\":\"https:\/\/car-o-liner.com\/fr\/produit\/quick42\/#breadcrumb\",\"itemListElement\":[{\"@type\":\"ListItem\",\"position\":1,\"name\":\"Home\",\"item\":\"https:\/\/car-o-liner.com\/fr\/\"},{\"@type\":\"ListItem\",\"position\":2,\"name\":\"Alignement &amp; Redressage\",\"item\":\"https:\/\/car-o-liner.com\/fr\/produit\/alignement-et-redressement\/\"},{\"@type\":\"ListItem\",\"position\":3,\"name\":\"Bancs de carrosserie automobile\",\"item\":\"https:\/\/car-o-liner.com\/fr\/produit\/machine-a-cadre\/\"},{\"@type\":\"ListItem\",\"position\":4,\"name\":\"QUICK42\u2122\"}]},{\"@type\":\"WebSite\",\"@id\":\"https:\/\/car-o-liner.com\/fr\/#website\",\"url\":\"https:\/\/car-o-liner.com\/fr\/\",\"name\":\"Car-O-Liner\",\"description\":\"Collision Repair Equipment\",\"publisher\":{\"@id\":\"https:\/\/car-o-liner.com\/fr\/#organization\"},\"potentialAction\":[{\"@type\":\"SearchAction\",\"target\":{\"@type\":\"EntryPoint\",\"urlTemplate\":\"https:\/\/car-o-liner.com\/fr\/?s={search_term_string}\"},\"query-input\":{\"@type\":\"PropertyValueSpecification\",\"valueRequired\":true,\"valueName\":\"search_term_string\"}}],\"inLanguage\":\"fr-FR\"},{\"@type\":\"Organization\",\"@id\":\"https:\/\/car-o-liner.com\/fr\/#organization\",\"name\":\"Car-O-Liner\",\"url\":\"https:\/\/car-o-liner.com\/fr\/\",\"logo\":{\"@type\":\"ImageObject\",\"inLanguage\":\"fr-FR\",\"@id\":\"https:\/\/car-o-liner.com\/fr\/#\/schema\/logo\/image\/\",\"url\":\"https:\/\/car-o-liner.com\/wp-content\/uploads\/Car-O-Liner-blue-web.svg\",\"contentUrl\":\"https:\/\/car-o-liner.com\/wp-content\/uploads\/Car-O-Liner-blue-web.svg\",\"width\":250,\"height\":50,\"caption\":\"Car-O-Liner\"},\"image\":{\"@id\":\"https:\/\/car-o-liner.com\/fr\/#\/schema\/logo\/image\/\"}}]}<\/script>\n<!-- \/ Yoast SEO plugin. -->","yoast_head_json":{"title":"Syst\u00e8me d'alignement de cadre Quick42\u2122 | Car-O-Liner FR","description":"Le banc d'alignement Quick42 est l\u2019\u00e9quipement de r\u00e9paration automobile ultime, con\u00e7u de mani\u00e8re experte pour traiter tous les dommages avec une pr\u00e9cision et une efficacit\u00e9 in\u00e9gal\u00e9es.","robots":{"index":"index","follow":"follow","max-snippet":"max-snippet:-1","max-image-preview":"max-image-preview:large","max-video-preview":"max-video-preview:-1"},"canonical":"https:\/\/car-o-liner.com\/fr\/produit\/quick42\/","og_locale":"fr_FR","og_type":"article","og_title":"Syst\u00e8me d'alignement de cadre Quick42\u2122 | Car-O-Liner FR","og_description":"Le banc d'alignement Quick42 est l\u2019\u00e9quipement de r\u00e9paration automobile ultime, con\u00e7u de mani\u00e8re experte pour traiter tous les dommages avec une pr\u00e9cision et une efficacit\u00e9 in\u00e9gal\u00e9es.","og_url":"https:\/\/car-o-liner.com\/fr\/produit\/quick42\/","og_site_name":"Car-O-Liner","article_modified_time":"2024-04-30T13:40:57+00:00","og_image":[{"width":1300,"height":1000,"url":"https:\/\/car-o-liner.com\/wp-content\/uploads\/Quick-42-hotspot.png","type":"image\/png"}],"twitter_card":"summary_large_image","schema":{"@context":"https:\/\/schema.org","@graph":[{"@type":"WebPage","@id":"https:\/\/car-o-liner.com\/fr\/produit\/quick42\/","url":"https:\/\/car-o-liner.com\/fr\/produit\/quick42\/","name":"Syst\u00e8me d'alignement de cadre Quick42\u2122 | Car-O-Liner FR","isPartOf":{"@id":"https:\/\/car-o-liner.com\/fr\/#website"},"primaryImageOfPage":{"@id":"https:\/\/car-o-liner.com\/fr\/produit\/quick42\/#primaryimage"},"image":{"@id":"https:\/\/car-o-liner.com\/fr\/produit\/quick42\/#primaryimage"},"thumbnailUrl":"https:\/\/car-o-liner.com\/wp-content\/uploads\/Quick-42-hotspot.png","datePublished":"2023-09-27T09:00:12+00:00","dateModified":"2024-04-30T13:40:57+00:00","description":"Le banc d'alignement Quick42 est l\u2019\u00e9quipement de r\u00e9paration automobile ultime, con\u00e7u de mani\u00e8re experte pour traiter tous les dommages avec une pr\u00e9cision et une efficacit\u00e9 in\u00e9gal\u00e9es.","breadcrumb":{"@id":"https:\/\/car-o-liner.com\/fr\/produit\/quick42\/#breadcrumb"},"inLanguage":"fr-FR","potentialAction":[{"@type":"ReadAction","target":["https:\/\/car-o-liner.com\/fr\/produit\/quick42\/"]}]},{"@type":"ImageObject","inLanguage":"fr-FR","@id":"https:\/\/car-o-liner.com\/fr\/produit\/quick42\/#primaryimage","url":"https:\/\/car-o-liner.com\/wp-content\/uploads\/Quick-42-hotspot.png","contentUrl":"https:\/\/car-o-liner.com\/wp-content\/uploads\/Quick-42-hotspot.png","width":1300,"height":1000},{"@type":"BreadcrumbList","@id":"https:\/\/car-o-liner.com\/fr\/produit\/quick42\/#breadcrumb","itemListElement":[{"@type":"ListItem","position":1,"name":"Home","item":"https:\/\/car-o-liner.com\/fr\/"},{"@type":"ListItem","position":2,"name":"Alignement &amp; Redressage","item":"https:\/\/car-o-liner.com\/fr\/produit\/alignement-et-redressement\/"},{"@type":"ListItem","position":3,"name":"Bancs de carrosserie automobile","item":"https:\/\/car-o-liner.com\/fr\/produit\/machine-a-cadre\/"},{"@type":"ListItem","position":4,"name":"QUICK42\u2122"}]},{"@type":"WebSite","@id":"https:\/\/car-o-liner.com\/fr\/#website","url":"https:\/\/car-o-liner.com\/fr\/","name":"Car-O-Liner","description":"Collision Repair Equipment","publisher":{"@id":"https:\/\/car-o-liner.com\/fr\/#organization"},"potentialAction":[{"@type":"SearchAction","target":{"@type":"EntryPoint","urlTemplate":"https:\/\/car-o-liner.com\/fr\/?s={search_term_string}"},"query-input":{"@type":"PropertyValueSpecification","valueRequired":true,"valueName":"search_term_string"}}],"inLanguage":"fr-FR"},{"@type":"Organization","@id":"https:\/\/car-o-liner.com\/fr\/#organization","name":"Car-O-Liner","url":"https:\/\/car-o-liner.com\/fr\/","logo":{"@type":"ImageObject","inLanguage":"fr-FR","@id":"https:\/\/car-o-liner.com\/fr\/#\/schema\/logo\/image\/","url":"https:\/\/car-o-liner.com\/wp-content\/uploads\/Car-O-Liner-blue-web.svg","contentUrl":"https:\/\/car-o-liner.com\/wp-content\/uploads\/Car-O-Liner-blue-web.svg","width":250,"height":50,"caption":"Car-O-Liner"},"image":{"@id":"https:\/\/car-o-liner.com\/fr\/#\/schema\/logo\/image\/"}}]}},"_links":{"self":[{"href":"https:\/\/car-o-liner.com\/fr\/wp-json\/wp\/v2\/product\/83979","targetHints":{"allow":["GET"]}}],"collection":[{"href":"https:\/\/car-o-liner.com\/fr\/wp-json\/wp\/v2\/product"}],"about":[{"href":"https:\/\/car-o-liner.com\/fr\/wp-json\/wp\/v2\/types\/product"}],"up":[{"embeddable":true,"href":"https:\/\/car-o-liner.com\/fr\/wp-json\/wp\/v2\/product\/88236"}],"wp:featuredmedia":[{"embeddable":true,"href":"https:\/\/car-o-liner.com\/fr\/wp-json\/wp\/v2\/media\/83981"}],"wp:attachment":[{"href":"https:\/\/car-o-liner.com\/fr\/wp-json\/wp\/v2\/media?parent=83979"}],"curies":[{"name":"wp","href":"https:\/\/api.w.org\/{rel}","templated":true}]}}