{"id":84117,"date":"2023-07-21T18:31:50","date_gmt":"2023-07-21T16:31:50","guid":{"rendered":"https:\/\/car-o-liner-test.phl.togglebox.site\/product\/ctr9\/"},"modified":"2025-05-15T15:08:18","modified_gmt":"2025-05-15T13:08:18","slug":"ctr-9","status":"publish","type":"product","link":"https:\/\/car-o-liner.com\/fr\/produit\/ctr-9\/","title":{"rendered":"CTR\u00ae9"},"content":{"rendered":"\n<p>SOUDEUSE PAR POINTS<\/p>\n","protected":false},"excerpt":{"rendered":"<p>SOUDEUSE PAR POINTS<\/p>\n","protected":false},"featured_media":91036,"parent":86577,"menu_order":0,"template":"page-templates\/col-single-product-ctr9.php","format":"standard","meta":[],"class_list":["post-84117","product","type-product","status-publish","format-standard","has-post-thumbnail","hentry"],"yoast_head":"<!-- This site is optimized with the Yoast SEO plugin v27.2 - https:\/\/yoast.com\/product\/yoast-seo-wordpress\/ -->\n<title>Soudeuse par r\u00e9sistance par points CTR 9\u00ae | Car-O-Liner FR<\/title>\n<meta name=\"description\" content=\"La soudeuse automatique CTR9 est \u00e9quip\u00e9e d&#039;un pistolet l\u00e9ger, d&#039;une poign\u00e9e pivotante \u00e0 355\u00b0 avec ergo-grip pour des positions de travail parfaites, d&#039;un bras t\u00e9lescopique et d\u2019une puissance de 16\u00a0000 amp\u00e8res!\" \/>\n<meta name=\"robots\" content=\"index, follow, max-snippet:-1, max-image-preview:large, max-video-preview:-1\" \/>\n<link rel=\"canonical\" href=\"https:\/\/car-o-liner.com\/fr\/produit\/ctr-9\/\" \/>\n<meta property=\"og:locale\" content=\"fr_FR\" \/>\n<meta property=\"og:type\" content=\"article\" \/>\n<meta property=\"og:title\" content=\"Soudeuse par r\u00e9sistance par points CTR 9\u00ae | Car-O-Liner FR\" \/>\n<meta property=\"og:description\" content=\"La soudeuse automatique CTR9 est \u00e9quip\u00e9e d&#039;un pistolet l\u00e9ger, d&#039;une poign\u00e9e pivotante \u00e0 355\u00b0 avec ergo-grip pour des positions de travail parfaites, d&#039;un bras t\u00e9lescopique et d\u2019une puissance de 16\u00a0000 amp\u00e8res!\" \/>\n<meta property=\"og:url\" content=\"https:\/\/car-o-liner.com\/fr\/produit\/ctr-9\/\" \/>\n<meta property=\"og:site_name\" content=\"Car-O-Liner\" \/>\n<meta property=\"article:modified_time\" content=\"2025-05-15T13:08:18+00:00\" \/>\n<meta property=\"og:image\" content=\"https:\/\/car-o-liner.com\/wp-content\/uploads\/ctr9-hero-2.jpg\" \/>\n\t<meta property=\"og:image:width\" content=\"1500\" \/>\n\t<meta property=\"og:image:height\" content=\"1250\" \/>\n\t<meta property=\"og:image:type\" content=\"image\/jpeg\" \/>\n<meta name=\"twitter:card\" content=\"summary_large_image\" \/>\n<script type=\"application\/ld+json\" class=\"yoast-schema-graph\">{\"@context\":\"https:\/\/schema.org\",\"@graph\":[{\"@type\":\"WebPage\",\"@id\":\"https:\/\/car-o-liner.com\/fr\/produit\/ctr-9\/\",\"url\":\"https:\/\/car-o-liner.com\/fr\/produit\/ctr-9\/\",\"name\":\"Soudeuse par r\u00e9sistance par points CTR 9\u00ae | Car-O-Liner FR\",\"isPartOf\":{\"@id\":\"https:\/\/car-o-liner.com\/fr\/#website\"},\"primaryImageOfPage\":{\"@id\":\"https:\/\/car-o-liner.com\/fr\/produit\/ctr-9\/#primaryimage\"},\"image\":{\"@id\":\"https:\/\/car-o-liner.com\/fr\/produit\/ctr-9\/#primaryimage\"},\"thumbnailUrl\":\"https:\/\/car-o-liner.com\/wp-content\/uploads\/ctr9-hero-2.jpg\",\"datePublished\":\"2023-07-21T16:31:50+00:00\",\"dateModified\":\"2025-05-15T13:08:18+00:00\",\"description\":\"La soudeuse automatique CTR9 est \u00e9quip\u00e9e d'un pistolet l\u00e9ger, d'une poign\u00e9e pivotante \u00e0 355\u00b0 avec ergo-grip pour des positions de travail parfaites, d'un bras t\u00e9lescopique et d\u2019une puissance de 16\u00a0000 amp\u00e8res!\",\"breadcrumb\":{\"@id\":\"https:\/\/car-o-liner.com\/fr\/produit\/ctr-9\/#breadcrumb\"},\"inLanguage\":\"fr-FR\",\"potentialAction\":[{\"@type\":\"ReadAction\",\"target\":[\"https:\/\/car-o-liner.com\/fr\/produit\/ctr-9\/\"]}]},{\"@type\":\"ImageObject\",\"inLanguage\":\"fr-FR\",\"@id\":\"https:\/\/car-o-liner.com\/fr\/produit\/ctr-9\/#primaryimage\",\"url\":\"https:\/\/car-o-liner.com\/wp-content\/uploads\/ctr9-hero-2.jpg\",\"contentUrl\":\"https:\/\/car-o-liner.com\/wp-content\/uploads\/ctr9-hero-2.jpg\",\"width\":1500,\"height\":1250,\"caption\":\"CTR9 Spot Welder\"},{\"@type\":\"BreadcrumbList\",\"@id\":\"https:\/\/car-o-liner.com\/fr\/produit\/ctr-9\/#breadcrumb\",\"itemListElement\":[{\"@type\":\"ListItem\",\"position\":1,\"name\":\"Home\",\"item\":\"https:\/\/car-o-liner.com\/fr\/\"},{\"@type\":\"ListItem\",\"position\":2,\"name\":\"Joindre &amp; Chauffage\",\"item\":\"https:\/\/car-o-liner.com\/fr\/produit\/joindre-et-chauffer\/\"},{\"@type\":\"ListItem\",\"position\":3,\"name\":\"Soudeuses par points automobiles\",\"item\":\"https:\/\/car-o-liner.com\/fr\/produit\/soudeuse-par-point\/\"},{\"@type\":\"ListItem\",\"position\":4,\"name\":\"CTR\u00ae9\"}]},{\"@type\":\"WebSite\",\"@id\":\"https:\/\/car-o-liner.com\/fr\/#website\",\"url\":\"https:\/\/car-o-liner.com\/fr\/\",\"name\":\"Car-O-Liner\",\"description\":\"Collision Repair Equipment\",\"publisher\":{\"@id\":\"https:\/\/car-o-liner.com\/fr\/#organization\"},\"potentialAction\":[{\"@type\":\"SearchAction\",\"target\":{\"@type\":\"EntryPoint\",\"urlTemplate\":\"https:\/\/car-o-liner.com\/fr\/?s={search_term_string}\"},\"query-input\":{\"@type\":\"PropertyValueSpecification\",\"valueRequired\":true,\"valueName\":\"search_term_string\"}}],\"inLanguage\":\"fr-FR\"},{\"@type\":\"Organization\",\"@id\":\"https:\/\/car-o-liner.com\/fr\/#organization\",\"name\":\"Car-O-Liner\",\"url\":\"https:\/\/car-o-liner.com\/fr\/\",\"logo\":{\"@type\":\"ImageObject\",\"inLanguage\":\"fr-FR\",\"@id\":\"https:\/\/car-o-liner.com\/fr\/#\/schema\/logo\/image\/\",\"url\":\"https:\/\/car-o-liner.com\/wp-content\/uploads\/Car-O-Liner-blue-web.svg\",\"contentUrl\":\"https:\/\/car-o-liner.com\/wp-content\/uploads\/Car-O-Liner-blue-web.svg\",\"width\":250,\"height\":50,\"caption\":\"Car-O-Liner\"},\"image\":{\"@id\":\"https:\/\/car-o-liner.com\/fr\/#\/schema\/logo\/image\/\"}}]}<\/script>\n<!-- \/ Yoast SEO plugin. -->","yoast_head_json":{"title":"Soudeuse par r\u00e9sistance par points CTR 9\u00ae | Car-O-Liner FR","description":"La soudeuse automatique CTR9 est \u00e9quip\u00e9e d'un pistolet l\u00e9ger, d'une poign\u00e9e pivotante \u00e0 355\u00b0 avec ergo-grip pour des positions de travail parfaites, d'un bras t\u00e9lescopique et d\u2019une puissance de 16\u00a0000 amp\u00e8res!","robots":{"index":"index","follow":"follow","max-snippet":"max-snippet:-1","max-image-preview":"max-image-preview:large","max-video-preview":"max-video-preview:-1"},"canonical":"https:\/\/car-o-liner.com\/fr\/produit\/ctr-9\/","og_locale":"fr_FR","og_type":"article","og_title":"Soudeuse par r\u00e9sistance par points CTR 9\u00ae | Car-O-Liner FR","og_description":"La soudeuse automatique CTR9 est \u00e9quip\u00e9e d'un pistolet l\u00e9ger, d'une poign\u00e9e pivotante \u00e0 355\u00b0 avec ergo-grip pour des positions de travail parfaites, d'un bras t\u00e9lescopique et d\u2019une puissance de 16\u00a0000 amp\u00e8res!","og_url":"https:\/\/car-o-liner.com\/fr\/produit\/ctr-9\/","og_site_name":"Car-O-Liner","article_modified_time":"2025-05-15T13:08:18+00:00","og_image":[{"width":1500,"height":1250,"url":"https:\/\/car-o-liner.com\/wp-content\/uploads\/ctr9-hero-2.jpg","type":"image\/jpeg"}],"twitter_card":"summary_large_image","schema":{"@context":"https:\/\/schema.org","@graph":[{"@type":"WebPage","@id":"https:\/\/car-o-liner.com\/fr\/produit\/ctr-9\/","url":"https:\/\/car-o-liner.com\/fr\/produit\/ctr-9\/","name":"Soudeuse par r\u00e9sistance par points CTR 9\u00ae | Car-O-Liner FR","isPartOf":{"@id":"https:\/\/car-o-liner.com\/fr\/#website"},"primaryImageOfPage":{"@id":"https:\/\/car-o-liner.com\/fr\/produit\/ctr-9\/#primaryimage"},"image":{"@id":"https:\/\/car-o-liner.com\/fr\/produit\/ctr-9\/#primaryimage"},"thumbnailUrl":"https:\/\/car-o-liner.com\/wp-content\/uploads\/ctr9-hero-2.jpg","datePublished":"2023-07-21T16:31:50+00:00","dateModified":"2025-05-15T13:08:18+00:00","description":"La soudeuse automatique CTR9 est \u00e9quip\u00e9e d'un pistolet l\u00e9ger, d'une poign\u00e9e pivotante \u00e0 355\u00b0 avec ergo-grip pour des positions de travail parfaites, d'un bras t\u00e9lescopique et d\u2019une puissance de 16\u00a0000 amp\u00e8res!","breadcrumb":{"@id":"https:\/\/car-o-liner.com\/fr\/produit\/ctr-9\/#breadcrumb"},"inLanguage":"fr-FR","potentialAction":[{"@type":"ReadAction","target":["https:\/\/car-o-liner.com\/fr\/produit\/ctr-9\/"]}]},{"@type":"ImageObject","inLanguage":"fr-FR","@id":"https:\/\/car-o-liner.com\/fr\/produit\/ctr-9\/#primaryimage","url":"https:\/\/car-o-liner.com\/wp-content\/uploads\/ctr9-hero-2.jpg","contentUrl":"https:\/\/car-o-liner.com\/wp-content\/uploads\/ctr9-hero-2.jpg","width":1500,"height":1250,"caption":"CTR9 Spot Welder"},{"@type":"BreadcrumbList","@id":"https:\/\/car-o-liner.com\/fr\/produit\/ctr-9\/#breadcrumb","itemListElement":[{"@type":"ListItem","position":1,"name":"Home","item":"https:\/\/car-o-liner.com\/fr\/"},{"@type":"ListItem","position":2,"name":"Joindre &amp; Chauffage","item":"https:\/\/car-o-liner.com\/fr\/produit\/joindre-et-chauffer\/"},{"@type":"ListItem","position":3,"name":"Soudeuses par points automobiles","item":"https:\/\/car-o-liner.com\/fr\/produit\/soudeuse-par-point\/"},{"@type":"ListItem","position":4,"name":"CTR\u00ae9"}]},{"@type":"WebSite","@id":"https:\/\/car-o-liner.com\/fr\/#website","url":"https:\/\/car-o-liner.com\/fr\/","name":"Car-O-Liner","description":"Collision Repair Equipment","publisher":{"@id":"https:\/\/car-o-liner.com\/fr\/#organization"},"potentialAction":[{"@type":"SearchAction","target":{"@type":"EntryPoint","urlTemplate":"https:\/\/car-o-liner.com\/fr\/?s={search_term_string}"},"query-input":{"@type":"PropertyValueSpecification","valueRequired":true,"valueName":"search_term_string"}}],"inLanguage":"fr-FR"},{"@type":"Organization","@id":"https:\/\/car-o-liner.com\/fr\/#organization","name":"Car-O-Liner","url":"https:\/\/car-o-liner.com\/fr\/","logo":{"@type":"ImageObject","inLanguage":"fr-FR","@id":"https:\/\/car-o-liner.com\/fr\/#\/schema\/logo\/image\/","url":"https:\/\/car-o-liner.com\/wp-content\/uploads\/Car-O-Liner-blue-web.svg","contentUrl":"https:\/\/car-o-liner.com\/wp-content\/uploads\/Car-O-Liner-blue-web.svg","width":250,"height":50,"caption":"Car-O-Liner"},"image":{"@id":"https:\/\/car-o-liner.com\/fr\/#\/schema\/logo\/image\/"}}]}},"_links":{"self":[{"href":"https:\/\/car-o-liner.com\/fr\/wp-json\/wp\/v2\/product\/84117","targetHints":{"allow":["GET"]}}],"collection":[{"href":"https:\/\/car-o-liner.com\/fr\/wp-json\/wp\/v2\/product"}],"about":[{"href":"https:\/\/car-o-liner.com\/fr\/wp-json\/wp\/v2\/types\/product"}],"up":[{"embeddable":true,"href":"https:\/\/car-o-liner.com\/fr\/wp-json\/wp\/v2\/product\/86577"}],"wp:featuredmedia":[{"embeddable":true,"href":"https:\/\/car-o-liner.com\/fr\/wp-json\/wp\/v2\/media\/91036"}],"wp:attachment":[{"href":"https:\/\/car-o-liner.com\/fr\/wp-json\/wp\/v2\/media?parent=84117"}],"curies":[{"name":"wp","href":"https:\/\/api.w.org\/{rel}","templated":true}]}}