{"id":85304,"date":"2023-07-24T15:16:10","date_gmt":"2023-07-24T13:16:10","guid":{"rendered":"https:\/\/car-o-liner-test.phl.togglebox.site\/product\/cmi-twin\/"},"modified":"2024-04-30T21:19:33","modified_gmt":"2024-04-30T19:19:33","slug":"cmi-et-cmi-twin","status":"publish","type":"product","link":"https:\/\/car-o-liner.com\/fr\/produit\/cmi-et-cmi-twin\/","title":{"rendered":"CMI\u2122 &#038; CMI\u2122TWIN"},"content":{"rendered":"\n<p>SOUDEURS MIG\/MAG<\/p>\n","protected":false},"excerpt":{"rendered":"<p>SOUDEURS MIG\/MAG<\/p>\n","protected":false},"featured_media":85306,"parent":86584,"menu_order":0,"template":"page-templates\/col-single-product-cmitwin.php","format":"standard","meta":[],"class_list":["post-85304","product","type-product","status-publish","format-standard","has-post-thumbnail","hentry"],"yoast_head":"<!-- This site is optimized with the Yoast SEO plugin v27.2 - https:\/\/yoast.com\/product\/yoast-seo-wordpress\/ -->\n<title>Soudeuses MIG\/MAG CMI\u2122 et CMI\u2122 TWIN | Car-O-Liner FR<\/title>\n<meta name=\"description\" content=\"La CMI273 dispose de la technologie auto-pulse pour le soudage avanc\u00e9 de l&#039;aluminium. Elle est con\u00e7ue pour tous les mat\u00e9riaux et toutes les applications de soudage, y compris l&#039;acier \u00e0 haute r\u00e9sistance.\" \/>\n<meta name=\"robots\" content=\"index, follow, max-snippet:-1, max-image-preview:large, max-video-preview:-1\" \/>\n<link rel=\"canonical\" href=\"https:\/\/car-o-liner.com\/fr\/produit\/cmi-et-cmi-twin\/\" \/>\n<meta property=\"og:locale\" content=\"fr_FR\" \/>\n<meta property=\"og:type\" content=\"article\" \/>\n<meta property=\"og:title\" content=\"Soudeuses MIG\/MAG CMI\u2122 et CMI\u2122 TWIN | Car-O-Liner FR\" \/>\n<meta property=\"og:description\" content=\"La CMI273 dispose de la technologie auto-pulse pour le soudage avanc\u00e9 de l&#039;aluminium. Elle est con\u00e7ue pour tous les mat\u00e9riaux et toutes les applications de soudage, y compris l&#039;acier \u00e0 haute r\u00e9sistance.\" \/>\n<meta property=\"og:url\" content=\"https:\/\/car-o-liner.com\/fr\/produit\/cmi-et-cmi-twin\/\" \/>\n<meta property=\"og:site_name\" content=\"Car-O-Liner\" \/>\n<meta property=\"article:modified_time\" content=\"2024-04-30T19:19:33+00:00\" \/>\n<meta property=\"og:image\" content=\"https:\/\/car-o-liner.com\/wp-content\/uploads\/cmi-twin-hero.png\" \/>\n\t<meta property=\"og:image:width\" content=\"1500\" \/>\n\t<meta property=\"og:image:height\" content=\"1250\" \/>\n\t<meta property=\"og:image:type\" content=\"image\/png\" \/>\n<meta name=\"twitter:card\" content=\"summary_large_image\" \/>\n<script type=\"application\/ld+json\" class=\"yoast-schema-graph\">{\"@context\":\"https:\/\/schema.org\",\"@graph\":[{\"@type\":\"WebPage\",\"@id\":\"https:\/\/car-o-liner.com\/fr\/produit\/cmi-et-cmi-twin\/\",\"url\":\"https:\/\/car-o-liner.com\/fr\/produit\/cmi-et-cmi-twin\/\",\"name\":\"Soudeuses MIG\/MAG CMI\u2122 et CMI\u2122 TWIN | Car-O-Liner FR\",\"isPartOf\":{\"@id\":\"https:\/\/car-o-liner.com\/fr\/#website\"},\"primaryImageOfPage\":{\"@id\":\"https:\/\/car-o-liner.com\/fr\/produit\/cmi-et-cmi-twin\/#primaryimage\"},\"image\":{\"@id\":\"https:\/\/car-o-liner.com\/fr\/produit\/cmi-et-cmi-twin\/#primaryimage\"},\"thumbnailUrl\":\"https:\/\/car-o-liner.com\/wp-content\/uploads\/cmi-twin-hero.png\",\"datePublished\":\"2023-07-24T13:16:10+00:00\",\"dateModified\":\"2024-04-30T19:19:33+00:00\",\"description\":\"La CMI273 dispose de la technologie auto-pulse pour le soudage avanc\u00e9 de l'aluminium. Elle est con\u00e7ue pour tous les mat\u00e9riaux et toutes les applications de soudage, y compris l'acier \u00e0 haute r\u00e9sistance.\",\"breadcrumb\":{\"@id\":\"https:\/\/car-o-liner.com\/fr\/produit\/cmi-et-cmi-twin\/#breadcrumb\"},\"inLanguage\":\"fr-FR\",\"potentialAction\":[{\"@type\":\"ReadAction\",\"target\":[\"https:\/\/car-o-liner.com\/fr\/produit\/cmi-et-cmi-twin\/\"]}]},{\"@type\":\"ImageObject\",\"inLanguage\":\"fr-FR\",\"@id\":\"https:\/\/car-o-liner.com\/fr\/produit\/cmi-et-cmi-twin\/#primaryimage\",\"url\":\"https:\/\/car-o-liner.com\/wp-content\/uploads\/cmi-twin-hero.png\",\"contentUrl\":\"https:\/\/car-o-liner.com\/wp-content\/uploads\/cmi-twin-hero.png\",\"width\":1500,\"height\":1250},{\"@type\":\"BreadcrumbList\",\"@id\":\"https:\/\/car-o-liner.com\/fr\/produit\/cmi-et-cmi-twin\/#breadcrumb\",\"itemListElement\":[{\"@type\":\"ListItem\",\"position\":1,\"name\":\"Home\",\"item\":\"https:\/\/car-o-liner.com\/fr\/\"},{\"@type\":\"ListItem\",\"position\":2,\"name\":\"Joindre &amp; Chauffage\",\"item\":\"https:\/\/car-o-liner.com\/fr\/produit\/joindre-et-chauffer\/\"},{\"@type\":\"ListItem\",\"position\":3,\"name\":\"Soudeuses de v\u00e9hicules \u00e0 moteur\",\"item\":\"https:\/\/car-o-liner.com\/fr\/produit\/poste-a-souder-carrosserie\/\"},{\"@type\":\"ListItem\",\"position\":4,\"name\":\"CMI\u2122 &#038; CMI\u2122TWIN\"}]},{\"@type\":\"WebSite\",\"@id\":\"https:\/\/car-o-liner.com\/fr\/#website\",\"url\":\"https:\/\/car-o-liner.com\/fr\/\",\"name\":\"Car-O-Liner\",\"description\":\"Collision Repair Equipment\",\"publisher\":{\"@id\":\"https:\/\/car-o-liner.com\/fr\/#organization\"},\"potentialAction\":[{\"@type\":\"SearchAction\",\"target\":{\"@type\":\"EntryPoint\",\"urlTemplate\":\"https:\/\/car-o-liner.com\/fr\/?s={search_term_string}\"},\"query-input\":{\"@type\":\"PropertyValueSpecification\",\"valueRequired\":true,\"valueName\":\"search_term_string\"}}],\"inLanguage\":\"fr-FR\"},{\"@type\":\"Organization\",\"@id\":\"https:\/\/car-o-liner.com\/fr\/#organization\",\"name\":\"Car-O-Liner\",\"url\":\"https:\/\/car-o-liner.com\/fr\/\",\"logo\":{\"@type\":\"ImageObject\",\"inLanguage\":\"fr-FR\",\"@id\":\"https:\/\/car-o-liner.com\/fr\/#\/schema\/logo\/image\/\",\"url\":\"https:\/\/car-o-liner.com\/wp-content\/uploads\/Car-O-Liner-blue-web.svg\",\"contentUrl\":\"https:\/\/car-o-liner.com\/wp-content\/uploads\/Car-O-Liner-blue-web.svg\",\"width\":250,\"height\":50,\"caption\":\"Car-O-Liner\"},\"image\":{\"@id\":\"https:\/\/car-o-liner.com\/fr\/#\/schema\/logo\/image\/\"}}]}<\/script>\n<!-- \/ Yoast SEO plugin. -->","yoast_head_json":{"title":"Soudeuses MIG\/MAG CMI\u2122 et CMI\u2122 TWIN | Car-O-Liner FR","description":"La CMI273 dispose de la technologie auto-pulse pour le soudage avanc\u00e9 de l'aluminium. Elle est con\u00e7ue pour tous les mat\u00e9riaux et toutes les applications de soudage, y compris l'acier \u00e0 haute r\u00e9sistance.","robots":{"index":"index","follow":"follow","max-snippet":"max-snippet:-1","max-image-preview":"max-image-preview:large","max-video-preview":"max-video-preview:-1"},"canonical":"https:\/\/car-o-liner.com\/fr\/produit\/cmi-et-cmi-twin\/","og_locale":"fr_FR","og_type":"article","og_title":"Soudeuses MIG\/MAG CMI\u2122 et CMI\u2122 TWIN | Car-O-Liner FR","og_description":"La CMI273 dispose de la technologie auto-pulse pour le soudage avanc\u00e9 de l'aluminium. Elle est con\u00e7ue pour tous les mat\u00e9riaux et toutes les applications de soudage, y compris l'acier \u00e0 haute r\u00e9sistance.","og_url":"https:\/\/car-o-liner.com\/fr\/produit\/cmi-et-cmi-twin\/","og_site_name":"Car-O-Liner","article_modified_time":"2024-04-30T19:19:33+00:00","og_image":[{"width":1500,"height":1250,"url":"https:\/\/car-o-liner.com\/wp-content\/uploads\/cmi-twin-hero.png","type":"image\/png"}],"twitter_card":"summary_large_image","schema":{"@context":"https:\/\/schema.org","@graph":[{"@type":"WebPage","@id":"https:\/\/car-o-liner.com\/fr\/produit\/cmi-et-cmi-twin\/","url":"https:\/\/car-o-liner.com\/fr\/produit\/cmi-et-cmi-twin\/","name":"Soudeuses MIG\/MAG CMI\u2122 et CMI\u2122 TWIN | Car-O-Liner FR","isPartOf":{"@id":"https:\/\/car-o-liner.com\/fr\/#website"},"primaryImageOfPage":{"@id":"https:\/\/car-o-liner.com\/fr\/produit\/cmi-et-cmi-twin\/#primaryimage"},"image":{"@id":"https:\/\/car-o-liner.com\/fr\/produit\/cmi-et-cmi-twin\/#primaryimage"},"thumbnailUrl":"https:\/\/car-o-liner.com\/wp-content\/uploads\/cmi-twin-hero.png","datePublished":"2023-07-24T13:16:10+00:00","dateModified":"2024-04-30T19:19:33+00:00","description":"La CMI273 dispose de la technologie auto-pulse pour le soudage avanc\u00e9 de l'aluminium. Elle est con\u00e7ue pour tous les mat\u00e9riaux et toutes les applications de soudage, y compris l'acier \u00e0 haute r\u00e9sistance.","breadcrumb":{"@id":"https:\/\/car-o-liner.com\/fr\/produit\/cmi-et-cmi-twin\/#breadcrumb"},"inLanguage":"fr-FR","potentialAction":[{"@type":"ReadAction","target":["https:\/\/car-o-liner.com\/fr\/produit\/cmi-et-cmi-twin\/"]}]},{"@type":"ImageObject","inLanguage":"fr-FR","@id":"https:\/\/car-o-liner.com\/fr\/produit\/cmi-et-cmi-twin\/#primaryimage","url":"https:\/\/car-o-liner.com\/wp-content\/uploads\/cmi-twin-hero.png","contentUrl":"https:\/\/car-o-liner.com\/wp-content\/uploads\/cmi-twin-hero.png","width":1500,"height":1250},{"@type":"BreadcrumbList","@id":"https:\/\/car-o-liner.com\/fr\/produit\/cmi-et-cmi-twin\/#breadcrumb","itemListElement":[{"@type":"ListItem","position":1,"name":"Home","item":"https:\/\/car-o-liner.com\/fr\/"},{"@type":"ListItem","position":2,"name":"Joindre &amp; Chauffage","item":"https:\/\/car-o-liner.com\/fr\/produit\/joindre-et-chauffer\/"},{"@type":"ListItem","position":3,"name":"Soudeuses de v\u00e9hicules \u00e0 moteur","item":"https:\/\/car-o-liner.com\/fr\/produit\/poste-a-souder-carrosserie\/"},{"@type":"ListItem","position":4,"name":"CMI\u2122 &#038; CMI\u2122TWIN"}]},{"@type":"WebSite","@id":"https:\/\/car-o-liner.com\/fr\/#website","url":"https:\/\/car-o-liner.com\/fr\/","name":"Car-O-Liner","description":"Collision Repair Equipment","publisher":{"@id":"https:\/\/car-o-liner.com\/fr\/#organization"},"potentialAction":[{"@type":"SearchAction","target":{"@type":"EntryPoint","urlTemplate":"https:\/\/car-o-liner.com\/fr\/?s={search_term_string}"},"query-input":{"@type":"PropertyValueSpecification","valueRequired":true,"valueName":"search_term_string"}}],"inLanguage":"fr-FR"},{"@type":"Organization","@id":"https:\/\/car-o-liner.com\/fr\/#organization","name":"Car-O-Liner","url":"https:\/\/car-o-liner.com\/fr\/","logo":{"@type":"ImageObject","inLanguage":"fr-FR","@id":"https:\/\/car-o-liner.com\/fr\/#\/schema\/logo\/image\/","url":"https:\/\/car-o-liner.com\/wp-content\/uploads\/Car-O-Liner-blue-web.svg","contentUrl":"https:\/\/car-o-liner.com\/wp-content\/uploads\/Car-O-Liner-blue-web.svg","width":250,"height":50,"caption":"Car-O-Liner"},"image":{"@id":"https:\/\/car-o-liner.com\/fr\/#\/schema\/logo\/image\/"}}]}},"_links":{"self":[{"href":"https:\/\/car-o-liner.com\/fr\/wp-json\/wp\/v2\/product\/85304","targetHints":{"allow":["GET"]}}],"collection":[{"href":"https:\/\/car-o-liner.com\/fr\/wp-json\/wp\/v2\/product"}],"about":[{"href":"https:\/\/car-o-liner.com\/fr\/wp-json\/wp\/v2\/types\/product"}],"up":[{"embeddable":true,"href":"https:\/\/car-o-liner.com\/fr\/wp-json\/wp\/v2\/product\/86584"}],"wp:featuredmedia":[{"embeddable":true,"href":"https:\/\/car-o-liner.com\/fr\/wp-json\/wp\/v2\/media\/85306"}],"wp:attachment":[{"href":"https:\/\/car-o-liner.com\/fr\/wp-json\/wp\/v2\/media?parent=85304"}],"curies":[{"name":"wp","href":"https:\/\/api.w.org\/{rel}","templated":true}]}}