{"id":86577,"date":"2023-07-05T21:07:19","date_gmt":"2023-07-05T19:07:19","guid":{"rendered":"https:\/\/car-o-liner-test.phl.togglebox.site\/product\/joining-heating\/spot-welding\/"},"modified":"2024-04-11T15:24:55","modified_gmt":"2024-04-11T13:24:55","slug":"soudeuse-par-point","status":"publish","type":"product","link":"https:\/\/car-o-liner.com\/fr\/produit\/soudeuse-par-point\/","title":{"rendered":"Soudeuses par points automobiles"},"content":{"rendered":"","protected":false},"excerpt":{"rendered":"","protected":false},"featured_media":0,"parent":81747,"menu_order":1,"template":"page-templates\/alignment-straightening-narrow.php","format":"standard","meta":[],"class_list":["post-86577","product","type-product","status-publish","format-standard","hentry"],"yoast_head":"<!-- This site is optimized with the Yoast SEO plugin v27.2 - https:\/\/yoast.com\/product\/yoast-seo-wordpress\/ -->\n<title>Soudeuses par points pour v\u00e9hicules \u00e0 moteur | Car-O-Liner FR<\/title>\n<meta name=\"description\" content=\"D\u00e9couvrez nos soudeuses par points pour v\u00e9hicules \u00e0 moteur pour des r\u00e9parations de collisions de qualit\u00e9. Procurez-vous un \u00e9quipement de soudage robuste et efficace con\u00e7u pour les ateliers de carrosserie automobile.\" \/>\n<meta name=\"robots\" content=\"index, follow, max-snippet:-1, max-image-preview:large, max-video-preview:-1\" \/>\n<link rel=\"canonical\" href=\"https:\/\/car-o-liner.com\/fr\/produit\/soudeuse-par-point\/\" \/>\n<meta property=\"og:locale\" content=\"fr_FR\" \/>\n<meta property=\"og:type\" content=\"article\" \/>\n<meta property=\"og:title\" content=\"Soudeuses par points pour v\u00e9hicules \u00e0 moteur | Car-O-Liner FR\" \/>\n<meta property=\"og:description\" content=\"D\u00e9couvrez nos soudeuses par points pour v\u00e9hicules \u00e0 moteur pour des r\u00e9parations de collisions de qualit\u00e9. Procurez-vous un \u00e9quipement de soudage robuste et efficace con\u00e7u pour les ateliers de carrosserie automobile.\" \/>\n<meta property=\"og:url\" content=\"https:\/\/car-o-liner.com\/fr\/produit\/soudeuse-par-point\/\" \/>\n<meta property=\"og:site_name\" content=\"Car-O-Liner\" \/>\n<meta property=\"article:modified_time\" content=\"2024-04-11T13:24:55+00:00\" \/>\n<meta name=\"twitter:card\" content=\"summary_large_image\" \/>\n<script type=\"application\/ld+json\" class=\"yoast-schema-graph\">{\"@context\":\"https:\/\/schema.org\",\"@graph\":[{\"@type\":\"WebPage\",\"@id\":\"https:\/\/car-o-liner.com\/fr\/produit\/soudeuse-par-point\/\",\"url\":\"https:\/\/car-o-liner.com\/fr\/produit\/soudeuse-par-point\/\",\"name\":\"Soudeuses par points pour v\u00e9hicules \u00e0 moteur | Car-O-Liner FR\",\"isPartOf\":{\"@id\":\"https:\/\/car-o-liner.com\/fr\/#website\"},\"datePublished\":\"2023-07-05T19:07:19+00:00\",\"dateModified\":\"2024-04-11T13:24:55+00:00\",\"description\":\"D\u00e9couvrez nos soudeuses par points pour v\u00e9hicules \u00e0 moteur pour des r\u00e9parations de collisions de qualit\u00e9. Procurez-vous un \u00e9quipement de soudage robuste et efficace con\u00e7u pour les ateliers de carrosserie automobile.\",\"breadcrumb\":{\"@id\":\"https:\/\/car-o-liner.com\/fr\/produit\/soudeuse-par-point\/#breadcrumb\"},\"inLanguage\":\"fr-FR\",\"potentialAction\":[{\"@type\":\"ReadAction\",\"target\":[\"https:\/\/car-o-liner.com\/fr\/produit\/soudeuse-par-point\/\"]}]},{\"@type\":\"BreadcrumbList\",\"@id\":\"https:\/\/car-o-liner.com\/fr\/produit\/soudeuse-par-point\/#breadcrumb\",\"itemListElement\":[{\"@type\":\"ListItem\",\"position\":1,\"name\":\"Home\",\"item\":\"https:\/\/car-o-liner.com\/fr\/\"},{\"@type\":\"ListItem\",\"position\":2,\"name\":\"Joindre &amp; Chauffage\",\"item\":\"https:\/\/car-o-liner.com\/fr\/produit\/joindre-et-chauffer\/\"},{\"@type\":\"ListItem\",\"position\":3,\"name\":\"Soudeuses par points automobiles\"}]},{\"@type\":\"WebSite\",\"@id\":\"https:\/\/car-o-liner.com\/fr\/#website\",\"url\":\"https:\/\/car-o-liner.com\/fr\/\",\"name\":\"Car-O-Liner\",\"description\":\"Collision Repair Equipment\",\"publisher\":{\"@id\":\"https:\/\/car-o-liner.com\/fr\/#organization\"},\"potentialAction\":[{\"@type\":\"SearchAction\",\"target\":{\"@type\":\"EntryPoint\",\"urlTemplate\":\"https:\/\/car-o-liner.com\/fr\/?s={search_term_string}\"},\"query-input\":{\"@type\":\"PropertyValueSpecification\",\"valueRequired\":true,\"valueName\":\"search_term_string\"}}],\"inLanguage\":\"fr-FR\"},{\"@type\":\"Organization\",\"@id\":\"https:\/\/car-o-liner.com\/fr\/#organization\",\"name\":\"Car-O-Liner\",\"url\":\"https:\/\/car-o-liner.com\/fr\/\",\"logo\":{\"@type\":\"ImageObject\",\"inLanguage\":\"fr-FR\",\"@id\":\"https:\/\/car-o-liner.com\/fr\/#\/schema\/logo\/image\/\",\"url\":\"https:\/\/car-o-liner.com\/wp-content\/uploads\/Car-O-Liner-blue-web.svg\",\"contentUrl\":\"https:\/\/car-o-liner.com\/wp-content\/uploads\/Car-O-Liner-blue-web.svg\",\"width\":250,\"height\":50,\"caption\":\"Car-O-Liner\"},\"image\":{\"@id\":\"https:\/\/car-o-liner.com\/fr\/#\/schema\/logo\/image\/\"}}]}<\/script>\n<!-- \/ Yoast SEO plugin. -->","yoast_head_json":{"title":"Soudeuses par points pour v\u00e9hicules \u00e0 moteur | Car-O-Liner FR","description":"D\u00e9couvrez nos soudeuses par points pour v\u00e9hicules \u00e0 moteur pour des r\u00e9parations de collisions de qualit\u00e9. Procurez-vous un \u00e9quipement de soudage robuste et efficace con\u00e7u pour les ateliers de carrosserie automobile.","robots":{"index":"index","follow":"follow","max-snippet":"max-snippet:-1","max-image-preview":"max-image-preview:large","max-video-preview":"max-video-preview:-1"},"canonical":"https:\/\/car-o-liner.com\/fr\/produit\/soudeuse-par-point\/","og_locale":"fr_FR","og_type":"article","og_title":"Soudeuses par points pour v\u00e9hicules \u00e0 moteur | Car-O-Liner FR","og_description":"D\u00e9couvrez nos soudeuses par points pour v\u00e9hicules \u00e0 moteur pour des r\u00e9parations de collisions de qualit\u00e9. Procurez-vous un \u00e9quipement de soudage robuste et efficace con\u00e7u pour les ateliers de carrosserie automobile.","og_url":"https:\/\/car-o-liner.com\/fr\/produit\/soudeuse-par-point\/","og_site_name":"Car-O-Liner","article_modified_time":"2024-04-11T13:24:55+00:00","twitter_card":"summary_large_image","schema":{"@context":"https:\/\/schema.org","@graph":[{"@type":"WebPage","@id":"https:\/\/car-o-liner.com\/fr\/produit\/soudeuse-par-point\/","url":"https:\/\/car-o-liner.com\/fr\/produit\/soudeuse-par-point\/","name":"Soudeuses par points pour v\u00e9hicules \u00e0 moteur | Car-O-Liner FR","isPartOf":{"@id":"https:\/\/car-o-liner.com\/fr\/#website"},"datePublished":"2023-07-05T19:07:19+00:00","dateModified":"2024-04-11T13:24:55+00:00","description":"D\u00e9couvrez nos soudeuses par points pour v\u00e9hicules \u00e0 moteur pour des r\u00e9parations de collisions de qualit\u00e9. Procurez-vous un \u00e9quipement de soudage robuste et efficace con\u00e7u pour les ateliers de carrosserie automobile.","breadcrumb":{"@id":"https:\/\/car-o-liner.com\/fr\/produit\/soudeuse-par-point\/#breadcrumb"},"inLanguage":"fr-FR","potentialAction":[{"@type":"ReadAction","target":["https:\/\/car-o-liner.com\/fr\/produit\/soudeuse-par-point\/"]}]},{"@type":"BreadcrumbList","@id":"https:\/\/car-o-liner.com\/fr\/produit\/soudeuse-par-point\/#breadcrumb","itemListElement":[{"@type":"ListItem","position":1,"name":"Home","item":"https:\/\/car-o-liner.com\/fr\/"},{"@type":"ListItem","position":2,"name":"Joindre &amp; Chauffage","item":"https:\/\/car-o-liner.com\/fr\/produit\/joindre-et-chauffer\/"},{"@type":"ListItem","position":3,"name":"Soudeuses par points automobiles"}]},{"@type":"WebSite","@id":"https:\/\/car-o-liner.com\/fr\/#website","url":"https:\/\/car-o-liner.com\/fr\/","name":"Car-O-Liner","description":"Collision Repair Equipment","publisher":{"@id":"https:\/\/car-o-liner.com\/fr\/#organization"},"potentialAction":[{"@type":"SearchAction","target":{"@type":"EntryPoint","urlTemplate":"https:\/\/car-o-liner.com\/fr\/?s={search_term_string}"},"query-input":{"@type":"PropertyValueSpecification","valueRequired":true,"valueName":"search_term_string"}}],"inLanguage":"fr-FR"},{"@type":"Organization","@id":"https:\/\/car-o-liner.com\/fr\/#organization","name":"Car-O-Liner","url":"https:\/\/car-o-liner.com\/fr\/","logo":{"@type":"ImageObject","inLanguage":"fr-FR","@id":"https:\/\/car-o-liner.com\/fr\/#\/schema\/logo\/image\/","url":"https:\/\/car-o-liner.com\/wp-content\/uploads\/Car-O-Liner-blue-web.svg","contentUrl":"https:\/\/car-o-liner.com\/wp-content\/uploads\/Car-O-Liner-blue-web.svg","width":250,"height":50,"caption":"Car-O-Liner"},"image":{"@id":"https:\/\/car-o-liner.com\/fr\/#\/schema\/logo\/image\/"}}]}},"_links":{"self":[{"href":"https:\/\/car-o-liner.com\/fr\/wp-json\/wp\/v2\/product\/86577","targetHints":{"allow":["GET"]}}],"collection":[{"href":"https:\/\/car-o-liner.com\/fr\/wp-json\/wp\/v2\/product"}],"about":[{"href":"https:\/\/car-o-liner.com\/fr\/wp-json\/wp\/v2\/types\/product"}],"up":[{"embeddable":true,"href":"https:\/\/car-o-liner.com\/fr\/wp-json\/wp\/v2\/product\/81747"}],"wp:attachment":[{"href":"https:\/\/car-o-liner.com\/fr\/wp-json\/wp\/v2\/media?parent=86577"}],"curies":[{"name":"wp","href":"https:\/\/api.w.org\/{rel}","templated":true}]}}