{"id":86591,"date":"2023-07-05T21:09:01","date_gmt":"2023-07-05T19:09:01","guid":{"rendered":"https:\/\/car-o-liner-test.phl.togglebox.site\/product\/joining-heating\/induction\/"},"modified":"2024-04-15T14:24:27","modified_gmt":"2024-04-15T12:24:27","slug":"radiateur-a-induction","status":"publish","type":"product","link":"https:\/\/car-o-liner.com\/fr\/produit\/radiateur-a-induction\/","title":{"rendered":"Appareil de chauffage par induction pour v\u00e9hicules \u00e0 moteur"},"content":{"rendered":"","protected":false},"excerpt":{"rendered":"","protected":false},"featured_media":0,"parent":81747,"menu_order":3,"template":"page-templates\/alignment-straightening-narrow.php","format":"standard","meta":[],"class_list":["post-86591","product","type-product","status-publish","format-standard","hentry"],"yoast_head":"<!-- This site is optimized with the Yoast SEO plugin v27.4 - https:\/\/yoast.com\/product\/yoast-seo-wordpress\/ -->\n<title>Appareils de chauffage par induction pour v\u00e9hicules \u00e0 moteur | Car-O-Liner FR<\/title>\n<meta name=\"description\" content=\"D\u00e9couvrez d\u2019efficaces appareils de chauffage par induction pour v\u00e9hicules \u00e0 moteur con\u00e7us pour les professionnels de la r\u00e9paration de collisions. Am\u00e9liorez les capacit\u00e9s de votre atelier gr\u00e2ce \u00e0 notre technologie de pointe.\" \/>\n<meta name=\"robots\" content=\"index, follow, max-snippet:-1, max-image-preview:large, max-video-preview:-1\" \/>\n<link rel=\"canonical\" href=\"https:\/\/car-o-liner.com\/fr\/produit\/radiateur-a-induction\/\" \/>\n<meta property=\"og:locale\" content=\"fr_FR\" \/>\n<meta property=\"og:type\" content=\"article\" \/>\n<meta property=\"og:title\" content=\"Appareils de chauffage par induction pour v\u00e9hicules \u00e0 moteur | Car-O-Liner FR\" \/>\n<meta property=\"og:description\" content=\"D\u00e9couvrez d\u2019efficaces appareils de chauffage par induction pour v\u00e9hicules \u00e0 moteur con\u00e7us pour les professionnels de la r\u00e9paration de collisions. Am\u00e9liorez les capacit\u00e9s de votre atelier gr\u00e2ce \u00e0 notre technologie de pointe.\" \/>\n<meta property=\"og:url\" content=\"https:\/\/car-o-liner.com\/fr\/produit\/radiateur-a-induction\/\" \/>\n<meta property=\"og:site_name\" content=\"Car-O-Liner\" \/>\n<meta property=\"article:modified_time\" content=\"2024-04-15T12:24:27+00:00\" \/>\n<meta name=\"twitter:card\" content=\"summary_large_image\" \/>\n<script type=\"application\/ld+json\" class=\"yoast-schema-graph\">{\"@context\":\"https:\\\/\\\/schema.org\",\"@graph\":[{\"@type\":\"WebPage\",\"@id\":\"https:\\\/\\\/car-o-liner.com\\\/fr\\\/produit\\\/radiateur-a-induction\\\/\",\"url\":\"https:\\\/\\\/car-o-liner.com\\\/fr\\\/produit\\\/radiateur-a-induction\\\/\",\"name\":\"Appareils de chauffage par induction pour v\u00e9hicules \u00e0 moteur | Car-O-Liner FR\",\"isPartOf\":{\"@id\":\"https:\\\/\\\/car-o-liner.com\\\/fr\\\/#website\"},\"datePublished\":\"2023-07-05T19:09:01+00:00\",\"dateModified\":\"2024-04-15T12:24:27+00:00\",\"description\":\"D\u00e9couvrez d\u2019efficaces appareils de chauffage par induction pour v\u00e9hicules \u00e0 moteur con\u00e7us pour les professionnels de la r\u00e9paration de collisions. Am\u00e9liorez les capacit\u00e9s de votre atelier gr\u00e2ce \u00e0 notre technologie de pointe.\",\"breadcrumb\":{\"@id\":\"https:\\\/\\\/car-o-liner.com\\\/fr\\\/produit\\\/radiateur-a-induction\\\/#breadcrumb\"},\"inLanguage\":\"fr-FR\",\"potentialAction\":[{\"@type\":\"ReadAction\",\"target\":[\"https:\\\/\\\/car-o-liner.com\\\/fr\\\/produit\\\/radiateur-a-induction\\\/\"]}]},{\"@type\":\"BreadcrumbList\",\"@id\":\"https:\\\/\\\/car-o-liner.com\\\/fr\\\/produit\\\/radiateur-a-induction\\\/#breadcrumb\",\"itemListElement\":[{\"@type\":\"ListItem\",\"position\":1,\"name\":\"Home\",\"item\":\"https:\\\/\\\/car-o-liner.com\\\/fr\\\/\"},{\"@type\":\"ListItem\",\"position\":2,\"name\":\"Joindre &amp; Chauffage\",\"item\":\"https:\\\/\\\/car-o-liner.com\\\/fr\\\/produit\\\/joindre-et-chauffer\\\/\"},{\"@type\":\"ListItem\",\"position\":3,\"name\":\"Appareil de chauffage par induction pour v\u00e9hicules \u00e0 moteur\"}]},{\"@type\":\"WebSite\",\"@id\":\"https:\\\/\\\/car-o-liner.com\\\/fr\\\/#website\",\"url\":\"https:\\\/\\\/car-o-liner.com\\\/fr\\\/\",\"name\":\"Car-O-Liner\",\"description\":\"Collision Repair Equipment\",\"publisher\":{\"@id\":\"https:\\\/\\\/car-o-liner.com\\\/fr\\\/#organization\"},\"potentialAction\":[{\"@type\":\"SearchAction\",\"target\":{\"@type\":\"EntryPoint\",\"urlTemplate\":\"https:\\\/\\\/car-o-liner.com\\\/fr\\\/?s={search_term_string}\"},\"query-input\":{\"@type\":\"PropertyValueSpecification\",\"valueRequired\":true,\"valueName\":\"search_term_string\"}}],\"inLanguage\":\"fr-FR\"},{\"@type\":\"Organization\",\"@id\":\"https:\\\/\\\/car-o-liner.com\\\/fr\\\/#organization\",\"name\":\"Car-O-Liner\",\"url\":\"https:\\\/\\\/car-o-liner.com\\\/fr\\\/\",\"logo\":{\"@type\":\"ImageObject\",\"inLanguage\":\"fr-FR\",\"@id\":\"https:\\\/\\\/car-o-liner.com\\\/fr\\\/#\\\/schema\\\/logo\\\/image\\\/\",\"url\":\"https:\\\/\\\/car-o-liner.com\\\/wp-content\\\/uploads\\\/Car-O-Liner-blue-web.svg\",\"contentUrl\":\"https:\\\/\\\/car-o-liner.com\\\/wp-content\\\/uploads\\\/Car-O-Liner-blue-web.svg\",\"width\":250,\"height\":50,\"caption\":\"Car-O-Liner\"},\"image\":{\"@id\":\"https:\\\/\\\/car-o-liner.com\\\/fr\\\/#\\\/schema\\\/logo\\\/image\\\/\"}}]}<\/script>\n<!-- \/ Yoast SEO plugin. -->","yoast_head_json":{"title":"Appareils de chauffage par induction pour v\u00e9hicules \u00e0 moteur | Car-O-Liner FR","description":"D\u00e9couvrez d\u2019efficaces appareils de chauffage par induction pour v\u00e9hicules \u00e0 moteur con\u00e7us pour les professionnels de la r\u00e9paration de collisions. Am\u00e9liorez les capacit\u00e9s de votre atelier gr\u00e2ce \u00e0 notre technologie de pointe.","robots":{"index":"index","follow":"follow","max-snippet":"max-snippet:-1","max-image-preview":"max-image-preview:large","max-video-preview":"max-video-preview:-1"},"canonical":"https:\/\/car-o-liner.com\/fr\/produit\/radiateur-a-induction\/","og_locale":"fr_FR","og_type":"article","og_title":"Appareils de chauffage par induction pour v\u00e9hicules \u00e0 moteur | Car-O-Liner FR","og_description":"D\u00e9couvrez d\u2019efficaces appareils de chauffage par induction pour v\u00e9hicules \u00e0 moteur con\u00e7us pour les professionnels de la r\u00e9paration de collisions. Am\u00e9liorez les capacit\u00e9s de votre atelier gr\u00e2ce \u00e0 notre technologie de pointe.","og_url":"https:\/\/car-o-liner.com\/fr\/produit\/radiateur-a-induction\/","og_site_name":"Car-O-Liner","article_modified_time":"2024-04-15T12:24:27+00:00","twitter_card":"summary_large_image","schema":{"@context":"https:\/\/schema.org","@graph":[{"@type":"WebPage","@id":"https:\/\/car-o-liner.com\/fr\/produit\/radiateur-a-induction\/","url":"https:\/\/car-o-liner.com\/fr\/produit\/radiateur-a-induction\/","name":"Appareils de chauffage par induction pour v\u00e9hicules \u00e0 moteur | Car-O-Liner FR","isPartOf":{"@id":"https:\/\/car-o-liner.com\/fr\/#website"},"datePublished":"2023-07-05T19:09:01+00:00","dateModified":"2024-04-15T12:24:27+00:00","description":"D\u00e9couvrez d\u2019efficaces appareils de chauffage par induction pour v\u00e9hicules \u00e0 moteur con\u00e7us pour les professionnels de la r\u00e9paration de collisions. Am\u00e9liorez les capacit\u00e9s de votre atelier gr\u00e2ce \u00e0 notre technologie de pointe.","breadcrumb":{"@id":"https:\/\/car-o-liner.com\/fr\/produit\/radiateur-a-induction\/#breadcrumb"},"inLanguage":"fr-FR","potentialAction":[{"@type":"ReadAction","target":["https:\/\/car-o-liner.com\/fr\/produit\/radiateur-a-induction\/"]}]},{"@type":"BreadcrumbList","@id":"https:\/\/car-o-liner.com\/fr\/produit\/radiateur-a-induction\/#breadcrumb","itemListElement":[{"@type":"ListItem","position":1,"name":"Home","item":"https:\/\/car-o-liner.com\/fr\/"},{"@type":"ListItem","position":2,"name":"Joindre &amp; Chauffage","item":"https:\/\/car-o-liner.com\/fr\/produit\/joindre-et-chauffer\/"},{"@type":"ListItem","position":3,"name":"Appareil de chauffage par induction pour v\u00e9hicules \u00e0 moteur"}]},{"@type":"WebSite","@id":"https:\/\/car-o-liner.com\/fr\/#website","url":"https:\/\/car-o-liner.com\/fr\/","name":"Car-O-Liner","description":"Collision Repair Equipment","publisher":{"@id":"https:\/\/car-o-liner.com\/fr\/#organization"},"potentialAction":[{"@type":"SearchAction","target":{"@type":"EntryPoint","urlTemplate":"https:\/\/car-o-liner.com\/fr\/?s={search_term_string}"},"query-input":{"@type":"PropertyValueSpecification","valueRequired":true,"valueName":"search_term_string"}}],"inLanguage":"fr-FR"},{"@type":"Organization","@id":"https:\/\/car-o-liner.com\/fr\/#organization","name":"Car-O-Liner","url":"https:\/\/car-o-liner.com\/fr\/","logo":{"@type":"ImageObject","inLanguage":"fr-FR","@id":"https:\/\/car-o-liner.com\/fr\/#\/schema\/logo\/image\/","url":"https:\/\/car-o-liner.com\/wp-content\/uploads\/Car-O-Liner-blue-web.svg","contentUrl":"https:\/\/car-o-liner.com\/wp-content\/uploads\/Car-O-Liner-blue-web.svg","width":250,"height":50,"caption":"Car-O-Liner"},"image":{"@id":"https:\/\/car-o-liner.com\/fr\/#\/schema\/logo\/image\/"}}]}},"_links":{"self":[{"href":"https:\/\/car-o-liner.com\/fr\/wp-json\/wp\/v2\/product\/86591","targetHints":{"allow":["GET"]}}],"collection":[{"href":"https:\/\/car-o-liner.com\/fr\/wp-json\/wp\/v2\/product"}],"about":[{"href":"https:\/\/car-o-liner.com\/fr\/wp-json\/wp\/v2\/types\/product"}],"up":[{"embeddable":true,"href":"https:\/\/car-o-liner.com\/fr\/wp-json\/wp\/v2\/product\/81747"}],"wp:attachment":[{"href":"https:\/\/car-o-liner.com\/fr\/wp-json\/wp\/v2\/media?parent=86591"}],"curies":[{"name":"wp","href":"https:\/\/api.w.org\/{rel}","templated":true}]}}