{"id":86626,"date":"2023-06-30T20:56:08","date_gmt":"2023-06-30T18:56:08","guid":{"rendered":"https:\/\/car-o-liner-test.phl.togglebox.site\/product\/testing-calibration\/"},"modified":"2024-04-15T14:12:15","modified_gmt":"2024-04-15T12:12:15","slug":"tests-et-etalonnage","status":"publish","type":"product","link":"https:\/\/car-o-liner.com\/fr\/produit\/tests-et-etalonnage\/","title":{"rendered":"Tests &#038; \u00c9talonnage"},"content":{"rendered":"\n<p>Innovant, pr\u00e9cis et simple<\/p>\n\n\n\n<p><\/p>\n","protected":false},"excerpt":{"rendered":"<p>Innovant, pr\u00e9cis et simple<\/p>\n","protected":false},"featured_media":86627,"parent":0,"menu_order":5,"template":"page-templates\/alignment-straightening.php","format":"standard","meta":[],"class_list":["post-86626","product","type-product","status-publish","format-standard","has-post-thumbnail","hentry"],"yoast_head":"<!-- This site is optimized with the Yoast SEO plugin v27.4 - https:\/\/yoast.com\/product\/yoast-seo-wordpress\/ -->\n<title>Tests et \u00e9talonnage | Car-O-Liner FR<\/title>\n<meta name=\"description\" content=\"Car-O-Liner\u00ae propose des solutions avanc\u00e9es d\u2019\u00e9talonnage et de test qui r\u00e9pondent aux sp\u00e9cifications FEO et am\u00e9liorent la qualit\u00e9 des services de r\u00e9paration.\" \/>\n<meta name=\"robots\" content=\"index, follow, max-snippet:-1, max-image-preview:large, max-video-preview:-1\" \/>\n<link rel=\"canonical\" href=\"https:\/\/car-o-liner.com\/fr\/produit\/tests-et-etalonnage\/\" \/>\n<meta property=\"og:locale\" content=\"fr_FR\" \/>\n<meta property=\"og:type\" content=\"article\" \/>\n<meta property=\"og:title\" content=\"Tests et \u00e9talonnage | Car-O-Liner FR\" \/>\n<meta property=\"og:description\" content=\"Car-O-Liner\u00ae propose des solutions avanc\u00e9es d\u2019\u00e9talonnage et de test qui r\u00e9pondent aux sp\u00e9cifications FEO et am\u00e9liorent la qualit\u00e9 des services de r\u00e9paration.\" \/>\n<meta property=\"og:url\" content=\"https:\/\/car-o-liner.com\/fr\/produit\/tests-et-etalonnage\/\" \/>\n<meta property=\"og:site_name\" content=\"Car-O-Liner\" \/>\n<meta property=\"article:modified_time\" content=\"2024-04-15T12:12:15+00:00\" \/>\n<meta name=\"twitter:card\" content=\"summary_large_image\" \/>\n<script type=\"application\/ld+json\" class=\"yoast-schema-graph\">{\"@context\":\"https:\\\/\\\/schema.org\",\"@graph\":[{\"@type\":\"WebPage\",\"@id\":\"https:\\\/\\\/car-o-liner.com\\\/fr\\\/produit\\\/tests-et-etalonnage\\\/\",\"url\":\"https:\\\/\\\/car-o-liner.com\\\/fr\\\/produit\\\/tests-et-etalonnage\\\/\",\"name\":\"Tests et \u00e9talonnage | Car-O-Liner FR\",\"isPartOf\":{\"@id\":\"https:\\\/\\\/car-o-liner.com\\\/fr\\\/#website\"},\"primaryImageOfPage\":{\"@id\":\"https:\\\/\\\/car-o-liner.com\\\/fr\\\/produit\\\/tests-et-etalonnage\\\/#primaryimage\"},\"image\":{\"@id\":\"https:\\\/\\\/car-o-liner.com\\\/fr\\\/produit\\\/tests-et-etalonnage\\\/#primaryimage\"},\"thumbnailUrl\":\"https:\\\/\\\/car-o-liner.com\\\/wp-content\\\/uploads\\\/media_library_export-caroliner-2023_08_08_15_04_31\\\/testing_calibration.svg\",\"datePublished\":\"2023-06-30T18:56:08+00:00\",\"dateModified\":\"2024-04-15T12:12:15+00:00\",\"description\":\"Car-O-Liner\u00ae propose des solutions avanc\u00e9es d\u2019\u00e9talonnage et de test qui r\u00e9pondent aux sp\u00e9cifications FEO et am\u00e9liorent la qualit\u00e9 des services de r\u00e9paration.\",\"breadcrumb\":{\"@id\":\"https:\\\/\\\/car-o-liner.com\\\/fr\\\/produit\\\/tests-et-etalonnage\\\/#breadcrumb\"},\"inLanguage\":\"fr-FR\",\"potentialAction\":[{\"@type\":\"ReadAction\",\"target\":[\"https:\\\/\\\/car-o-liner.com\\\/fr\\\/produit\\\/tests-et-etalonnage\\\/\"]}]},{\"@type\":\"ImageObject\",\"inLanguage\":\"fr-FR\",\"@id\":\"https:\\\/\\\/car-o-liner.com\\\/fr\\\/produit\\\/tests-et-etalonnage\\\/#primaryimage\",\"url\":\"https:\\\/\\\/car-o-liner.com\\\/wp-content\\\/uploads\\\/media_library_export-caroliner-2023_08_08_15_04_31\\\/testing_calibration.svg\",\"contentUrl\":\"https:\\\/\\\/car-o-liner.com\\\/wp-content\\\/uploads\\\/media_library_export-caroliner-2023_08_08_15_04_31\\\/testing_calibration.svg\",\"width\":512,\"height\":512},{\"@type\":\"BreadcrumbList\",\"@id\":\"https:\\\/\\\/car-o-liner.com\\\/fr\\\/produit\\\/tests-et-etalonnage\\\/#breadcrumb\",\"itemListElement\":[{\"@type\":\"ListItem\",\"position\":1,\"name\":\"Home\",\"item\":\"https:\\\/\\\/car-o-liner.com\\\/fr\\\/\"},{\"@type\":\"ListItem\",\"position\":2,\"name\":\"Tests &#038; \u00c9talonnage\"}]},{\"@type\":\"WebSite\",\"@id\":\"https:\\\/\\\/car-o-liner.com\\\/fr\\\/#website\",\"url\":\"https:\\\/\\\/car-o-liner.com\\\/fr\\\/\",\"name\":\"Car-O-Liner\",\"description\":\"Collision Repair Equipment\",\"publisher\":{\"@id\":\"https:\\\/\\\/car-o-liner.com\\\/fr\\\/#organization\"},\"potentialAction\":[{\"@type\":\"SearchAction\",\"target\":{\"@type\":\"EntryPoint\",\"urlTemplate\":\"https:\\\/\\\/car-o-liner.com\\\/fr\\\/?s={search_term_string}\"},\"query-input\":{\"@type\":\"PropertyValueSpecification\",\"valueRequired\":true,\"valueName\":\"search_term_string\"}}],\"inLanguage\":\"fr-FR\"},{\"@type\":\"Organization\",\"@id\":\"https:\\\/\\\/car-o-liner.com\\\/fr\\\/#organization\",\"name\":\"Car-O-Liner\",\"url\":\"https:\\\/\\\/car-o-liner.com\\\/fr\\\/\",\"logo\":{\"@type\":\"ImageObject\",\"inLanguage\":\"fr-FR\",\"@id\":\"https:\\\/\\\/car-o-liner.com\\\/fr\\\/#\\\/schema\\\/logo\\\/image\\\/\",\"url\":\"https:\\\/\\\/car-o-liner.com\\\/wp-content\\\/uploads\\\/Car-O-Liner-blue-web.svg\",\"contentUrl\":\"https:\\\/\\\/car-o-liner.com\\\/wp-content\\\/uploads\\\/Car-O-Liner-blue-web.svg\",\"width\":250,\"height\":50,\"caption\":\"Car-O-Liner\"},\"image\":{\"@id\":\"https:\\\/\\\/car-o-liner.com\\\/fr\\\/#\\\/schema\\\/logo\\\/image\\\/\"}}]}<\/script>\n<!-- \/ Yoast SEO plugin. -->","yoast_head_json":{"title":"Tests et \u00e9talonnage | Car-O-Liner FR","description":"Car-O-Liner\u00ae propose des solutions avanc\u00e9es d\u2019\u00e9talonnage et de test qui r\u00e9pondent aux sp\u00e9cifications FEO et am\u00e9liorent la qualit\u00e9 des services de r\u00e9paration.","robots":{"index":"index","follow":"follow","max-snippet":"max-snippet:-1","max-image-preview":"max-image-preview:large","max-video-preview":"max-video-preview:-1"},"canonical":"https:\/\/car-o-liner.com\/fr\/produit\/tests-et-etalonnage\/","og_locale":"fr_FR","og_type":"article","og_title":"Tests et \u00e9talonnage | Car-O-Liner FR","og_description":"Car-O-Liner\u00ae propose des solutions avanc\u00e9es d\u2019\u00e9talonnage et de test qui r\u00e9pondent aux sp\u00e9cifications FEO et am\u00e9liorent la qualit\u00e9 des services de r\u00e9paration.","og_url":"https:\/\/car-o-liner.com\/fr\/produit\/tests-et-etalonnage\/","og_site_name":"Car-O-Liner","article_modified_time":"2024-04-15T12:12:15+00:00","twitter_card":"summary_large_image","schema":{"@context":"https:\/\/schema.org","@graph":[{"@type":"WebPage","@id":"https:\/\/car-o-liner.com\/fr\/produit\/tests-et-etalonnage\/","url":"https:\/\/car-o-liner.com\/fr\/produit\/tests-et-etalonnage\/","name":"Tests et \u00e9talonnage | Car-O-Liner FR","isPartOf":{"@id":"https:\/\/car-o-liner.com\/fr\/#website"},"primaryImageOfPage":{"@id":"https:\/\/car-o-liner.com\/fr\/produit\/tests-et-etalonnage\/#primaryimage"},"image":{"@id":"https:\/\/car-o-liner.com\/fr\/produit\/tests-et-etalonnage\/#primaryimage"},"thumbnailUrl":"https:\/\/car-o-liner.com\/wp-content\/uploads\/media_library_export-caroliner-2023_08_08_15_04_31\/testing_calibration.svg","datePublished":"2023-06-30T18:56:08+00:00","dateModified":"2024-04-15T12:12:15+00:00","description":"Car-O-Liner\u00ae propose des solutions avanc\u00e9es d\u2019\u00e9talonnage et de test qui r\u00e9pondent aux sp\u00e9cifications FEO et am\u00e9liorent la qualit\u00e9 des services de r\u00e9paration.","breadcrumb":{"@id":"https:\/\/car-o-liner.com\/fr\/produit\/tests-et-etalonnage\/#breadcrumb"},"inLanguage":"fr-FR","potentialAction":[{"@type":"ReadAction","target":["https:\/\/car-o-liner.com\/fr\/produit\/tests-et-etalonnage\/"]}]},{"@type":"ImageObject","inLanguage":"fr-FR","@id":"https:\/\/car-o-liner.com\/fr\/produit\/tests-et-etalonnage\/#primaryimage","url":"https:\/\/car-o-liner.com\/wp-content\/uploads\/media_library_export-caroliner-2023_08_08_15_04_31\/testing_calibration.svg","contentUrl":"https:\/\/car-o-liner.com\/wp-content\/uploads\/media_library_export-caroliner-2023_08_08_15_04_31\/testing_calibration.svg","width":512,"height":512},{"@type":"BreadcrumbList","@id":"https:\/\/car-o-liner.com\/fr\/produit\/tests-et-etalonnage\/#breadcrumb","itemListElement":[{"@type":"ListItem","position":1,"name":"Home","item":"https:\/\/car-o-liner.com\/fr\/"},{"@type":"ListItem","position":2,"name":"Tests &#038; \u00c9talonnage"}]},{"@type":"WebSite","@id":"https:\/\/car-o-liner.com\/fr\/#website","url":"https:\/\/car-o-liner.com\/fr\/","name":"Car-O-Liner","description":"Collision Repair Equipment","publisher":{"@id":"https:\/\/car-o-liner.com\/fr\/#organization"},"potentialAction":[{"@type":"SearchAction","target":{"@type":"EntryPoint","urlTemplate":"https:\/\/car-o-liner.com\/fr\/?s={search_term_string}"},"query-input":{"@type":"PropertyValueSpecification","valueRequired":true,"valueName":"search_term_string"}}],"inLanguage":"fr-FR"},{"@type":"Organization","@id":"https:\/\/car-o-liner.com\/fr\/#organization","name":"Car-O-Liner","url":"https:\/\/car-o-liner.com\/fr\/","logo":{"@type":"ImageObject","inLanguage":"fr-FR","@id":"https:\/\/car-o-liner.com\/fr\/#\/schema\/logo\/image\/","url":"https:\/\/car-o-liner.com\/wp-content\/uploads\/Car-O-Liner-blue-web.svg","contentUrl":"https:\/\/car-o-liner.com\/wp-content\/uploads\/Car-O-Liner-blue-web.svg","width":250,"height":50,"caption":"Car-O-Liner"},"image":{"@id":"https:\/\/car-o-liner.com\/fr\/#\/schema\/logo\/image\/"}}]}},"_links":{"self":[{"href":"https:\/\/car-o-liner.com\/fr\/wp-json\/wp\/v2\/product\/86626","targetHints":{"allow":["GET"]}}],"collection":[{"href":"https:\/\/car-o-liner.com\/fr\/wp-json\/wp\/v2\/product"}],"about":[{"href":"https:\/\/car-o-liner.com\/fr\/wp-json\/wp\/v2\/types\/product"}],"wp:featuredmedia":[{"embeddable":true,"href":"https:\/\/car-o-liner.com\/fr\/wp-json\/wp\/v2\/media\/86627"}],"wp:attachment":[{"href":"https:\/\/car-o-liner.com\/fr\/wp-json\/wp\/v2\/media?parent=86626"}],"curies":[{"name":"wp","href":"https:\/\/api.w.org\/{rel}","templated":true}]}}