{"id":87730,"date":"2024-02-05T16:18:34","date_gmt":"2024-02-05T15:18:34","guid":{"rendered":"https:\/\/car-o-liner-test.phl.togglebox.site\/product\/estimation-bay\/"},"modified":"2024-04-04T21:49:24","modified_gmt":"2024-04-04T19:49:24","slug":"centre-destimation","status":"publish","type":"product","link":"https:\/\/car-o-liner.com\/fr\/produit\/centre-destimation\/","title":{"rendered":"Baie d&rsquo;Estimation"},"content":{"rendered":"","protected":false},"excerpt":{"rendered":"","protected":false},"featured_media":88432,"parent":88292,"menu_order":0,"template":"page-templates\/col-single-product-estimation-bay.php","format":"standard","meta":[],"class_list":["post-87730","product","type-product","status-publish","format-standard","has-post-thumbnail","hentry"],"yoast_head":"<!-- This site is optimized with the Yoast SEO plugin v27.2 - https:\/\/yoast.com\/product\/yoast-seo-wordpress\/ -->\n<title>Centre d&#039;estimation | Car-O-Liner FR<\/title>\n<meta name=\"description\" content=\"Car-O-Liner est fier de proposer un centre d&#039;estimation complet pour atelier de r\u00e9paration de collisions. Il comprend un pont \u00e9l\u00e9vateur, un logiciel de mesure, des espaces de rangement, une formation et plus encore.\" \/>\n<meta name=\"robots\" content=\"index, follow, max-snippet:-1, max-image-preview:large, max-video-preview:-1\" \/>\n<link rel=\"canonical\" href=\"https:\/\/car-o-liner.com\/fr\/produit\/centre-destimation\/\" \/>\n<meta property=\"og:locale\" content=\"fr_FR\" \/>\n<meta property=\"og:type\" content=\"article\" \/>\n<meta property=\"og:title\" content=\"Centre d&#039;estimation | Car-O-Liner FR\" \/>\n<meta property=\"og:description\" content=\"Car-O-Liner est fier de proposer un centre d&#039;estimation complet pour atelier de r\u00e9paration de collisions. Il comprend un pont \u00e9l\u00e9vateur, un logiciel de mesure, des espaces de rangement, une formation et plus encore.\" \/>\n<meta property=\"og:url\" content=\"https:\/\/car-o-liner.com\/fr\/produit\/centre-destimation\/\" \/>\n<meta property=\"og:site_name\" content=\"Car-O-Liner\" \/>\n<meta property=\"article:modified_time\" content=\"2024-04-04T19:49:24+00:00\" \/>\n<meta property=\"og:image\" content=\"https:\/\/car-o-liner.com\/wp-content\/uploads\/estimation-bay-hero-1-1024x853.png\" \/>\n\t<meta property=\"og:image:width\" content=\"1024\" \/>\n\t<meta property=\"og:image:height\" content=\"853\" \/>\n\t<meta property=\"og:image:type\" content=\"image\/png\" \/>\n<meta name=\"twitter:card\" content=\"summary_large_image\" \/>\n<script type=\"application\/ld+json\" class=\"yoast-schema-graph\">{\"@context\":\"https:\/\/schema.org\",\"@graph\":[{\"@type\":\"WebPage\",\"@id\":\"https:\/\/car-o-liner.com\/fr\/produit\/centre-destimation\/\",\"url\":\"https:\/\/car-o-liner.com\/fr\/produit\/centre-destimation\/\",\"name\":\"Centre d'estimation | Car-O-Liner FR\",\"isPartOf\":{\"@id\":\"https:\/\/car-o-liner.com\/fr\/#website\"},\"primaryImageOfPage\":{\"@id\":\"https:\/\/car-o-liner.com\/fr\/produit\/centre-destimation\/#primaryimage\"},\"image\":{\"@id\":\"https:\/\/car-o-liner.com\/fr\/produit\/centre-destimation\/#primaryimage\"},\"thumbnailUrl\":\"https:\/\/car-o-liner.com\/wp-content\/uploads\/estimation-bay-hero-1.png\",\"datePublished\":\"2024-02-05T15:18:34+00:00\",\"dateModified\":\"2024-04-04T19:49:24+00:00\",\"description\":\"Car-O-Liner est fier de proposer un centre d'estimation complet pour atelier de r\u00e9paration de collisions. Il comprend un pont \u00e9l\u00e9vateur, un logiciel de mesure, des espaces de rangement, une formation et plus encore.\",\"breadcrumb\":{\"@id\":\"https:\/\/car-o-liner.com\/fr\/produit\/centre-destimation\/#breadcrumb\"},\"inLanguage\":\"fr-FR\",\"potentialAction\":[{\"@type\":\"ReadAction\",\"target\":[\"https:\/\/car-o-liner.com\/fr\/produit\/centre-destimation\/\"]}]},{\"@type\":\"ImageObject\",\"inLanguage\":\"fr-FR\",\"@id\":\"https:\/\/car-o-liner.com\/fr\/produit\/centre-destimation\/#primaryimage\",\"url\":\"https:\/\/car-o-liner.com\/wp-content\/uploads\/estimation-bay-hero-1.png\",\"contentUrl\":\"https:\/\/car-o-liner.com\/wp-content\/uploads\/estimation-bay-hero-1.png\",\"width\":1500,\"height\":1250,\"caption\":\"CDS\u212235 Double Scissor Lift, the PointX\u00ae II with storage wagon, and a WSS 2-wall module with storage cabinets and hooks for equipment\"},{\"@type\":\"BreadcrumbList\",\"@id\":\"https:\/\/car-o-liner.com\/fr\/produit\/centre-destimation\/#breadcrumb\",\"itemListElement\":[{\"@type\":\"ListItem\",\"position\":1,\"name\":\"Home\",\"item\":\"https:\/\/car-o-liner.com\/fr\/\"},{\"@type\":\"ListItem\",\"position\":2,\"name\":\"Solutions pour ateliers\",\"item\":\"https:\/\/car-o-liner.com\/fr\/produit\/solutions-datelier\/\"},{\"@type\":\"ListItem\",\"position\":3,\"name\":\"Centres pour collisions\",\"item\":\"https:\/\/car-o-liner.com\/fr\/produit\/centres-pour-collisions\/\"},{\"@type\":\"ListItem\",\"position\":4,\"name\":\"Baie d&rsquo;Estimation\"}]},{\"@type\":\"WebSite\",\"@id\":\"https:\/\/car-o-liner.com\/fr\/#website\",\"url\":\"https:\/\/car-o-liner.com\/fr\/\",\"name\":\"Car-O-Liner\",\"description\":\"Collision Repair Equipment\",\"publisher\":{\"@id\":\"https:\/\/car-o-liner.com\/fr\/#organization\"},\"potentialAction\":[{\"@type\":\"SearchAction\",\"target\":{\"@type\":\"EntryPoint\",\"urlTemplate\":\"https:\/\/car-o-liner.com\/fr\/?s={search_term_string}\"},\"query-input\":{\"@type\":\"PropertyValueSpecification\",\"valueRequired\":true,\"valueName\":\"search_term_string\"}}],\"inLanguage\":\"fr-FR\"},{\"@type\":\"Organization\",\"@id\":\"https:\/\/car-o-liner.com\/fr\/#organization\",\"name\":\"Car-O-Liner\",\"url\":\"https:\/\/car-o-liner.com\/fr\/\",\"logo\":{\"@type\":\"ImageObject\",\"inLanguage\":\"fr-FR\",\"@id\":\"https:\/\/car-o-liner.com\/fr\/#\/schema\/logo\/image\/\",\"url\":\"https:\/\/car-o-liner.com\/wp-content\/uploads\/Car-O-Liner-blue-web.svg\",\"contentUrl\":\"https:\/\/car-o-liner.com\/wp-content\/uploads\/Car-O-Liner-blue-web.svg\",\"width\":250,\"height\":50,\"caption\":\"Car-O-Liner\"},\"image\":{\"@id\":\"https:\/\/car-o-liner.com\/fr\/#\/schema\/logo\/image\/\"}}]}<\/script>\n<!-- \/ Yoast SEO plugin. -->","yoast_head_json":{"title":"Centre d'estimation | Car-O-Liner FR","description":"Car-O-Liner est fier de proposer un centre d'estimation complet pour atelier de r\u00e9paration de collisions. Il comprend un pont \u00e9l\u00e9vateur, un logiciel de mesure, des espaces de rangement, une formation et plus encore.","robots":{"index":"index","follow":"follow","max-snippet":"max-snippet:-1","max-image-preview":"max-image-preview:large","max-video-preview":"max-video-preview:-1"},"canonical":"https:\/\/car-o-liner.com\/fr\/produit\/centre-destimation\/","og_locale":"fr_FR","og_type":"article","og_title":"Centre d'estimation | Car-O-Liner FR","og_description":"Car-O-Liner est fier de proposer un centre d'estimation complet pour atelier de r\u00e9paration de collisions. Il comprend un pont \u00e9l\u00e9vateur, un logiciel de mesure, des espaces de rangement, une formation et plus encore.","og_url":"https:\/\/car-o-liner.com\/fr\/produit\/centre-destimation\/","og_site_name":"Car-O-Liner","article_modified_time":"2024-04-04T19:49:24+00:00","og_image":[{"width":1024,"height":853,"url":"https:\/\/car-o-liner.com\/wp-content\/uploads\/estimation-bay-hero-1-1024x853.png","type":"image\/png"}],"twitter_card":"summary_large_image","schema":{"@context":"https:\/\/schema.org","@graph":[{"@type":"WebPage","@id":"https:\/\/car-o-liner.com\/fr\/produit\/centre-destimation\/","url":"https:\/\/car-o-liner.com\/fr\/produit\/centre-destimation\/","name":"Centre d'estimation | Car-O-Liner FR","isPartOf":{"@id":"https:\/\/car-o-liner.com\/fr\/#website"},"primaryImageOfPage":{"@id":"https:\/\/car-o-liner.com\/fr\/produit\/centre-destimation\/#primaryimage"},"image":{"@id":"https:\/\/car-o-liner.com\/fr\/produit\/centre-destimation\/#primaryimage"},"thumbnailUrl":"https:\/\/car-o-liner.com\/wp-content\/uploads\/estimation-bay-hero-1.png","datePublished":"2024-02-05T15:18:34+00:00","dateModified":"2024-04-04T19:49:24+00:00","description":"Car-O-Liner est fier de proposer un centre d'estimation complet pour atelier de r\u00e9paration de collisions. Il comprend un pont \u00e9l\u00e9vateur, un logiciel de mesure, des espaces de rangement, une formation et plus encore.","breadcrumb":{"@id":"https:\/\/car-o-liner.com\/fr\/produit\/centre-destimation\/#breadcrumb"},"inLanguage":"fr-FR","potentialAction":[{"@type":"ReadAction","target":["https:\/\/car-o-liner.com\/fr\/produit\/centre-destimation\/"]}]},{"@type":"ImageObject","inLanguage":"fr-FR","@id":"https:\/\/car-o-liner.com\/fr\/produit\/centre-destimation\/#primaryimage","url":"https:\/\/car-o-liner.com\/wp-content\/uploads\/estimation-bay-hero-1.png","contentUrl":"https:\/\/car-o-liner.com\/wp-content\/uploads\/estimation-bay-hero-1.png","width":1500,"height":1250,"caption":"CDS\u212235 Double Scissor Lift, the PointX\u00ae II with storage wagon, and a WSS 2-wall module with storage cabinets and hooks for equipment"},{"@type":"BreadcrumbList","@id":"https:\/\/car-o-liner.com\/fr\/produit\/centre-destimation\/#breadcrumb","itemListElement":[{"@type":"ListItem","position":1,"name":"Home","item":"https:\/\/car-o-liner.com\/fr\/"},{"@type":"ListItem","position":2,"name":"Solutions pour ateliers","item":"https:\/\/car-o-liner.com\/fr\/produit\/solutions-datelier\/"},{"@type":"ListItem","position":3,"name":"Centres pour collisions","item":"https:\/\/car-o-liner.com\/fr\/produit\/centres-pour-collisions\/"},{"@type":"ListItem","position":4,"name":"Baie d&rsquo;Estimation"}]},{"@type":"WebSite","@id":"https:\/\/car-o-liner.com\/fr\/#website","url":"https:\/\/car-o-liner.com\/fr\/","name":"Car-O-Liner","description":"Collision Repair Equipment","publisher":{"@id":"https:\/\/car-o-liner.com\/fr\/#organization"},"potentialAction":[{"@type":"SearchAction","target":{"@type":"EntryPoint","urlTemplate":"https:\/\/car-o-liner.com\/fr\/?s={search_term_string}"},"query-input":{"@type":"PropertyValueSpecification","valueRequired":true,"valueName":"search_term_string"}}],"inLanguage":"fr-FR"},{"@type":"Organization","@id":"https:\/\/car-o-liner.com\/fr\/#organization","name":"Car-O-Liner","url":"https:\/\/car-o-liner.com\/fr\/","logo":{"@type":"ImageObject","inLanguage":"fr-FR","@id":"https:\/\/car-o-liner.com\/fr\/#\/schema\/logo\/image\/","url":"https:\/\/car-o-liner.com\/wp-content\/uploads\/Car-O-Liner-blue-web.svg","contentUrl":"https:\/\/car-o-liner.com\/wp-content\/uploads\/Car-O-Liner-blue-web.svg","width":250,"height":50,"caption":"Car-O-Liner"},"image":{"@id":"https:\/\/car-o-liner.com\/fr\/#\/schema\/logo\/image\/"}}]}},"_links":{"self":[{"href":"https:\/\/car-o-liner.com\/fr\/wp-json\/wp\/v2\/product\/87730","targetHints":{"allow":["GET"]}}],"collection":[{"href":"https:\/\/car-o-liner.com\/fr\/wp-json\/wp\/v2\/product"}],"about":[{"href":"https:\/\/car-o-liner.com\/fr\/wp-json\/wp\/v2\/types\/product"}],"up":[{"embeddable":true,"href":"https:\/\/car-o-liner.com\/fr\/wp-json\/wp\/v2\/product\/88292"}],"wp:featuredmedia":[{"embeddable":true,"href":"https:\/\/car-o-liner.com\/fr\/wp-json\/wp\/v2\/media\/88432"}],"wp:attachment":[{"href":"https:\/\/car-o-liner.com\/fr\/wp-json\/wp\/v2\/media?parent=87730"}],"curies":[{"name":"wp","href":"https:\/\/api.w.org\/{rel}","templated":true}]}}