{"id":87739,"date":"2024-02-01T18:05:55","date_gmt":"2024-02-01T17:05:55","guid":{"rendered":"https:\/\/car-o-liner-test.phl.togglebox.site\/product\/tool-boards-wall-systems\/"},"modified":"2024-04-05T19:32:36","modified_gmt":"2024-04-05T17:32:36","slug":"parois-doutillage-et-systemes-muraux","status":"publish","type":"product","link":"https:\/\/car-o-liner.com\/fr\/produit\/parois-doutillage-et-systemes-muraux\/","title":{"rendered":"Panneaux \u00e0 outils et Syst\u00e8mes muraux"},"content":{"rendered":"\n<p>Gain de place et flexibilit\u00e9<\/p>\n","protected":false},"excerpt":{"rendered":"<p>Gain de place et flexibilit\u00e9<\/p>\n","protected":false},"featured_media":86544,"parent":87757,"menu_order":0,"template":"page-templates\/col-single-product-toolboards.php","format":"standard","meta":[],"class_list":["post-87739","product","type-product","status-publish","format-standard","has-post-thumbnail","hentry"],"yoast_head":"<!-- This site is optimized with the Yoast SEO plugin v27.4 - https:\/\/yoast.com\/product\/yoast-seo-wordpress\/ -->\n<title>Parois d\u2019outillage et syst\u00e8mes muraux | Car-O-Liner FR<\/title>\n<meta name=\"description\" content=\"WorkShop Solutions est un syst\u00e8me modulaire d&#039;organisation et de stockage des outils, qui peut \u00eatre \u00e9tendu et remani\u00e9 pour r\u00e9pondre \u00e0 vos besoins individuels.\" \/>\n<meta name=\"robots\" content=\"index, follow, max-snippet:-1, max-image-preview:large, max-video-preview:-1\" \/>\n<link rel=\"canonical\" href=\"https:\/\/car-o-liner.com\/fr\/produit\/parois-doutillage-et-systemes-muraux\/\" \/>\n<meta property=\"og:locale\" content=\"fr_FR\" \/>\n<meta property=\"og:type\" content=\"article\" \/>\n<meta property=\"og:title\" content=\"Parois d\u2019outillage et syst\u00e8mes muraux | Car-O-Liner FR\" \/>\n<meta property=\"og:description\" content=\"WorkShop Solutions est un syst\u00e8me modulaire d&#039;organisation et de stockage des outils, qui peut \u00eatre \u00e9tendu et remani\u00e9 pour r\u00e9pondre \u00e0 vos besoins individuels.\" \/>\n<meta property=\"og:url\" content=\"https:\/\/car-o-liner.com\/fr\/produit\/parois-doutillage-et-systemes-muraux\/\" \/>\n<meta property=\"og:site_name\" content=\"Car-O-Liner\" \/>\n<meta property=\"article:modified_time\" content=\"2024-04-05T17:32:36+00:00\" \/>\n<meta property=\"og:image\" content=\"https:\/\/car-o-liner.com\/wp-content\/uploads\/Tool-Boards-and-Wall-Systems-hero.png\" \/>\n\t<meta property=\"og:image:width\" content=\"1500\" \/>\n\t<meta property=\"og:image:height\" content=\"1250\" \/>\n\t<meta property=\"og:image:type\" content=\"image\/png\" \/>\n<meta name=\"twitter:card\" content=\"summary_large_image\" \/>\n<script type=\"application\/ld+json\" class=\"yoast-schema-graph\">{\"@context\":\"https:\\\/\\\/schema.org\",\"@graph\":[{\"@type\":\"WebPage\",\"@id\":\"https:\\\/\\\/car-o-liner.com\\\/fr\\\/produit\\\/parois-doutillage-et-systemes-muraux\\\/\",\"url\":\"https:\\\/\\\/car-o-liner.com\\\/fr\\\/produit\\\/parois-doutillage-et-systemes-muraux\\\/\",\"name\":\"Parois d\u2019outillage et syst\u00e8mes muraux | Car-O-Liner FR\",\"isPartOf\":{\"@id\":\"https:\\\/\\\/car-o-liner.com\\\/fr\\\/#website\"},\"primaryImageOfPage\":{\"@id\":\"https:\\\/\\\/car-o-liner.com\\\/fr\\\/produit\\\/parois-doutillage-et-systemes-muraux\\\/#primaryimage\"},\"image\":{\"@id\":\"https:\\\/\\\/car-o-liner.com\\\/fr\\\/produit\\\/parois-doutillage-et-systemes-muraux\\\/#primaryimage\"},\"thumbnailUrl\":\"https:\\\/\\\/car-o-liner.com\\\/wp-content\\\/uploads\\\/Tool-Boards-and-Wall-Systems-hero.png\",\"datePublished\":\"2024-02-01T17:05:55+00:00\",\"dateModified\":\"2024-04-05T17:32:36+00:00\",\"description\":\"WorkShop Solutions est un syst\u00e8me modulaire d'organisation et de stockage des outils, qui peut \u00eatre \u00e9tendu et remani\u00e9 pour r\u00e9pondre \u00e0 vos besoins individuels.\",\"breadcrumb\":{\"@id\":\"https:\\\/\\\/car-o-liner.com\\\/fr\\\/produit\\\/parois-doutillage-et-systemes-muraux\\\/#breadcrumb\"},\"inLanguage\":\"fr-FR\",\"potentialAction\":[{\"@type\":\"ReadAction\",\"target\":[\"https:\\\/\\\/car-o-liner.com\\\/fr\\\/produit\\\/parois-doutillage-et-systemes-muraux\\\/\"]}]},{\"@type\":\"ImageObject\",\"inLanguage\":\"fr-FR\",\"@id\":\"https:\\\/\\\/car-o-liner.com\\\/fr\\\/produit\\\/parois-doutillage-et-systemes-muraux\\\/#primaryimage\",\"url\":\"https:\\\/\\\/car-o-liner.com\\\/wp-content\\\/uploads\\\/Tool-Boards-and-Wall-Systems-hero.png\",\"contentUrl\":\"https:\\\/\\\/car-o-liner.com\\\/wp-content\\\/uploads\\\/Tool-Boards-and-Wall-Systems-hero.png\",\"width\":1500,\"height\":1250,\"caption\":\"A wall mounted tool board for storage of repair system components\"},{\"@type\":\"BreadcrumbList\",\"@id\":\"https:\\\/\\\/car-o-liner.com\\\/fr\\\/produit\\\/parois-doutillage-et-systemes-muraux\\\/#breadcrumb\",\"itemListElement\":[{\"@type\":\"ListItem\",\"position\":1,\"name\":\"Home\",\"item\":\"https:\\\/\\\/car-o-liner.com\\\/fr\\\/\"},{\"@type\":\"ListItem\",\"position\":2,\"name\":\"Solutions pour ateliers\",\"item\":\"https:\\\/\\\/car-o-liner.com\\\/fr\\\/produit\\\/solutions-datelier\\\/\"},{\"@type\":\"ListItem\",\"position\":3,\"name\":\"Int\u00e9rieur d&rsquo;atelier\",\"item\":\"https:\\\/\\\/car-o-liner.com\\\/fr\\\/produit\\\/interieur-datelier\\\/\"},{\"@type\":\"ListItem\",\"position\":4,\"name\":\"Panneaux \u00e0 outils et Syst\u00e8mes muraux\"}]},{\"@type\":\"WebSite\",\"@id\":\"https:\\\/\\\/car-o-liner.com\\\/fr\\\/#website\",\"url\":\"https:\\\/\\\/car-o-liner.com\\\/fr\\\/\",\"name\":\"Car-O-Liner\",\"description\":\"Collision Repair Equipment\",\"publisher\":{\"@id\":\"https:\\\/\\\/car-o-liner.com\\\/fr\\\/#organization\"},\"potentialAction\":[{\"@type\":\"SearchAction\",\"target\":{\"@type\":\"EntryPoint\",\"urlTemplate\":\"https:\\\/\\\/car-o-liner.com\\\/fr\\\/?s={search_term_string}\"},\"query-input\":{\"@type\":\"PropertyValueSpecification\",\"valueRequired\":true,\"valueName\":\"search_term_string\"}}],\"inLanguage\":\"fr-FR\"},{\"@type\":\"Organization\",\"@id\":\"https:\\\/\\\/car-o-liner.com\\\/fr\\\/#organization\",\"name\":\"Car-O-Liner\",\"url\":\"https:\\\/\\\/car-o-liner.com\\\/fr\\\/\",\"logo\":{\"@type\":\"ImageObject\",\"inLanguage\":\"fr-FR\",\"@id\":\"https:\\\/\\\/car-o-liner.com\\\/fr\\\/#\\\/schema\\\/logo\\\/image\\\/\",\"url\":\"https:\\\/\\\/car-o-liner.com\\\/wp-content\\\/uploads\\\/Car-O-Liner-blue-web.svg\",\"contentUrl\":\"https:\\\/\\\/car-o-liner.com\\\/wp-content\\\/uploads\\\/Car-O-Liner-blue-web.svg\",\"width\":250,\"height\":50,\"caption\":\"Car-O-Liner\"},\"image\":{\"@id\":\"https:\\\/\\\/car-o-liner.com\\\/fr\\\/#\\\/schema\\\/logo\\\/image\\\/\"}}]}<\/script>\n<!-- \/ Yoast SEO plugin. -->","yoast_head_json":{"title":"Parois d\u2019outillage et syst\u00e8mes muraux | Car-O-Liner FR","description":"WorkShop Solutions est un syst\u00e8me modulaire d'organisation et de stockage des outils, qui peut \u00eatre \u00e9tendu et remani\u00e9 pour r\u00e9pondre \u00e0 vos besoins individuels.","robots":{"index":"index","follow":"follow","max-snippet":"max-snippet:-1","max-image-preview":"max-image-preview:large","max-video-preview":"max-video-preview:-1"},"canonical":"https:\/\/car-o-liner.com\/fr\/produit\/parois-doutillage-et-systemes-muraux\/","og_locale":"fr_FR","og_type":"article","og_title":"Parois d\u2019outillage et syst\u00e8mes muraux | Car-O-Liner FR","og_description":"WorkShop Solutions est un syst\u00e8me modulaire d'organisation et de stockage des outils, qui peut \u00eatre \u00e9tendu et remani\u00e9 pour r\u00e9pondre \u00e0 vos besoins individuels.","og_url":"https:\/\/car-o-liner.com\/fr\/produit\/parois-doutillage-et-systemes-muraux\/","og_site_name":"Car-O-Liner","article_modified_time":"2024-04-05T17:32:36+00:00","og_image":[{"width":1500,"height":1250,"url":"https:\/\/car-o-liner.com\/wp-content\/uploads\/Tool-Boards-and-Wall-Systems-hero.png","type":"image\/png"}],"twitter_card":"summary_large_image","schema":{"@context":"https:\/\/schema.org","@graph":[{"@type":"WebPage","@id":"https:\/\/car-o-liner.com\/fr\/produit\/parois-doutillage-et-systemes-muraux\/","url":"https:\/\/car-o-liner.com\/fr\/produit\/parois-doutillage-et-systemes-muraux\/","name":"Parois d\u2019outillage et syst\u00e8mes muraux | Car-O-Liner FR","isPartOf":{"@id":"https:\/\/car-o-liner.com\/fr\/#website"},"primaryImageOfPage":{"@id":"https:\/\/car-o-liner.com\/fr\/produit\/parois-doutillage-et-systemes-muraux\/#primaryimage"},"image":{"@id":"https:\/\/car-o-liner.com\/fr\/produit\/parois-doutillage-et-systemes-muraux\/#primaryimage"},"thumbnailUrl":"https:\/\/car-o-liner.com\/wp-content\/uploads\/Tool-Boards-and-Wall-Systems-hero.png","datePublished":"2024-02-01T17:05:55+00:00","dateModified":"2024-04-05T17:32:36+00:00","description":"WorkShop Solutions est un syst\u00e8me modulaire d'organisation et de stockage des outils, qui peut \u00eatre \u00e9tendu et remani\u00e9 pour r\u00e9pondre \u00e0 vos besoins individuels.","breadcrumb":{"@id":"https:\/\/car-o-liner.com\/fr\/produit\/parois-doutillage-et-systemes-muraux\/#breadcrumb"},"inLanguage":"fr-FR","potentialAction":[{"@type":"ReadAction","target":["https:\/\/car-o-liner.com\/fr\/produit\/parois-doutillage-et-systemes-muraux\/"]}]},{"@type":"ImageObject","inLanguage":"fr-FR","@id":"https:\/\/car-o-liner.com\/fr\/produit\/parois-doutillage-et-systemes-muraux\/#primaryimage","url":"https:\/\/car-o-liner.com\/wp-content\/uploads\/Tool-Boards-and-Wall-Systems-hero.png","contentUrl":"https:\/\/car-o-liner.com\/wp-content\/uploads\/Tool-Boards-and-Wall-Systems-hero.png","width":1500,"height":1250,"caption":"A wall mounted tool board for storage of repair system components"},{"@type":"BreadcrumbList","@id":"https:\/\/car-o-liner.com\/fr\/produit\/parois-doutillage-et-systemes-muraux\/#breadcrumb","itemListElement":[{"@type":"ListItem","position":1,"name":"Home","item":"https:\/\/car-o-liner.com\/fr\/"},{"@type":"ListItem","position":2,"name":"Solutions pour ateliers","item":"https:\/\/car-o-liner.com\/fr\/produit\/solutions-datelier\/"},{"@type":"ListItem","position":3,"name":"Int\u00e9rieur d&rsquo;atelier","item":"https:\/\/car-o-liner.com\/fr\/produit\/interieur-datelier\/"},{"@type":"ListItem","position":4,"name":"Panneaux \u00e0 outils et Syst\u00e8mes muraux"}]},{"@type":"WebSite","@id":"https:\/\/car-o-liner.com\/fr\/#website","url":"https:\/\/car-o-liner.com\/fr\/","name":"Car-O-Liner","description":"Collision Repair Equipment","publisher":{"@id":"https:\/\/car-o-liner.com\/fr\/#organization"},"potentialAction":[{"@type":"SearchAction","target":{"@type":"EntryPoint","urlTemplate":"https:\/\/car-o-liner.com\/fr\/?s={search_term_string}"},"query-input":{"@type":"PropertyValueSpecification","valueRequired":true,"valueName":"search_term_string"}}],"inLanguage":"fr-FR"},{"@type":"Organization","@id":"https:\/\/car-o-liner.com\/fr\/#organization","name":"Car-O-Liner","url":"https:\/\/car-o-liner.com\/fr\/","logo":{"@type":"ImageObject","inLanguage":"fr-FR","@id":"https:\/\/car-o-liner.com\/fr\/#\/schema\/logo\/image\/","url":"https:\/\/car-o-liner.com\/wp-content\/uploads\/Car-O-Liner-blue-web.svg","contentUrl":"https:\/\/car-o-liner.com\/wp-content\/uploads\/Car-O-Liner-blue-web.svg","width":250,"height":50,"caption":"Car-O-Liner"},"image":{"@id":"https:\/\/car-o-liner.com\/fr\/#\/schema\/logo\/image\/"}}]}},"_links":{"self":[{"href":"https:\/\/car-o-liner.com\/fr\/wp-json\/wp\/v2\/product\/87739","targetHints":{"allow":["GET"]}}],"collection":[{"href":"https:\/\/car-o-liner.com\/fr\/wp-json\/wp\/v2\/product"}],"about":[{"href":"https:\/\/car-o-liner.com\/fr\/wp-json\/wp\/v2\/types\/product"}],"up":[{"embeddable":true,"href":"https:\/\/car-o-liner.com\/fr\/wp-json\/wp\/v2\/product\/87757"}],"wp:featuredmedia":[{"embeddable":true,"href":"https:\/\/car-o-liner.com\/fr\/wp-json\/wp\/v2\/media\/86544"}],"wp:attachment":[{"href":"https:\/\/car-o-liner.com\/fr\/wp-json\/wp\/v2\/media?parent=87739"}],"curies":[{"name":"wp","href":"https:\/\/api.w.org\/{rel}","templated":true}]}}