{"id":87748,"date":"2024-02-05T16:10:14","date_gmt":"2024-02-05T15:10:14","guid":{"rendered":"https:\/\/car-o-liner-test.phl.togglebox.site\/product\/wagons-cabinets\/"},"modified":"2024-04-05T19:33:28","modified_gmt":"2024-04-05T17:33:28","slug":"chariots-et-armoires-a-outils","status":"publish","type":"product","link":"https:\/\/car-o-liner.com\/fr\/produit\/chariots-et-armoires-a-outils\/","title":{"rendered":"Chariots &#038; Armoires"},"content":{"rendered":"\n<p>Espace de travail efficace<\/p>\n","protected":false},"excerpt":{"rendered":"<p>Espace de travail efficace<\/p>\n","protected":false},"featured_media":86851,"parent":87757,"menu_order":0,"template":"page-templates\/col-single-product-cr200-workstation.php","format":"standard","meta":[],"class_list":["post-87748","product","type-product","status-publish","format-standard","has-post-thumbnail","hentry"],"yoast_head":"<!-- This site is optimized with the Yoast SEO plugin v27.2 - https:\/\/yoast.com\/product\/yoast-seo-wordpress\/ -->\n<title>Chariots et armoires \u00e0 outils | Car-O-Liner FR<\/title>\n<meta name=\"description\" content=\"D\u00e9couvrez nos chariots et armoires \u00e0 outils con\u00e7us pour l&#039;industrie de la r\u00e9paration de collisions. Prot\u00e9gez et organisez vos outils gr\u00e2ce \u00e0 nos solutions robustes.\" \/>\n<meta name=\"robots\" content=\"index, follow, max-snippet:-1, max-image-preview:large, max-video-preview:-1\" \/>\n<link rel=\"canonical\" href=\"https:\/\/car-o-liner.com\/fr\/produit\/chariots-et-armoires-a-outils\/\" \/>\n<meta property=\"og:locale\" content=\"fr_FR\" \/>\n<meta property=\"og:type\" content=\"article\" \/>\n<meta property=\"og:title\" content=\"Chariots et armoires \u00e0 outils | Car-O-Liner FR\" \/>\n<meta property=\"og:description\" content=\"D\u00e9couvrez nos chariots et armoires \u00e0 outils con\u00e7us pour l&#039;industrie de la r\u00e9paration de collisions. Prot\u00e9gez et organisez vos outils gr\u00e2ce \u00e0 nos solutions robustes.\" \/>\n<meta property=\"og:url\" content=\"https:\/\/car-o-liner.com\/fr\/produit\/chariots-et-armoires-a-outils\/\" \/>\n<meta property=\"og:site_name\" content=\"Car-O-Liner\" \/>\n<meta property=\"article:modified_time\" content=\"2024-04-05T17:33:28+00:00\" \/>\n<meta property=\"og:image\" content=\"https:\/\/car-o-liner.com\/wp-content\/uploads\/Tool-Wagons-Cabinets-product.png\" \/>\n\t<meta property=\"og:image:width\" content=\"1000\" \/>\n\t<meta property=\"og:image:height\" content=\"600\" \/>\n\t<meta property=\"og:image:type\" content=\"image\/png\" \/>\n<meta name=\"twitter:card\" content=\"summary_large_image\" \/>\n<script type=\"application\/ld+json\" class=\"yoast-schema-graph\">{\"@context\":\"https:\/\/schema.org\",\"@graph\":[{\"@type\":\"WebPage\",\"@id\":\"https:\/\/car-o-liner.com\/fr\/produit\/chariots-et-armoires-a-outils\/\",\"url\":\"https:\/\/car-o-liner.com\/fr\/produit\/chariots-et-armoires-a-outils\/\",\"name\":\"Chariots et armoires \u00e0 outils | Car-O-Liner FR\",\"isPartOf\":{\"@id\":\"https:\/\/car-o-liner.com\/fr\/#website\"},\"primaryImageOfPage\":{\"@id\":\"https:\/\/car-o-liner.com\/fr\/produit\/chariots-et-armoires-a-outils\/#primaryimage\"},\"image\":{\"@id\":\"https:\/\/car-o-liner.com\/fr\/produit\/chariots-et-armoires-a-outils\/#primaryimage\"},\"thumbnailUrl\":\"https:\/\/car-o-liner.com\/wp-content\/uploads\/Tool-Wagons-Cabinets-product.png\",\"datePublished\":\"2024-02-05T15:10:14+00:00\",\"dateModified\":\"2024-04-05T17:33:28+00:00\",\"description\":\"D\u00e9couvrez nos chariots et armoires \u00e0 outils con\u00e7us pour l'industrie de la r\u00e9paration de collisions. Prot\u00e9gez et organisez vos outils gr\u00e2ce \u00e0 nos solutions robustes.\",\"breadcrumb\":{\"@id\":\"https:\/\/car-o-liner.com\/fr\/produit\/chariots-et-armoires-a-outils\/#breadcrumb\"},\"inLanguage\":\"fr-FR\",\"potentialAction\":[{\"@type\":\"ReadAction\",\"target\":[\"https:\/\/car-o-liner.com\/fr\/produit\/chariots-et-armoires-a-outils\/\"]}]},{\"@type\":\"ImageObject\",\"inLanguage\":\"fr-FR\",\"@id\":\"https:\/\/car-o-liner.com\/fr\/produit\/chariots-et-armoires-a-outils\/#primaryimage\",\"url\":\"https:\/\/car-o-liner.com\/wp-content\/uploads\/Tool-Wagons-Cabinets-product.png\",\"contentUrl\":\"https:\/\/car-o-liner.com\/wp-content\/uploads\/Tool-Wagons-Cabinets-product.png\",\"width\":1000,\"height\":600},{\"@type\":\"BreadcrumbList\",\"@id\":\"https:\/\/car-o-liner.com\/fr\/produit\/chariots-et-armoires-a-outils\/#breadcrumb\",\"itemListElement\":[{\"@type\":\"ListItem\",\"position\":1,\"name\":\"Home\",\"item\":\"https:\/\/car-o-liner.com\/fr\/\"},{\"@type\":\"ListItem\",\"position\":2,\"name\":\"Solutions pour ateliers\",\"item\":\"https:\/\/car-o-liner.com\/fr\/produit\/solutions-datelier\/\"},{\"@type\":\"ListItem\",\"position\":3,\"name\":\"Int\u00e9rieur d&rsquo;atelier\",\"item\":\"https:\/\/car-o-liner.com\/fr\/produit\/interieur-datelier\/\"},{\"@type\":\"ListItem\",\"position\":4,\"name\":\"Chariots &#038; Armoires\"}]},{\"@type\":\"WebSite\",\"@id\":\"https:\/\/car-o-liner.com\/fr\/#website\",\"url\":\"https:\/\/car-o-liner.com\/fr\/\",\"name\":\"Car-O-Liner\",\"description\":\"Collision Repair Equipment\",\"publisher\":{\"@id\":\"https:\/\/car-o-liner.com\/fr\/#organization\"},\"potentialAction\":[{\"@type\":\"SearchAction\",\"target\":{\"@type\":\"EntryPoint\",\"urlTemplate\":\"https:\/\/car-o-liner.com\/fr\/?s={search_term_string}\"},\"query-input\":{\"@type\":\"PropertyValueSpecification\",\"valueRequired\":true,\"valueName\":\"search_term_string\"}}],\"inLanguage\":\"fr-FR\"},{\"@type\":\"Organization\",\"@id\":\"https:\/\/car-o-liner.com\/fr\/#organization\",\"name\":\"Car-O-Liner\",\"url\":\"https:\/\/car-o-liner.com\/fr\/\",\"logo\":{\"@type\":\"ImageObject\",\"inLanguage\":\"fr-FR\",\"@id\":\"https:\/\/car-o-liner.com\/fr\/#\/schema\/logo\/image\/\",\"url\":\"https:\/\/car-o-liner.com\/wp-content\/uploads\/Car-O-Liner-blue-web.svg\",\"contentUrl\":\"https:\/\/car-o-liner.com\/wp-content\/uploads\/Car-O-Liner-blue-web.svg\",\"width\":250,\"height\":50,\"caption\":\"Car-O-Liner\"},\"image\":{\"@id\":\"https:\/\/car-o-liner.com\/fr\/#\/schema\/logo\/image\/\"}}]}<\/script>\n<!-- \/ Yoast SEO plugin. -->","yoast_head_json":{"title":"Chariots et armoires \u00e0 outils | Car-O-Liner FR","description":"D\u00e9couvrez nos chariots et armoires \u00e0 outils con\u00e7us pour l'industrie de la r\u00e9paration de collisions. Prot\u00e9gez et organisez vos outils gr\u00e2ce \u00e0 nos solutions robustes.","robots":{"index":"index","follow":"follow","max-snippet":"max-snippet:-1","max-image-preview":"max-image-preview:large","max-video-preview":"max-video-preview:-1"},"canonical":"https:\/\/car-o-liner.com\/fr\/produit\/chariots-et-armoires-a-outils\/","og_locale":"fr_FR","og_type":"article","og_title":"Chariots et armoires \u00e0 outils | Car-O-Liner FR","og_description":"D\u00e9couvrez nos chariots et armoires \u00e0 outils con\u00e7us pour l'industrie de la r\u00e9paration de collisions. Prot\u00e9gez et organisez vos outils gr\u00e2ce \u00e0 nos solutions robustes.","og_url":"https:\/\/car-o-liner.com\/fr\/produit\/chariots-et-armoires-a-outils\/","og_site_name":"Car-O-Liner","article_modified_time":"2024-04-05T17:33:28+00:00","og_image":[{"width":1000,"height":600,"url":"https:\/\/car-o-liner.com\/wp-content\/uploads\/Tool-Wagons-Cabinets-product.png","type":"image\/png"}],"twitter_card":"summary_large_image","schema":{"@context":"https:\/\/schema.org","@graph":[{"@type":"WebPage","@id":"https:\/\/car-o-liner.com\/fr\/produit\/chariots-et-armoires-a-outils\/","url":"https:\/\/car-o-liner.com\/fr\/produit\/chariots-et-armoires-a-outils\/","name":"Chariots et armoires \u00e0 outils | Car-O-Liner FR","isPartOf":{"@id":"https:\/\/car-o-liner.com\/fr\/#website"},"primaryImageOfPage":{"@id":"https:\/\/car-o-liner.com\/fr\/produit\/chariots-et-armoires-a-outils\/#primaryimage"},"image":{"@id":"https:\/\/car-o-liner.com\/fr\/produit\/chariots-et-armoires-a-outils\/#primaryimage"},"thumbnailUrl":"https:\/\/car-o-liner.com\/wp-content\/uploads\/Tool-Wagons-Cabinets-product.png","datePublished":"2024-02-05T15:10:14+00:00","dateModified":"2024-04-05T17:33:28+00:00","description":"D\u00e9couvrez nos chariots et armoires \u00e0 outils con\u00e7us pour l'industrie de la r\u00e9paration de collisions. Prot\u00e9gez et organisez vos outils gr\u00e2ce \u00e0 nos solutions robustes.","breadcrumb":{"@id":"https:\/\/car-o-liner.com\/fr\/produit\/chariots-et-armoires-a-outils\/#breadcrumb"},"inLanguage":"fr-FR","potentialAction":[{"@type":"ReadAction","target":["https:\/\/car-o-liner.com\/fr\/produit\/chariots-et-armoires-a-outils\/"]}]},{"@type":"ImageObject","inLanguage":"fr-FR","@id":"https:\/\/car-o-liner.com\/fr\/produit\/chariots-et-armoires-a-outils\/#primaryimage","url":"https:\/\/car-o-liner.com\/wp-content\/uploads\/Tool-Wagons-Cabinets-product.png","contentUrl":"https:\/\/car-o-liner.com\/wp-content\/uploads\/Tool-Wagons-Cabinets-product.png","width":1000,"height":600},{"@type":"BreadcrumbList","@id":"https:\/\/car-o-liner.com\/fr\/produit\/chariots-et-armoires-a-outils\/#breadcrumb","itemListElement":[{"@type":"ListItem","position":1,"name":"Home","item":"https:\/\/car-o-liner.com\/fr\/"},{"@type":"ListItem","position":2,"name":"Solutions pour ateliers","item":"https:\/\/car-o-liner.com\/fr\/produit\/solutions-datelier\/"},{"@type":"ListItem","position":3,"name":"Int\u00e9rieur d&rsquo;atelier","item":"https:\/\/car-o-liner.com\/fr\/produit\/interieur-datelier\/"},{"@type":"ListItem","position":4,"name":"Chariots &#038; Armoires"}]},{"@type":"WebSite","@id":"https:\/\/car-o-liner.com\/fr\/#website","url":"https:\/\/car-o-liner.com\/fr\/","name":"Car-O-Liner","description":"Collision Repair Equipment","publisher":{"@id":"https:\/\/car-o-liner.com\/fr\/#organization"},"potentialAction":[{"@type":"SearchAction","target":{"@type":"EntryPoint","urlTemplate":"https:\/\/car-o-liner.com\/fr\/?s={search_term_string}"},"query-input":{"@type":"PropertyValueSpecification","valueRequired":true,"valueName":"search_term_string"}}],"inLanguage":"fr-FR"},{"@type":"Organization","@id":"https:\/\/car-o-liner.com\/fr\/#organization","name":"Car-O-Liner","url":"https:\/\/car-o-liner.com\/fr\/","logo":{"@type":"ImageObject","inLanguage":"fr-FR","@id":"https:\/\/car-o-liner.com\/fr\/#\/schema\/logo\/image\/","url":"https:\/\/car-o-liner.com\/wp-content\/uploads\/Car-O-Liner-blue-web.svg","contentUrl":"https:\/\/car-o-liner.com\/wp-content\/uploads\/Car-O-Liner-blue-web.svg","width":250,"height":50,"caption":"Car-O-Liner"},"image":{"@id":"https:\/\/car-o-liner.com\/fr\/#\/schema\/logo\/image\/"}}]}},"_links":{"self":[{"href":"https:\/\/car-o-liner.com\/fr\/wp-json\/wp\/v2\/product\/87748","targetHints":{"allow":["GET"]}}],"collection":[{"href":"https:\/\/car-o-liner.com\/fr\/wp-json\/wp\/v2\/product"}],"about":[{"href":"https:\/\/car-o-liner.com\/fr\/wp-json\/wp\/v2\/types\/product"}],"up":[{"embeddable":true,"href":"https:\/\/car-o-liner.com\/fr\/wp-json\/wp\/v2\/product\/87757"}],"wp:featuredmedia":[{"embeddable":true,"href":"https:\/\/car-o-liner.com\/fr\/wp-json\/wp\/v2\/media\/86851"}],"wp:attachment":[{"href":"https:\/\/car-o-liner.com\/fr\/wp-json\/wp\/v2\/media?parent=87748"}],"curies":[{"name":"wp","href":"https:\/\/api.w.org\/{rel}","templated":true}]}}