{"id":87765,"date":"2024-02-05T15:58:22","date_gmt":"2024-02-05T14:58:22","guid":{"rendered":"https:\/\/car-o-liner-test.phl.togglebox.site\/product\/testing-calibration\/ez-adas\/"},"modified":"2024-05-01T16:10:59","modified_gmt":"2024-05-01T14:10:59","slug":"ez-adas","status":"publish","type":"product","link":"https:\/\/car-o-liner.com\/fr\/produit\/ez-adas\/","title":{"rendered":"EZ-ADAS"},"content":{"rendered":"\n<p>Syst\u00e8me de Recalibrage<\/p>\n","protected":false},"excerpt":{"rendered":"<p>Syst\u00e8me de Recalibrage<\/p>\n","protected":false},"featured_media":87561,"parent":86626,"menu_order":0,"template":"page-templates\/col-single-product-cmitwin.php","format":"standard","meta":[],"class_list":["post-87765","product","type-product","status-publish","format-standard","has-post-thumbnail","hentry"],"yoast_head":"<!-- This site is optimized with the Yoast SEO plugin v27.2 - https:\/\/yoast.com\/product\/yoast-seo-wordpress\/ -->\n<title>Syst\u00e8me de r\u00e9\u00e9talonnage EZ-ADAS | Car-O-Liner FR<\/title>\n<meta name=\"description\" content=\"Le syst\u00e8me de r\u00e9\u00e9talonnage EZ-ADAS pr\u00e9sente une configuration unique de l\u2019axe central et un placement de cible guid\u00e9 par laser bas\u00e9 sur les proc\u00e9dures FEO afin de garantir un positionnement pr\u00e9cis.\" \/>\n<meta name=\"robots\" content=\"index, follow, max-snippet:-1, max-image-preview:large, max-video-preview:-1\" \/>\n<link rel=\"canonical\" href=\"https:\/\/car-o-liner.com\/fr\/produit\/ez-adas\/\" \/>\n<meta property=\"og:locale\" content=\"fr_FR\" \/>\n<meta property=\"og:type\" content=\"article\" \/>\n<meta property=\"og:title\" content=\"Syst\u00e8me de r\u00e9\u00e9talonnage EZ-ADAS | Car-O-Liner FR\" \/>\n<meta property=\"og:description\" content=\"Le syst\u00e8me de r\u00e9\u00e9talonnage EZ-ADAS pr\u00e9sente une configuration unique de l\u2019axe central et un placement de cible guid\u00e9 par laser bas\u00e9 sur les proc\u00e9dures FEO afin de garantir un positionnement pr\u00e9cis.\" \/>\n<meta property=\"og:url\" content=\"https:\/\/car-o-liner.com\/fr\/produit\/ez-adas\/\" \/>\n<meta property=\"og:site_name\" content=\"Car-O-Liner\" \/>\n<meta property=\"article:modified_time\" content=\"2024-05-01T14:10:59+00:00\" \/>\n<meta property=\"og:image\" content=\"https:\/\/car-o-liner.com\/wp-content\/uploads\/EZ-Adas-hero.png\" \/>\n\t<meta property=\"og:image:width\" content=\"1500\" \/>\n\t<meta property=\"og:image:height\" content=\"1250\" \/>\n\t<meta property=\"og:image:type\" content=\"image\/png\" \/>\n<meta name=\"twitter:card\" content=\"summary_large_image\" \/>\n<script type=\"application\/ld+json\" class=\"yoast-schema-graph\">{\"@context\":\"https:\/\/schema.org\",\"@graph\":[{\"@type\":\"WebPage\",\"@id\":\"https:\/\/car-o-liner.com\/fr\/produit\/ez-adas\/\",\"url\":\"https:\/\/car-o-liner.com\/fr\/produit\/ez-adas\/\",\"name\":\"Syst\u00e8me de r\u00e9\u00e9talonnage EZ-ADAS | Car-O-Liner FR\",\"isPartOf\":{\"@id\":\"https:\/\/car-o-liner.com\/fr\/#website\"},\"primaryImageOfPage\":{\"@id\":\"https:\/\/car-o-liner.com\/fr\/produit\/ez-adas\/#primaryimage\"},\"image\":{\"@id\":\"https:\/\/car-o-liner.com\/fr\/produit\/ez-adas\/#primaryimage\"},\"thumbnailUrl\":\"https:\/\/car-o-liner.com\/wp-content\/uploads\/EZ-Adas-hero.png\",\"datePublished\":\"2024-02-05T14:58:22+00:00\",\"dateModified\":\"2024-05-01T14:10:59+00:00\",\"description\":\"Le syst\u00e8me de r\u00e9\u00e9talonnage EZ-ADAS pr\u00e9sente une configuration unique de l\u2019axe central et un placement de cible guid\u00e9 par laser bas\u00e9 sur les proc\u00e9dures FEO afin de garantir un positionnement pr\u00e9cis.\",\"breadcrumb\":{\"@id\":\"https:\/\/car-o-liner.com\/fr\/produit\/ez-adas\/#breadcrumb\"},\"inLanguage\":\"fr-FR\",\"potentialAction\":[{\"@type\":\"ReadAction\",\"target\":[\"https:\/\/car-o-liner.com\/fr\/produit\/ez-adas\/\"]}]},{\"@type\":\"ImageObject\",\"inLanguage\":\"fr-FR\",\"@id\":\"https:\/\/car-o-liner.com\/fr\/produit\/ez-adas\/#primaryimage\",\"url\":\"https:\/\/car-o-liner.com\/wp-content\/uploads\/EZ-Adas-hero.png\",\"contentUrl\":\"https:\/\/car-o-liner.com\/wp-content\/uploads\/EZ-Adas-hero.png\",\"width\":1500,\"height\":1250,\"caption\":\"EZ ADAS Calibration System\"},{\"@type\":\"BreadcrumbList\",\"@id\":\"https:\/\/car-o-liner.com\/fr\/produit\/ez-adas\/#breadcrumb\",\"itemListElement\":[{\"@type\":\"ListItem\",\"position\":1,\"name\":\"Home\",\"item\":\"https:\/\/car-o-liner.com\/fr\/\"},{\"@type\":\"ListItem\",\"position\":2,\"name\":\"Tests &#038; \u00c9talonnage\",\"item\":\"https:\/\/car-o-liner.com\/fr\/produit\/tests-et-etalonnage\/\"},{\"@type\":\"ListItem\",\"position\":3,\"name\":\"EZ-ADAS\"}]},{\"@type\":\"WebSite\",\"@id\":\"https:\/\/car-o-liner.com\/fr\/#website\",\"url\":\"https:\/\/car-o-liner.com\/fr\/\",\"name\":\"Car-O-Liner\",\"description\":\"Collision Repair Equipment\",\"publisher\":{\"@id\":\"https:\/\/car-o-liner.com\/fr\/#organization\"},\"potentialAction\":[{\"@type\":\"SearchAction\",\"target\":{\"@type\":\"EntryPoint\",\"urlTemplate\":\"https:\/\/car-o-liner.com\/fr\/?s={search_term_string}\"},\"query-input\":{\"@type\":\"PropertyValueSpecification\",\"valueRequired\":true,\"valueName\":\"search_term_string\"}}],\"inLanguage\":\"fr-FR\"},{\"@type\":\"Organization\",\"@id\":\"https:\/\/car-o-liner.com\/fr\/#organization\",\"name\":\"Car-O-Liner\",\"url\":\"https:\/\/car-o-liner.com\/fr\/\",\"logo\":{\"@type\":\"ImageObject\",\"inLanguage\":\"fr-FR\",\"@id\":\"https:\/\/car-o-liner.com\/fr\/#\/schema\/logo\/image\/\",\"url\":\"https:\/\/car-o-liner.com\/wp-content\/uploads\/Car-O-Liner-blue-web.svg\",\"contentUrl\":\"https:\/\/car-o-liner.com\/wp-content\/uploads\/Car-O-Liner-blue-web.svg\",\"width\":250,\"height\":50,\"caption\":\"Car-O-Liner\"},\"image\":{\"@id\":\"https:\/\/car-o-liner.com\/fr\/#\/schema\/logo\/image\/\"}}]}<\/script>\n<!-- \/ Yoast SEO plugin. -->","yoast_head_json":{"title":"Syst\u00e8me de r\u00e9\u00e9talonnage EZ-ADAS | Car-O-Liner FR","description":"Le syst\u00e8me de r\u00e9\u00e9talonnage EZ-ADAS pr\u00e9sente une configuration unique de l\u2019axe central et un placement de cible guid\u00e9 par laser bas\u00e9 sur les proc\u00e9dures FEO afin de garantir un positionnement pr\u00e9cis.","robots":{"index":"index","follow":"follow","max-snippet":"max-snippet:-1","max-image-preview":"max-image-preview:large","max-video-preview":"max-video-preview:-1"},"canonical":"https:\/\/car-o-liner.com\/fr\/produit\/ez-adas\/","og_locale":"fr_FR","og_type":"article","og_title":"Syst\u00e8me de r\u00e9\u00e9talonnage EZ-ADAS | Car-O-Liner FR","og_description":"Le syst\u00e8me de r\u00e9\u00e9talonnage EZ-ADAS pr\u00e9sente une configuration unique de l\u2019axe central et un placement de cible guid\u00e9 par laser bas\u00e9 sur les proc\u00e9dures FEO afin de garantir un positionnement pr\u00e9cis.","og_url":"https:\/\/car-o-liner.com\/fr\/produit\/ez-adas\/","og_site_name":"Car-O-Liner","article_modified_time":"2024-05-01T14:10:59+00:00","og_image":[{"width":1500,"height":1250,"url":"https:\/\/car-o-liner.com\/wp-content\/uploads\/EZ-Adas-hero.png","type":"image\/png"}],"twitter_card":"summary_large_image","schema":{"@context":"https:\/\/schema.org","@graph":[{"@type":"WebPage","@id":"https:\/\/car-o-liner.com\/fr\/produit\/ez-adas\/","url":"https:\/\/car-o-liner.com\/fr\/produit\/ez-adas\/","name":"Syst\u00e8me de r\u00e9\u00e9talonnage EZ-ADAS | Car-O-Liner FR","isPartOf":{"@id":"https:\/\/car-o-liner.com\/fr\/#website"},"primaryImageOfPage":{"@id":"https:\/\/car-o-liner.com\/fr\/produit\/ez-adas\/#primaryimage"},"image":{"@id":"https:\/\/car-o-liner.com\/fr\/produit\/ez-adas\/#primaryimage"},"thumbnailUrl":"https:\/\/car-o-liner.com\/wp-content\/uploads\/EZ-Adas-hero.png","datePublished":"2024-02-05T14:58:22+00:00","dateModified":"2024-05-01T14:10:59+00:00","description":"Le syst\u00e8me de r\u00e9\u00e9talonnage EZ-ADAS pr\u00e9sente une configuration unique de l\u2019axe central et un placement de cible guid\u00e9 par laser bas\u00e9 sur les proc\u00e9dures FEO afin de garantir un positionnement pr\u00e9cis.","breadcrumb":{"@id":"https:\/\/car-o-liner.com\/fr\/produit\/ez-adas\/#breadcrumb"},"inLanguage":"fr-FR","potentialAction":[{"@type":"ReadAction","target":["https:\/\/car-o-liner.com\/fr\/produit\/ez-adas\/"]}]},{"@type":"ImageObject","inLanguage":"fr-FR","@id":"https:\/\/car-o-liner.com\/fr\/produit\/ez-adas\/#primaryimage","url":"https:\/\/car-o-liner.com\/wp-content\/uploads\/EZ-Adas-hero.png","contentUrl":"https:\/\/car-o-liner.com\/wp-content\/uploads\/EZ-Adas-hero.png","width":1500,"height":1250,"caption":"EZ ADAS Calibration System"},{"@type":"BreadcrumbList","@id":"https:\/\/car-o-liner.com\/fr\/produit\/ez-adas\/#breadcrumb","itemListElement":[{"@type":"ListItem","position":1,"name":"Home","item":"https:\/\/car-o-liner.com\/fr\/"},{"@type":"ListItem","position":2,"name":"Tests &#038; \u00c9talonnage","item":"https:\/\/car-o-liner.com\/fr\/produit\/tests-et-etalonnage\/"},{"@type":"ListItem","position":3,"name":"EZ-ADAS"}]},{"@type":"WebSite","@id":"https:\/\/car-o-liner.com\/fr\/#website","url":"https:\/\/car-o-liner.com\/fr\/","name":"Car-O-Liner","description":"Collision Repair Equipment","publisher":{"@id":"https:\/\/car-o-liner.com\/fr\/#organization"},"potentialAction":[{"@type":"SearchAction","target":{"@type":"EntryPoint","urlTemplate":"https:\/\/car-o-liner.com\/fr\/?s={search_term_string}"},"query-input":{"@type":"PropertyValueSpecification","valueRequired":true,"valueName":"search_term_string"}}],"inLanguage":"fr-FR"},{"@type":"Organization","@id":"https:\/\/car-o-liner.com\/fr\/#organization","name":"Car-O-Liner","url":"https:\/\/car-o-liner.com\/fr\/","logo":{"@type":"ImageObject","inLanguage":"fr-FR","@id":"https:\/\/car-o-liner.com\/fr\/#\/schema\/logo\/image\/","url":"https:\/\/car-o-liner.com\/wp-content\/uploads\/Car-O-Liner-blue-web.svg","contentUrl":"https:\/\/car-o-liner.com\/wp-content\/uploads\/Car-O-Liner-blue-web.svg","width":250,"height":50,"caption":"Car-O-Liner"},"image":{"@id":"https:\/\/car-o-liner.com\/fr\/#\/schema\/logo\/image\/"}}]}},"_links":{"self":[{"href":"https:\/\/car-o-liner.com\/fr\/wp-json\/wp\/v2\/product\/87765","targetHints":{"allow":["GET"]}}],"collection":[{"href":"https:\/\/car-o-liner.com\/fr\/wp-json\/wp\/v2\/product"}],"about":[{"href":"https:\/\/car-o-liner.com\/fr\/wp-json\/wp\/v2\/types\/product"}],"up":[{"embeddable":true,"href":"https:\/\/car-o-liner.com\/fr\/wp-json\/wp\/v2\/product\/86626"}],"wp:featuredmedia":[{"embeddable":true,"href":"https:\/\/car-o-liner.com\/fr\/wp-json\/wp\/v2\/media\/87561"}],"wp:attachment":[{"href":"https:\/\/car-o-liner.com\/fr\/wp-json\/wp\/v2\/media?parent=87765"}],"curies":[{"name":"wp","href":"https:\/\/api.w.org\/{rel}","templated":true}]}}